{"id":1138,"date":"2026-03-26T14:43:03","date_gmt":"2026-03-26T13:43:03","guid":{"rendered":"https:\/\/dev.ebitplus.at\/?page_id=1138"},"modified":"2026-04-02T08:55:36","modified_gmt":"2026-04-02T07:55:36","slug":"martina-muster","status":"publish","type":"page","link":"https:\/\/dev.ebitplus.at\/en\/ueber-uns\/team\/martina-muster\/","title":{"rendered":"Martina Muster"},"content":{"rendered":"<div data-elementor-type=\"wp-page\" data-elementor-id=\"1138\" class=\"elementor elementor-1138\" data-elementor-post-type=\"page\">\n\t\t\t\t<div class=\"elementor-element elementor-element-8b3b0ab e-flex e-con-boxed e-con e-parent\" data-id=\"8b3b0ab\" data-element_type=\"container\" data-settings=\"{&quot;background_background&quot;:&quot;gradient&quot;}\">\n\t\t\t\t\t<div class=\"e-con-inner\">\n\t\t<a class=\"elementor-element elementor-element-2a32c10 bg-green e-flex e-con-boxed e-con e-child\" data-id=\"2a32c10\" data-element_type=\"container\" data-settings=\"{&quot;background_background&quot;:&quot;classic&quot;}\" href=\"\/en\/ueber-uns\/team\/\">\n\t\t\t\t\t<div class=\"e-con-inner\">\n\t\t\t\t<div class=\"elementor-element elementor-element-aa9223f elementor-view-default elementor-widget elementor-widget-icon\" data-id=\"aa9223f\" data-element_type=\"widget\" data-widget_type=\"icon.default\">\n\t\t\t\t\t\t\t<div class=\"elementor-icon-wrapper\">\n\t\t\t<div class=\"elementor-icon\">\n\t\t\t<i aria-hidden=\"true\" class=\"icon icon-arrow-left-lined\"><\/i>\t\t\t<\/div>\n\t\t<\/div>\n\t\t\t\t\t\t<\/div>\n\t\t\t\t\t<\/div>\n\t\t\t\t<\/a>\n\t\t\t\t\t<\/div>\n\t\t\t\t<\/div>\n\t\t<div class=\"elementor-element elementor-element-ace2dff no-margin-bottom e-flex e-con-boxed e-con e-parent\" data-id=\"ace2dff\" data-element_type=\"container\" data-settings=\"{&quot;background_background&quot;:&quot;gradient&quot;}\">\n\t\t\t\t\t<div class=\"e-con-inner\">\n\t\t<div class=\"elementor-element elementor-element-b8dc0c0 e-con-full e-flex e-con e-child\" data-id=\"b8dc0c0\" data-element_type=\"container\" data-settings=\"{&quot;background_background&quot;:&quot;classic&quot;}\">\n\t\t<div class=\"elementor-element elementor-element-ea8dfd3 e-con-full e-flex e-con e-child\" data-id=\"ea8dfd3\" data-element_type=\"container\">\n\t\t\t\t<div class=\"elementor-element elementor-element-0b64896 h1-small elementor-widget elementor-widget-text-editor\" data-id=\"0b64896\" data-element_type=\"widget\" data-widget_type=\"text-editor.default\">\n\t\t\t\t\t\t\t\t\t<h1>Mag. Martina Muster<\/h1>\t\t\t\t\t\t\t\t<\/div>\n\t\t\t\t<div class=\"elementor-element elementor-element-d9da140 elementor-widget elementor-widget-text-editor\" data-id=\"d9da140\" data-element_type=\"widget\" data-widget_type=\"text-editor.default\">\n\t\t\t\t\t\t\t\t\t<p>Steuerberatung | Wirtschaftspr\u00fcfung | Gesch\u00e4ftsf\u00fchrung<\/p>\t\t\t\t\t\t\t\t<\/div>\n\t\t\t\t<div class=\"elementor-element elementor-element-38d3446 elementor-widget elementor-widget-text-editor\" data-id=\"38d3446\" data-element_type=\"widget\" data-widget_type=\"text-editor.default\">\n\t\t\t\t\t\t\t\t\t<p>Tel.: +43 (0) 1 888 52 63<br \/>E-Mail:\u00a0<a href=\"\/en\/&\/#109;a&#x69;l&#x74;o&#x3a;&#111;&#x66;&#102;&#x69;&#99;e&#x40;e&#x62;i&#x74;&#45;&#x70;&#108;&#x75;&#115;&#x2e;&#97;t\">o&#102;&#102;&#x69;&#x63;&#x65;&#x40;e&#98;&#105;&#116;&#x2d;&#x70;&#x6c;us&#46;&#97;&#x74;<\/a><\/p>\t\t\t\t\t\t\t\t<\/div>\n\t\t\t\t<div class=\"elementor-element elementor-element-1b8f794 elementor-widget elementor-widget-text-editor\" data-id=\"1b8f794\" data-element_type=\"widget\" data-widget_type=\"text-editor.default\">\n\t\t\t\t\t\t\t\t\t<p><strong>Sicherhit durch Weitsicht:<br \/><\/strong><em>&#8222;Lorem ipsum dolor sit amet, consetetur sadipscing elitr, sed diam nonumy eirmod tempor invidunt ut labore et dolore magna aliquyam erat, sed diam voluptua.&#8220;<\/em><\/p>\t\t\t\t\t\t\t\t<\/div>\n\t\t\t\t<\/div>\n\t\t<div class=\"elementor-element elementor-element-8f0d0eb e-con-full e-flex e-con e-child\" data-id=\"8f0d0eb\" data-element_type=\"container\">\n\t\t\t\t<div class=\"elementor-element elementor-element-4369cee elementor-widget elementor-widget-image\" data-id=\"4369cee\" data-element_type=\"widget\" data-widget_type=\"image.default\">\n\t\t\t\t\t\t\t\t\t\t\t\t\t\t\t<img fetchpriority=\"high\" decoding=\"async\" width=\"750\" height=\"682\" src=\"https:\/\/dev.ebitplus.at\/wordpress\/wp-content\/uploads\/2026\/03\/team-dummy.jpg\" class=\"attachment-large size-large wp-image-1003\" alt=\"\" srcset=\"https:\/\/dev.ebitplus.at\/wordpress\/wp-content\/uploads\/2026\/03\/team-dummy.jpg 750w, https:\/\/dev.ebitplus.at\/wordpress\/wp-content\/uploads\/2026\/03\/team-dummy-300x273.jpg 300w, https:\/\/dev.ebitplus.at\/wordpress\/wp-content\/uploads\/2026\/03\/team-dummy-13x12.jpg 13w\" sizes=\"(max-width: 750px) 100vw, 750px\" \/>\t\t\t\t\t\t\t\t\t\t\t\t\t\t\t<\/div>\n\t\t\t\t<\/div>\n\t\t\t\t<\/div>\n\t\t\t\t\t<\/div>\n\t\t\t\t<\/div>\n\t\t\t\t<\/div>","protected":false},"excerpt":{"rendered":"<p>Mag. Martina Muster Steuerberatung | Wirtschaftspr\u00fcfung | Gesch\u00e4ftsf\u00fchrung Tel.: +43 (0) 1 888 52 63E-Mail:\u00a0&#x6f;&#x66;&#x66;&#x69;&#x63;&#x65;&#x40;&#x65;&#x62;&#x69;&#x74;&#x2d;&#x70;&#x6c;&#117;&#115;&#46;&#97;&#116; Sicherhit durch Weitsicht:&#8222;Lorem ipsum dolor [&hellip;]<\/p>","protected":false},"author":1,"featured_media":0,"parent":528,"menu_order":0,"comment_status":"closed","ping_status":"closed","template":"","meta":{"site-sidebar-layout":"no-sidebar","site-content-layout":"","ast-site-content-layout":"full-width-container","site-content-style":"default","site-sidebar-style":"default","ast-global-header-display":"","ast-banner-title-visibility":"","ast-main-header-display":"","ast-hfb-above-header-display":"","ast-hfb-below-header-display":"","ast-hfb-mobile-header-display":"","site-post-title":"","ast-breadcrumbs-content":"","ast-featured-img":"disabled","footer-sml-layout":"","ast-disable-related-posts":"","theme-transparent-header-meta":"","adv-header-id-meta":"","stick-header-meta":"","header-above-stick-meta":"","header-main-stick-meta":"","header-below-stick-meta":"","astra-migrate-meta-layouts":"default","ast-page-background-enabled":"default","ast-page-background-meta":{"desktop":{"background-color":"var(--ast-global-color-5)","background-image":"","background-repeat":"repeat","background-position":"center center","background-size":"auto","background-attachment":"scroll","background-type":"","background-media":"","overlay-type":"","overlay-color":"","overlay-opacity":"","overlay-gradient":""},"tablet":{"background-color":"","background-image":"","background-repeat":"repeat","background-position":"center center","background-size":"auto","background-attachment":"scroll","background-type":"","background-media":"","overlay-type":"","overlay-color":"","overlay-opacity":"","overlay-gradient":""},"mobile":{"background-color":"","background-image":"","background-repeat":"repeat","background-position":"center center","background-size":"auto","background-attachment":"scroll","background-type":"","background-media":"","overlay-type":"","overlay-color":"","overlay-opacity":"","overlay-gradient":""}},"ast-content-background-meta":{"desktop":{"background-color":"var(--ast-global-color-4)","background-image":"","background-repeat":"repeat","background-position":"center center","background-size":"auto","background-attachment":"scroll","background-type":"","background-media":"","overlay-type":"","overlay-color":"","overlay-opacity":"","overlay-gradient":""},"tablet":{"background-color":"var(--ast-global-color-4)","background-image":"","background-repeat":"repeat","background-position":"center center","background-size":"auto","background-attachment":"scroll","background-type":"","background-media":"","overlay-type":"","overlay-color":"","overlay-opacity":"","overlay-gradient":""},"mobile":{"background-color":"var(--ast-global-color-4)","background-image":"","background-repeat":"repeat","background-position":"center center","background-size":"auto","background-attachment":"scroll","background-type":"","background-media":"","overlay-type":"","overlay-color":"","overlay-opacity":"","overlay-gradient":""}},"footnotes":""},"class_list":["post-1138","page","type-page","status-publish","hentry"],"_links":{"self":[{"href":"https:\/\/dev.ebitplus.at\/en\/wp-json\/wp\/v2\/pages\/1138","targetHints":{"allow":["GET"]}}],"collection":[{"href":"https:\/\/dev.ebitplus.at\/en\/wp-json\/wp\/v2\/pages"}],"about":[{"href":"https:\/\/dev.ebitplus.at\/en\/wp-json\/wp\/v2\/types\/page"}],"author":[{"embeddable":true,"href":"https:\/\/dev.ebitplus.at\/en\/wp-json\/wp\/v2\/users\/1"}],"replies":[{"embeddable":true,"href":"https:\/\/dev.ebitplus.at\/en\/wp-json\/wp\/v2\/comments?post=1138"}],"version-history":[{"count":85,"href":"https:\/\/dev.ebitplus.at\/en\/wp-json\/wp\/v2\/pages\/1138\/revisions"}],"predecessor-version":[{"id":2167,"href":"https:\/\/dev.ebitplus.at\/en\/wp-json\/wp\/v2\/pages\/1138\/revisions\/2167"}],"up":[{"embeddable":true,"href":"https:\/\/dev.ebitplus.at\/en\/wp-json\/wp\/v2\/pages\/528"}],"wp:attachment":[{"href":"https:\/\/dev.ebitplus.at\/en\/wp-json\/wp\/v2\/media?parent=1138"}],"curies":[{"name":"wp","href":"https:\/\/api.w.org\/{rel}","templated":true}]}}