{"id":1885,"date":"2026-03-31T14:56:56","date_gmt":"2026-03-31T13:56:56","guid":{"rendered":"https:\/\/dev.ebitplus.at\/?page_id=1885"},"modified":"2026-04-03T16:09:36","modified_gmt":"2026-04-03T15:09:36","slug":"unternehmen-online","status":"publish","type":"page","link":"https:\/\/dev.ebitplus.at\/en\/services\/unternehmen-online\/","title":{"rendered":"Unternehmen Online"},"content":{"rendered":"<div data-elementor-type=\"wp-page\" data-elementor-id=\"1885\" class=\"elementor elementor-1885\" data-elementor-post-type=\"page\">\n\t\t\t\t<div class=\"elementor-element elementor-element-12677487 container-header-text-only e-flex e-con-boxed e-con e-parent\" data-id=\"12677487\" data-element_type=\"container\" data-settings=\"{&quot;background_background&quot;:&quot;gradient&quot;}\">\n\t\t\t\t\t<div class=\"e-con-inner\">\n\t\t\t\t<div class=\"elementor-element elementor-element-79dc1839 elementor-widget elementor-widget-text-editor\" data-id=\"79dc1839\" data-element_type=\"widget\" data-widget_type=\"text-editor.default\">\n\t\t\t\t\t\t\t\t\t<h1>Unternehmen Online<\/h1>\t\t\t\t\t\t\t\t<\/div>\n\t\t\t\t\t<\/div>\n\t\t\t\t<\/div>\n\t\t<div class=\"elementor-element elementor-element-25be9502 e-flex e-con-boxed e-con e-parent\" data-id=\"25be9502\" data-element_type=\"container\">\n\t\t\t\t\t<div class=\"e-con-inner\">\n\t\t\t\t<div class=\"elementor-element elementor-element-268cfdb4 elementor-widget elementor-widget-shortcode\" data-id=\"268cfdb4\" data-element_type=\"widget\" data-widget_type=\"shortcode.default\">\n\t\t\t\t\t\t\t<div class=\"elementor-shortcode\"><nav aria-label=\"breadcrumbs\" class=\"rank-math-breadcrumb\"><p><span class=\"last\">Home<\/span><\/p><\/nav><\/div>\n\t\t\t\t\t\t<\/div>\n\t\t\t\t\t<\/div>\n\t\t\t\t<\/div>\n\t\t<div class=\"elementor-element elementor-element-94c3d22 e-flex e-con-boxed e-con e-parent\" data-id=\"94c3d22\" data-element_type=\"container\">\n\t\t\t\t\t<div class=\"e-con-inner\">\n\t\t<div class=\"elementor-element elementor-element-6777e2ba e-con-full e-flex e-con e-child\" data-id=\"6777e2ba\" data-element_type=\"container\">\n\t\t\t\t<div class=\"elementor-element elementor-element-57a6d704 elementor-widget elementor-widget-text-editor\" data-id=\"57a6d704\" data-element_type=\"widget\" data-widget_type=\"text-editor.default\">\n\t\t\t\t\t\t\t\t\t<p>SERVICES<\/p>\t\t\t\t\t\t\t\t<\/div>\n\t\t\t\t<div class=\"elementor-element elementor-element-64413c2 elementor-widget elementor-widget-text-editor\" data-id=\"64413c2\" data-element_type=\"widget\" data-widget_type=\"text-editor.default\">\n\t\t\t\t\t\t\t\t\t<h2>Ihre Buchhaltung <br \/>in Echtzeit. <br \/>Nat\u00fcrlich digital.<\/h2>\t\t\t\t\t\t\t\t<\/div>\n\t\t\t\t<\/div>\n\t\t<div class=\"elementor-element elementor-element-1f200be4 e-con-full e-flex e-con e-child\" data-id=\"1f200be4\" data-element_type=\"container\">\n\t\t\t\t<div class=\"elementor-element elementor-element-7bc67c26 elementor-widget elementor-widget-text-editor\" data-id=\"7bc67c26\" data-element_type=\"widget\" data-widget_type=\"text-editor.default\">\n\t\t\t\t\t\t\t\t\t<p>Mit <strong>Unternehmen Online<\/strong> bringen wir Ihre Buchhaltung ins digitale Zeitalter: Belege werden laufend \u00fcbermittelt, sauber organisiert und direkt verarbeitet. Sie sehen Ihre Zahlen fr\u00fcher \u2013 und k\u00f6nnen auf aktueller Basis entscheiden, statt auf den Monatsabschluss zu warten.<\/p><p>\u00a0<\/p>\t\t\t\t\t\t\t\t<\/div>\n\t\t\t\t<\/div>\n\t\t\t\t\t<\/div>\n\t\t\t\t<\/div>\n\t\t<div class=\"elementor-element elementor-element-1579dc45 e-flex e-con-boxed e-con e-parent\" data-id=\"1579dc45\" data-element_type=\"container\">\n\t\t\t\t\t<div class=\"e-con-inner\">\n\t\t<div class=\"elementor-element elementor-element-5f168f34 e-con-full e-flex e-con e-child\" data-id=\"5f168f34\" data-element_type=\"container\">\n\t\t\t\t<div class=\"elementor-element elementor-element-1a98259c elementor-widget elementor-widget-text-editor\" data-id=\"1a98259c\" data-element_type=\"widget\" data-widget_type=\"text-editor.default\">\n\t\t\t\t\t\t\t\t\t<p><strong>Statt Belegstapel am Monatsende: strukturierter digitaler Datenfluss.<\/strong> Keine unn\u00f6tigen R\u00fcckfragen, keine verlorenen Belege, keine Verz\u00f6gerungen. Und wenn etwas auff\u00e4llt, melden wir uns \u2013 proaktiv, bevor es ein Problem gibt. Wir begleiten Sie beim Start Schritt f\u00fcr Schritt \u2013 damit die Umstellung reibungslos gelingt und die Abl\u00e4ufe im Tagesgesch\u00e4ft schnell funktionieren.<\/p><p>\u00a0<\/p><p><strong>Bereit f\u00fcr digitale Buchhaltung in Echtzeit?<\/strong><\/p>\t\t\t\t\t\t\t\t<\/div>\n\t\t\t\t<div class=\"elementor-element elementor-element-624200a3 elementor-widget elementor-widget-button\" data-id=\"624200a3\" data-element_type=\"widget\" data-widget_type=\"button.default\">\n\t\t\t\t\t\t\t\t\t\t<a class=\"elementor-button elementor-button-link elementor-size-sm\" href=\"https:\/\/dev.ebitplus.at\/en\">\n\t\t\t\t\t\t<span class=\"elementor-button-content-wrapper\">\n\t\t\t\t\t\t\t\t\t<span class=\"elementor-button-text\">Jetzt einrichten lassen<\/span>\n\t\t\t\t\t<\/span>\n\t\t\t\t\t<\/a>\n\t\t\t\t\t\t\t\t<\/div>\n\t\t\t\t<\/div>\n\t\t<div class=\"elementor-element elementor-element-466322fb e-con-full e-flex e-con e-child\" data-id=\"466322fb\" data-element_type=\"container\">\n\t\t\t\t<div class=\"elementor-element elementor-element-b11ec0a elementor-widget elementor-widget-image\" data-id=\"b11ec0a\" data-element_type=\"widget\" data-widget_type=\"image.default\">\n\t\t\t\t\t\t\t\t\t\t\t\t\t\t\t<img decoding=\"async\" src=\"https:\/\/dev.ebitplus.at\/wordpress\/wp-content\/plugins\/elementor\/assets\/images\/placeholder.png\" title=\"\" alt=\"\" loading=\"lazy\" \/>\t\t\t\t\t\t\t\t\t\t\t\t\t\t\t<\/div>\n\t\t\t\t<\/div>\n\t\t\t\t\t<\/div>\n\t\t\t\t<\/div>\n\t\t<div class=\"elementor-element elementor-element-3b72fa3f e-flex e-con-boxed e-con e-parent\" data-id=\"3b72fa3f\" data-element_type=\"container\">\n\t\t\t\t\t<div class=\"e-con-inner\">\n\t\t\t\t<div class=\"elementor-element elementor-element-149eac9c elementor-widget elementor-widget-text-editor\" data-id=\"149eac9c\" data-element_type=\"widget\" data-widget_type=\"text-editor.default\">\n\t\t\t\t\t\t\t\t\t<h3>Was Ihnen \u201eUnternehmen Online\u201c bringt.<\/h3>\t\t\t\t\t\t\t\t<\/div>\n\t\t\t\t\t<\/div>\n\t\t\t\t<\/div>\n\t\t<div class=\"elementor-element elementor-element-5fcef244 container-green-teaser e-flex e-con-boxed e-con e-parent\" data-id=\"5fcef244\" data-element_type=\"container\" data-settings=\"{&quot;background_background&quot;:&quot;gradient&quot;}\">\n\t\t\t\t\t<div class=\"e-con-inner\">\n\t\t<div class=\"elementor-element elementor-element-4bc17df8 e-con-full e-flex e-con e-child\" data-id=\"4bc17df8\" data-element_type=\"container\">\n\t\t<div class=\"elementor-element elementor-element-5bbc42e0 e-con-full e-flex e-con e-child\" data-id=\"5bbc42e0\" data-element_type=\"container\">\n\t\t\t\t<div class=\"elementor-element elementor-element-5d6055ae elementor-view-default elementor-widget elementor-widget-icon\" data-id=\"5d6055ae\" data-element_type=\"widget\" data-widget_type=\"icon.default\">\n\t\t\t\t\t\t\t<div class=\"elementor-icon-wrapper\">\n\t\t\t<div class=\"elementor-icon\">\n\t\t\t<i aria-hidden=\"true\" class=\"icon icon-icon-undo-4-web\"><\/i>\t\t\t<\/div>\n\t\t<\/div>\n\t\t\t\t\t\t<\/div>\n\t\t\t\t<\/div>\n\t\t<div class=\"elementor-element elementor-element-1c75d394 e-con-full e-flex e-con e-child\" data-id=\"1c75d394\" data-element_type=\"container\">\n\t\t\t\t<div class=\"elementor-element elementor-element-1611babc elementor-widget elementor-widget-image\" data-id=\"1611babc\" data-element_type=\"widget\" data-widget_type=\"image.default\">\n\t\t\t\t\t\t\t\t\t\t\t\t\t\t\t<img decoding=\"async\" width=\"279\" height=\"30\" src=\"https:\/\/dev.ebitplus.at\/wordpress\/wp-content\/uploads\/2026\/03\/text-bitte-waehlen.svg\" class=\"attachment-full size-full wp-image-700\" alt=\"\" \/>\t\t\t\t\t\t\t\t\t\t\t\t\t\t\t<\/div>\n\t\t\t\t<\/div>\n\t\t\t\t<\/div>\n\t\t<div class=\"elementor-element elementor-element-35f6f35a e-con-full e-flex e-con e-child\" data-id=\"35f6f35a\" data-element_type=\"container\">\n\t\t<div class=\"elementor-element elementor-element-664c637e e-con-full e-flex e-con e-child\" data-id=\"664c637e\" data-element_type=\"container\">\n\t\t<div class=\"elementor-element elementor-element-774dbc8b e-con-full e-flex e-con e-child\" data-id=\"774dbc8b\" data-element_type=\"container\">\n\t\t<a class=\"elementor-element elementor-element-59a19c04 e-con-full e-flex e-con e-child\" data-id=\"59a19c04\" data-element_type=\"container\" href=\"\/en\/leistungen\/personalverrechnung\/\">\n\t\t<div class=\"elementor-element elementor-element-2e3ae9b9 e-con-full e-flex e-con e-child\" data-id=\"2e3ae9b9\" data-element_type=\"container\">\n\t\t<div class=\"elementor-element elementor-element-21e1b5c1 e-con-full e-flex e-con e-child\" data-id=\"21e1b5c1\" data-element_type=\"container\">\n\t\t\t\t<div class=\"elementor-element elementor-element-7d87060e elementor-widget elementor-widget-text-editor\" data-id=\"7d87060e\" data-element_type=\"widget\" data-widget_type=\"text-editor.default\">\n\t\t\t\t\t\t\t\t\t<p>1<\/p>\t\t\t\t\t\t\t\t<\/div>\n\t\t\t\t<\/div>\n\t\t\t\t<\/div>\n\t\t<div class=\"elementor-element elementor-element-75f82f7b e-con-full e-flex e-con e-child\" data-id=\"75f82f7b\" data-element_type=\"container\">\n\t\t\t\t<div class=\"elementor-element elementor-element-4c0f0a53 elementor-widget elementor-widget-heading\" data-id=\"4c0f0a53\" data-element_type=\"widget\" data-widget_type=\"heading.default\">\n\t\t\t\t\t<h3 class=\"elementor-heading-title elementor-size-default\">Echtzeit-Auswertungen<\/h3>\t\t\t\t<\/div>\n\t\t\t\t<div class=\"elementor-element elementor-element-64c2a78a elementor-widget elementor-widget-text-editor\" data-id=\"64c2a78a\" data-element_type=\"widget\" data-widget_type=\"text-editor.default\">\n\t\t\t\t\t\t\t\t\t<p>Zahlen, wenn Sie sie brauchen \u2013 nicht erst Wochen sp\u00e4ter.<\/p>\t\t\t\t\t\t\t\t<\/div>\n\t\t\t\t<\/div>\n\t\t\t\t<\/a>\n\t\t\t\t<\/div>\n\t\t<div class=\"elementor-element elementor-element-4ac06f04 e-con-full e-flex e-con e-child\" data-id=\"4ac06f04\" data-element_type=\"container\">\n\t\t<a class=\"elementor-element elementor-element-7d4c67d6 e-con-full e-flex e-con e-child\" data-id=\"7d4c67d6\" data-element_type=\"container\" href=\"\/en\/leistungen\/personalverrechnung\/\">\n\t\t<div class=\"elementor-element elementor-element-13d2e5c8 e-con-full e-flex e-con e-child\" data-id=\"13d2e5c8\" data-element_type=\"container\">\n\t\t<div class=\"elementor-element elementor-element-355128e1 e-con-full e-flex e-con e-child\" data-id=\"355128e1\" data-element_type=\"container\">\n\t\t\t\t<div class=\"elementor-element elementor-element-104a68af elementor-widget elementor-widget-text-editor\" data-id=\"104a68af\" data-element_type=\"widget\" data-widget_type=\"text-editor.default\">\n\t\t\t\t\t\t\t\t\t<p>2<\/p>\t\t\t\t\t\t\t\t<\/div>\n\t\t\t\t<\/div>\n\t\t\t\t<\/div>\n\t\t<div class=\"elementor-element elementor-element-7aa11e3f e-con-full e-flex e-con e-child\" data-id=\"7aa11e3f\" data-element_type=\"container\">\n\t\t\t\t<div class=\"elementor-element elementor-element-3734c4f4 elementor-widget elementor-widget-heading\" data-id=\"3734c4f4\" data-element_type=\"widget\" data-widget_type=\"heading.default\">\n\t\t\t\t\t<h3 class=\"elementor-heading-title elementor-size-default\">Strukturierter Belegfluss<\/h3>\t\t\t\t<\/div>\n\t\t\t\t<div class=\"elementor-element elementor-element-1c604c0c elementor-widget elementor-widget-text-editor\" data-id=\"1c604c0c\" data-element_type=\"widget\" data-widget_type=\"text-editor.default\">\n\t\t\t\t\t\t\t\t\t<p>Alles am richtigen Ort, direkt verarbeitet, nichts verloren.<\/p>\t\t\t\t\t\t\t\t<\/div>\n\t\t\t\t<\/div>\n\t\t\t\t<\/a>\n\t\t\t\t<\/div>\n\t\t\t\t<\/div>\n\t\t<div class=\"elementor-element elementor-element-2f3d3820 e-con-full e-flex e-con e-child\" data-id=\"2f3d3820\" data-element_type=\"container\">\n\t\t<div class=\"elementor-element elementor-element-ad1e672 e-con-full e-flex e-con e-child\" data-id=\"ad1e672\" data-element_type=\"container\">\n\t\t<a class=\"elementor-element elementor-element-6b0d3a09 e-con-full e-flex e-con e-child\" data-id=\"6b0d3a09\" data-element_type=\"container\" href=\"\/en\/leistungen\/personalverrechnung\/\">\n\t\t<div class=\"elementor-element elementor-element-747eb701 e-con-full e-flex e-con e-child\" data-id=\"747eb701\" data-element_type=\"container\">\n\t\t<div class=\"elementor-element elementor-element-7152474b e-con-full e-flex e-con e-child\" data-id=\"7152474b\" data-element_type=\"container\">\n\t\t\t\t<div class=\"elementor-element elementor-element-564eb262 elementor-widget elementor-widget-text-editor\" data-id=\"564eb262\" data-element_type=\"widget\" data-widget_type=\"text-editor.default\">\n\t\t\t\t\t\t\t\t\t<p>3<\/p>\t\t\t\t\t\t\t\t<\/div>\n\t\t\t\t<\/div>\n\t\t\t\t<\/div>\n\t\t<div class=\"elementor-element elementor-element-3c4507a0 e-con-full e-flex e-con e-child\" data-id=\"3c4507a0\" data-element_type=\"container\">\n\t\t\t\t<div class=\"elementor-element elementor-element-33ba6186 elementor-widget elementor-widget-heading\" data-id=\"33ba6186\" data-element_type=\"widget\" data-widget_type=\"heading.default\">\n\t\t\t\t\t<h3 class=\"elementor-heading-title elementor-size-default\">Weniger R\u00fcckfragen<\/h3>\t\t\t\t<\/div>\n\t\t\t\t<div class=\"elementor-element elementor-element-5be9be89 elementor-widget elementor-widget-text-editor\" data-id=\"5be9be89\" data-element_type=\"widget\" data-widget_type=\"text-editor.default\">\n\t\t\t\t\t\t\t\t\t<p>Klare Prozesse bedeuten: weniger Hin und Her, mehr Produktivit\u00e4t.<\/p>\t\t\t\t\t\t\t\t<\/div>\n\t\t\t\t<\/div>\n\t\t\t\t<\/a>\n\t\t\t\t<\/div>\n\t\t<div class=\"elementor-element elementor-element-1d26960b e-con-full e-flex e-con e-child\" data-id=\"1d26960b\" data-element_type=\"container\">\n\t\t<a class=\"elementor-element elementor-element-4e492fc4 e-con-full e-flex e-con e-child\" data-id=\"4e492fc4\" data-element_type=\"container\" href=\"\/en\/leistungen\/personalverrechnung\/\">\n\t\t<div class=\"elementor-element elementor-element-b52e525 e-con-full e-flex e-con e-child\" data-id=\"b52e525\" data-element_type=\"container\">\n\t\t<div class=\"elementor-element elementor-element-2e2d32b e-con-full e-flex e-con e-child\" data-id=\"2e2d32b\" data-element_type=\"container\">\n\t\t\t\t<div class=\"elementor-element elementor-element-de1b136 elementor-widget elementor-widget-text-editor\" data-id=\"de1b136\" data-element_type=\"widget\" data-widget_type=\"text-editor.default\">\n\t\t\t\t\t\t\t\t\t<p>4<\/p>\t\t\t\t\t\t\t\t<\/div>\n\t\t\t\t<\/div>\n\t\t\t\t<\/div>\n\t\t<div class=\"elementor-element elementor-element-56661146 e-con-full e-flex e-con e-child\" data-id=\"56661146\" data-element_type=\"container\">\n\t\t\t\t<div class=\"elementor-element elementor-element-79b2b650 elementor-widget elementor-widget-heading\" data-id=\"79b2b650\" data-element_type=\"widget\" data-widget_type=\"heading.default\">\n\t\t\t\t\t<h3 class=\"elementor-heading-title elementor-size-default\">Revisionssichere Archivierung<\/h3>\t\t\t\t<\/div>\n\t\t\t\t<div class=\"elementor-element elementor-element-2f7ce479 elementor-widget elementor-widget-text-editor\" data-id=\"2f7ce479\" data-element_type=\"widget\" data-widget_type=\"text-editor.default\">\n\t\t\t\t\t\t\t\t\t<p>Alle Belege sicher und pr\u00fcfungsfest abgelegt \u2013 automatisch.<\/p>\t\t\t\t\t\t\t\t<\/div>\n\t\t\t\t<\/div>\n\t\t\t\t<\/a>\n\t\t\t\t<\/div>\n\t\t\t\t<\/div>\n\t\t\t\t<\/div>\n\t\t\t\t\t<\/div>\n\t\t\t\t<\/div>\n\t\t\t\t<\/div>","protected":false},"excerpt":{"rendered":"<p>Unternehmen Online SERVICES Ihre Buchhaltung in Echtzeit. Nat\u00fcrlich digital. Mit Unternehmen Online bringen wir Ihre Buchhaltung ins digitale Zeitalter: Belege [&hellip;]<\/p>","protected":false},"author":1,"featured_media":0,"parent":143,"menu_order":0,"comment_status":"closed","ping_status":"closed","template":"","meta":{"site-sidebar-layout":"no-sidebar","site-content-layout":"","ast-site-content-layout":"full-width-container","site-content-style":"default","site-sidebar-style":"default","ast-global-header-display":"","ast-banner-title-visibility":"","ast-main-header-display":"","ast-hfb-above-header-display":"","ast-hfb-below-header-display":"","ast-hfb-mobile-header-display":"","site-post-title":"","ast-breadcrumbs-content":"","ast-featured-img":"disabled","footer-sml-layout":"","ast-disable-related-posts":"","theme-transparent-header-meta":"","adv-header-id-meta":"","stick-header-meta":"","header-above-stick-meta":"","header-main-stick-meta":"","header-below-stick-meta":"","astra-migrate-meta-layouts":"default","ast-page-background-enabled":"default","ast-page-background-meta":{"desktop":{"background-color":"var(--ast-global-color-5)","background-image":"","background-repeat":"repeat","background-position":"center center","background-size":"auto","background-attachment":"scroll","background-type":"","background-media":"","overlay-type":"","overlay-color":"","overlay-opacity":"","overlay-gradient":""},"tablet":{"background-color":"","background-image":"","background-repeat":"repeat","background-position":"center center","background-size":"auto","background-attachment":"scroll","background-type":"","background-media":"","overlay-type":"","overlay-color":"","overlay-opacity":"","overlay-gradient":""},"mobile":{"background-color":"","background-image":"","background-repeat":"repeat","background-position":"center center","background-size":"auto","background-attachment":"scroll","background-type":"","background-media":"","overlay-type":"","overlay-color":"","overlay-opacity":"","overlay-gradient":""}},"ast-content-background-meta":{"desktop":{"background-color":"var(--ast-global-color-4)","background-image":"","background-repeat":"repeat","background-position":"center center","background-size":"auto","background-attachment":"scroll","background-type":"","background-media":"","overlay-type":"","overlay-color":"","overlay-opacity":"","overlay-gradient":""},"tablet":{"background-color":"var(--ast-global-color-4)","background-image":"","background-repeat":"repeat","background-position":"center center","background-size":"auto","background-attachment":"scroll","background-type":"","background-media":"","overlay-type":"","overlay-color":"","overlay-opacity":"","overlay-gradient":""},"mobile":{"background-color":"var(--ast-global-color-4)","background-image":"","background-repeat":"repeat","background-position":"center center","background-size":"auto","background-attachment":"scroll","background-type":"","background-media":"","overlay-type":"","overlay-color":"","overlay-opacity":"","overlay-gradient":""}},"footnotes":""},"class_list":["post-1885","page","type-page","status-publish","hentry"],"_links":{"self":[{"href":"https:\/\/dev.ebitplus.at\/en\/wp-json\/wp\/v2\/pages\/1885","targetHints":{"allow":["GET"]}}],"collection":[{"href":"https:\/\/dev.ebitplus.at\/en\/wp-json\/wp\/v2\/pages"}],"about":[{"href":"https:\/\/dev.ebitplus.at\/en\/wp-json\/wp\/v2\/types\/page"}],"author":[{"embeddable":true,"href":"https:\/\/dev.ebitplus.at\/en\/wp-json\/wp\/v2\/users\/1"}],"replies":[{"embeddable":true,"href":"https:\/\/dev.ebitplus.at\/en\/wp-json\/wp\/v2\/comments?post=1885"}],"version-history":[{"count":19,"href":"https:\/\/dev.ebitplus.at\/en\/wp-json\/wp\/v2\/pages\/1885\/revisions"}],"predecessor-version":[{"id":2489,"href":"https:\/\/dev.ebitplus.at\/en\/wp-json\/wp\/v2\/pages\/1885\/revisions\/2489"}],"up":[{"embeddable":true,"href":"https:\/\/dev.ebitplus.at\/en\/wp-json\/wp\/v2\/pages\/143"}],"wp:attachment":[{"href":"https:\/\/dev.ebitplus.at\/en\/wp-json\/wp\/v2\/media?parent=1885"}],"curies":[{"name":"wp","href":"https:\/\/api.w.org\/{rel}","templated":true}]}}