{"id":2090,"date":"2026-04-01T15:45:01","date_gmt":"2026-04-01T14:45:01","guid":{"rendered":"https:\/\/dev.ebitplus.at\/?page_id=2090"},"modified":"2026-04-03T16:11:52","modified_gmt":"2026-04-03T15:11:52","slug":"standort-baden","status":"publish","type":"page","link":"https:\/\/dev.ebitplus.at\/en\/standort-baden\/","title":{"rendered":"Standort Baden"},"content":{"rendered":"<div data-elementor-type=\"wp-page\" data-elementor-id=\"2090\" class=\"elementor elementor-2090\" data-elementor-post-type=\"page\">\n\t\t\t\t<div class=\"elementor-element elementor-element-4ad9fed3 container-header-text-only e-flex e-con-boxed e-con e-parent\" data-id=\"4ad9fed3\" data-element_type=\"container\" data-settings=\"{&quot;background_background&quot;:&quot;gradient&quot;}\">\n\t\t\t\t\t<div class=\"e-con-inner\">\n\t\t\t\t<div class=\"elementor-element elementor-element-6270af0 elementor-widget elementor-widget-text-editor\" data-id=\"6270af0\" data-element_type=\"widget\" data-widget_type=\"text-editor.default\">\n\t\t\t\t\t\t\t\t\t<h1>Steuer\u00adberatung in Baden<\/h1>\t\t\t\t\t\t\t\t<\/div>\n\t\t\t\t\t<\/div>\n\t\t\t\t<\/div>\n\t\t<div class=\"elementor-element elementor-element-6bc00594 e-flex e-con-boxed e-con e-parent\" data-id=\"6bc00594\" data-element_type=\"container\">\n\t\t\t\t\t<div class=\"e-con-inner\">\n\t\t\t\t<div class=\"elementor-element elementor-element-49fd537b elementor-widget elementor-widget-shortcode\" data-id=\"49fd537b\" data-element_type=\"widget\" data-widget_type=\"shortcode.default\">\n\t\t\t\t\t\t\t<div class=\"elementor-shortcode\"><nav aria-label=\"breadcrumbs\" class=\"rank-math-breadcrumb\"><p><span class=\"last\">Home<\/span><\/p><\/nav><\/div>\n\t\t\t\t\t\t<\/div>\n\t\t\t\t\t<\/div>\n\t\t\t\t<\/div>\n\t\t<div class=\"elementor-element elementor-element-3c69a373 e-flex e-con-boxed e-con e-parent\" data-id=\"3c69a373\" data-element_type=\"container\">\n\t\t\t\t\t<div class=\"e-con-inner\">\n\t\t\t\t<div class=\"elementor-element elementor-element-3b4b7633 elementor-widget elementor-widget-text-editor\" data-id=\"3b4b7633\" data-element_type=\"widget\" data-widget_type=\"text-editor.default\">\n\t\t\t\t\t\t\t\t\t<h2>Ihre Steuerberatung in Baden<\/h2><p>Kompetente Beratung direkt vor Ort. Wir unterst\u00fctzen Unternehmen, Freiberufler und Privatpersonen in allen steuerlichen Belangen. Als Ihre <strong>Experten f\u00fcr Steuerberatung<\/strong> in der Region Baden bieten wir Ihnen eine umfassende Betreuung, die weit \u00fcber die reine Zahlenverwaltung hinausgeht. Wir verstehen uns als Ihr strategischer Partner f\u00fcr wirtschaftlichen Erfolg.<\/p>\t\t\t\t\t\t\t\t<\/div>\n\t\t\t\t<div class=\"elementor-element elementor-element-3a43668 elementor-widget elementor-widget-button\" data-id=\"3a43668\" data-element_type=\"widget\" data-widget_type=\"button.default\">\n\t\t\t\t\t\t\t\t\t\t<a class=\"elementor-button elementor-button-link elementor-size-sm\" href=\"#\">\n\t\t\t\t\t\t<span class=\"elementor-button-content-wrapper\">\n\t\t\t\t\t\t\t\t\t<span class=\"elementor-button-text\">Jetzt Erstgespr\u00e4ch vereinbaren<\/span>\n\t\t\t\t\t<\/span>\n\t\t\t\t\t<\/a>\n\t\t\t\t\t\t\t\t<\/div>\n\t\t\t\t\t<\/div>\n\t\t\t\t<\/div>\n\t\t<div class=\"elementor-element elementor-element-3bc4045e e-flex e-con-boxed e-con e-parent\" data-id=\"3bc4045e\" data-element_type=\"container\">\n\t\t\t\t\t<div class=\"e-con-inner\">\n\t\t<div class=\"elementor-element elementor-element-3a082f2 e-con-full e-flex e-con e-child\" data-id=\"3a082f2\" data-element_type=\"container\">\n\t\t\t\t<div class=\"elementor-element elementor-element-0c8e33e elementor-widget elementor-widget-text-editor\" data-id=\"0c8e33e\" data-element_type=\"widget\" data-widget_type=\"text-editor.default\">\n\t\t\t\t\t\t\t\t\t<h3>Kontakt<\/h3>\t\t\t\t\t\t\t\t<\/div>\n\t\t\t\t<div class=\"elementor-element elementor-element-4a1c06f3 elementor-widget elementor-widget-text-editor\" data-id=\"4a1c06f3\" data-element_type=\"widget\" data-widget_type=\"text-editor.default\">\n\t\t\t\t\t\t\t\t\t<p><strong>Standort Baden<br \/><\/strong>ebit Steuerberatung GmbH<br \/>Helenenstra\u00dfe 60<br \/>2500 Baden<\/p><p>Tel: <a href=\"tel:+43225285563\">+43 (0) 2252 85563<\/a><br \/>Fax: +43 (0) 1 888 52 63 \u2013 30<br \/>E-Mail: <a href=\"\/en\/&\/#x6d;&#97;&#x69;&#108;t&#x6f;&#58;o&#x66;&#102;&#x69;&#x63;e&#x40;&#101;b&#x69;&#116;&#x2d;&#x70;l&#x75;&#115;&#46;&#x61;&#116;\">&#x6f;f&#x66;i&#x63;&#101;&#x40;&#101;b&#x69;t&#x2d;&#112;&#x6c;&#117;&#x73;&#46;a&#x74;<\/a><\/p><p><strong><br \/>\u00d6ffnungszeiten<br \/><\/strong>Mo \u2013 Do 8:00 \u2013 12:00 Uhr (Kanzlei und Empfang)<\/p><p><strong>Individuelle Terminvereinbarung jederzeit m\u00f6glich!<\/strong><\/p>\t\t\t\t\t\t\t\t<\/div>\n\t\t\t\t<\/div>\n\t\t<div class=\"elementor-element elementor-element-326992ba e-con-full e-flex e-con e-child\" data-id=\"326992ba\" data-element_type=\"container\">\n\t\t\t\t<div class=\"elementor-element elementor-element-b7e1d0a elementor-widget elementor-widget-image\" data-id=\"b7e1d0a\" data-element_type=\"widget\" data-widget_type=\"image.default\">\n\t\t\t\t\t\t\t\t\t\t\t\t\t\t\t<img decoding=\"async\" src=\"https:\/\/dev.ebitplus.at\/wordpress\/wp-content\/plugins\/elementor\/assets\/images\/placeholder.png\" title=\"\" alt=\"\" loading=\"lazy\" \/>\t\t\t\t\t\t\t\t\t\t\t\t\t\t\t<\/div>\n\t\t\t\t<\/div>\n\t\t\t\t\t<\/div>\n\t\t\t\t<\/div>\n\t\t<div class=\"elementor-element elementor-element-1d0f17c0 e-flex e-con-boxed e-con e-parent\" data-id=\"1d0f17c0\" data-element_type=\"container\">\n\t\t\t\t\t<div class=\"e-con-inner\">\n\t\t\t\t<div class=\"elementor-element elementor-element-bfc9034 elementor-widget elementor-widget-text-editor\" data-id=\"bfc9034\" data-element_type=\"widget\" data-widget_type=\"text-editor.default\">\n\t\t\t\t\t\t\t\t\t<h2>So finden Sie zu uns in Baden<\/h2><p>Unsere Kanzlei in Baden liegt zentral und dennoch gut erreichbar in der Helenenstra\u00dfe 60. Damit Ihr Besuch bei uns so stressfrei wie m\u00f6glich verl\u00e4uft, haben wir hier die besten Anreisem\u00f6glichkeiten f\u00fcr Sie zusammengefasst:<\/p>\t\t\t\t\t\t\t\t<\/div>\n\t\t\t\t<div class=\"elementor-element elementor-element-539c587 elementor-widget elementor-widget-button\" data-id=\"539c587\" data-element_type=\"widget\" data-widget_type=\"button.default\">\n\t\t\t\t\t\t\t\t\t\t<a class=\"elementor-button elementor-button-link elementor-size-sm\" href=\"https:\/\/maps.app.goo.gl\/k4dyRMhxjrQXyn759\" target=\"_blank\" rel=\"noopener\">\n\t\t\t\t\t\t<span class=\"elementor-button-content-wrapper\">\n\t\t\t\t\t\t\t\t\t<span class=\"elementor-button-text\">Zum Routenplaner<\/span>\n\t\t\t\t\t<\/span>\n\t\t\t\t\t<\/a>\n\t\t\t\t\t\t\t\t<\/div>\n\t\t\t\t<div class=\"elementor-element elementor-element-3a540641 elementor-widget elementor-widget-html\" data-id=\"3a540641\" data-element_type=\"widget\" data-widget_type=\"html.default\">\n\t\t\t\t\t<div class=\"gmaps-wrap\">\n    <div class=\"gmaps-box\">\n<iframe data-cookieyes=\"cookieyes-marketing\" data-src=\"https:\/\/www.google.com\/maps\/embed?pb=!1m18!1m12!1m3!1d5338.53321423443!2d16.209207077310598!3d48.00855887122961!2m3!1f0!2f0!3f0!3m2!1i1024!2i768!4f13.1!3m3!1m2!1s0x476db0874f808395%3A0x659324e7c8032500!2sebit%20Steuerberatung%20GmbH%20-%20aus%20WGCT%20wird%20ebit%20Steuerberatung!5e0!3m2!1sde!2sat!4v1769705243687!5m2!1sde!2sat\" width=\"600\" height=\"450\" style=\"border:0;\" allowfullscreen=\"\" loading=\"lazy\" referrerpolicy=\"no-referrer-when-downgrade\"><\/iframe>\n<div class=\"gmaps-consent-placeholder cky-banner-element\">\n            <div class=\"gmaps-consent__inner\">\n                <p>Um die interaktive Karte zu sehen, stimmen Sie bitte den <strong>Marketing-Cookies<\/strong> zu.<\/p>\n                <button type=\"button\" class=\"cky-banner-element\">Cookie-Einstellungen \u00f6ffnen<\/button>\n            <\/div>\n        <\/div>\n    <\/div>\n<\/div>\n\n<style>\n.gmaps-wrap {\n    width: 100%;\n    background-color: #eee;\n    display: flex;\n    justify-content: center;\n}\n.gmaps-box {\n    position: relative;\n    width: 100%;\n    aspect-ratio: 16 \/ 9;\n    max-height: calc(100vh - 115px);\n    width: auto;\n    flex-grow: 1;\n    max-width: 100%;\n    overflow: hidden;\n}\n.gmaps-box iframe,\n.gmaps-consent-placeholder {\n    position: absolute;\n    top: 0;\n    left: 0;\n    width: 100%;\n    height: 100%;\n    border: none;\n}\n.gmaps-consent-placeholder {\n    z-index: 10;\n    background-color: #f8f9fa;\n    display: flex;\n    align-items: center;\n    justify-content: center;\n    text-align: center;\n    padding: 20px;\n}\n<\/style>\n\n<script>\n(function() {\n    function forceGmapsActivation() {\n        const consentCookie = document.cookie.split(';').find(row => row.trim().startsWith('cookieyes-consent='));\n        const isAccepted = consentCookie && (\n            consentCookie.includes('marketing:yes') || \n            consentCookie.includes('advertisement:yes')\n        );\n        const apiAccepted = (typeof CookieYes !== 'undefined' && \n            (CookieYes.getConsentStatus().marketing || CookieYes.getConsentStatus().advertisement));\n        if (isAccepted || apiAccepted) {\n            const mapBoxes = document.querySelectorAll('.gmaps-box');\n            mapBoxes.forEach(function(box) {\n                const iframe = box.querySelector('iframe');\n                const placeholder = box.querySelector('.gmaps-consent-placeholder');\n                \n                if (iframe && iframe.getAttribute('data-src')) {\n                    const dataSrc = iframe.getAttribute('data-src');\n                    if (iframe.src !== dataSrc) {\n                        iframe.src = dataSrc;\n                    }\n                }\n                if (placeholder) {\n                    placeholder.style.display = 'none';\n                }\n            });\n            return true;\n        }\n        return false;\n    }\n    window.addEventListener('load', function() {\n        forceGmapsActivation();\n        let attempts = 0;\n        const interval = setInterval(function() {\n            if (forceGmapsActivation() || attempts > 10) clearInterval(interval);\n            attempts++;\n        }, 250);\n    });\n    document.addEventListener(\"cookieyes_consent_update\", function (e) {\n        setTimeout(forceGmapsActivation, 100);\n    });\n})();\n<\/script>\t\t\t\t<\/div>\n\t\t\t\t\t<\/div>\n\t\t\t\t<\/div>\n\t\t<div class=\"elementor-element elementor-element-59da72b e-flex e-con-boxed e-con e-parent\" data-id=\"59da72b\" data-element_type=\"container\">\n\t\t\t\t\t<div class=\"e-con-inner\">\n\t\t\t\t<div class=\"elementor-element elementor-element-4e30c81 elementor-widget elementor-widget-text-editor\" data-id=\"4e30c81\" data-element_type=\"widget\" data-widget_type=\"text-editor.default\">\n\t\t\t\t\t\t\t\t\t<h2>Anreise nach Baden<\/h2>\t\t\t\t\t\t\t\t<\/div>\n\t\t\t\t\t<\/div>\n\t\t\t\t<\/div>\n\t\t<div class=\"elementor-element elementor-element-592f6525 e-flex e-con-boxed e-con e-parent\" data-id=\"592f6525\" data-element_type=\"container\">\n\t\t\t\t\t<div class=\"e-con-inner\">\n\t\t<div class=\"elementor-element elementor-element-52058697 e-con-full e-flex e-con e-child\" data-id=\"52058697\" data-element_type=\"container\">\n\t\t\t\t<div class=\"elementor-element elementor-element-92fc989 elementor-widget elementor-widget-image\" data-id=\"92fc989\" data-element_type=\"widget\" data-widget_type=\"image.default\">\n\t\t\t\t\t\t\t\t\t\t\t\t\t\t\t<img decoding=\"async\" width=\"94\" height=\"96\" src=\"https:\/\/dev.ebitplus.at\/wordpress\/wp-content\/uploads\/2026\/04\/auto.svg\" class=\"attachment-large size-large wp-image-2269\" alt=\"\" \/>\t\t\t\t\t\t\t\t\t\t\t\t\t\t\t<\/div>\n\t\t\t\t<div class=\"elementor-element elementor-element-62d2acc0 elementor-widget elementor-widget-text-editor\" data-id=\"62d2acc0\" data-element_type=\"widget\" data-widget_type=\"text-editor.default\">\n\t\t\t\t\t\t\t\t\t<h3>Anreise mit dem Auto<\/h3><p>Sie erreichen uns bequem \u00fcber die B210 (Helenentalstra\u00dfe).<br \/><br \/><\/p><ul><li><strong>Parken<\/strong>: Direkt vor dem Kanzleigeb\u00e4ude in der Helenenstra\u00dfe sowie in den umliegenden Querstra\u00dfen (z. B. Karlsgasse) stehen Ihnen \u00f6ffentliche Parkpl\u00e4tze zur Verf\u00fcgung.<\/li><li><strong>Tipp<\/strong>: Gr\u00f6\u00dfere Parkm\u00f6glichkeiten finden Sie zudem beim nahegelegenen Parkplatz Strandbad (ca. 5 Gehminuten entfernt), falls Sie Ihren Termin mit einem kurzen Spaziergang am M\u00fchlbach verbinden m\u00f6chten.<\/li><\/ul>\t\t\t\t\t\t\t\t<\/div>\n\t\t\t\t<\/div>\n\t\t<div class=\"elementor-element elementor-element-ef1f700 e-con-full e-flex e-con e-child\" data-id=\"ef1f700\" data-element_type=\"container\">\n\t\t\t\t<div class=\"elementor-element elementor-element-51675a1 elementor-widget elementor-widget-image\" data-id=\"51675a1\" data-element_type=\"widget\" data-widget_type=\"image.default\">\n\t\t\t\t\t\t\t\t\t\t\t\t\t\t\t<img decoding=\"async\" width=\"94\" height=\"96\" src=\"https:\/\/dev.ebitplus.at\/wordpress\/wp-content\/uploads\/2026\/04\/bus.svg\" class=\"attachment-large size-large wp-image-2268\" alt=\"\" \/>\t\t\t\t\t\t\t\t\t\t\t\t\t\t\t<\/div>\n\t\t\t\t<div class=\"elementor-element elementor-element-6f7fc512 elementor-widget elementor-widget-text-editor\" data-id=\"6f7fc512\" data-element_type=\"widget\" data-widget_type=\"text-editor.default\">\n\t\t\t\t\t\t\t\t\t<h3>Anreise \u00f6ffentlich<\/h3><p>Die Kanzlei ist gut an das regionale Busnetz angebunden:<\/p><ul><li><strong>Bushaltestelle<\/strong>: Die Haltestelle Baden Eugenstra\u00dfe (Linien 306, 310) befindet sich nur wenige Schritte von unserem Eingang entfernt.<\/li><li><strong>Vom Zentrum:<\/strong> Sollten Sie vom Josefsplatz oder dem Bahnhof Baden kommen, erreichen Sie uns mit dem Bus in nur ca. 5\u20137 Minuten.<\/li><li><strong>Zu Fu\u00df:<\/strong> Ein sch\u00f6ner Fu\u00dfweg f\u00fchrt vom Kurpark oder dem Stadtzentrum durch das Villenviertel in etwa 15 Minuten direkt zu uns.<\/li><\/ul>\t\t\t\t\t\t\t\t<\/div>\n\t\t\t\t<\/div>\n\t\t\t\t\t<\/div>\n\t\t\t\t<\/div>\n\t\t<div class=\"elementor-element elementor-element-222541d e-flex e-con-boxed e-con e-parent\" data-id=\"222541d\" data-element_type=\"container\">\n\t\t\t\t\t<div class=\"e-con-inner\">\n\t\t\t\t<div class=\"elementor-element elementor-element-97d93a4 elementor-widget elementor-widget-text-editor\" data-id=\"97d93a4\" data-element_type=\"widget\" data-widget_type=\"text-editor.default\">\n\t\t\t\t\t\t\t\t\t<h2>Warum ebit in Baden?<\/h2><ul><li><strong>Regionale Vernetzung<\/strong>: Wir kennen den Wirtschaftsstandort Nieder\u00f6sterreich S\u00fcd.<\/li><li><strong>Digitale Kanzlei:<\/strong> Papierlose Buchhaltung f\u00fcr eine moderne Zusammenarbeit.<\/li><li><strong>Individuelle L\u00f6sungen:<\/strong> Keine Standardberatung, sondern Konzepte, die zu Ihrer Branche passen.<\/li><\/ul>\t\t\t\t\t\t\t\t<\/div>\n\t\t\t\t\t<\/div>\n\t\t\t\t<\/div>\n\t\t<div class=\"elementor-element elementor-element-1795001b e-flex e-con-boxed e-con e-parent\" data-id=\"1795001b\" data-element_type=\"container\" data-settings=\"{&quot;background_background&quot;:&quot;gradient&quot;}\">\n\t\t\t\t\t<div class=\"e-con-inner\">\n\t\t\t\t<div class=\"elementor-element elementor-element-20416e51 elementor-widget elementor-widget-text-editor\" data-id=\"20416e51\" data-element_type=\"widget\" data-widget_type=\"text-editor.default\">\n\t\t\t\t\t\t\t\t\t<p>\u201eKompetenz vor Ort: Wir machen Steuern in Baden einfach und sicher.\u201c<\/p>\t\t\t\t\t\t\t\t<\/div>\n\t\t\t\t<div class=\"elementor-element elementor-element-54660b54 elementor-widget elementor-widget-text-editor\" data-id=\"54660b54\" data-element_type=\"widget\" data-widget_type=\"text-editor.default\">\n\t\t\t\t\t\t\t\t\t<p>Mag. Gunther Wiesinger, Gesch\u00e4ftsf\u00fchrung ebit<\/p>\t\t\t\t\t\t\t\t<\/div>\n\t\t\t\t\t<\/div>\n\t\t\t\t<\/div>\n\t\t<div class=\"elementor-element elementor-element-4a0d999 e-flex e-con-boxed e-con e-parent\" data-id=\"4a0d999\" data-element_type=\"container\">\n\t\t\t\t\t<div class=\"e-con-inner\">\n\t\t\t\t<div class=\"elementor-element elementor-element-fcf9868 elementor-widget elementor-widget-text-editor\" data-id=\"fcf9868\" data-element_type=\"widget\" data-widget_type=\"text-editor.default\">\n\t\t\t\t\t\t\t\t\t<h2><strong>Unsere Leistungen am Standort Baden<\/strong><\/h2><p>Wir bieten Ihnen das volle Spektrum einer modernen Steuerberatung. Profitieren Sie von unserer Expertise in folgenden Kernbereichen:<\/p><ul><li><a href=\"https:\/\/dev.ebitplus.at\/en\/leistungen\/steuerberatung\/\"><strong>Steuerberatung &amp; Optimierung:<\/strong> <\/a>Strategische Planung f\u00fcr Unternehmen und Privatpersonen.<\/li><li><a href=\"https:\/\/dev.ebitplus.at\/en\/leistungen\/digitale-steuerberatung-prozessoptimierung\/\"><strong>Digitale Buchhaltung:<\/strong> <\/a>Effiziente, papierlose Prozesse f\u00fcr Ihren betrieblichen Alltag.<\/li><li><a href=\"https:\/\/dev.ebitplus.at\/en\/leistungen\/personalverrechnung\/\"><strong>Personalverrechnung<\/strong><\/a>: Rechtssichere Lohn- und Gehaltsabrechnungen f\u00fcr Ihr Team.<\/li><li><a href=\"https:\/\/dev.ebitplus.at\/en\/leistungen\/managementberatung-unternehmensberatung\/\"><strong>Unternehmensberatung<\/strong><\/a>: Begleitung bei Gr\u00fcndungen, Umgr\u00fcndungen und Nachfolgeprozessen.<\/li><li><a href=\"https:\/\/dev.ebitplus.at\/en\/leistungen\/rechnungswesen-jahresabschlusserstellung\/\"><strong>Jahresabschluss &amp; Bilanzen:<\/strong><\/a> Professionelle Erstellung nach aktuellen gesetzlichen Standards.<\/li><\/ul>\t\t\t\t\t\t\t\t<\/div>\n\t\t\t\t\t<\/div>\n\t\t\t\t<\/div>\n\t\t<div class=\"elementor-element elementor-element-d4f9cfd e-grid e-con-boxed e-con e-parent\" data-id=\"d4f9cfd\" data-element_type=\"container\">\n\t\t\t\t\t<div class=\"e-con-inner\">\n\t\t<div class=\"elementor-element elementor-element-85b50ac e-con-full e-flex e-con e-child\" data-id=\"85b50ac\" data-element_type=\"container\">\n\t\t\t\t<div class=\"elementor-element elementor-element-4966ff5 elementor-widget elementor-widget-button\" data-id=\"4966ff5\" data-element_type=\"widget\" data-widget_type=\"button.default\">\n\t\t\t\t\t\t\t\t\t\t<a class=\"elementor-button elementor-button-link elementor-size-sm\" href=\"\/en\/kontakt\/\">\n\t\t\t\t\t\t<span class=\"elementor-button-content-wrapper\">\n\t\t\t\t\t\t\t\t\t<span class=\"elementor-button-text\">Zur \u00dcbersicht<\/span>\n\t\t\t\t\t<\/span>\n\t\t\t\t\t<\/a>\n\t\t\t\t\t\t\t\t<\/div>\n\t\t\t\t<\/div>\n\t\t\t\t\t<\/div>\n\t\t\t\t<\/div>\n\t\t\t\t<\/div>","protected":false},"excerpt":{"rendered":"<p>Steuer\u00adberatung in Baden Ihre Steuerberatung in Baden Kompetente Beratung direkt vor Ort. Wir unterst\u00fctzen Unternehmen, Freiberufler und Privatpersonen in allen [&hellip;]<\/p>","protected":false},"author":1,"featured_media":0,"parent":0,"menu_order":0,"comment_status":"closed","ping_status":"closed","template":"","meta":{"site-sidebar-layout":"no-sidebar","site-content-layout":"","ast-site-content-layout":"full-width-container","site-content-style":"default","site-sidebar-style":"default","ast-global-header-display":"","ast-banner-title-visibility":"","ast-main-header-display":"","ast-hfb-above-header-display":"","ast-hfb-below-header-display":"","ast-hfb-mobile-header-display":"","site-post-title":"","ast-breadcrumbs-content":"","ast-featured-img":"disabled","footer-sml-layout":"","ast-disable-related-posts":"","theme-transparent-header-meta":"","adv-header-id-meta":"","stick-header-meta":"","header-above-stick-meta":"","header-main-stick-meta":"","header-below-stick-meta":"","astra-migrate-meta-layouts":"default","ast-page-background-enabled":"default","ast-page-background-meta":{"desktop":{"background-color":"var(--ast-global-color-5)","background-image":"","background-repeat":"repeat","background-position":"center center","background-size":"auto","background-attachment":"scroll","background-type":"","background-media":"","overlay-type":"","overlay-color":"","overlay-opacity":"","overlay-gradient":""},"tablet":{"background-color":"","background-image":"","background-repeat":"repeat","background-position":"center center","background-size":"auto","background-attachment":"scroll","background-type":"","background-media":"","overlay-type":"","overlay-color":"","overlay-opacity":"","overlay-gradient":""},"mobile":{"background-color":"","background-image":"","background-repeat":"repeat","background-position":"center center","background-size":"auto","background-attachment":"scroll","background-type":"","background-media":"","overlay-type":"","overlay-color":"","overlay-opacity":"","overlay-gradient":""}},"ast-content-background-meta":{"desktop":{"background-color":"var(--ast-global-color-4)","background-image":"","background-repeat":"repeat","background-position":"center center","background-size":"auto","background-attachment":"scroll","background-type":"","background-media":"","overlay-type":"","overlay-color":"","overlay-opacity":"","overlay-gradient":""},"tablet":{"background-color":"var(--ast-global-color-4)","background-image":"","background-repeat":"repeat","background-position":"center center","background-size":"auto","background-attachment":"scroll","background-type":"","background-media":"","overlay-type":"","overlay-color":"","overlay-opacity":"","overlay-gradient":""},"mobile":{"background-color":"var(--ast-global-color-4)","background-image":"","background-repeat":"repeat","background-position":"center center","background-size":"auto","background-attachment":"scroll","background-type":"","background-media":"","overlay-type":"","overlay-color":"","overlay-opacity":"","overlay-gradient":""}},"footnotes":""},"class_list":["post-2090","page","type-page","status-publish","hentry"],"_links":{"self":[{"href":"https:\/\/dev.ebitplus.at\/en\/wp-json\/wp\/v2\/pages\/2090","targetHints":{"allow":["GET"]}}],"collection":[{"href":"https:\/\/dev.ebitplus.at\/en\/wp-json\/wp\/v2\/pages"}],"about":[{"href":"https:\/\/dev.ebitplus.at\/en\/wp-json\/wp\/v2\/types\/page"}],"author":[{"embeddable":true,"href":"https:\/\/dev.ebitplus.at\/en\/wp-json\/wp\/v2\/users\/1"}],"replies":[{"embeddable":true,"href":"https:\/\/dev.ebitplus.at\/en\/wp-json\/wp\/v2\/comments?post=2090"}],"version-history":[{"count":73,"href":"https:\/\/dev.ebitplus.at\/en\/wp-json\/wp\/v2\/pages\/2090\/revisions"}],"predecessor-version":[{"id":2495,"href":"https:\/\/dev.ebitplus.at\/en\/wp-json\/wp\/v2\/pages\/2090\/revisions\/2495"}],"wp:attachment":[{"href":"https:\/\/dev.ebitplus.at\/en\/wp-json\/wp\/v2\/media?parent=2090"}],"curies":[{"name":"wp","href":"https:\/\/api.w.org\/{rel}","templated":true}]}}