{"id":2121,"date":"2026-04-01T15:52:42","date_gmt":"2026-04-01T14:52:42","guid":{"rendered":"https:\/\/dev.ebitplus.at\/?page_id=2121"},"modified":"2026-04-03T16:12:40","modified_gmt":"2026-04-03T15:12:40","slug":"standort-perchtoldsdorf","status":"publish","type":"page","link":"https:\/\/dev.ebitplus.at\/en\/standort-perchtoldsdorf\/","title":{"rendered":"Standort Perchtoldsdorf"},"content":{"rendered":"<div data-elementor-type=\"wp-page\" data-elementor-id=\"2121\" class=\"elementor elementor-2121\" data-elementor-post-type=\"page\">\n\t\t\t\t<div class=\"elementor-element elementor-element-25739060 container-header-text-only e-flex e-con-boxed e-con e-parent\" data-id=\"25739060\" data-element_type=\"container\" data-settings=\"{&quot;background_background&quot;:&quot;gradient&quot;}\">\n\t\t\t\t\t<div class=\"e-con-inner\">\n\t\t\t\t<div class=\"elementor-element elementor-element-5d2afe86 elementor-widget elementor-widget-text-editor\" data-id=\"5d2afe86\" data-element_type=\"widget\" data-widget_type=\"text-editor.default\">\n\t\t\t\t\t\t\t\t\t<h1>Standort Perchtolds\u00addorf<\/h1>\t\t\t\t\t\t\t\t<\/div>\n\t\t\t\t\t<\/div>\n\t\t\t\t<\/div>\n\t\t<div class=\"elementor-element elementor-element-4ce86994 e-flex e-con-boxed e-con e-parent\" data-id=\"4ce86994\" data-element_type=\"container\">\n\t\t\t\t\t<div class=\"e-con-inner\">\n\t\t\t\t<div class=\"elementor-element elementor-element-4c48db11 elementor-widget elementor-widget-shortcode\" data-id=\"4c48db11\" data-element_type=\"widget\" data-widget_type=\"shortcode.default\">\n\t\t\t\t\t\t\t<div class=\"elementor-shortcode\"><nav aria-label=\"breadcrumbs\" class=\"rank-math-breadcrumb\"><p><span class=\"last\">Home<\/span><\/p><\/nav><\/div>\n\t\t\t\t\t\t<\/div>\n\t\t\t\t\t<\/div>\n\t\t\t\t<\/div>\n\t\t<div class=\"elementor-element elementor-element-7ba1dc02 e-flex e-con-boxed e-con e-parent\" data-id=\"7ba1dc02\" data-element_type=\"container\">\n\t\t\t\t\t<div class=\"e-con-inner\">\n\t\t\t\t<div class=\"elementor-element elementor-element-23fe1a94 elementor-widget elementor-widget-text-editor\" data-id=\"23fe1a94\" data-element_type=\"widget\" data-widget_type=\"text-editor.default\">\n\t\t\t\t\t\t\t\t\t<h2>Ihre Steuerberatung in Perchtoldsdorf<\/h2><p>Kompetente Beratung direkt vor Ort. Wir unterst\u00fctzen Unternehmen, Freiberufler und Privatpersonen in allen steuerlichen Belangen. Als Ihre <strong>Experten f\u00fcr Steuerberatung im Bezirk M\u00f6dling<\/strong> bieten wir Ihnen eine umfassende Betreuung, die weit \u00fcber die reine Zahlenverwaltung hinausgeht. Wir verstehen uns als Ihr strategischer Partner f\u00fcr wirtschaftlichen Erfolg \u2013 hier in Perchtoldsdorf und der gesamten Thermenregion.<\/p>\t\t\t\t\t\t\t\t<\/div>\n\t\t\t\t<div class=\"elementor-element elementor-element-2a297b4b elementor-widget elementor-widget-button\" data-id=\"2a297b4b\" data-element_type=\"widget\" data-widget_type=\"button.default\">\n\t\t\t\t\t\t\t\t\t\t<a class=\"elementor-button elementor-button-link elementor-size-sm\" href=\"#\">\n\t\t\t\t\t\t<span class=\"elementor-button-content-wrapper\">\n\t\t\t\t\t\t\t\t\t<span class=\"elementor-button-text\">Jetzt Erstgespr\u00e4ch vereinbaren<\/span>\n\t\t\t\t\t<\/span>\n\t\t\t\t\t<\/a>\n\t\t\t\t\t\t\t\t<\/div>\n\t\t\t\t\t<\/div>\n\t\t\t\t<\/div>\n\t\t<div class=\"elementor-element elementor-element-61a9978e e-flex e-con-boxed e-con e-parent\" data-id=\"61a9978e\" data-element_type=\"container\">\n\t\t\t\t\t<div class=\"e-con-inner\">\n\t\t<div class=\"elementor-element elementor-element-29a27f0d e-con-full e-flex e-con e-child\" data-id=\"29a27f0d\" data-element_type=\"container\">\n\t\t\t\t<div class=\"elementor-element elementor-element-735e57a5 elementor-widget elementor-widget-text-editor\" data-id=\"735e57a5\" data-element_type=\"widget\" data-widget_type=\"text-editor.default\">\n\t\t\t\t\t\t\t\t\t<h3>Kontakt<\/h3>\t\t\t\t\t\t\t\t<\/div>\n\t\t\t\t<div class=\"elementor-element elementor-element-35b334db elementor-widget elementor-widget-text-editor\" data-id=\"35b334db\" data-element_type=\"widget\" data-widget_type=\"text-editor.default\">\n\t\t\t\t\t\t\t\t\t<p><strong>Standort Perchtoldsdorf<\/strong><br \/>ebit Steuerberatung GmbH<br \/>Brunnergasse 1-9\/2\/Top 4<br \/>2380 Perchtoldsdorf<br \/>Tel: +43 (0) 1 888 52 63<br \/>Fax: +43 (0) 1 888 52 63 \u2013 30<br \/>E-Mail: <a href=\"\/en\/&\/#x6d;a&#x69;&#108;&#x74;&#111;:&#x6f;&#102;&#x66;&#105;c&#x65;&#64;&#x65;&#98;i&#x74;-&#x70;&#108;&#x75;&#x73;&#46;&#x61;&#116;\">o&#102;&#102;&#x69;&#x63;&#x65;&#64;&#101;&#98;&#x69;&#x74;&#x2d;pl&#117;&#x73;&#x2e;&#x61;t<\/a><\/p><p><strong>\u00d6ffnungszeiten<br \/><\/strong>Mo \u2013 Do 8:00 \u2013 12:00 Uhr (Kanzlei und Empfang)<\/p><p><strong>Individuelle Terminvereinbarung jederzeit m\u00f6glich!<\/strong><\/p>\t\t\t\t\t\t\t\t<\/div>\n\t\t\t\t<\/div>\n\t\t<div class=\"elementor-element elementor-element-f477c21 e-con-full e-flex e-con e-child\" data-id=\"f477c21\" data-element_type=\"container\">\n\t\t\t\t<div class=\"elementor-element elementor-element-dfab2e2 elementor-widget elementor-widget-image\" data-id=\"dfab2e2\" data-element_type=\"widget\" data-widget_type=\"image.default\">\n\t\t\t\t\t\t\t\t\t\t\t\t\t\t\t<img decoding=\"async\" src=\"https:\/\/dev.ebitplus.at\/wordpress\/wp-content\/plugins\/elementor\/assets\/images\/placeholder.png\" title=\"\" alt=\"\" loading=\"lazy\" \/>\t\t\t\t\t\t\t\t\t\t\t\t\t\t\t<\/div>\n\t\t\t\t<\/div>\n\t\t\t\t\t<\/div>\n\t\t\t\t<\/div>\n\t\t<div class=\"elementor-element elementor-element-7370e48 e-flex e-con-boxed e-con e-parent\" data-id=\"7370e48\" data-element_type=\"container\">\n\t\t\t\t\t<div class=\"e-con-inner\">\n\t\t\t\t<div class=\"elementor-element elementor-element-4aa2e375 elementor-widget elementor-widget-text-editor\" data-id=\"4aa2e375\" data-element_type=\"widget\" data-widget_type=\"text-editor.default\">\n\t\t\t\t\t\t\t\t\t<h2>So finden Sie zu uns in Perchtoldsdorf<\/h2><p>Unsere Steuerberatung in Perchtoldsdorf liegt zentral und dennoch gut erreichbar in der Brunnergasse 1-9\/2\/Top 4. Damit Ihr Besuch bei uns so stressfrei wie m\u00f6glich verl\u00e4uft, haben wir hier die besten Anreisem\u00f6glichkeiten f\u00fcr Sie zusammengefasst:<\/p>\t\t\t\t\t\t\t\t<\/div>\n\t\t\t\t<div class=\"elementor-element elementor-element-9c40b85 elementor-widget elementor-widget-button\" data-id=\"9c40b85\" data-element_type=\"widget\" data-widget_type=\"button.default\">\n\t\t\t\t\t\t\t\t\t\t<a class=\"elementor-button elementor-button-link elementor-size-sm\" href=\"https:\/\/maps.app.goo.gl\/GEYVrJmGmgYaicqL9\" target=\"_blank\" rel=\"noopener\">\n\t\t\t\t\t\t<span class=\"elementor-button-content-wrapper\">\n\t\t\t\t\t\t\t\t\t<span class=\"elementor-button-text\">Zum Routenplaner<\/span>\n\t\t\t\t\t<\/span>\n\t\t\t\t\t<\/a>\n\t\t\t\t\t\t\t\t<\/div>\n\t\t\t\t<div class=\"elementor-element elementor-element-73bcb026 elementor-widget elementor-widget-html\" data-id=\"73bcb026\" data-element_type=\"widget\" data-widget_type=\"html.default\">\n\t\t\t\t\t<div class=\"gmaps-wrap\">\n    <div class=\"gmaps-box\">\n<iframe data-cookieyes=\"cookieyes-marketing\" data-src=\"https:\/\/www.google.com\/maps\/embed?pb=!1m18!1m12!1m3!1d5338.53321423443!2d16.209207077310598!3d48.00855887122961!2m3!1f0!2f0!3f0!3m2!1i1024!2i768!4f13.1!3m3!1m2!1s0x476db0874f808395%3A0x659324e7c8032500!2sebit%20Steuerberatung%20GmbH%20-%20aus%20WGCT%20wird%20ebit%20Steuerberatung!5e0!3m2!1sde!2sat!4v1769705243687!5m2!1sde!2sat\" width=\"600\" height=\"450\" style=\"border:0;\" allowfullscreen=\"\" loading=\"lazy\" referrerpolicy=\"no-referrer-when-downgrade\"><\/iframe>\n<div class=\"gmaps-consent-placeholder cky-banner-element\">\n            <div class=\"gmaps-consent__inner\">\n                <p>Um die interaktive Karte zu sehen, stimmen Sie bitte den <strong>Marketing-Cookies<\/strong> zu.<\/p>\n                <button type=\"button\" class=\"cky-banner-element\">Cookie-Einstellungen \u00f6ffnen<\/button>\n            <\/div>\n        <\/div>\n    <\/div>\n<\/div>\n\n<style>\n.gmaps-wrap {\n    width: 100%;\n    background-color: #eee;\n    display: flex;\n    justify-content: center;\n}\n.gmaps-box {\n    position: relative;\n    width: 100%;\n    aspect-ratio: 16 \/ 9;\n    max-height: calc(100vh - 115px);\n    width: auto;\n    flex-grow: 1;\n    max-width: 100%;\n    overflow: hidden;\n}\n.gmaps-box iframe,\n.gmaps-consent-placeholder {\n    position: absolute;\n    top: 0;\n    left: 0;\n    width: 100%;\n    height: 100%;\n    border: none;\n}\n.gmaps-consent-placeholder {\n    z-index: 10;\n    background-color: #f8f9fa;\n    display: flex;\n    align-items: center;\n    justify-content: center;\n    text-align: center;\n    padding: 20px;\n}\n<\/style>\n\n<script>\n(function() {\n    function forceGmapsActivation() {\n        const consentCookie = document.cookie.split(';').find(row => row.trim().startsWith('cookieyes-consent='));\n        const isAccepted = consentCookie && (\n            consentCookie.includes('marketing:yes') || \n            consentCookie.includes('advertisement:yes')\n        );\n        const apiAccepted = (typeof CookieYes !== 'undefined' && \n            (CookieYes.getConsentStatus().marketing || CookieYes.getConsentStatus().advertisement));\n        if (isAccepted || apiAccepted) {\n            const mapBoxes = document.querySelectorAll('.gmaps-box');\n            mapBoxes.forEach(function(box) {\n                const iframe = box.querySelector('iframe');\n                const placeholder = box.querySelector('.gmaps-consent-placeholder');\n                \n                if (iframe && iframe.getAttribute('data-src')) {\n                    const dataSrc = iframe.getAttribute('data-src');\n                    if (iframe.src !== dataSrc) {\n                        iframe.src = dataSrc;\n                    }\n                }\n                if (placeholder) {\n                    placeholder.style.display = 'none';\n                }\n            });\n            return true;\n        }\n        return false;\n    }\n    window.addEventListener('load', function() {\n        forceGmapsActivation();\n        let attempts = 0;\n        const interval = setInterval(function() {\n            if (forceGmapsActivation() || attempts > 10) clearInterval(interval);\n            attempts++;\n        }, 250);\n    });\n    document.addEventListener(\"cookieyes_consent_update\", function (e) {\n        setTimeout(forceGmapsActivation, 100);\n    });\n})();\n<\/script>\t\t\t\t<\/div>\n\t\t\t\t\t<\/div>\n\t\t\t\t<\/div>\n\t\t<div class=\"elementor-element elementor-element-38528de e-flex e-con-boxed e-con e-parent\" data-id=\"38528de\" data-element_type=\"container\">\n\t\t\t\t\t<div class=\"e-con-inner\">\n\t\t\t\t<div class=\"elementor-element elementor-element-74c4d109 elementor-widget elementor-widget-text-editor\" data-id=\"74c4d109\" data-element_type=\"widget\" data-widget_type=\"text-editor.default\">\n\t\t\t\t\t\t\t\t\t<h2>Anreise nach Perchtoldsdorf<\/h2>\t\t\t\t\t\t\t\t<\/div>\n\t\t\t\t\t<\/div>\n\t\t\t\t<\/div>\n\t\t<div class=\"elementor-element elementor-element-4ac2286c e-flex e-con-boxed e-con e-parent\" data-id=\"4ac2286c\" data-element_type=\"container\">\n\t\t\t\t\t<div class=\"e-con-inner\">\n\t\t<div class=\"elementor-element elementor-element-791daa3 e-con-full e-flex e-con e-child\" data-id=\"791daa3\" data-element_type=\"container\">\n\t\t\t\t<div class=\"elementor-element elementor-element-5db6516d elementor-widget elementor-widget-image\" data-id=\"5db6516d\" data-element_type=\"widget\" data-widget_type=\"image.default\">\n\t\t\t\t\t\t\t\t\t\t\t\t\t\t\t<img decoding=\"async\" width=\"94\" height=\"96\" src=\"https:\/\/dev.ebitplus.at\/wordpress\/wp-content\/uploads\/2026\/04\/auto.svg\" class=\"attachment-large size-large wp-image-2269\" alt=\"\" \/>\t\t\t\t\t\t\t\t\t\t\t\t\t\t\t<\/div>\n\t\t\t\t<div class=\"elementor-element elementor-element-68cbbc09 elementor-widget elementor-widget-text-editor\" data-id=\"68cbbc09\" data-element_type=\"widget\" data-widget_type=\"text-editor.default\">\n\t\t\t\t\t\t\t\t\t<h3>Anreise mit dem Auto<br \/><br \/><\/h3><ul><li><strong>Aus Richtung Wien:<\/strong> \u00dcber die B17 (Triester Stra\u00dfe) oder die A21 (Au\u00dfenringautobahn, Abfahrt Brunn am Gebirge) gelangen Sie direkt nach Perchtoldsdorf.<\/li><li><strong>Parken<\/strong>: In der unmittelbaren Umgebung der Brunnergasse stehen Ihnen \u00f6ffentliche Parkpl\u00e4tze zur Verf\u00fcgung. Bitte beachten Sie die geltende Kurzparkzone im Ortszentrum von Perchtoldsdorf.<\/li><li>\u00a0<\/li><\/ul>\t\t\t\t\t\t\t\t<\/div>\n\t\t\t\t<\/div>\n\t\t<div class=\"elementor-element elementor-element-514cc5c2 e-con-full e-flex e-con e-child\" data-id=\"514cc5c2\" data-element_type=\"container\">\n\t\t\t\t<div class=\"elementor-element elementor-element-123e00dd elementor-widget elementor-widget-image\" data-id=\"123e00dd\" data-element_type=\"widget\" data-widget_type=\"image.default\">\n\t\t\t\t\t\t\t\t\t\t\t\t\t\t\t<img decoding=\"async\" width=\"94\" height=\"96\" src=\"https:\/\/dev.ebitplus.at\/wordpress\/wp-content\/uploads\/2026\/04\/bus.svg\" class=\"attachment-large size-large wp-image-2268\" alt=\"\" \/>\t\t\t\t\t\t\t\t\t\t\t\t\t\t\t<\/div>\n\t\t\t\t<div class=\"elementor-element elementor-element-6b091a6 elementor-widget elementor-widget-text-editor\" data-id=\"6b091a6\" data-element_type=\"widget\" data-widget_type=\"text-editor.default\">\n\t\t\t\t\t\t\t\t\t<h3>Anreise \u00f6ffentlich<br \/><br \/><\/h3><ul><li><strong>Per Bahn:<\/strong> Nehmen Sie die S-Bahn (S2, S3 oder S4) bis zur Station Perchtoldsdorf. Von dort sind es ca. 10\u201315 Minuten Fu\u00dfweg oder eine kurze Fahrt mit dem Regionalbus.<\/li><li><strong>Per Bus:<\/strong> Die Linien 256 (ab Wien Liesing) oder der Ortsbus 259 bringen Sie direkt ins Zentrum. Steigen Sie an der Haltestelle Perchtoldsdorf Marktplatz aus \u2013 von dort sind es nur wenige Gehminuten bis zu unserer Kanzlei (Top 4).<\/li><li>\u00a0<\/li><\/ul>\t\t\t\t\t\t\t\t<\/div>\n\t\t\t\t<\/div>\n\t\t\t\t\t<\/div>\n\t\t\t\t<\/div>\n\t\t<div class=\"elementor-element elementor-element-153e0657 e-flex e-con-boxed e-con e-parent\" data-id=\"153e0657\" data-element_type=\"container\">\n\t\t\t\t\t<div class=\"e-con-inner\">\n\t\t\t\t<div class=\"elementor-element elementor-element-28b427d9 elementor-widget elementor-widget-text-editor\" data-id=\"28b427d9\" data-element_type=\"widget\" data-widget_type=\"text-editor.default\">\n\t\t\t\t\t\t\t\t\t<h2>Warum ebit in Perchtoldsdorf?<\/h2><ul><li><p><strong>An der Schnittstelle von Wien &amp; Umland:<\/strong> Wir kombinieren die Professionalit\u00e4t der Gro\u00dfstadt mit der pers\u00f6nlichen N\u00e4he und Flexibilit\u00e4t einer lokalen Kanzlei. Wir verstehen die Dynamik des Bezirks M\u00f6dling.<\/p><\/li><li><p><strong>Zukunftsorientiert &amp; Digital:<\/strong> Als moderne Kanzlei setzen wir auf voll digitalisierte Prozesse. Von der beleglosen Buchhaltung bis zur Online-Beratung \u2013 wir machen Ihre Buchf\u00fchrung effizient und ortsunabh\u00e4ngig.<\/p><\/li><li><p><strong>Partner auf Augenh\u00f6he<\/strong>: In Perchtoldsdorf sch\u00e4tzt man Handschlagqualit\u00e4t. Wir bieten Ihnen keine anonyme Massenberatung, sondern ma\u00dfgeschneiderte Strategien, die exakt auf Ihre unternehmerische Realit\u00e4t zugeschnitten sind.<\/p><\/li><\/ul>\t\t\t\t\t\t\t\t<\/div>\n\t\t\t\t\t<\/div>\n\t\t\t\t<\/div>\n\t\t<div class=\"elementor-element elementor-element-42e7a7f6 e-flex e-con-boxed e-con e-parent\" data-id=\"42e7a7f6\" data-element_type=\"container\" data-settings=\"{&quot;background_background&quot;:&quot;gradient&quot;}\">\n\t\t\t\t\t<div class=\"e-con-inner\">\n\t\t\t\t<div class=\"elementor-element elementor-element-289c67ad elementor-widget elementor-widget-text-editor\" data-id=\"289c67ad\" data-element_type=\"widget\" data-widget_type=\"text-editor.default\">\n\t\t\t\t\t\t\t\t\t<p>Digital am Puls der Zeit, pers\u00f6nlich in Perchtoldsdorf: Wir optimieren Ihre Steuern und Prozesse.\u201c<\/p>\t\t\t\t\t\t\t\t<\/div>\n\t\t\t\t<div class=\"elementor-element elementor-element-7ca95d24 elementor-widget elementor-widget-text-editor\" data-id=\"7ca95d24\" data-element_type=\"widget\" data-widget_type=\"text-editor.default\">\n\t\t\t\t\t\t\t\t\t<p>Mag. Gunther Wiesinger, Gesch\u00e4ftsf\u00fchrung ebit<\/p>\t\t\t\t\t\t\t\t<\/div>\n\t\t\t\t\t<\/div>\n\t\t\t\t<\/div>\n\t\t<div class=\"elementor-element elementor-element-32af8b3d e-flex e-con-boxed e-con e-parent\" data-id=\"32af8b3d\" data-element_type=\"container\">\n\t\t\t\t\t<div class=\"e-con-inner\">\n\t\t\t\t<div class=\"elementor-element elementor-element-39c5623d elementor-widget elementor-widget-text-editor\" data-id=\"39c5623d\" data-element_type=\"widget\" data-widget_type=\"text-editor.default\">\n\t\t\t\t\t\t\t\t\t<h2>Steuerberatung in Perchtoldsdorf: Ihr Erfolg im Fokus<\/h2><p>An unserem Standort im Herzen von Perchtoldsdorf begleiten wir Unternehmer, Freiberufler und Privatpersonen mit ma\u00dfgeschneiderter Beratung. Wir kombinieren jahrelange Erfahrung mit modernster digitaler Arbeitsweise.<\/p><p>Unsere Leistungen am Standort Perchtoldsdorf. Klicken Sie auf die Leistungsbereiche, um mehr zu erfahren:<\/p><ul><li><a href=\"https:\/\/dev.ebitplus.at\/en\/leistungen\/steuerberatung\/\"><strong>Steuerberatung Perchtoldsdorf<\/strong><\/a><br \/>Fristen, Erkl\u00e4rungen, Bescheide \u2013 wir halten Ihnen den R\u00fccken frei und melden uns proaktiv, bevor Handlungsbedarf entsteht.<\/li><li><a href=\"https:\/\/dev.ebitplus.at\/en\/leistungen\/rechnungswesen-jahresabschlusserstellung\/\"><strong>Rechnungswesen &amp; Jahresabschluss<\/strong><\/a><br \/>Pr\u00e4zise Buchhaltung und termingerechte Abschl\u00fcsse f\u00fcr Unternehmen im Bezirk M\u00f6dling. Saubere Zahlen als Basis f\u00fcr Ihren Erfolg.<\/li><li><a href=\"https:\/\/dev.ebitplus.at\/en\/leistungen\/personalverrechnung\/\"><strong>Personalverrechnung<\/strong><\/a><br \/>Diskrete und p\u00fcnktliche Lohnverrechnung f\u00fcr Ihr Team. Wir k\u00fcmmern uns um die Details, damit Sie sich auf Ihre Mitarbeiter konzentrieren k\u00f6nnen.<\/li><li><a href=\"https:\/\/dev.ebitplus.at\/en\/leistungen\/managementberatung-unternehmensberatung\/\"><strong>Management- &amp; Unternehmensberatung<\/strong><\/a><br \/>Strategische Begleitung auf Augenh\u00f6he. Wir nutzen Gestaltungsspielr\u00e4ume und minimieren Risiken f\u00fcr eine starke Zukunft Ihres Unternehmens.<\/li><li><a href=\"https:\/\/dev.ebitplus.at\/en\/leistungen\/digitale-steuerberatung-prozessoptimierung\/\"><strong>Digitale Steuerberatung &amp; Prozessoptimierung<\/strong><\/a><br \/>Effiziente, papierlose Abl\u00e4ufe ohne Verlust des pers\u00f6nlichen Kontakts. Wir bringen Ihre Buchhaltung ins digitale Zeitalter.<\/li><\/ul>\t\t\t\t\t\t\t\t<\/div>\n\t\t\t\t\t<\/div>\n\t\t\t\t<\/div>\n\t\t<div class=\"elementor-element elementor-element-2846408d e-grid e-con-boxed e-con e-parent\" data-id=\"2846408d\" data-element_type=\"container\">\n\t\t\t\t\t<div class=\"e-con-inner\">\n\t\t<div class=\"elementor-element elementor-element-27706128 e-con-full e-flex e-con e-child\" data-id=\"27706128\" data-element_type=\"container\">\n\t\t\t\t<div class=\"elementor-element elementor-element-4e521374 elementor-widget elementor-widget-button\" data-id=\"4e521374\" data-element_type=\"widget\" data-widget_type=\"button.default\">\n\t\t\t\t\t\t\t\t\t\t<a class=\"elementor-button elementor-button-link elementor-size-sm\" href=\"\/en\/kontakt\/\">\n\t\t\t\t\t\t<span class=\"elementor-button-content-wrapper\">\n\t\t\t\t\t\t\t\t\t<span class=\"elementor-button-text\">Zur \u00dcbersicht<\/span>\n\t\t\t\t\t<\/span>\n\t\t\t\t\t<\/a>\n\t\t\t\t\t\t\t\t<\/div>\n\t\t\t\t<\/div>\n\t\t\t\t\t<\/div>\n\t\t\t\t<\/div>\n\t\t\t\t<\/div>","protected":false},"excerpt":{"rendered":"<p>Standort Perchtolds\u00addorf Ihre Steuerberatung in Perchtoldsdorf Kompetente Beratung direkt vor Ort. Wir unterst\u00fctzen Unternehmen, Freiberufler und Privatpersonen in allen steuerlichen [&hellip;]<\/p>","protected":false},"author":1,"featured_media":0,"parent":0,"menu_order":0,"comment_status":"closed","ping_status":"closed","template":"","meta":{"site-sidebar-layout":"no-sidebar","site-content-layout":"","ast-site-content-layout":"full-width-container","site-content-style":"default","site-sidebar-style":"default","ast-global-header-display":"","ast-banner-title-visibility":"","ast-main-header-display":"","ast-hfb-above-header-display":"","ast-hfb-below-header-display":"","ast-hfb-mobile-header-display":"","site-post-title":"","ast-breadcrumbs-content":"","ast-featured-img":"disabled","footer-sml-layout":"","ast-disable-related-posts":"","theme-transparent-header-meta":"","adv-header-id-meta":"","stick-header-meta":"","header-above-stick-meta":"","header-main-stick-meta":"","header-below-stick-meta":"","astra-migrate-meta-layouts":"default","ast-page-background-enabled":"default","ast-page-background-meta":{"desktop":{"background-color":"var(--ast-global-color-5)","background-image":"","background-repeat":"repeat","background-position":"center center","background-size":"auto","background-attachment":"scroll","background-type":"","background-media":"","overlay-type":"","overlay-color":"","overlay-opacity":"","overlay-gradient":""},"tablet":{"background-color":"","background-image":"","background-repeat":"repeat","background-position":"center center","background-size":"auto","background-attachment":"scroll","background-type":"","background-media":"","overlay-type":"","overlay-color":"","overlay-opacity":"","overlay-gradient":""},"mobile":{"background-color":"","background-image":"","background-repeat":"repeat","background-position":"center center","background-size":"auto","background-attachment":"scroll","background-type":"","background-media":"","overlay-type":"","overlay-color":"","overlay-opacity":"","overlay-gradient":""}},"ast-content-background-meta":{"desktop":{"background-color":"var(--ast-global-color-4)","background-image":"","background-repeat":"repeat","background-position":"center center","background-size":"auto","background-attachment":"scroll","background-type":"","background-media":"","overlay-type":"","overlay-color":"","overlay-opacity":"","overlay-gradient":""},"tablet":{"background-color":"var(--ast-global-color-4)","background-image":"","background-repeat":"repeat","background-position":"center center","background-size":"auto","background-attachment":"scroll","background-type":"","background-media":"","overlay-type":"","overlay-color":"","overlay-opacity":"","overlay-gradient":""},"mobile":{"background-color":"var(--ast-global-color-4)","background-image":"","background-repeat":"repeat","background-position":"center center","background-size":"auto","background-attachment":"scroll","background-type":"","background-media":"","overlay-type":"","overlay-color":"","overlay-opacity":"","overlay-gradient":""}},"footnotes":""},"class_list":["post-2121","page","type-page","status-publish","hentry"],"_links":{"self":[{"href":"https:\/\/dev.ebitplus.at\/en\/wp-json\/wp\/v2\/pages\/2121","targetHints":{"allow":["GET"]}}],"collection":[{"href":"https:\/\/dev.ebitplus.at\/en\/wp-json\/wp\/v2\/pages"}],"about":[{"href":"https:\/\/dev.ebitplus.at\/en\/wp-json\/wp\/v2\/types\/page"}],"author":[{"embeddable":true,"href":"https:\/\/dev.ebitplus.at\/en\/wp-json\/wp\/v2\/users\/1"}],"replies":[{"embeddable":true,"href":"https:\/\/dev.ebitplus.at\/en\/wp-json\/wp\/v2\/comments?post=2121"}],"version-history":[{"count":19,"href":"https:\/\/dev.ebitplus.at\/en\/wp-json\/wp\/v2\/pages\/2121\/revisions"}],"predecessor-version":[{"id":2498,"href":"https:\/\/dev.ebitplus.at\/en\/wp-json\/wp\/v2\/pages\/2121\/revisions\/2498"}],"wp:attachment":[{"href":"https:\/\/dev.ebitplus.at\/en\/wp-json\/wp\/v2\/media?parent=2121"}],"curies":[{"name":"wp","href":"https:\/\/api.w.org\/{rel}","templated":true}]}}