{"id":27,"date":"2026-01-28T17:15:33","date_gmt":"2026-01-28T16:15:33","guid":{"rendered":"https:\/\/dev.ebitplus.at\/?page_id=27"},"modified":"2026-04-03T15:52:52","modified_gmt":"2026-04-03T14:52:52","slug":"kontakt","status":"publish","type":"page","link":"https:\/\/dev.ebitplus.at\/en\/kontakt\/","title":{"rendered":"Kontakt"},"content":{"rendered":"<div data-elementor-type=\"wp-page\" data-elementor-id=\"27\" class=\"elementor elementor-27\" data-elementor-post-type=\"page\">\n\t\t\t\t<div class=\"elementor-element elementor-element-36815546 container-header-text-only e-flex e-con-boxed e-con e-parent\" data-id=\"36815546\" data-element_type=\"container\" data-settings=\"{&quot;background_background&quot;:&quot;gradient&quot;}\">\n\t\t\t\t\t<div class=\"e-con-inner\">\n\t\t\t\t<div class=\"elementor-element elementor-element-195edebb elementor-widget elementor-widget-text-editor\" data-id=\"195edebb\" data-element_type=\"widget\" data-widget_type=\"text-editor.default\">\n\t\t\t\t\t\t\t\t\t<h1>Kontakt<\/h1>\t\t\t\t\t\t\t\t<\/div>\n\t\t\t\t\t<\/div>\n\t\t\t\t<\/div>\n\t\t<div class=\"elementor-element elementor-element-3ce4ff5c e-flex e-con-boxed e-con e-parent\" data-id=\"3ce4ff5c\" data-element_type=\"container\">\n\t\t\t\t\t<div class=\"e-con-inner\">\n\t\t\t\t<div class=\"elementor-element elementor-element-17fb5f00 elementor-widget elementor-widget-shortcode\" data-id=\"17fb5f00\" data-element_type=\"widget\" data-widget_type=\"shortcode.default\">\n\t\t\t\t\t\t\t<div class=\"elementor-shortcode\"><nav aria-label=\"breadcrumbs\" class=\"rank-math-breadcrumb\"><p><span class=\"last\">Home<\/span><\/p><\/nav><\/div>\n\t\t\t\t\t\t<\/div>\n\t\t\t\t\t<\/div>\n\t\t\t\t<\/div>\n\t\t<div class=\"elementor-element elementor-element-2e11c8af e-flex e-con-boxed e-con e-parent\" data-id=\"2e11c8af\" data-element_type=\"container\">\n\t\t\t\t\t<div class=\"e-con-inner\">\n\t\t<div class=\"elementor-element elementor-element-70448fe0 e-con-full e-flex e-con e-child\" data-id=\"70448fe0\" data-element_type=\"container\">\n\t\t\t\t<div class=\"elementor-element elementor-element-5287e6a5 elementor-widget elementor-widget-text-editor\" data-id=\"5287e6a5\" data-element_type=\"widget\" data-widget_type=\"text-editor.default\">\n\t\t\t\t\t\t\t\t\t<p>\u00dcBER EBIT<\/p>\t\t\t\t\t\t\t\t<\/div>\n\t\t\t\t<div class=\"elementor-element elementor-element-15a00f4 elementor-widget elementor-widget-text-editor\" data-id=\"15a00f4\" data-element_type=\"widget\" data-widget_type=\"text-editor.default\">\n\t\t\t\t\t\t\t\t\t<h2>Digital vernetzt.<\/h2><h2>Pers\u00f6nlich vor Ort.<\/h2>\t\t\t\t\t\t\t\t<\/div>\n\t\t\t\t<\/div>\n\t\t<div class=\"elementor-element elementor-element-68f01111 e-con-full e-flex e-con e-child\" data-id=\"68f01111\" data-element_type=\"container\">\n\t\t\t\t<div class=\"elementor-element elementor-element-73774727 elementor-widget elementor-widget-text-editor\" data-id=\"73774727\" data-element_type=\"widget\" data-widget_type=\"text-editor.default\">\n\t\t\t\t\t\t\t\t\t<p>W\u00e4hlen Sie Ihren bevorzugten Standort oder senden Sie uns direkt eine allgemeine Kontaktanfrage. Wir freuen uns darauf, Sie kennenzulernen.<\/p>\t\t\t\t\t\t\t\t<\/div>\n\t\t\t\t<\/div>\n\t\t\t\t\t<\/div>\n\t\t\t\t<\/div>\n\t\t<div class=\"elementor-element elementor-element-768867f2 e-flex e-con-boxed e-con e-parent\" data-id=\"768867f2\" data-element_type=\"container\">\n\t\t\t\t\t<div class=\"e-con-inner\">\n\t\t<div class=\"elementor-element elementor-element-106b2d91 e-grid e-con-full e-con e-child\" data-id=\"106b2d91\" data-element_type=\"container\">\n\t\t<a class=\"elementor-element elementor-element-6b1867e7 e-con-full teaser-glow e-flex e-con e-child\" data-id=\"6b1867e7\" data-element_type=\"container\" data-settings=\"{&quot;background_background&quot;:&quot;gradient&quot;}\" href=\"\/en\/kontakt\/kontaktanfrage\/\">\n\t\t\t\t<div class=\"elementor-element elementor-element-756a3f7d elementor-widget elementor-widget-text-editor\" data-id=\"756a3f7d\" data-element_type=\"widget\" data-widget_type=\"text-editor.default\">\n\t\t\t\t\t\t\t\t\t<p>Kontaktanfrage<\/p>\t\t\t\t\t\t\t\t<\/div>\n\t\t\t\t<\/a>\n\t\t\t\t<\/div>\n\t\t\t\t\t<\/div>\n\t\t\t\t<\/div>\n\t\t<div class=\"elementor-element elementor-element-238fad7 e-flex e-con-boxed e-con e-parent\" data-id=\"238fad7\" data-element_type=\"container\">\n\t\t\t\t\t<div class=\"e-con-inner\">\n\t\t<div class=\"elementor-element elementor-element-704faec e-grid e-con-full e-con e-child\" data-id=\"704faec\" data-element_type=\"container\">\n\t\t<a class=\"elementor-element elementor-element-0bb3cb6 e-con-full teaser-glow e-flex e-con e-child\" data-id=\"0bb3cb6\" data-element_type=\"container\" data-settings=\"{&quot;background_background&quot;:&quot;gradient&quot;}\" href=\"\/en\/kontakt\/standort-baden\/\">\n\t\t\t\t<div class=\"elementor-element elementor-element-3b68ce3 elementor-widget elementor-widget-text-editor\" data-id=\"3b68ce3\" data-element_type=\"widget\" data-widget_type=\"text-editor.default\">\n\t\t\t\t\t\t\t\t\t<p>Standort Baden<\/p>\t\t\t\t\t\t\t\t<\/div>\n\t\t\t\t<\/a>\n\t\t<a class=\"elementor-element elementor-element-fc8c6d9 e-con-full teaser-glow e-flex e-con e-child\" data-id=\"fc8c6d9\" data-element_type=\"container\" data-settings=\"{&quot;background_background&quot;:&quot;gradient&quot;}\" href=\"\/en\/kontakt\/standort-perchtoldsdorf\/\">\n\t\t\t\t<div class=\"elementor-element elementor-element-9d4ca00 elementor-widget elementor-widget-text-editor\" data-id=\"9d4ca00\" data-element_type=\"widget\" data-widget_type=\"text-editor.default\">\n\t\t\t\t\t\t\t\t\t<p>Standort Perchtoldsdorf<\/p>\t\t\t\t\t\t\t\t<\/div>\n\t\t\t\t<\/a>\n\t\t\t\t<\/div>\n\t\t\t\t\t<\/div>\n\t\t\t\t<\/div>\n\t\t\t\t<\/div>","protected":false},"excerpt":{"rendered":"<p>Kontakt \u00dcBER EBIT Digital vernetzt. Pers\u00f6nlich vor Ort. W\u00e4hlen Sie Ihren bevorzugten Standort oder senden Sie uns direkt eine allgemeine [&hellip;]<\/p>","protected":false},"author":1,"featured_media":0,"parent":0,"menu_order":0,"comment_status":"closed","ping_status":"closed","template":"","meta":{"site-sidebar-layout":"no-sidebar","site-content-layout":"","ast-site-content-layout":"full-width-container","site-content-style":"default","site-sidebar-style":"default","ast-global-header-display":"","ast-banner-title-visibility":"","ast-main-header-display":"","ast-hfb-above-header-display":"","ast-hfb-below-header-display":"","ast-hfb-mobile-header-display":"","site-post-title":"","ast-breadcrumbs-content":"","ast-featured-img":"disabled","footer-sml-layout":"","ast-disable-related-posts":"","theme-transparent-header-meta":"","adv-header-id-meta":"","stick-header-meta":"","header-above-stick-meta":"","header-main-stick-meta":"","header-below-stick-meta":"","astra-migrate-meta-layouts":"default","ast-page-background-enabled":"default","ast-page-background-meta":{"desktop":{"background-color":"var(--ast-global-color-5)","background-image":"","background-repeat":"repeat","background-position":"center center","background-size":"auto","background-attachment":"scroll","background-type":"","background-media":"","overlay-type":"","overlay-color":"","overlay-opacity":"","overlay-gradient":""},"tablet":{"background-color":"","background-image":"","background-repeat":"repeat","background-position":"center center","background-size":"auto","background-attachment":"scroll","background-type":"","background-media":"","overlay-type":"","overlay-color":"","overlay-opacity":"","overlay-gradient":""},"mobile":{"background-color":"","background-image":"","background-repeat":"repeat","background-position":"center center","background-size":"auto","background-attachment":"scroll","background-type":"","background-media":"","overlay-type":"","overlay-color":"","overlay-opacity":"","overlay-gradient":""}},"ast-content-background-meta":{"desktop":{"background-color":"var(--ast-global-color-4)","background-image":"","background-repeat":"repeat","background-position":"center center","background-size":"auto","background-attachment":"scroll","background-type":"","background-media":"","overlay-type":"","overlay-color":"","overlay-opacity":"","overlay-gradient":""},"tablet":{"background-color":"var(--ast-global-color-4)","background-image":"","background-repeat":"repeat","background-position":"center center","background-size":"auto","background-attachment":"scroll","background-type":"","background-media":"","overlay-type":"","overlay-color":"","overlay-opacity":"","overlay-gradient":""},"mobile":{"background-color":"var(--ast-global-color-4)","background-image":"","background-repeat":"repeat","background-position":"center center","background-size":"auto","background-attachment":"scroll","background-type":"","background-media":"","overlay-type":"","overlay-color":"","overlay-opacity":"","overlay-gradient":""}},"footnotes":""},"class_list":["post-27","page","type-page","status-publish","hentry"],"_links":{"self":[{"href":"https:\/\/dev.ebitplus.at\/en\/wp-json\/wp\/v2\/pages\/27","targetHints":{"allow":["GET"]}}],"collection":[{"href":"https:\/\/dev.ebitplus.at\/en\/wp-json\/wp\/v2\/pages"}],"about":[{"href":"https:\/\/dev.ebitplus.at\/en\/wp-json\/wp\/v2\/types\/page"}],"author":[{"embeddable":true,"href":"https:\/\/dev.ebitplus.at\/en\/wp-json\/wp\/v2\/users\/1"}],"replies":[{"embeddable":true,"href":"https:\/\/dev.ebitplus.at\/en\/wp-json\/wp\/v2\/comments?post=27"}],"version-history":[{"count":46,"href":"https:\/\/dev.ebitplus.at\/en\/wp-json\/wp\/v2\/pages\/27\/revisions"}],"predecessor-version":[{"id":2456,"href":"https:\/\/dev.ebitplus.at\/en\/wp-json\/wp\/v2\/pages\/27\/revisions\/2456"}],"wp:attachment":[{"href":"https:\/\/dev.ebitplus.at\/en\/wp-json\/wp\/v2\/media?parent=27"}],"curies":[{"name":"wp","href":"https:\/\/api.w.org\/{rel}","templated":true}]}}