{"id":2959,"date":"2026-04-08T14:26:36","date_gmt":"2026-04-08T13:26:36","guid":{"rendered":"https:\/\/dev.ebitplus.at\/?page_id=2959"},"modified":"2026-04-23T09:57:49","modified_gmt":"2026-04-23T08:57:49","slug":"tina-borsutzky-keller","status":"publish","type":"page","link":"https:\/\/dev.ebitplus.at\/en\/ueber-uns\/team\/tina-borsutzky-keller\/","title":{"rendered":"Tina Borsutzky-Keller"},"content":{"rendered":"<div data-elementor-type=\"wp-page\" data-elementor-id=\"2959\" class=\"elementor elementor-2959\" data-elementor-post-type=\"page\">\n\t\t\t\t<div class=\"elementor-element elementor-element-8b3b0ab e-flex e-con-boxed e-con e-parent\" data-id=\"8b3b0ab\" data-element_type=\"container\" data-settings=\"{&quot;background_background&quot;:&quot;gradient&quot;}\">\n\t\t\t\t\t<div class=\"e-con-inner\">\n\t\t<a class=\"elementor-element elementor-element-2a32c10 bg-green e-flex e-con-boxed e-con e-child\" data-id=\"2a32c10\" data-element_type=\"container\" data-settings=\"{&quot;background_background&quot;:&quot;classic&quot;}\" href=\"\/en\/ueber-uns\/team\/\">\n\t\t\t\t\t<div class=\"e-con-inner\">\n\t\t\t\t<div class=\"elementor-element elementor-element-aa9223f elementor-view-default elementor-widget elementor-widget-icon\" data-id=\"aa9223f\" data-element_type=\"widget\" data-widget_type=\"icon.default\">\n\t\t\t\t\t\t\t<div class=\"elementor-icon-wrapper\">\n\t\t\t<div class=\"elementor-icon\">\n\t\t\t<i aria-hidden=\"true\" class=\"icon icon-arrow-left-lined\"><\/i>\t\t\t<\/div>\n\t\t<\/div>\n\t\t\t\t\t\t<\/div>\n\t\t\t\t\t<\/div>\n\t\t\t\t<\/a>\n\t\t\t\t\t<\/div>\n\t\t\t\t<\/div>\n\t\t<div class=\"elementor-element elementor-element-ace2dff container-header-team no-margin-bottom e-flex e-con-boxed e-con e-parent\" data-id=\"ace2dff\" data-element_type=\"container\" data-settings=\"{&quot;background_background&quot;:&quot;gradient&quot;}\">\n\t\t\t\t\t<div class=\"e-con-inner\">\n\t\t<div class=\"elementor-element elementor-element-b8dc0c0 e-con-full e-flex e-con e-child\" data-id=\"b8dc0c0\" data-element_type=\"container\" data-settings=\"{&quot;background_background&quot;:&quot;classic&quot;}\">\n\t\t<div class=\"elementor-element elementor-element-ea8dfd3 e-con-full e-flex e-con e-child\" data-id=\"ea8dfd3\" data-element_type=\"container\">\n\t\t\t\t<div class=\"elementor-element elementor-element-0b64896 h1-small elementor-widget elementor-widget-text-editor\" data-id=\"0b64896\" data-element_type=\"widget\" data-widget_type=\"text-editor.default\">\n\t\t\t\t\t\t\t\t\t<h1>Mag. Tina Borsutzky-Keller<\/h1>\t\t\t\t\t\t\t\t<\/div>\n\t\t\t\t<div class=\"elementor-element elementor-element-d9da140 elementor-widget elementor-widget-text-editor\" data-id=\"d9da140\" data-element_type=\"widget\" data-widget_type=\"text-editor.default\">\n\t\t\t\t\t\t\t\t\t<p>Steuerberaterin | Gesch\u00e4ftsf\u00fchrung<\/p>\t\t\t\t\t\t\t\t<\/div>\n\t\t\t\t<div class=\"elementor-element elementor-element-38d3446 elementor-widget elementor-widget-text-editor\" data-id=\"38d3446\" data-element_type=\"widget\" data-widget_type=\"text-editor.default\">\n\t\t\t\t\t\t\t\t\t<p>Tel. Perchtoldsdorf: +43 (0) 1 888 52 63\u2028<br \/>Tel. Baden: +43 (0) 2252 85 563\u2028<br \/>E-Mail: <a href=\"mailto:ti&#110;a&#046;bo&#114;s&#117;&#116;&#122;&#107;y&#045;kel&#108;&#101;r&#064;&#101;bit-&#112;lu&#115;.a&#116;\">&#116;in&#97;.&#98;o&#114;&#115;&#117;&#116;z&#107;y&#45;k&#101;ll&#101;r&#64;&#101;b&#105;&#116;-p&#108;u&#115;.&#97;&#116;<\/a><\/p>\t\t\t\t\t\t\t\t<\/div>\n\t\t\t\t<div class=\"elementor-element elementor-element-1b8f794 elementor-widget elementor-widget-text-editor\" data-id=\"1b8f794\" data-element_type=\"widget\" data-widget_type=\"text-editor.default\">\n\t\t\t\t\t\t\t\t\t<p>\u201eSteuerberatung ist f\u00fcr mich mehr als nur Zahlenwerk \u2013 es geht darum, gemeinsam vorausschauende L\u00f6sungen zu finden, die Ihnen den R\u00fccken f\u00fcr Ihr Kerngesch\u00e4ft freihalten.\u201c<\/p>\t\t\t\t\t\t\t\t<\/div>\n\t\t\t\t<\/div>\n\t\t<div class=\"elementor-element elementor-element-8f0d0eb e-con-full e-flex e-con e-child\" data-id=\"8f0d0eb\" data-element_type=\"container\">\n\t\t\t\t<div class=\"elementor-element elementor-element-4369cee elementor-widget elementor-widget-image\" data-id=\"4369cee\" data-element_type=\"widget\" data-widget_type=\"image.default\">\n\t\t\t\t\t\t\t\t\t\t\t\t\t\t\t<img fetchpriority=\"high\" decoding=\"async\" width=\"900\" height=\"819\" src=\"https:\/\/dev.ebitplus.at\/wordpress\/wp-content\/uploads\/2026\/04\/Tina-Borsutzky-Keller-ebit.jpg\" class=\"attachment-large size-large wp-image-2878\" alt=\"Mag. Tina Borsutzky-Keller, ebit\" srcset=\"https:\/\/dev.ebitplus.at\/wordpress\/wp-content\/uploads\/2026\/04\/Tina-Borsutzky-Keller-ebit.jpg 900w, https:\/\/dev.ebitplus.at\/wordpress\/wp-content\/uploads\/2026\/04\/Tina-Borsutzky-Keller-ebit-300x273.jpg 300w, https:\/\/dev.ebitplus.at\/wordpress\/wp-content\/uploads\/2026\/04\/Tina-Borsutzky-Keller-ebit-768x699.jpg 768w, https:\/\/dev.ebitplus.at\/wordpress\/wp-content\/uploads\/2026\/04\/Tina-Borsutzky-Keller-ebit-13x12.jpg 13w\" sizes=\"(max-width: 900px) 100vw, 900px\" \/>\t\t\t\t\t\t\t\t\t\t\t\t\t\t\t<\/div>\n\t\t\t\t<\/div>\n\t\t\t\t<\/div>\n\t\t\t\t\t<\/div>\n\t\t\t\t<\/div>\n\t\t\t\t<\/div>","protected":false},"excerpt":{"rendered":"<p>Mag. Tina Borsutzky-Keller Steuerberaterin | Gesch\u00e4ftsf\u00fchrung Tel. Perchtoldsdorf: +43 (0) 1 888 52 63\u2028Tel. Baden: +43 (0) 2252 85 563\u2028E-Mail: [&hellip;]<\/p>","protected":false},"author":1,"featured_media":0,"parent":528,"menu_order":0,"comment_status":"closed","ping_status":"closed","template":"","meta":{"site-sidebar-layout":"default","site-content-layout":"","ast-site-content-layout":"default","site-content-style":"default","site-sidebar-style":"default","ast-global-header-display":"","ast-banner-title-visibility":"","ast-main-header-display":"","ast-hfb-above-header-display":"","ast-hfb-below-header-display":"","ast-hfb-mobile-header-display":"","site-post-title":"","ast-breadcrumbs-content":"","ast-featured-img":"","footer-sml-layout":"","ast-disable-related-posts":"","theme-transparent-header-meta":"","adv-header-id-meta":"","stick-header-meta":"","header-above-stick-meta":"","header-main-stick-meta":"","header-below-stick-meta":"","astra-migrate-meta-layouts":"default","ast-page-background-enabled":"default","ast-page-background-meta":{"desktop":{"background-color":"var(--ast-global-color-5)","background-image":"","background-repeat":"repeat","background-position":"center center","background-size":"auto","background-attachment":"scroll","background-type":"","background-media":"","overlay-type":"","overlay-color":"","overlay-opacity":"","overlay-gradient":""},"tablet":{"background-color":"","background-image":"","background-repeat":"repeat","background-position":"center center","background-size":"auto","background-attachment":"scroll","background-type":"","background-media":"","overlay-type":"","overlay-color":"","overlay-opacity":"","overlay-gradient":""},"mobile":{"background-color":"","background-image":"","background-repeat":"repeat","background-position":"center center","background-size":"auto","background-attachment":"scroll","background-type":"","background-media":"","overlay-type":"","overlay-color":"","overlay-opacity":"","overlay-gradient":""}},"ast-content-background-meta":{"desktop":{"background-color":"var(--ast-global-color-4)","background-image":"","background-repeat":"repeat","background-position":"center center","background-size":"auto","background-attachment":"scroll","background-type":"","background-media":"","overlay-type":"","overlay-color":"","overlay-opacity":"","overlay-gradient":""},"tablet":{"background-color":"var(--ast-global-color-4)","background-image":"","background-repeat":"repeat","background-position":"center center","background-size":"auto","background-attachment":"scroll","background-type":"","background-media":"","overlay-type":"","overlay-color":"","overlay-opacity":"","overlay-gradient":""},"mobile":{"background-color":"var(--ast-global-color-4)","background-image":"","background-repeat":"repeat","background-position":"center center","background-size":"auto","background-attachment":"scroll","background-type":"","background-media":"","overlay-type":"","overlay-color":"","overlay-opacity":"","overlay-gradient":""}},"footnotes":""},"class_list":["post-2959","page","type-page","status-publish","hentry"],"_links":{"self":[{"href":"https:\/\/dev.ebitplus.at\/en\/wp-json\/wp\/v2\/pages\/2959","targetHints":{"allow":["GET"]}}],"collection":[{"href":"https:\/\/dev.ebitplus.at\/en\/wp-json\/wp\/v2\/pages"}],"about":[{"href":"https:\/\/dev.ebitplus.at\/en\/wp-json\/wp\/v2\/types\/page"}],"author":[{"embeddable":true,"href":"https:\/\/dev.ebitplus.at\/en\/wp-json\/wp\/v2\/users\/1"}],"replies":[{"embeddable":true,"href":"https:\/\/dev.ebitplus.at\/en\/wp-json\/wp\/v2\/comments?post=2959"}],"version-history":[{"count":7,"href":"https:\/\/dev.ebitplus.at\/en\/wp-json\/wp\/v2\/pages\/2959\/revisions"}],"predecessor-version":[{"id":3618,"href":"https:\/\/dev.ebitplus.at\/en\/wp-json\/wp\/v2\/pages\/2959\/revisions\/3618"}],"up":[{"embeddable":true,"href":"https:\/\/dev.ebitplus.at\/en\/wp-json\/wp\/v2\/pages\/528"}],"wp:attachment":[{"href":"https:\/\/dev.ebitplus.at\/en\/wp-json\/wp\/v2\/media?parent=2959"}],"curies":[{"name":"wp","href":"https:\/\/api.w.org\/{rel}","templated":true}]}}