{"id":2969,"date":"2026-04-08T14:30:39","date_gmt":"2026-04-08T13:30:39","guid":{"rendered":"https:\/\/dev.ebitplus.at\/?page_id=2969"},"modified":"2026-04-23T09:59:04","modified_gmt":"2026-04-23T08:59:04","slug":"gunter-wiesinger","status":"publish","type":"page","link":"https:\/\/dev.ebitplus.at\/en\/ueber-uns\/team\/gunter-wiesinger\/","title":{"rendered":"Gunter Wiesinger"},"content":{"rendered":"<div data-elementor-type=\"wp-page\" data-elementor-id=\"2969\" class=\"elementor elementor-2969\" data-elementor-post-type=\"page\">\n\t\t\t\t<div class=\"elementor-element elementor-element-8b3b0ab e-flex e-con-boxed e-con e-parent\" data-id=\"8b3b0ab\" data-element_type=\"container\" data-settings=\"{&quot;background_background&quot;:&quot;gradient&quot;}\">\n\t\t\t\t\t<div class=\"e-con-inner\">\n\t\t<a class=\"elementor-element elementor-element-2a32c10 bg-green e-flex e-con-boxed e-con e-child\" data-id=\"2a32c10\" data-element_type=\"container\" data-settings=\"{&quot;background_background&quot;:&quot;classic&quot;}\" href=\"\/en\/ueber-uns\/team\/\">\n\t\t\t\t\t<div class=\"e-con-inner\">\n\t\t\t\t<div class=\"elementor-element elementor-element-aa9223f elementor-view-default elementor-widget elementor-widget-icon\" data-id=\"aa9223f\" data-element_type=\"widget\" data-widget_type=\"icon.default\">\n\t\t\t\t\t\t\t<div class=\"elementor-icon-wrapper\">\n\t\t\t<div class=\"elementor-icon\">\n\t\t\t<i aria-hidden=\"true\" class=\"icon icon-arrow-left-lined\"><\/i>\t\t\t<\/div>\n\t\t<\/div>\n\t\t\t\t\t\t<\/div>\n\t\t\t\t\t<\/div>\n\t\t\t\t<\/a>\n\t\t\t\t\t<\/div>\n\t\t\t\t<\/div>\n\t\t<div class=\"elementor-element elementor-element-ace2dff container-header-team no-margin-bottom e-flex e-con-boxed e-con e-parent\" data-id=\"ace2dff\" data-element_type=\"container\" data-settings=\"{&quot;background_background&quot;:&quot;gradient&quot;}\">\n\t\t\t\t\t<div class=\"e-con-inner\">\n\t\t<div class=\"elementor-element elementor-element-b8dc0c0 e-con-full e-flex e-con e-child\" data-id=\"b8dc0c0\" data-element_type=\"container\" data-settings=\"{&quot;background_background&quot;:&quot;classic&quot;}\">\n\t\t<div class=\"elementor-element elementor-element-ea8dfd3 e-con-full e-flex e-con e-child\" data-id=\"ea8dfd3\" data-element_type=\"container\">\n\t\t\t\t<div class=\"elementor-element elementor-element-0b64896 h1-small elementor-widget elementor-widget-text-editor\" data-id=\"0b64896\" data-element_type=\"widget\" data-widget_type=\"text-editor.default\">\n\t\t\t\t\t\t\t\t\t<h1>Mag. Gunter Wiesinger<\/h1>\t\t\t\t\t\t\t\t<\/div>\n\t\t\t\t<div class=\"elementor-element elementor-element-d9da140 elementor-widget elementor-widget-text-editor\" data-id=\"d9da140\" data-element_type=\"widget\" data-widget_type=\"text-editor.default\">\n\t\t\t\t\t\t\t\t\t<p>Wirtschaftspr\u00fcfer | Steuerberater | Gesch\u00e4ftsf\u00fchrung<\/p>\t\t\t\t\t\t\t\t<\/div>\n\t\t\t\t<div class=\"elementor-element elementor-element-38d3446 elementor-widget elementor-widget-text-editor\" data-id=\"38d3446\" data-element_type=\"widget\" data-widget_type=\"text-editor.default\">\n\t\t\t\t\t\t\t\t\t<p>Tel. Perchtoldsdorf: +43 (0) 1 888 52 63\u2028<br \/>Tel. Baden: +43 (0) 2252 85 563\u2028<br \/>E-Mail: <a href=\"mailto:&#103;&#117;n&#116;&#101;r.w&#105;&#101;&#115;ing&#101;&#114;&#064;&#101;&#098;it-p&#108;&#117;&#115;.at\">&#103;unte&#114;.w&#105;es&#105;&#110;&#103;&#101;r&#64;e&#98;&#105;t-&#112;&#108;&#117;s.at<\/a><\/p>\t\t\t\t\t\t\t\t<\/div>\n\t\t\t\t<div class=\"elementor-element elementor-element-1b8f794 elementor-widget elementor-widget-text-editor\" data-id=\"1b8f794\" data-element_type=\"widget\" data-widget_type=\"text-editor.default\">\n\t\t\t\t\t\t\t\t\t<p><em>\u201ePr\u00e4zision in der Pr\u00fcfung und Weitblick in der Beratung: Mein Ziel ist es, Sicherheit zu schaffen und die wirtschaftliche Basis Ihres Erfolgs nachhaltig zu st\u00e4rken.\u201c<\/em><\/p>\t\t\t\t\t\t\t\t<\/div>\n\t\t\t\t<\/div>\n\t\t<div class=\"elementor-element elementor-element-8f0d0eb e-con-full e-flex e-con e-child\" data-id=\"8f0d0eb\" data-element_type=\"container\">\n\t\t\t\t<div class=\"elementor-element elementor-element-4369cee elementor-widget elementor-widget-image\" data-id=\"4369cee\" data-element_type=\"widget\" data-widget_type=\"image.default\">\n\t\t\t\t\t\t\t\t\t\t\t\t\t\t\t<img fetchpriority=\"high\" decoding=\"async\" width=\"900\" height=\"819\" src=\"https:\/\/dev.ebitplus.at\/wordpress\/wp-content\/uploads\/2026\/04\/Gunter-Wiesinger-ebit-1.jpg\" class=\"attachment-large size-large wp-image-2881\" alt=\"\" srcset=\"https:\/\/dev.ebitplus.at\/wordpress\/wp-content\/uploads\/2026\/04\/Gunter-Wiesinger-ebit-1.jpg 900w, https:\/\/dev.ebitplus.at\/wordpress\/wp-content\/uploads\/2026\/04\/Gunter-Wiesinger-ebit-1-300x273.jpg 300w, https:\/\/dev.ebitplus.at\/wordpress\/wp-content\/uploads\/2026\/04\/Gunter-Wiesinger-ebit-1-768x699.jpg 768w, https:\/\/dev.ebitplus.at\/wordpress\/wp-content\/uploads\/2026\/04\/Gunter-Wiesinger-ebit-1-13x12.jpg 13w\" sizes=\"(max-width: 900px) 100vw, 900px\" \/>\t\t\t\t\t\t\t\t\t\t\t\t\t\t\t<\/div>\n\t\t\t\t<\/div>\n\t\t\t\t<\/div>\n\t\t\t\t\t<\/div>\n\t\t\t\t<\/div>\n\t\t\t\t<\/div>","protected":false},"excerpt":{"rendered":"<p>Mag. Gunter Wiesinger Wirtschaftspr\u00fcfer | Steuerberater | Gesch\u00e4ftsf\u00fchrung Tel. Perchtoldsdorf: +43 (0) 1 888 52 63\u2028Tel. Baden: +43 (0) 2252 [&hellip;]<\/p>","protected":false},"author":1,"featured_media":0,"parent":528,"menu_order":0,"comment_status":"closed","ping_status":"closed","template":"","meta":{"site-sidebar-layout":"default","site-content-layout":"","ast-site-content-layout":"default","site-content-style":"default","site-sidebar-style":"default","ast-global-header-display":"","ast-banner-title-visibility":"","ast-main-header-display":"","ast-hfb-above-header-display":"","ast-hfb-below-header-display":"","ast-hfb-mobile-header-display":"","site-post-title":"","ast-breadcrumbs-content":"","ast-featured-img":"","footer-sml-layout":"","ast-disable-related-posts":"","theme-transparent-header-meta":"","adv-header-id-meta":"","stick-header-meta":"","header-above-stick-meta":"","header-main-stick-meta":"","header-below-stick-meta":"","astra-migrate-meta-layouts":"default","ast-page-background-enabled":"default","ast-page-background-meta":{"desktop":{"background-color":"var(--ast-global-color-5)","background-image":"","background-repeat":"repeat","background-position":"center center","background-size":"auto","background-attachment":"scroll","background-type":"","background-media":"","overlay-type":"","overlay-color":"","overlay-opacity":"","overlay-gradient":""},"tablet":{"background-color":"","background-image":"","background-repeat":"repeat","background-position":"center center","background-size":"auto","background-attachment":"scroll","background-type":"","background-media":"","overlay-type":"","overlay-color":"","overlay-opacity":"","overlay-gradient":""},"mobile":{"background-color":"","background-image":"","background-repeat":"repeat","background-position":"center center","background-size":"auto","background-attachment":"scroll","background-type":"","background-media":"","overlay-type":"","overlay-color":"","overlay-opacity":"","overlay-gradient":""}},"ast-content-background-meta":{"desktop":{"background-color":"var(--ast-global-color-4)","background-image":"","background-repeat":"repeat","background-position":"center center","background-size":"auto","background-attachment":"scroll","background-type":"","background-media":"","overlay-type":"","overlay-color":"","overlay-opacity":"","overlay-gradient":""},"tablet":{"background-color":"var(--ast-global-color-4)","background-image":"","background-repeat":"repeat","background-position":"center center","background-size":"auto","background-attachment":"scroll","background-type":"","background-media":"","overlay-type":"","overlay-color":"","overlay-opacity":"","overlay-gradient":""},"mobile":{"background-color":"var(--ast-global-color-4)","background-image":"","background-repeat":"repeat","background-position":"center center","background-size":"auto","background-attachment":"scroll","background-type":"","background-media":"","overlay-type":"","overlay-color":"","overlay-opacity":"","overlay-gradient":""}},"footnotes":""},"class_list":["post-2969","page","type-page","status-publish","hentry"],"_links":{"self":[{"href":"https:\/\/dev.ebitplus.at\/en\/wp-json\/wp\/v2\/pages\/2969","targetHints":{"allow":["GET"]}}],"collection":[{"href":"https:\/\/dev.ebitplus.at\/en\/wp-json\/wp\/v2\/pages"}],"about":[{"href":"https:\/\/dev.ebitplus.at\/en\/wp-json\/wp\/v2\/types\/page"}],"author":[{"embeddable":true,"href":"https:\/\/dev.ebitplus.at\/en\/wp-json\/wp\/v2\/users\/1"}],"replies":[{"embeddable":true,"href":"https:\/\/dev.ebitplus.at\/en\/wp-json\/wp\/v2\/comments?post=2969"}],"version-history":[{"count":7,"href":"https:\/\/dev.ebitplus.at\/en\/wp-json\/wp\/v2\/pages\/2969\/revisions"}],"predecessor-version":[{"id":3621,"href":"https:\/\/dev.ebitplus.at\/en\/wp-json\/wp\/v2\/pages\/2969\/revisions\/3621"}],"up":[{"embeddable":true,"href":"https:\/\/dev.ebitplus.at\/en\/wp-json\/wp\/v2\/pages\/528"}],"wp:attachment":[{"href":"https:\/\/dev.ebitplus.at\/en\/wp-json\/wp\/v2\/media?parent=2969"}],"curies":[{"name":"wp","href":"https:\/\/api.w.org\/{rel}","templated":true}]}}