{"id":3,"date":"2026-01-26T07:47:16","date_gmt":"2026-01-26T07:47:16","guid":{"rendered":"https:\/\/dev.ebitplus.at\/wordpress\/?page_id=3"},"modified":"2026-01-29T15:50:17","modified_gmt":"2026-01-29T14:50:17","slug":"datenschutzerklaerung","status":"publish","type":"page","link":"https:\/\/dev.ebitplus.at\/en\/datenschutzerklaerung\/","title":{"rendered":"Datenschutzerkl\u00e4rung"},"content":{"rendered":"<div data-elementor-type=\"wp-page\" data-elementor-id=\"3\" class=\"elementor elementor-3\" data-elementor-post-type=\"page\">\n\t\t\t\t<div class=\"elementor-element elementor-element-1e3ba624 e-flex e-con-boxed e-con e-parent\" data-id=\"1e3ba624\" data-element_type=\"container\">\n\t\t\t\t\t<div class=\"e-con-inner\">\n\t\t\t\t<div class=\"elementor-element elementor-element-74749ca6 elementor-widget elementor-widget-text-editor\" data-id=\"74749ca6\" data-element_type=\"widget\" data-widget_type=\"text-editor.default\">\n\t\t\t\t\t\t\t\t\t<p>Diese Datenschutzerkl\u00e4rung beschreibt die Richtlinien der Ebit Steuerberatung GmbH, Brunnergasse 1-9\/2\/4, Nieder\u00f6sterreich 2380, \u00d6sterreich, E-Mail: &#x6f;&#x66;&#x66;&#x69;&#x63;&#x65;&#x40;&#x65;&#x62;&#x69;&#x74;&#x2d;&#x70;&#x6c;&#x75;&#x73;&#x2e;&#x61;&#x74;, Telefon: +43 1 888 52 63, bez\u00fcglich der Erfassung, Verwendung und Weitergabe Ihrer Daten, die wir bei der Nutzung unserer Website ( https:\/\/www.ebitplus.at\/ ) erfassen. (der \u201eDienst\u201c). Durch den Zugriff auf den Dienst oder dessen Nutzung stimmen Sie der Erfassung, Verwendung und Weitergabe Ihrer Daten gem\u00e4\u00df dieser Datenschutzerkl\u00e4rung zu. Wenn Sie damit nicht einverstanden sind, greifen Sie bitte nicht auf den Dienst zu und nutzen Sie ihn nicht.<\/p>\n<p>Wir k\u00f6nnen diese Datenschutzerkl\u00e4rung jederzeit ohne vorherige Ank\u00fcndigung \u00e4ndern und werden die \u00fcberarbeitete Datenschutzerkl\u00e4rung auf der Website ver\u00f6ffentlichen. Die \u00fcberarbeitete Erkl\u00e4rung tritt 180 Tage nach ihrer Ver\u00f6ffentlichung auf der Website in Kraft. Wenn Sie die Website nach diesem Zeitpunkt weiterhin nutzen, erkl\u00e4ren Sie sich mit der \u00fcberarbeiteten Datenschutzerkl\u00e4rung einverstanden. Wir empfehlen Ihnen daher, diese Seite regelm\u00e4\u00dfig zu \u00fcberpr\u00fcfen.<\/p>\n<h2>Informationen die wir speichern:<\/h2>\n<p>Wir erheben und verarbeiten folgende personenbezogene Daten \u00fcber Sie:<\/p>\n<ul>\n<li>Anrede<\/li>\n<li>Name<\/li>\n<li>Firma<\/li>\n<li>Telefon-Nr.<\/li>\n<li>E-Mail<\/li>\n<li>Ihre Nachricht an uns<\/li>\n<\/ul>\n<h2>Wir wir Ihre Daten nutzen:<\/h2>\n<p>Wir verwenden die \u00fcber Sie erhobenen Daten f\u00fcr folgende Zwecke:<\/p>\n<ul>\n<li>Anfragen Kontaktformulare<\/li>\n<li>Newsletter\/Marketing<\/li>\n<\/ul>\n<p>Wenn wir Ihre Daten f\u00fcr andere Zwecke verwenden m\u00f6chten, werden wir Sie um Ihre Zustimmung bitten und Ihre Daten nur nach Erhalt Ihrer Zustimmung und nur f\u00fcr die Zwecke verwenden, f\u00fcr die Sie Ihre Zustimmung erteilt haben, es sei denn, wir sind gesetzlich zu etwas anderem verpflichtet.<\/p>\n<h2>Wie wir Ihre Daten teilen:<\/h2>\n<p>Wir werden Ihre personenbezogenen Daten ohne Ihre Zustimmung nicht an Dritte weitergeben, au\u00dfer in den unten beschriebenen begrenzten F\u00e4llen:<\/p>\n<p>Wir k\u00f6nnen Ihre personenbezogenen Daten aus folgenden Gr\u00fcnden offenlegen: (1) zur Einhaltung geltender Gesetze, Vorschriften, Gerichtsbeschl\u00fcsse oder anderer rechtlicher Verfahren; (2) zur Durchsetzung Ihrer Vereinbarungen mit uns, einschlie\u00dflich dieser Datenschutzrichtlinie; oder (3) zur Reaktion auf Behauptungen, dass Ihre Nutzung des Dienstes Rechte Dritter verletzt. Wenn der Dienst oder unser Unternehmen mit einem anderen Unternehmen fusioniert oder von diesem \u00fcbernommen wird, geh\u00f6ren Ihre Daten zu den Verm\u00f6genswerten, die auf den neuen Eigent\u00fcmer \u00fcbertragen werden.<\/p>\n<h2>Speicherdauer Ihrer Daten:<\/h2>\n<p>Wir bewahren Ihre personenbezogenen Daten f\u00fcr einen Zeitraum von 90 Tagen bis zu zwei Jahren auf oder so lange, wie wir sie zur Erf\u00fcllung der in dieser Datenschutzerkl\u00e4rung genannten Zwecke ben\u00f6tigen. M\u00f6glicherweise m\u00fcssen wir bestimmte Daten f\u00fcr l\u00e4ngere Zeitr\u00e4ume aufbewahren, z. B. zur Aufbewahrung von Unterlagen\/Berichterstattung gem\u00e4\u00df geltendem Recht oder aus anderen legitimen Gr\u00fcnden wie der Durchsetzung gesetzlicher Rechte, der Betrugsbek\u00e4mpfung usw. Anonyme Restdaten und aggregierte Daten, die Sie weder direkt noch indirekt identifizieren, k\u00f6nnen auf unbestimmte Zeit gespeichert werden.<\/p>\n<h2>Ihre Rechte:<\/h2>\n<p>Je nach geltendem Recht haben Sie m\u00f6glicherweise das Recht, auf Ihre personenbezogenen Daten zuzugreifen und diese zu berichtigen oder zu l\u00f6schen oder eine Kopie Ihrer personenbezogenen Daten zu erhalten, die aktive Verarbeitung Ihrer Daten einzuschr\u00e4nken oder ihr zu widersprechen, uns aufzufordern, Ihre personenbezogenen Daten an eine andere Stelle weiterzugeben (zu \u00fcbertragen), Ihre Einwilligung zur Verarbeitung Ihrer Daten zu widerrufen, eine Beschwerde bei einer gesetzlichen Beh\u00f6rde einzureichen und andere Rechte auszu\u00fcben, die nach geltendem Recht relevant sein k\u00f6nnen. Um diese Rechte auszu\u00fcben, k\u00f6nnen Sie uns unter &#111;&#x66;&#102;&#x69;&#99;&#x65;&#64;&#x65;&#98;&#x69;&#116;&#x2d;&#112;&#x6c;&#117;&#x73;&#46;&#x61;&#116; schreiben. Wir werden Ihre Anfrage gem\u00e4\u00df geltendem Recht beantworten.<\/p>\n<p>Sie k\u00f6nnen sich von Direktmarketing-Mitteilungen oder der Profilerstellung zu Marketingzwecken abmelden, indem Sie uns eine E-Mail an &#x6f;&#x66;&#x66;&#x69;&#x63;&#x65;&#64;&#101;&#98;&#105;t-pl&#x75;&#x73;&#x2e;&#x61;&#x74; senden.<\/p>\n<p>Bitte beachten Sie, dass Sie m\u00f6glicherweise nicht auf die Dienste zugreifen oder diese nutzen k\u00f6nnen, f\u00fcr die Ihre Daten angefordert wurden, wenn Sie uns nicht gestatten, die erforderlichen personenbezogenen Daten zu erheben oder zu verarbeiten, oder wenn Sie Ihre Einwilligung zur Verarbeitung dieser Daten f\u00fcr die erforderlichen Zwecke widerrufen.<\/p>\n<p><script id=\"cky-cookie-policy\" type=\"text\/javascript\" src=\"https:\/\/cdn-cookieyes.com\/client_data\/a7ea13d2612d8d919bd3805e9b6c0621\/cookie-policy\/script.js\"><\/script><\/p>\n<h2>Sicherheit:<\/h2>\n<p>Die Sicherheit Ihrer Daten ist uns wichtig, und wir werden angemessene Sicherheitsma\u00dfnahmen ergreifen, um den Verlust, den Missbrauch oder die unbefugte Ver\u00e4nderung Ihrer Daten, die sich in unserer Kontrolle befinden, zu verhindern. Angesichts der damit verbundenen Risiken k\u00f6nnen wir jedoch keine absolute Sicherheit garantieren und folglich auch nicht die Sicherheit der von Ihnen an uns \u00fcbermittelten Daten gew\u00e4hrleisten oder garantieren. Die \u00dcbermittlung dieser Daten erfolgt daher auf Ihr eigenes Risiko.<\/p>\n<h2>Externe Links:<\/h2>\n<p>Unser Dienst kann Links zu anderen Websites enthalten, die nicht von uns betrieben werden. Diese Datenschutzerkl\u00e4rung bezieht sich nicht auf die Datenschutzrichtlinien und andere Praktiken von Dritten, einschlie\u00dflich Dritter, die Websites oder Dienste betreiben, auf die \u00fcber einen Link auf dem Dienst zugegriffen werden kann. Wir empfehlen Ihnen dringend, die Datenschutzrichtlinien jeder Website, die Sie besuchen, zu \u00fcberpr\u00fcfen. Wir haben keine Kontrolle \u00fcber den Inhalt, die Datenschutzrichtlinien oder die Praktiken von Websites oder Diensten Dritter und \u00fcbernehmen keine Verantwortung daf\u00fcr.<\/p>\n<h2>Beschwerdebeauftragter \/ Datenschutzbeauftragter:<\/h2>\n<p>Wenn Sie Fragen oder Bedenken hinsichtlich der Verarbeitung Ihrer bei uns gespeicherten Daten haben, k\u00f6nnen Sie sich per E-Mail an unseren Beschwerdebearbeiter bei ebit Steuerberatung GmbH, Brunnergasse 1-9\/2\/4, E-Mail: o&#102;&#102;&#x69;&#x63;e&#64;&#101;&#x62;&#x69;&#x74;-&#112;&#108;&#x75;&#x73;&#46;a&#116; wenden. Wir werden Ihre Bedenken gem\u00e4\u00df den geltenden Gesetzen behandeln.<\/p>\n<h2>Newsletter (Mailjet)<\/h2>\n<p><strong>Zweck der Datenverarbeitung<\/strong><\/p>\n<p>Wenn Sie sich f\u00fcr unseren Newsletter anmelden, verarbeiten wir Ihre personenbezogenen Daten, um Ihnen regelm\u00e4\u00dfig Informationen, Neuigkeiten und Angebote zu unserem Unternehmen zuzusenden.<\/p>\n<p><strong>Verarbeitete Daten<\/strong><\/p>\n<p>Im Rahmen der Newsletter-Anmeldung werden folgende personenbezogene Daten erhoben und verarbeitet:<\/p>\n<ul>\n<li>Anrede<\/li>\n<li>Vor- und Nachname&gt;<\/li>\n<li>E-Mail-Adresse<\/li>\n<\/ul>\n<p>Die Angabe dieser Daten erfolgt freiwillig, ist jedoch f\u00fcr den Versand des Newsletters erforderlich.<\/p>\n<p><strong>Rechtsgrundlage<\/strong><\/p>\n<p>Die Verarbeitung Ihrer Daten erfolgt auf Grundlage Ihrer ausdr\u00fccklichen Einwilligung gem\u00e4\u00df Art. 6 Abs. 1 lit. a DSGVO.Sie k\u00f6nnen Ihre Einwilligung jederzeit widerrufen (siehe Abschnitt \u201eAbmeldung vom Newsletter\u201c).<\/p>\n<p><strong>Versanddienstleister Mailjet<\/strong><\/p>\n<p>Der Versand des Newsletters erfolgt \u00fcber den Dienst Mailjet, einen E-Mail-Marketing-Dienst derMailjet SAS,13\u201313 bis, rue de l\u2019Aubrac,75012 Paris, Frankreich.<\/p>\n<p>Mailjet verarbeitet Ihre Daten ausschlie\u00dflich in unserem Auftrag und auf Grundlage eines Auftragsverarbeitungsvertrags gem\u00e4\u00df Art. 28 DSGVO.Die Daten werden auf Servern innerhalb der Europ\u00e4ischen Union gespeichert.<\/p>\n<p>Weitere Informationen zur Datenverarbeitung durch Mailjet finden Sie unter: <a href=\"https:\/\/www.mailjet.com\/de\/rechtliches\/datenschutz\/\" target=\"_blank\" rel=\"noopener\">https:\/\/www.mailjet.com\/de\/rechtliches\/datenschutz\/<\/a><\/p>\n<p><strong>Double-Opt-in-Verfahren<\/strong><\/p>\n<p>Die Anmeldung zu unserem Newsletter erfolgt im Double-Opt-in-Verfahren.Nach der Anmeldung erhalten Sie eine E-Mail, in der Sie um die Best\u00e4tigung Ihrer Anmeldung gebeten werden.Erst nach dieser Best\u00e4tigung wird Ihre E-Mail-Adresse f\u00fcr den Newsletter-Versand verwendet.<\/p>\n<p><strong>Abmeldung vom Newsletter<\/strong><\/p>\n<p>Sie k\u00f6nnen den Newsletter jederzeit abbestellen, z. B. \u00fcber den Abmeldelink am Ende jeder Newsletter-E-Mail oder durch eine formlose Mitteilung an uns.Nach der Abmeldung werden Ihre Daten umgehend aus dem Newsletter-Verteiler gel\u00f6scht.<\/p>\n<p><strong>Speicherdauer<\/strong><\/p>\n<p>Ihre personenbezogenen Daten werden gespeichert, solange Sie den Newsletter abonniert haben.Nach Abmeldung werden die Daten gel\u00f6scht, sofern keine gesetzlichen Aufbewahrungspflichten entgegenstehen.<\/p>\n<p><strong>Ihre Rechte<\/strong><\/p>\n<p>Sie haben jederzeit das Recht auf:<\/p>\n<ul>\n<li style=\"list-style-type: none;\">\n<ul>\n<li>Auskunft \u00fcber Ihre gespeicherten Daten<\/li>\n<li>Berichtigung unrichtiger Daten<\/li>\n<\/ul>\n<\/li>\n<\/ul>\n<ul>\n<li>L\u00f6schung Ihrer Daten<\/li>\n<li>Einschr\u00e4nkung der Verarbeitung<\/li>\n<li>Daten\u00fcbertragbarkeit<\/li>\n<li>Widerruf Ihrer Einwilligung<\/li>\n<li>Beschwerde bei der zust\u00e4ndigen Datenschutzbeh\u00f6rde<\/li>\n<\/ul>\n<h2>Google Analytics 4 (GA4)<\/h2>\n<p>Diese Website nutzt Funktionen des Webanalysedienstes Google Analytics 4 (GA4). Anbieter ist die Google Ireland Limited, Gordon House, Barrow Street, Dublin 4, Irland. Muttergesellschaft ist die Google LLC, 1600 Amphitheatre Parkway, Mountain View, CA 94043, USA.<\/p>\n<p>Google Analytics 4 verwendet Cookies oder \u00e4hnliche Technologien, die eine Analyse Ihrer Benutzung unserer Website erm\u00f6glichen. Die so erhobenen Informationen \u00fcber Ihre Nutzung dieser Website werden in der Regel an einen Server von Google \u00fcbertragen und dort gespeichert.<\/p>\n<p><strong>IP-Anonymisierung<\/strong><br \/>In GA4 werden IP-Adressen nicht dauerhaft gespeichert. Ihre IP-Adresse wird von Google nur f\u00fcr die Dauer der technischen \u00dcbertragung genutzt und anschlie\u00dfend anonymisiert.<\/p>\n<p><strong>Rechtsgrundlage<\/strong><br \/>Die Verarbeitung erfolgt ausschlie\u00dflich auf Grundlage Ihrer Einwilligung (Art. 6 Abs. 1 lit. a DSGVO), die wir \u00fcber ein Consent-Banner einholen. Sie k\u00f6nnen Ihre Einwilligung jederzeit mit Wirkung f\u00fcr die Zukunft widerrufen.<\/p>\n<p><strong>Daten\u00fcbermittlung in die USA<\/strong><br \/>Google kann Daten auch in den USA verarbeiten. Google ist nach dem EU\u2013US Data Privacy Framework (DPF) zertifiziert, sodass ein angemessenes Datenschutzniveau gew\u00e4hrleistet ist.<\/p>\n<p>Weitere Informationen zur Datennutzung durch Google finden Sie in der Datenschutzerkl\u00e4rung von Google:<br \/><a href=\"https:\/\/policies.google.com\/privacy?hl=de\" target=\"_blank\" rel=\"noopener\">https:\/\/policies.google.com\/privacy?hl=de<\/a><br \/>N\u00e4here Informationen zu Google Analytics erhalten Sie hier:<br \/><a href=\"https:\/\/support.google.com\/analytics\/answer\/6004245?hl=de\" target=\"_blank\" rel=\"noopener\">https:\/\/support.google.com\/analytics\/answer\/6004245?hl=de<\/a><\/p>\n<h2>Youtube<\/h2>\n<p>Unsere Website bindet Videos der Plattform YouTube ein. Anbieter ist die Google Ireland Limited, Gordon House, Barrow Street, Dublin 4, Irland. Muttergesellschaft ist die Google LLC, 1600 Amphitheatre Parkway, Mountain View, CA 94043, USA.<\/p>\n<p>Wenn Sie eine Seite mit eingebettetem YouTube-Video besuchen, wird eine Verbindung zu den Servern von YouTube hergestellt. Dabei wird dem YouTube-Server mitgeteilt, welche unserer Seiten Sie besucht haben. Zudem kann YouTube Cookies auf Ihrem Endger\u00e4t speichern oder vergleichbare Technologien einsetzen. Wenn Sie in Ihrem YouTube- oder Google-Account eingeloggt sind, erm\u00f6glichen Sie YouTube, Ihr Surfverhalten direkt Ihrem pers\u00f6nlichen Profil zuzuordnen. Dies k\u00f6nnen Sie verhindern, indem Sie sich aus Ihrem Account ausloggen.<\/p>\n<p><strong>Rechtsgrundlage<\/strong><br \/>Die Einbindung der Videos erfolgt auf Grundlage unseres berechtigten Interesses an einer ansprechenden Darstellung unserer Online-Inhalte (Art. 6 Abs. 1 lit. f DSGVO).<br \/>Sofern wir Sie um Ihre Einwilligung bitten (z. B. \u00fcber ein Cookie- oder Consent-Banner), erfolgt die Verarbeitung ausschlie\u00dflich auf Grundlage dieser Einwilligung (Art. 6 Abs. 1 lit. a DSGVO); die Einwilligung k\u00f6nnen Sie jederzeit widerrufen.<\/p>\n<p><strong>Daten\u00fcbermittlung in die USA<\/strong><br \/>YouTube bzw. Google verarbeitet Daten auch in den USA. Google ist nach dem EU\u2013US Data Privacy Framework (DPF) zertifiziert, sodass ein angemessenes Datenschutzniveau gew\u00e4hrleistet ist.<\/p>\n<p>Weitere Informationen zum Umgang mit Nutzerdaten finden Sie in der Datenschutzerkl\u00e4rung von Google:<br \/><a href=\"https:\/\/policies.google.com\/privacy?hl=de\" target=\"_blank\" rel=\"noopener\">https:\/\/policies.google.com\/privacy?hl=de<\/a><\/p>\n<p>\u00a0<\/p>\n<p>Datenschutzerkl\u00e4rung erstellt mit Hilfe von <a href=\"https:\/\/www.cookieyes.com\/?utm_source=PP&amp;utm_medium=footer&amp;utm_campaign=UW\" target=\"_blank\" rel=\"noopener\">CookieYes<\/a>.<\/p>\t\t\t\t\t\t\t\t<\/div>\n\t\t\t\t\t<\/div>\n\t\t\t\t<\/div>\n\t\t\t\t<\/div>","protected":false},"excerpt":{"rendered":"<p>Diese Datenschutzerkl\u00e4rung beschreibt die Richtlinien der Ebit Steuerberatung GmbH, Brunnergasse 1-9\/2\/4, Nieder\u00f6sterreich 2380, \u00d6sterreich, E-Mail: &#x6f;&#x66;&#x66;&#x69;&#x63;&#x65;&#x40;&#x65;&#x62;&#x69;&#x74;&#x2d;&#x70;&#x6c;&#x75;&#x73;&#x2e;&#x61;&#x74;, Telefon: +43 1 888 [&hellip;]<\/p>","protected":false},"author":1,"featured_media":0,"parent":0,"menu_order":0,"comment_status":"closed","ping_status":"closed","template":"","meta":{"site-sidebar-layout":"default","site-content-layout":"","ast-site-content-layout":"default","site-content-style":"default","site-sidebar-style":"default","ast-global-header-display":"","ast-banner-title-visibility":"","ast-main-header-display":"","ast-hfb-above-header-display":"","ast-hfb-below-header-display":"","ast-hfb-mobile-header-display":"","site-post-title":"","ast-breadcrumbs-content":"","ast-featured-img":"","footer-sml-layout":"","ast-disable-related-posts":"","theme-transparent-header-meta":"","adv-header-id-meta":"","stick-header-meta":"","header-above-stick-meta":"","header-main-stick-meta":"","header-below-stick-meta":"","astra-migrate-meta-layouts":"default","ast-page-background-enabled":"default","ast-page-background-meta":{"desktop":{"background-color":"var(--ast-global-color-5)","background-image":"","background-repeat":"repeat","background-position":"center center","background-size":"auto","background-attachment":"scroll","background-type":"","background-media":"","overlay-type":"","overlay-color":"","overlay-opacity":"","overlay-gradient":""},"tablet":{"background-color":"","background-image":"","background-repeat":"repeat","background-position":"center center","background-size":"auto","background-attachment":"scroll","background-type":"","background-media":"","overlay-type":"","overlay-color":"","overlay-opacity":"","overlay-gradient":""},"mobile":{"background-color":"","background-image":"","background-repeat":"repeat","background-position":"center center","background-size":"auto","background-attachment":"scroll","background-type":"","background-media":"","overlay-type":"","overlay-color":"","overlay-opacity":"","overlay-gradient":""}},"ast-content-background-meta":{"desktop":{"background-color":"var(--ast-global-color-4)","background-image":"","background-repeat":"repeat","background-position":"center center","background-size":"auto","background-attachment":"scroll","background-type":"","background-media":"","overlay-type":"","overlay-color":"","overlay-opacity":"","overlay-gradient":""},"tablet":{"background-color":"var(--ast-global-color-4)","background-image":"","background-repeat":"repeat","background-position":"center center","background-size":"auto","background-attachment":"scroll","background-type":"","background-media":"","overlay-type":"","overlay-color":"","overlay-opacity":"","overlay-gradient":""},"mobile":{"background-color":"var(--ast-global-color-4)","background-image":"","background-repeat":"repeat","background-position":"center center","background-size":"auto","background-attachment":"scroll","background-type":"","background-media":"","overlay-type":"","overlay-color":"","overlay-opacity":"","overlay-gradient":""}},"footnotes":""},"class_list":["post-3","page","type-page","status-publish","hentry"],"_links":{"self":[{"href":"https:\/\/dev.ebitplus.at\/en\/wp-json\/wp\/v2\/pages\/3","targetHints":{"allow":["GET"]}}],"collection":[{"href":"https:\/\/dev.ebitplus.at\/en\/wp-json\/wp\/v2\/pages"}],"about":[{"href":"https:\/\/dev.ebitplus.at\/en\/wp-json\/wp\/v2\/types\/page"}],"author":[{"embeddable":true,"href":"https:\/\/dev.ebitplus.at\/en\/wp-json\/wp\/v2\/users\/1"}],"replies":[{"embeddable":true,"href":"https:\/\/dev.ebitplus.at\/en\/wp-json\/wp\/v2\/comments?post=3"}],"version-history":[{"count":22,"href":"https:\/\/dev.ebitplus.at\/en\/wp-json\/wp\/v2\/pages\/3\/revisions"}],"predecessor-version":[{"id":79,"href":"https:\/\/dev.ebitplus.at\/en\/wp-json\/wp\/v2\/pages\/3\/revisions\/79"}],"wp:attachment":[{"href":"https:\/\/dev.ebitplus.at\/en\/wp-json\/wp\/v2\/media?parent=3"}],"curies":[{"name":"wp","href":"https:\/\/api.w.org\/{rel}","templated":true}]}}