{"id":421,"date":"2026-03-18T10:19:56","date_gmt":"2026-03-18T09:19:56","guid":{"rendered":"https:\/\/dev.ebitplus.at\/?page_id=421"},"modified":"2026-04-01T10:23:19","modified_gmt":"2026-04-01T09:23:19","slug":"das-unternehmen","status":"publish","type":"page","link":"https:\/\/dev.ebitplus.at\/en\/ueber-uns\/das-unternehmen\/","title":{"rendered":"Das Unternehmen"},"content":{"rendered":"<div data-elementor-type=\"wp-page\" data-elementor-id=\"421\" class=\"elementor elementor-421\" data-elementor-post-type=\"page\">\n\t\t\t\t<div class=\"elementor-element elementor-element-f8345ac container-header e-flex e-con-boxed e-con e-parent\" data-id=\"f8345ac\" data-element_type=\"container\" data-settings=\"{&quot;background_background&quot;:&quot;gradient&quot;}\">\n\t\t\t\t\t<div class=\"e-con-inner\">\n\t\t<div class=\"elementor-element elementor-element-329f6fc e-con-full e-flex e-con e-child\" data-id=\"329f6fc\" data-element_type=\"container\">\n\t\t<div class=\"elementor-element elementor-element-4630d60 e-con-full e-flex e-con e-child\" data-id=\"4630d60\" data-element_type=\"container\">\n\t\t\t\t<div class=\"elementor-element elementor-element-f1caa70 elementor-widget elementor-widget-text-editor\" data-id=\"f1caa70\" data-element_type=\"widget\" data-widget_type=\"text-editor.default\">\n\t\t\t\t\t\t\t\t\t<p>PORTR\u00c4T<\/p>\t\t\t\t\t\t\t\t<\/div>\n\t\t\t\t<div class=\"elementor-element elementor-element-5c919cc elementor-widget elementor-widget-text-editor\" data-id=\"5c919cc\" data-element_type=\"widget\" data-widget_type=\"text-editor.default\">\n\t\t\t\t\t\t\t\t\t<h1>Das Unternehmen<\/h1>\t\t\t\t\t\t\t\t<\/div>\n\t\t\t\t<\/div>\n\t\t\t\t<div class=\"elementor-element elementor-element-64a01b7 elementor-widget elementor-widget-shortcode\" data-id=\"64a01b7\" data-element_type=\"widget\" data-widget_type=\"shortcode.default\">\n\t\t\t\t\t\t\t<div class=\"elementor-shortcode\"><nav aria-label=\"breadcrumbs\" class=\"rank-math-breadcrumb\"><p><span class=\"last\">Home<\/span><\/p><\/nav><\/div>\n\t\t\t\t\t\t<\/div>\n\t\t\t\t<\/div>\n\t\t<div class=\"elementor-element elementor-element-3c57f5f e-con-full e-flex e-con e-child\" data-id=\"3c57f5f\" data-element_type=\"container\">\n\t\t\t\t<div class=\"elementor-element elementor-element-2944565 elementor-widget elementor-widget-image\" data-id=\"2944565\" data-element_type=\"widget\" data-widget_type=\"image.default\">\n\t\t\t\t\t\t\t\t\t\t\t\t\t\t\t<img fetchpriority=\"high\" decoding=\"async\" width=\"668\" height=\"518\" src=\"https:\/\/dev.ebitplus.at\/wordpress\/wp-content\/uploads\/2026\/03\/unternehmen-dummy.jpg\" class=\"attachment-large size-large wp-image-423\" alt=\"\" srcset=\"https:\/\/dev.ebitplus.at\/wordpress\/wp-content\/uploads\/2026\/03\/unternehmen-dummy.jpg 668w, https:\/\/dev.ebitplus.at\/wordpress\/wp-content\/uploads\/2026\/03\/unternehmen-dummy-300x233.jpg 300w, https:\/\/dev.ebitplus.at\/wordpress\/wp-content\/uploads\/2026\/03\/unternehmen-dummy-15x12.jpg 15w\" sizes=\"(max-width: 668px) 100vw, 668px\" \/>\t\t\t\t\t\t\t\t\t\t\t\t\t\t\t<\/div>\n\t\t\t\t<\/div>\n\t\t\t\t\t<\/div>\n\t\t\t\t<\/div>\n\t\t<div class=\"elementor-element elementor-element-4489712 container-intro e-flex e-con-boxed e-con e-parent\" data-id=\"4489712\" data-element_type=\"container\">\n\t\t\t\t\t<div class=\"e-con-inner\">\n\t\t<div class=\"elementor-element elementor-element-186a2d5 e-con-full e-flex e-con e-child\" data-id=\"186a2d5\" data-element_type=\"container\">\n\t\t\t\t<div class=\"elementor-element elementor-element-7e8e4c7 elementor-widget elementor-widget-text-editor\" data-id=\"7e8e4c7\" data-element_type=\"widget\" data-widget_type=\"text-editor.default\">\n\t\t\t\t\t\t\t\t\t<p><strong>Zwei Standorte. Ein Team. Ein Anspruch. <\/strong>ebit steht f\u00fcr moderne Steuerberatung mit pers\u00f6nlicher Handschrift. <br \/>Wir verbinden fundiertes Fachwissen mit digitalen Prozessen und unternehmerischem Denken \u2013 an <strong>zwei Standorten in Nieder\u00f6sterreich<\/strong>, mit einem eingespielten Team und einem klaren Qualit\u00e4tsanspruch.<\/p>\t\t\t\t\t\t\t\t<\/div>\n\t\t\t\t<\/div>\n\t\t<div class=\"elementor-element elementor-element-502cff2 e-con-full e-flex e-con e-child\" data-id=\"502cff2\" data-element_type=\"container\">\n\t\t\t\t<\/div>\n\t\t\t\t\t<\/div>\n\t\t\t\t<\/div>\n\t\t<div class=\"elementor-element elementor-element-27c52e8 e-flex e-con-boxed e-con e-parent\" data-id=\"27c52e8\" data-element_type=\"container\">\n\t\t\t\t\t<div class=\"e-con-inner\">\n\t\t<div class=\"elementor-element elementor-element-1a8fd68 e-con-full e-flex e-con e-child\" data-id=\"1a8fd68\" data-element_type=\"container\">\n\t\t\t\t<div class=\"elementor-element elementor-element-f8aeca7 elementor-widget elementor-widget-text-editor\" data-id=\"f8aeca7\" data-element_type=\"widget\" data-widget_type=\"text-editor.default\">\n\t\t\t\t\t\t\t\t\t<p>\u00dcBER EBIT<\/p>\t\t\t\t\t\t\t\t<\/div>\n\t\t\t\t<div class=\"elementor-element elementor-element-2c6c946 elementor-widget elementor-widget-text-editor\" data-id=\"2c6c946\" data-element_type=\"widget\" data-widget_type=\"text-editor.default\">\n\t\t\t\t\t\t\t\t\t<h2>Mehr als Steuern. <br \/>Echte Partnerschaft.<\/h2>\t\t\t\t\t\t\t\t<\/div>\n\t\t\t\t<\/div>\n\t\t<div class=\"elementor-element elementor-element-872c132 e-con-full e-flex e-con e-child\" data-id=\"872c132\" data-element_type=\"container\">\n\t\t\t\t<div class=\"elementor-element elementor-element-d04c71a elementor-widget elementor-widget-text-editor\" data-id=\"d04c71a\" data-element_type=\"widget\" data-widget_type=\"text-editor.default\">\n\t\t\t\t\t\t\t\t\t<p data-path-to-node=\"3\">Bei <b data-path-to-node=\"3\" data-index-in-node=\"4\">ebit<\/b> verwalten wir nicht nur Zahlen \u2013 wir gestalten Zukunft. Wir verstehen uns als aktiver Wegbegleiter f\u00fcr Unternehmen und Privatpersonen, der weit \u00fcber die klassische Belegverarbeitung hinausgeht. Unsere Arbeitsweise kombiniert tiefes branchenspezifisches Know-how in den Bereichen Handel, Handwerk und Dienstleistung mit modernsten digitalen Prozessen.<\/p>\t\t\t\t\t\t\t\t<\/div>\n\t\t\t\t<\/div>\n\t\t\t\t\t<\/div>\n\t\t\t\t<\/div>\n\t\t<div class=\"elementor-element elementor-element-5f95218 e-flex e-con-boxed e-con e-parent\" data-id=\"5f95218\" data-element_type=\"container\">\n\t\t\t\t\t<div class=\"e-con-inner\">\n\t\t<div class=\"elementor-element elementor-element-bf24d2c e-con-full e-flex e-con e-child\" data-id=\"bf24d2c\" data-element_type=\"container\">\n\t\t<div class=\"elementor-element elementor-element-4d4e98c e-con-full img-bg-gradient-heart e-flex e-con e-child\" data-id=\"4d4e98c\" data-element_type=\"container\" data-settings=\"{&quot;background_background&quot;:&quot;classic&quot;}\">\n\t\t\t\t<div class=\"elementor-element elementor-element-72654cc3 elementor-widget elementor-widget-image\" data-id=\"72654cc3\" data-element_type=\"widget\" data-widget_type=\"image.default\">\n\t\t\t\t\t\t\t\t\t\t\t\t\t\t\t<img decoding=\"async\" width=\"468\" height=\"645\" src=\"https:\/\/dev.ebitplus.at\/wordpress\/wp-content\/uploads\/2026\/03\/karriere-dummy.jpg\" class=\"attachment-large size-large wp-image-301\" alt=\"\" srcset=\"https:\/\/dev.ebitplus.at\/wordpress\/wp-content\/uploads\/2026\/03\/karriere-dummy.jpg 468w, https:\/\/dev.ebitplus.at\/wordpress\/wp-content\/uploads\/2026\/03\/karriere-dummy-218x300.jpg 218w, https:\/\/dev.ebitplus.at\/wordpress\/wp-content\/uploads\/2026\/03\/karriere-dummy-9x12.jpg 9w\" sizes=\"(max-width: 468px) 100vw, 468px\" \/>\t\t\t\t\t\t\t\t\t\t\t\t\t\t\t<\/div>\n\t\t\t\t<div class=\"elementor-element elementor-element-68cc0fd9 img-heart elementor-widget elementor-widget-image\" data-id=\"68cc0fd9\" data-element_type=\"widget\" data-widget_type=\"image.default\">\n\t\t\t\t\t\t\t\t\t\t\t\t\t\t\t<img decoding=\"async\" src=\"https:\/\/dev.ebitplus.at\/wordpress\/wp-content\/uploads\/elementor\/thumbs\/heart-red-500-rkllyhugzv9xwk5ymz8qc9npuafxzna9y4wye4o77u.png\" title=\"\" alt=\"\" loading=\"lazy\" \/>\t\t\t\t\t\t\t\t\t\t\t\t\t\t\t<\/div>\n\t\t\t\t<\/div>\n\t\t\t\t<\/div>\n\t\t<div class=\"elementor-element elementor-element-e22c67e e-con-full e-flex e-con e-child\" data-id=\"e22c67e\" data-element_type=\"container\">\n\t\t\t\t<div class=\"elementor-element elementor-element-6898d4c elementor-widget elementor-widget-text-editor\" data-id=\"6898d4c\" data-element_type=\"widget\" data-widget_type=\"text-editor.default\">\n\t\t\t\t\t\t\t\t\t<p>Ob komplexe Gestaltungsberatung, pr\u00e4zises Rechnungswesen oder strategische Managementberatung: Wir schaffen die Transparenz und Effizienz, die Sie brauchen, um sich sicher auf Ihr Kerngesch\u00e4ft zu konzentrieren. Pers\u00f6nlich, diskret und immer mit dem Blick f\u00fcr das Wesentliche.<\/p>\t\t\t\t\t\t\t\t<\/div>\n\t\t\t\t<div class=\"elementor-element elementor-element-d96b382 elementor-widget elementor-widget-image\" data-id=\"d96b382\" data-element_type=\"widget\" data-widget_type=\"image.default\">\n\t\t\t\t\t\t\t\t\t\t\t\t\t\t\t<img decoding=\"async\" width=\"550\" height=\"305\" src=\"https:\/\/dev.ebitplus.at\/wordpress\/wp-content\/uploads\/2026\/03\/unternehmen-dummy2.jpg\" class=\"attachment-large size-large wp-image-437\" alt=\"\" srcset=\"https:\/\/dev.ebitplus.at\/wordpress\/wp-content\/uploads\/2026\/03\/unternehmen-dummy2.jpg 550w, https:\/\/dev.ebitplus.at\/wordpress\/wp-content\/uploads\/2026\/03\/unternehmen-dummy2-300x166.jpg 300w, https:\/\/dev.ebitplus.at\/wordpress\/wp-content\/uploads\/2026\/03\/unternehmen-dummy2-18x10.jpg 18w\" sizes=\"(max-width: 550px) 100vw, 550px\" \/>\t\t\t\t\t\t\t\t\t\t\t\t\t\t\t<\/div>\n\t\t\t\t<\/div>\n\t\t\t\t\t<\/div>\n\t\t\t\t<\/div>\n\t\t<div class=\"elementor-element elementor-element-e68aeda e-flex e-con-boxed e-con e-parent\" data-id=\"e68aeda\" data-element_type=\"container\">\n\t\t\t\t\t<div class=\"e-con-inner\">\n\t\t\t\t<div class=\"elementor-element elementor-element-abf8f7b elementor-widget elementor-widget-text-editor\" data-id=\"abf8f7b\" data-element_type=\"widget\" data-widget_type=\"text-editor.default\">\n\t\t\t\t\t\t\t\t\t<h2>Wo Sie uns finden.<\/h2><p><strong><br \/>Standort Perchtoldsdorf\u00a0<\/strong><br \/>Unser Hauptstandort liegt zentral in Perchtoldsdorf \u2013 gut erreichbar und ideal f\u00fcr pers\u00f6nliche Beratungsgespr\u00e4che. Viele Themen wickeln wir auf Wunsch auch effizient digital ab.<br \/><strong>Adresse<\/strong>: Brunner Gasse 1\u20139 \/ Stg. 2 \/ Top 4, 2380 Perchtoldsdorf, Tel.: xxxxxx<\/p><p><strong>Standort Baden<\/strong><br \/>Auch in Baden sind wir pers\u00f6nlich f\u00fcr Sie da \u2013 mit derselben Betreuungsqualit\u00e4t und kurzen Wegen. Selbstverst\u00e4ndlich auch per Videotermin oder telefonisch.<br \/><strong>Adresse<\/strong>: Helenenstra\u00dfe 60, 2500 Baden, Tel.: xxxxxx<\/p>\t\t\t\t\t\t\t\t<\/div>\n\t\t\t\t\t<\/div>\n\t\t\t\t<\/div>\n\t\t<div class=\"elementor-element elementor-element-75066839 e-flex e-con-boxed e-con e-parent\" data-id=\"75066839\" data-element_type=\"container\" data-settings=\"{&quot;background_background&quot;:&quot;gradient&quot;}\">\n\t\t\t\t\t<div class=\"e-con-inner\">\n\t\t\t\t<div class=\"elementor-element elementor-element-577600bb elementor-widget elementor-widget-text-editor\" data-id=\"577600bb\" data-element_type=\"widget\" data-widget_type=\"text-editor.default\">\n\t\t\t\t\t\t\t\t\t<p>\u201eDank digitaler Effizienz gewinnen wir das Kostbarste zur\u00fcck: Zeit f\u00fcr die pers\u00f6nliche Beratung auf Augenh\u00f6he\u201c<\/p>\t\t\t\t\t\t\t\t<\/div>\n\t\t\t\t<div class=\"elementor-element elementor-element-5d2e126b elementor-widget elementor-widget-text-editor\" data-id=\"5d2e126b\" data-element_type=\"widget\" data-widget_type=\"text-editor.default\">\n\t\t\t\t\t\t\t\t\t<p>Mag. Monika Wiesinger, Gesch\u00e4ftsf\u00fchrung ebit<\/p>\t\t\t\t\t\t\t\t<\/div>\n\t\t\t\t\t<\/div>\n\t\t\t\t<\/div>\n\t\t<div class=\"elementor-element elementor-element-95b3eba e-flex e-con-boxed e-con e-parent\" data-id=\"95b3eba\" data-element_type=\"container\">\n\t\t\t\t\t<div class=\"e-con-inner\">\n\t\t\t\t<div class=\"elementor-element elementor-element-8bd5391 elementor-widget elementor-widget-text-editor\" data-id=\"8bd5391\" data-element_type=\"widget\" data-widget_type=\"text-editor.default\">\n\t\t\t\t\t\t\t\t\t<p>\u00dcBER EBIT<\/p>\t\t\t\t\t\t\t\t<\/div>\n\t\t\t\t<div class=\"elementor-element elementor-element-46424ac elementor-widget elementor-widget-heading\" data-id=\"46424ac\" data-element_type=\"widget\" data-widget_type=\"heading.default\">\n\t\t\t\t\t<h2 class=\"elementor-heading-title elementor-size-default\">Digitales Herz. Kluger Kopf.<\/h2>\t\t\t\t<\/div>\n\t\t\t\t<div class=\"elementor-element elementor-element-06bd157 elementor-widget elementor-widget-text-editor\" data-id=\"06bd157\" data-element_type=\"widget\" data-widget_type=\"text-editor.default\">\n\t\t\t\t\t\t\t\t\t<p>Unser Slogan ist mehr als ein Werbespruch \u2013 er ist unser Versprechen an Sie und beschreibt, wie wir Technologie und Menschlichkeit vereinen.<\/p><h3>Digitales Herz<\/h3><p>Das \u201edigitale Herz\u201c steht f\u00fcr unseren inneren Antrieb, modernste Technik f\u00fcr Sie arbeiten zu lassen. Wir lieben effiziente Prozesse, automatisierte Schnittstellen und papierloses Arbeiten. Warum? Weil ein digitales Herz den Rhythmus vorgibt, der Ihnen im Alltag den R\u00fccken freih\u00e4lt. Es sorgt f\u00fcr Schnelligkeit, Pr\u00e4zision und Daten in Echtzeit. Es ist der Motor, der uns erm\u00f6glicht, reibungslos und ortsunabh\u00e4ngig mit Ihnen zusammenzuarbeiten.<\/p><h3><strong>Kluger Kopf<\/strong><\/h3><p>Doch Daten allein treffen keine Entscheidungen. Hier kommt der \u201ekluge Kopf\u201c ins Spiel. Er steht f\u00fcr unsere Beraterinnen und Berater, die zuh\u00f6ren, mitdenken und die Zahlen mit Leben f\u00fcllen. Ein kluger Kopf bewahrt auch bei komplexen Steuerfragen den \u00dcberblick, erkennt Chancen in Ihrer Branche und entwickelt kreative L\u00f6sungen f\u00fcr Ihre individuellen Herausforderungen.<\/p><p><strong>Das Ergebnis:<\/strong> Wir nutzen die digitale Effizienz (Herz), um Raum f\u00fcr das Wichtigste zu schaffen: <strong>Die qualifizierte, pers\u00f6nliche Beratung auf Augenh\u00f6he (Kopf).<\/strong><\/p>\t\t\t\t\t\t\t\t<\/div>\n\t\t\t\t\t<\/div>\n\t\t\t\t<\/div>\n\t\t<div class=\"elementor-element elementor-element-0730946 e-flex e-con-boxed e-con e-parent\" data-id=\"0730946\" data-element_type=\"container\" data-settings=\"{&quot;background_background&quot;:&quot;gradient&quot;}\">\n\t\t\t\t\t<div class=\"e-con-inner\">\n\t\t<div class=\"elementor-element elementor-element-4d8caca e-con-full e-flex e-con e-child\" data-id=\"4d8caca\" data-element_type=\"container\">\n\t\t\t\t<div class=\"elementor-element elementor-element-9623447 elementor-widget elementor-widget-text-editor\" data-id=\"9623447\" data-element_type=\"widget\" data-widget_type=\"text-editor.default\">\n\t\t\t\t\t\t\t\t\t<p>DATEN UND FAKTEN<\/p>\t\t\t\t\t\t\t\t<\/div>\n\t\t\t\t<div class=\"elementor-element elementor-element-f60414a elementor-widget elementor-widget-heading\" data-id=\"f60414a\" data-element_type=\"widget\" data-widget_type=\"heading.default\">\n\t\t\t\t\t<h2 class=\"elementor-heading-title elementor-size-default\">ebit in Zahlen<\/h2>\t\t\t\t<\/div>\n\t\t\t\t<\/div>\n\t\t<div class=\"elementor-element elementor-element-83b6110 e-con-full e-flex e-con e-child\" data-id=\"83b6110\" data-element_type=\"container\">\n\t\t<div class=\"elementor-element elementor-element-3ccc06b e-con-full e-flex e-con e-child\" data-id=\"3ccc06b\" data-element_type=\"container\">\n\t\t\t\t<div class=\"elementor-element elementor-element-c11e74f elementor-widget elementor-widget-text-editor\" data-id=\"c11e74f\" data-element_type=\"widget\" data-widget_type=\"text-editor.default\">\n\t\t\t\t\t\t\t\t\t<p>Gegr\u00fcndet<\/p>\t\t\t\t\t\t\t\t<\/div>\n\t\t\t\t<\/div>\n\t\t<div class=\"elementor-element elementor-element-f1a4595 e-con-full e-flex e-con e-child\" data-id=\"f1a4595\" data-element_type=\"container\">\n\t\t\t\t<div class=\"elementor-element elementor-element-72d93ac elementor-widget elementor-widget-text-editor\" data-id=\"72d93ac\" data-element_type=\"widget\" data-widget_type=\"text-editor.default\">\n\t\t\t\t\t\t\t\t\t<p>1988<\/p>\t\t\t\t\t\t\t\t<\/div>\n\t\t\t\t<\/div>\n\t\t\t\t<\/div>\n\t\t<div class=\"elementor-element elementor-element-8cd069b e-con-full e-flex e-con e-child\" data-id=\"8cd069b\" data-element_type=\"container\">\n\t\t<div class=\"elementor-element elementor-element-e3e308f e-con-full e-flex e-con e-child\" data-id=\"e3e308f\" data-element_type=\"container\">\n\t\t\t\t<div class=\"elementor-element elementor-element-2f532fc elementor-widget elementor-widget-text-editor\" data-id=\"2f532fc\" data-element_type=\"widget\" data-widget_type=\"text-editor.default\">\n\t\t\t\t\t\t\t\t\t<p>Mitarbeitende<\/p>\t\t\t\t\t\t\t\t<\/div>\n\t\t\t\t<\/div>\n\t\t<div class=\"elementor-element elementor-element-cf250d0 e-con-full e-flex e-con e-child\" data-id=\"cf250d0\" data-element_type=\"container\">\n\t\t\t\t<div class=\"elementor-element elementor-element-2bddaf1 elementor-widget elementor-widget-text-editor\" data-id=\"2bddaf1\" data-element_type=\"widget\" data-widget_type=\"text-editor.default\">\n\t\t\t\t\t\t\t\t\t<p>52 (2026)<\/p>\t\t\t\t\t\t\t\t<\/div>\n\t\t\t\t<\/div>\n\t\t\t\t<\/div>\n\t\t<div class=\"elementor-element elementor-element-e29f8cc e-con-full e-flex e-con e-child\" data-id=\"e29f8cc\" data-element_type=\"container\">\n\t\t<div class=\"elementor-element elementor-element-b3c302f e-con-full e-flex e-con e-child\" data-id=\"b3c302f\" data-element_type=\"container\">\n\t\t\t\t<div class=\"elementor-element elementor-element-f247c63 elementor-widget elementor-widget-text-editor\" data-id=\"f247c63\" data-element_type=\"widget\" data-widget_type=\"text-editor.default\">\n\t\t\t\t\t\t\t\t\t<p>Kunden<\/p>\t\t\t\t\t\t\t\t<\/div>\n\t\t\t\t<\/div>\n\t\t<div class=\"elementor-element elementor-element-bfc936f e-con-full e-flex e-con e-child\" data-id=\"bfc936f\" data-element_type=\"container\">\n\t\t\t\t<div class=\"elementor-element elementor-element-972c7d6 elementor-widget elementor-widget-text-editor\" data-id=\"972c7d6\" data-element_type=\"widget\" data-widget_type=\"text-editor.default\">\n\t\t\t\t\t\t\t\t\t<p>Einzelhandel, regionale&#8230;<\/p>\t\t\t\t\t\t\t\t<\/div>\n\t\t\t\t<\/div>\n\t\t\t\t<\/div>\n\t\t<div class=\"elementor-element elementor-element-496e057 e-con-full e-flex e-con e-child\" data-id=\"496e057\" data-element_type=\"container\">\n\t\t<div class=\"elementor-element elementor-element-d5297e4 e-con-full e-flex e-con e-child\" data-id=\"d5297e4\" data-element_type=\"container\">\n\t\t\t\t<div class=\"elementor-element elementor-element-e140b4a elementor-widget elementor-widget-text-editor\" data-id=\"e140b4a\" data-element_type=\"widget\" data-widget_type=\"text-editor.default\">\n\t\t\t\t\t\t\t\t\t<p>St\u00e4rken<\/p>\t\t\t\t\t\t\t\t<\/div>\n\t\t\t\t<\/div>\n\t\t<div class=\"elementor-element elementor-element-3de8cc9 e-con-full e-flex e-con e-child\" data-id=\"3de8cc9\" data-element_type=\"container\">\n\t\t\t\t<div class=\"elementor-element elementor-element-991a407 elementor-widget elementor-widget-text-editor\" data-id=\"991a407\" data-element_type=\"widget\" data-widget_type=\"text-editor.default\">\n\t\t\t\t\t\t\t\t\t<ul><li>USPs aufz\u00e4hlen<\/li><li>USPs aufz\u00e4hlen<\/li><li>USPs aufz\u00e4hlen<\/li><\/ul>\t\t\t\t\t\t\t\t<\/div>\n\t\t\t\t<\/div>\n\t\t\t\t<\/div>\n\t\t\t\t\t<\/div>\n\t\t\t\t<\/div>\n\t\t<div class=\"elementor-element elementor-element-60605d9 e-flex e-con-boxed e-con e-parent\" data-id=\"60605d9\" data-element_type=\"container\">\n\t\t\t\t\t<div class=\"e-con-inner\">\n\t\t<div class=\"elementor-element elementor-element-7a767a8 e-con-full e-flex e-con e-child\" data-id=\"7a767a8\" data-element_type=\"container\">\n\t\t<div class=\"elementor-element elementor-element-b2dd48a e-con-full e-flex e-con e-child\" data-id=\"b2dd48a\" data-element_type=\"container\">\n\t\t\t\t<div class=\"elementor-element elementor-element-99870aa elementor-widget elementor-widget-text-editor\" data-id=\"99870aa\" data-element_type=\"widget\" data-widget_type=\"text-editor.default\">\n\t\t\t\t\t\t\t\t\t<p>Der erste <br \/><span class=\"text-rot\">Schritt<\/span> <br \/>ist fast <br \/>schon getan.<\/p>\t\t\t\t\t\t\t\t<\/div>\n\t\t\t\t<\/div>\n\t\t<div class=\"elementor-element elementor-element-dda609e e-con-full e-flex e-con e-child\" data-id=\"dda609e\" data-element_type=\"container\">\n\t\t\t\t<div class=\"elementor-element elementor-element-dcbaa41 elementor-widget elementor-widget-button\" data-id=\"dcbaa41\" data-element_type=\"widget\" data-widget_type=\"button.default\">\n\t\t\t\t\t\t\t\t\t\t<a class=\"elementor-button elementor-button-link elementor-size-sm\" href=\"#\">\n\t\t\t\t\t\t<span class=\"elementor-button-content-wrapper\">\n\t\t\t\t\t\t\t\t\t<span class=\"elementor-button-text\">Beratungsgespr\u00e4ch vereinbaren<\/span>\n\t\t\t\t\t<\/span>\n\t\t\t\t\t<\/a>\n\t\t\t\t\t\t\t\t<\/div>\n\t\t\t\t<\/div>\n\t\t\t\t<\/div>\n\t\t\t\t\t<\/div>\n\t\t\t\t<\/div>\n\t\t\t\t<\/div>","protected":false},"excerpt":{"rendered":"<p>PORTR\u00c4T Das Unternehmen Zwei Standorte. Ein Team. Ein Anspruch. ebit steht f\u00fcr moderne Steuerberatung mit pers\u00f6nlicher Handschrift. Wir verbinden fundiertes [&hellip;]<\/p>","protected":false},"author":1,"featured_media":0,"parent":145,"menu_order":0,"comment_status":"closed","ping_status":"closed","template":"","meta":{"site-sidebar-layout":"no-sidebar","site-content-layout":"","ast-site-content-layout":"full-width-container","site-content-style":"default","site-sidebar-style":"default","ast-global-header-display":"","ast-banner-title-visibility":"","ast-main-header-display":"","ast-hfb-above-header-display":"","ast-hfb-below-header-display":"","ast-hfb-mobile-header-display":"","site-post-title":"","ast-breadcrumbs-content":"","ast-featured-img":"disabled","footer-sml-layout":"","ast-disable-related-posts":"","theme-transparent-header-meta":"","adv-header-id-meta":"","stick-header-meta":"","header-above-stick-meta":"","header-main-stick-meta":"","header-below-stick-meta":"","astra-migrate-meta-layouts":"default","ast-page-background-enabled":"default","ast-page-background-meta":{"desktop":{"background-color":"var(--ast-global-color-5)","background-image":"","background-repeat":"repeat","background-position":"center center","background-size":"auto","background-attachment":"scroll","background-type":"","background-media":"","overlay-type":"","overlay-color":"","overlay-opacity":"","overlay-gradient":""},"tablet":{"background-color":"","background-image":"","background-repeat":"repeat","background-position":"center center","background-size":"auto","background-attachment":"scroll","background-type":"","background-media":"","overlay-type":"","overlay-color":"","overlay-opacity":"","overlay-gradient":""},"mobile":{"background-color":"","background-image":"","background-repeat":"repeat","background-position":"center center","background-size":"auto","background-attachment":"scroll","background-type":"","background-media":"","overlay-type":"","overlay-color":"","overlay-opacity":"","overlay-gradient":""}},"ast-content-background-meta":{"desktop":{"background-color":"var(--ast-global-color-4)","background-image":"","background-repeat":"repeat","background-position":"center center","background-size":"auto","background-attachment":"scroll","background-type":"","background-media":"","overlay-type":"","overlay-color":"","overlay-opacity":"","overlay-gradient":""},"tablet":{"background-color":"var(--ast-global-color-4)","background-image":"","background-repeat":"repeat","background-position":"center center","background-size":"auto","background-attachment":"scroll","background-type":"","background-media":"","overlay-type":"","overlay-color":"","overlay-opacity":"","overlay-gradient":""},"mobile":{"background-color":"var(--ast-global-color-4)","background-image":"","background-repeat":"repeat","background-position":"center center","background-size":"auto","background-attachment":"scroll","background-type":"","background-media":"","overlay-type":"","overlay-color":"","overlay-opacity":"","overlay-gradient":""}},"footnotes":""},"class_list":["post-421","page","type-page","status-publish","hentry"],"_links":{"self":[{"href":"https:\/\/dev.ebitplus.at\/en\/wp-json\/wp\/v2\/pages\/421","targetHints":{"allow":["GET"]}}],"collection":[{"href":"https:\/\/dev.ebitplus.at\/en\/wp-json\/wp\/v2\/pages"}],"about":[{"href":"https:\/\/dev.ebitplus.at\/en\/wp-json\/wp\/v2\/types\/page"}],"author":[{"embeddable":true,"href":"https:\/\/dev.ebitplus.at\/en\/wp-json\/wp\/v2\/users\/1"}],"replies":[{"embeddable":true,"href":"https:\/\/dev.ebitplus.at\/en\/wp-json\/wp\/v2\/comments?post=421"}],"version-history":[{"count":241,"href":"https:\/\/dev.ebitplus.at\/en\/wp-json\/wp\/v2\/pages\/421\/revisions"}],"predecessor-version":[{"id":2003,"href":"https:\/\/dev.ebitplus.at\/en\/wp-json\/wp\/v2\/pages\/421\/revisions\/2003"}],"up":[{"embeddable":true,"href":"https:\/\/dev.ebitplus.at\/en\/wp-json\/wp\/v2\/pages\/145"}],"wp:attachment":[{"href":"https:\/\/dev.ebitplus.at\/en\/wp-json\/wp\/v2\/media?parent=421"}],"curies":[{"name":"wp","href":"https:\/\/api.w.org\/{rel}","templated":true}]}}