{"id":498,"date":"2026-03-18T14:11:19","date_gmt":"2026-03-18T13:11:19","guid":{"rendered":"https:\/\/dev.ebitplus.at\/?page_id=498"},"modified":"2026-03-31T09:34:18","modified_gmt":"2026-03-31T08:34:18","slug":"steuerberatung","status":"publish","type":"page","link":"https:\/\/dev.ebitplus.at\/en\/leistungen\/steuerberatung\/","title":{"rendered":"Steuerberatung"},"content":{"rendered":"<div data-elementor-type=\"wp-page\" data-elementor-id=\"498\" class=\"elementor elementor-498\" data-elementor-post-type=\"page\">\n\t\t\t\t<div class=\"elementor-element elementor-element-4acc3909 container-header e-flex e-con-boxed e-con e-parent\" data-id=\"4acc3909\" data-element_type=\"container\" data-settings=\"{&quot;background_background&quot;:&quot;gradient&quot;}\">\n\t\t\t\t\t<div class=\"e-con-inner\">\n\t\t<div class=\"elementor-element elementor-element-4f2aa4b8 e-con-full e-flex e-con e-child\" data-id=\"4f2aa4b8\" data-element_type=\"container\">\n\t\t<div class=\"elementor-element elementor-element-a45fa9d e-con-full e-flex e-con e-child\" data-id=\"a45fa9d\" data-element_type=\"container\">\n\t\t\t\t<div class=\"elementor-element elementor-element-acac7e3 elementor-widget elementor-widget-text-editor\" data-id=\"acac7e3\" data-element_type=\"widget\" data-widget_type=\"text-editor.default\">\n\t\t\t\t\t\t\t\t\t<p>LEISTUNGEN<\/p>\t\t\t\t\t\t\t\t<\/div>\n\t\t\t\t<div class=\"elementor-element elementor-element-11f309a h1-middle elementor-widget elementor-widget-text-editor\" data-id=\"11f309a\" data-element_type=\"widget\" data-widget_type=\"text-editor.default\">\n\t\t\t\t\t\t\t\t\t<h1>Steuer\u00ad\u00adberatung<\/h1>\t\t\t\t\t\t\t\t<\/div>\n\t\t\t\t<\/div>\n\t\t\t\t<div class=\"elementor-element elementor-element-1f3cdc08 elementor-widget elementor-widget-shortcode\" data-id=\"1f3cdc08\" data-element_type=\"widget\" data-widget_type=\"shortcode.default\">\n\t\t\t\t\t\t\t<div class=\"elementor-shortcode\"><nav aria-label=\"breadcrumbs\" class=\"rank-math-breadcrumb\"><p><span class=\"last\">Home<\/span><\/p><\/nav><\/div>\n\t\t\t\t\t\t<\/div>\n\t\t\t\t<\/div>\n\t\t<div class=\"elementor-element elementor-element-647f4c05 e-con-full e-flex e-con e-child\" data-id=\"647f4c05\" data-element_type=\"container\">\n\t\t\t\t<div class=\"elementor-element elementor-element-6c21e9f8 elementor-widget elementor-widget-image\" data-id=\"6c21e9f8\" data-element_type=\"widget\" data-widget_type=\"image.default\">\n\t\t\t\t\t\t\t\t\t\t\t\t\t\t\t<img fetchpriority=\"high\" decoding=\"async\" width=\"570\" height=\"442\" src=\"https:\/\/dev.ebitplus.at\/wordpress\/wp-content\/uploads\/2026\/03\/beratung-dummy-v02.jpg\" class=\"attachment-large size-large wp-image-774\" alt=\"\" srcset=\"https:\/\/dev.ebitplus.at\/wordpress\/wp-content\/uploads\/2026\/03\/beratung-dummy-v02.jpg 570w, https:\/\/dev.ebitplus.at\/wordpress\/wp-content\/uploads\/2026\/03\/beratung-dummy-v02-300x233.jpg 300w, https:\/\/dev.ebitplus.at\/wordpress\/wp-content\/uploads\/2026\/03\/beratung-dummy-v02-15x12.jpg 15w\" sizes=\"(max-width: 570px) 100vw, 570px\" \/>\t\t\t\t\t\t\t\t\t\t\t\t\t\t\t<\/div>\n\t\t\t\t<\/div>\n\t\t\t\t\t<\/div>\n\t\t\t\t<\/div>\n\t\t<div class=\"elementor-element elementor-element-51c9d850 container-intro e-flex e-con-boxed e-con e-parent\" data-id=\"51c9d850\" data-element_type=\"container\">\n\t\t\t\t\t<div class=\"e-con-inner\">\n\t\t<div class=\"elementor-element elementor-element-3816626f e-con-full e-flex e-con e-child\" data-id=\"3816626f\" data-element_type=\"container\">\n\t\t\t\t<div class=\"elementor-element elementor-element-19ee95be elementor-widget elementor-widget-text-editor\" data-id=\"19ee95be\" data-element_type=\"widget\" data-widget_type=\"text-editor.default\">\n\t\t\t\t\t\t\t\t\t<p><strong>Immer kompetent. Immer klar.<\/strong> <br \/>Wir k\u00fcmmern uns ganzheitlich um Ihre Steuerangelegenheiten, handeln proaktiv und sorgen daf\u00fcr, dass Sie auf der sicheren Seite stehen. Klar, verl\u00e4sslich, ohne Umwege. Mit uns sind Ihre Steuerthemen richtig aufgestellt \u2013 das schafft Spielraum.<\/p>\t\t\t\t\t\t\t\t<\/div>\n\t\t\t\t<\/div>\n\t\t<div class=\"elementor-element elementor-element-6a6bf8f4 e-con-full e-flex e-con e-child\" data-id=\"6a6bf8f4\" data-element_type=\"container\">\n\t\t\t\t<\/div>\n\t\t\t\t\t<\/div>\n\t\t\t\t<\/div>\n\t\t<div class=\"elementor-element elementor-element-72683d4d e-flex e-con-boxed e-con e-parent\" data-id=\"72683d4d\" data-element_type=\"container\">\n\t\t\t\t\t<div class=\"e-con-inner\">\n\t\t<div class=\"elementor-element elementor-element-880891c e-con-full e-flex e-con e-child\" data-id=\"880891c\" data-element_type=\"container\">\n\t\t\t\t<div class=\"elementor-element elementor-element-37449f88 elementor-widget elementor-widget-text-editor\" data-id=\"37449f88\" data-element_type=\"widget\" data-widget_type=\"text-editor.default\">\n\t\t\t\t\t\t\t\t\t<p>\u00dcBER EBIT<\/p>\t\t\t\t\t\t\t\t<\/div>\n\t\t\t\t<div class=\"elementor-element elementor-element-b35551a elementor-widget elementor-widget-text-editor\" data-id=\"b35551a\" data-element_type=\"widget\" data-widget_type=\"text-editor.default\">\n\t\t\t\t\t\t\t\t\t<h2>Steuern sind nicht kompliziert.<br \/>Zumindest bei uns.<\/h2>\t\t\t\t\t\t\t\t<\/div>\n\t\t\t\t<\/div>\n\t\t<div class=\"elementor-element elementor-element-271471eb e-con-full e-flex e-con e-child\" data-id=\"271471eb\" data-element_type=\"container\">\n\t\t\t\t<div class=\"elementor-element elementor-element-1b951e08 elementor-widget elementor-widget-text-editor\" data-id=\"1b951e08\" data-element_type=\"widget\" data-widget_type=\"text-editor.default\">\n\t\t\t\t\t\t\t\t\t<p><strong>Fristen, Erkl\u00e4rungen, Bescheide<\/strong> \u2013 wir regeln die Dinge und warten nicht erst bis es Handlungsbedarf gibt. Von der Steuererkl\u00e4rung \u00fcber die Pr\u00fcfung von Bescheiden bis zur Vertretung gegen\u00fcber Finanzbeh\u00f6rden. Wir haben alle Pflichten und Optimierungsm\u00f6glichkeiten konsequent im Blick. <br \/><br \/>Steuerberatung ist f\u00fcr uns kein Verwaltungsakt, sondern ein strategisches Werkzeug. Wir finden Gestaltungsspielr\u00e4ume, reduzieren Risiken \u2013 und geben Ihnen eine verl\u00e4ssliche Grundlage f\u00fcr Ihre wirtschaftlichen Entscheidungen.<\/p>\t\t\t\t\t\t\t\t<\/div>\n\t\t\t\t<\/div>\n\t\t\t\t\t<\/div>\n\t\t\t\t<\/div>\n\t\t<div class=\"elementor-element elementor-element-dad7e15 container-green-teaser e-flex e-con-boxed e-con e-parent\" data-id=\"dad7e15\" data-element_type=\"container\" data-settings=\"{&quot;background_background&quot;:&quot;gradient&quot;}\">\n\t\t\t\t\t<div class=\"e-con-inner\">\n\t\t<div class=\"elementor-element elementor-element-59e12ed2 e-con-full e-flex e-con e-child\" data-id=\"59e12ed2\" data-element_type=\"container\">\n\t\t<div class=\"elementor-element elementor-element-ffde6bb e-con-full e-flex e-con e-child\" data-id=\"ffde6bb\" data-element_type=\"container\">\n\t\t\t\t<div class=\"elementor-element elementor-element-4bef195 elementor-view-default elementor-widget elementor-widget-icon\" data-id=\"4bef195\" data-element_type=\"widget\" data-widget_type=\"icon.default\">\n\t\t\t\t\t\t\t<div class=\"elementor-icon-wrapper\">\n\t\t\t<div class=\"elementor-icon\">\n\t\t\t<i aria-hidden=\"true\" class=\"icon icon-icon-undo-4-web\"><\/i>\t\t\t<\/div>\n\t\t<\/div>\n\t\t\t\t\t\t<\/div>\n\t\t\t\t<\/div>\n\t\t<div class=\"elementor-element elementor-element-2c7f456 e-con-full e-flex e-con e-child\" data-id=\"2c7f456\" data-element_type=\"container\">\n\t\t\t\t<div class=\"elementor-element elementor-element-f24be34 elementor-widget elementor-widget-image\" data-id=\"f24be34\" data-element_type=\"widget\" data-widget_type=\"image.default\">\n\t\t\t\t\t\t\t\t\t\t\t\t\t\t\t<img decoding=\"async\" width=\"279\" height=\"30\" src=\"https:\/\/dev.ebitplus.at\/wordpress\/wp-content\/uploads\/2026\/03\/text-bitte-waehlen.svg\" class=\"attachment-full size-full wp-image-700\" alt=\"\" \/>\t\t\t\t\t\t\t\t\t\t\t\t\t\t\t<\/div>\n\t\t\t\t<\/div>\n\t\t\t\t<\/div>\n\t\t<div class=\"elementor-element elementor-element-258d1a47 e-con-full e-flex e-con e-child\" data-id=\"258d1a47\" data-element_type=\"container\">\n\t\t<div class=\"elementor-element elementor-element-6ceb4bc e-con-full e-flex e-con e-child\" data-id=\"6ceb4bc\" data-element_type=\"container\">\n\t\t<div class=\"elementor-element elementor-element-8e2a92f e-con-full e-flex e-con e-child\" data-id=\"8e2a92f\" data-element_type=\"container\">\n\t\t<a class=\"elementor-element elementor-element-63cec80 e-con-full e-flex e-con e-child\" data-id=\"63cec80\" data-element_type=\"container\" href=\"\/en\/leistungen\/personalverrechnung\/\">\n\t\t<div class=\"elementor-element elementor-element-d584840 e-con-full e-flex e-con e-child\" data-id=\"d584840\" data-element_type=\"container\">\n\t\t\t\t<div class=\"elementor-element elementor-element-cb783a9 elementor-view-default elementor-widget elementor-widget-icon\" data-id=\"cb783a9\" data-element_type=\"widget\" data-widget_type=\"icon.default\">\n\t\t\t\t\t\t\t<div class=\"elementor-icon-wrapper\">\n\t\t\t<div class=\"elementor-icon\">\n\t\t\t<i aria-hidden=\"true\" class=\"icon icon-svg\"><\/i>\t\t\t<\/div>\n\t\t<\/div>\n\t\t\t\t\t\t<\/div>\n\t\t\t\t<\/div>\n\t\t<div class=\"elementor-element elementor-element-c5da602 e-con-full e-flex e-con e-child\" data-id=\"c5da602\" data-element_type=\"container\">\n\t\t\t\t<div class=\"elementor-element elementor-element-1f658a7 elementor-widget elementor-widget-heading\" data-id=\"1f658a7\" data-element_type=\"widget\" data-widget_type=\"heading.default\">\n\t\t\t\t\t<h3 class=\"elementor-heading-title elementor-size-default\">Laufende Steuerberatung<\/h3>\t\t\t\t<\/div>\n\t\t\t\t<div class=\"elementor-element elementor-element-44732f4 elementor-widget elementor-widget-text-editor\" data-id=\"44732f4\" data-element_type=\"widget\" data-widget_type=\"text-editor.default\">\n\t\t\t\t\t\t\t\t\t<p>Erkl\u00e4rungen, Fristen, Bescheide \u2013 wir behalten den \u00dcberblick, damit Sie es nicht m\u00fcssen.<\/p>\t\t\t\t\t\t\t\t<\/div>\n\t\t\t\t<\/div>\n\t\t\t\t<\/a>\n\t\t<div class=\"elementor-element elementor-element-cccb784 e-con-full align-bottom e-flex e-con e-child\" data-id=\"cccb784\" data-element_type=\"container\">\n\t\t<div class=\"elementor-element elementor-element-ac96c41 e-con-full e-flex e-con e-child\" data-id=\"ac96c41\" data-element_type=\"container\">\n\t\t\t\t<\/div>\n\t\t<div class=\"elementor-element elementor-element-99472f1 e-con-full e-flex e-con e-child\" data-id=\"99472f1\" data-element_type=\"container\">\n\t\t\t\t<\/div>\n\t\t\t\t<\/div>\n\t\t\t\t<\/div>\n\t\t<div class=\"elementor-element elementor-element-c3739bb e-con-full e-flex e-con e-child\" data-id=\"c3739bb\" data-element_type=\"container\">\n\t\t<a class=\"elementor-element elementor-element-bf28b46 e-con-full e-flex e-con e-child\" data-id=\"bf28b46\" data-element_type=\"container\" href=\"\/en\/leistungen\/personalverrechnung\/\">\n\t\t<div class=\"elementor-element elementor-element-8bf5bad e-con-full e-flex e-con e-child\" data-id=\"8bf5bad\" data-element_type=\"container\">\n\t\t\t\t<div class=\"elementor-element elementor-element-7639a44 elementor-view-default elementor-widget elementor-widget-icon\" data-id=\"7639a44\" data-element_type=\"widget\" data-widget_type=\"icon.default\">\n\t\t\t\t\t\t\t<div class=\"elementor-icon-wrapper\">\n\t\t\t<div class=\"elementor-icon\">\n\t\t\t<i aria-hidden=\"true\" class=\"icon icon-svg\"><\/i>\t\t\t<\/div>\n\t\t<\/div>\n\t\t\t\t\t\t<\/div>\n\t\t\t\t<\/div>\n\t\t<div class=\"elementor-element elementor-element-1043d1b e-con-full e-flex e-con e-child\" data-id=\"1043d1b\" data-element_type=\"container\">\n\t\t\t\t<div class=\"elementor-element elementor-element-a524e79 elementor-widget elementor-widget-heading\" data-id=\"a524e79\" data-element_type=\"widget\" data-widget_type=\"heading.default\">\n\t\t\t\t\t<h3 class=\"elementor-heading-title elementor-size-default\">Steuerliche Planung &amp; Optimierung<\/h3>\t\t\t\t<\/div>\n\t\t\t\t<div class=\"elementor-element elementor-element-3c39243 elementor-widget elementor-widget-text-editor\" data-id=\"3c39243\" data-element_type=\"widget\" data-widget_type=\"text-editor.default\">\n\t\t\t\t\t\t\t\t\t<p>Wo ist Spielraum? Was l\u00e4sst sich besser gestalten? Wir schauen hin \u2013 laufend, nicht nur einmal im Jahr.<\/p>\t\t\t\t\t\t\t\t<\/div>\n\t\t\t\t<\/div>\n\t\t\t\t<\/a>\n\t\t<div class=\"elementor-element elementor-element-688dba7 e-con-full align-bottom e-flex e-con e-child\" data-id=\"688dba7\" data-element_type=\"container\">\n\t\t<div class=\"elementor-element elementor-element-0a474ee e-con-full e-flex e-con e-child\" data-id=\"0a474ee\" data-element_type=\"container\">\n\t\t\t\t<\/div>\n\t\t<div class=\"elementor-element elementor-element-9d1b842 e-con-full e-flex e-con e-child\" data-id=\"9d1b842\" data-element_type=\"container\">\n\t\t\t\t<\/div>\n\t\t\t\t<\/div>\n\t\t\t\t<\/div>\n\t\t\t\t<\/div>\n\t\t<div class=\"elementor-element elementor-element-2e7f1ea e-con-full e-flex e-con e-child\" data-id=\"2e7f1ea\" data-element_type=\"container\">\n\t\t<div class=\"elementor-element elementor-element-590ca2b e-con-full e-flex e-con e-child\" data-id=\"590ca2b\" data-element_type=\"container\">\n\t\t<a class=\"elementor-element elementor-element-a2f150a e-con-full e-flex e-con e-child\" data-id=\"a2f150a\" data-element_type=\"container\" href=\"\/en\/leistungen\/personalverrechnung\/\">\n\t\t<div class=\"elementor-element elementor-element-fea5071 e-con-full e-flex e-con e-child\" data-id=\"fea5071\" data-element_type=\"container\">\n\t\t\t\t<div class=\"elementor-element elementor-element-58ea761 elementor-view-default elementor-widget elementor-widget-icon\" data-id=\"58ea761\" data-element_type=\"widget\" data-widget_type=\"icon.default\">\n\t\t\t\t\t\t\t<div class=\"elementor-icon-wrapper\">\n\t\t\t<div class=\"elementor-icon\">\n\t\t\t<i aria-hidden=\"true\" class=\"icon icon-svg\"><\/i>\t\t\t<\/div>\n\t\t<\/div>\n\t\t\t\t\t\t<\/div>\n\t\t\t\t<\/div>\n\t\t<div class=\"elementor-element elementor-element-e026399 e-con-full e-flex e-con e-child\" data-id=\"e026399\" data-element_type=\"container\">\n\t\t\t\t<div class=\"elementor-element elementor-element-d06b6f6 elementor-widget elementor-widget-heading\" data-id=\"d06b6f6\" data-element_type=\"widget\" data-widget_type=\"heading.default\">\n\t\t\t\t\t<h3 class=\"elementor-heading-title elementor-size-default\">Vertretung gegen\u00fcber Beh\u00f6rden<\/h3>\t\t\t\t<\/div>\n\t\t\t\t<div class=\"elementor-element elementor-element-9d976c6 elementor-widget elementor-widget-text-editor\" data-id=\"9d976c6\" data-element_type=\"widget\" data-widget_type=\"text-editor.default\">\n\t\t\t\t\t\t\t\t\t<p>Pr\u00fcfungen, Einspr\u00fcche, R\u00fcckfragen: Wir \u00fcbernehmen die Kommunikation \u2013 souver\u00e4n und gut vorbereitet.<\/p>\t\t\t\t\t\t\t\t<\/div>\n\t\t\t\t<\/div>\n\t\t\t\t<\/a>\n\t\t<div class=\"elementor-element elementor-element-ec6d804 e-con-full align-bottom e-flex e-con e-child\" data-id=\"ec6d804\" data-element_type=\"container\">\n\t\t<div class=\"elementor-element elementor-element-2210559 e-con-full e-flex e-con e-child\" data-id=\"2210559\" data-element_type=\"container\">\n\t\t\t\t<\/div>\n\t\t<div class=\"elementor-element elementor-element-e44ad32 e-con-full e-flex e-con e-child\" data-id=\"e44ad32\" data-element_type=\"container\">\n\t\t\t\t<\/div>\n\t\t\t\t<\/div>\n\t\t\t\t<\/div>\n\t\t<div class=\"elementor-element elementor-element-3ebb529 e-con-full e-flex e-con e-child\" data-id=\"3ebb529\" data-element_type=\"container\">\n\t\t<a class=\"elementor-element elementor-element-5cf6485 e-con-full e-flex e-con e-child\" data-id=\"5cf6485\" data-element_type=\"container\" href=\"\/en\/leistungen\/personalverrechnung\/\">\n\t\t<div class=\"elementor-element elementor-element-d335ca8 e-con-full e-flex e-con e-child\" data-id=\"d335ca8\" data-element_type=\"container\">\n\t\t\t\t<div class=\"elementor-element elementor-element-6472b01 elementor-view-default elementor-widget elementor-widget-icon\" data-id=\"6472b01\" data-element_type=\"widget\" data-widget_type=\"icon.default\">\n\t\t\t\t\t\t\t<div class=\"elementor-icon-wrapper\">\n\t\t\t<div class=\"elementor-icon\">\n\t\t\t<i aria-hidden=\"true\" class=\"icon icon-svg\"><\/i>\t\t\t<\/div>\n\t\t<\/div>\n\t\t\t\t\t\t<\/div>\n\t\t\t\t<\/div>\n\t\t<div class=\"elementor-element elementor-element-8c6335f e-con-full e-flex e-con e-child\" data-id=\"8c6335f\" data-element_type=\"container\">\n\t\t\t\t<div class=\"elementor-element elementor-element-29f53a7 elementor-widget elementor-widget-heading\" data-id=\"29f53a7\" data-element_type=\"widget\" data-widget_type=\"heading.default\">\n\t\t\t\t\t<h3 class=\"elementor-heading-title elementor-size-default\">Umsatzsteuer &amp; Unternehmensberatung<\/h3>\t\t\t\t<\/div>\n\t\t\t\t<div class=\"elementor-element elementor-element-2d1ffa9 elementor-widget elementor-widget-text-editor\" data-id=\"2d1ffa9\" data-element_type=\"widget\" data-widget_type=\"text-editor.default\">\n\t\t\t\t\t\t\t\t\t<p>Von der USt-Voranmeldung bis zur steuerlichen Einsch\u00e4tzung unternehmerischer Entscheidungen \u2013 wir denken mit.<\/p>\t\t\t\t\t\t\t\t<\/div>\n\t\t\t\t<\/div>\n\t\t\t\t<\/a>\n\t\t<div class=\"elementor-element elementor-element-98880d2 e-con-full align-bottom e-flex e-con e-child\" data-id=\"98880d2\" data-element_type=\"container\">\n\t\t<div class=\"elementor-element elementor-element-002facb e-con-full e-flex e-con e-child\" data-id=\"002facb\" data-element_type=\"container\">\n\t\t\t\t<\/div>\n\t\t<div class=\"elementor-element elementor-element-8d3ed9b e-con-full e-flex e-con e-child\" data-id=\"8d3ed9b\" data-element_type=\"container\">\n\t\t\t\t<\/div>\n\t\t\t\t<\/div>\n\t\t\t\t<\/div>\n\t\t\t\t<\/div>\n\t\t\t\t<\/div>\n\t\t\t\t\t<\/div>\n\t\t\t\t<\/div>\n\t\t<div class=\"elementor-element elementor-element-97236e3 e-flex e-con-boxed e-con e-parent\" data-id=\"97236e3\" data-element_type=\"container\">\n\t\t\t\t\t<div class=\"e-con-inner\">\n\t\t\t\t<div class=\"elementor-element elementor-element-6767685 elementor-widget elementor-widget-text-editor\" data-id=\"6767685\" data-element_type=\"widget\" data-widget_type=\"text-editor.default\">\n\t\t\t\t\t\t\t\t\t<h2>Steuerberatung \u2013 unsere Leistungen<\/h2><p>Von der pr\u00e4zisen Steuererkl\u00e4rung bis zur strategischen Gestaltung: Wir bieten Ihnen ein Full-Service-Portfolio, das Ihre steuerlichen Pflichten effizient erf\u00fcllt und Ihre wirtschaftlichen Spielr\u00e4ume konsequent nutzt.<\/p><ul><li>Steuerliche Beratung f\u00fcr Unternehmen und Privatpersonen<\/li><li>Erstellung von Steuererkl\u00e4rungen (ESt, KSt, USt u. a.)<\/li><li>Pr\u00fcfung von Bescheiden und Unterst\u00fctzung bei R\u00fcckfragen<\/li><li>Vertretung gegen\u00fcber Finanzbeh\u00f6rden<\/li><li>Umsatzsteuerberatung inkl. laufender Fragestellungen<\/li><li>Steuerliche Einsch\u00e4tzung bei Investitionen, Vertr\u00e4gen und Strukturentscheidungen<\/li><li>Begleitung bei Betriebspr\u00fcfungen und steuerlichen Pr\u00fcfverfahren<\/li><li>Steuerliche Planung und Optimierung<\/li><li>Fristenmanagement &amp; strukturierte Dokumentation<\/li><li>Abstimmung mit Buchhaltung, Jahresabschluss und externen Partnern<\/li><\/ul>\t\t\t\t\t\t\t\t<\/div>\n\t\t\t\t\t<\/div>\n\t\t\t\t<\/div>\n\t\t\t\t<\/div>","protected":false},"excerpt":{"rendered":"<p>LEISTUNGEN Steuer\u00ad\u00adberatung Immer kompetent. Immer klar. Wir k\u00fcmmern uns ganzheitlich um Ihre Steuerangelegenheiten, handeln proaktiv und sorgen daf\u00fcr, dass Sie [&hellip;]<\/p>","protected":false},"author":1,"featured_media":0,"parent":139,"menu_order":0,"comment_status":"closed","ping_status":"closed","template":"","meta":{"site-sidebar-layout":"no-sidebar","site-content-layout":"","ast-site-content-layout":"full-width-container","site-content-style":"default","site-sidebar-style":"default","ast-global-header-display":"","ast-banner-title-visibility":"","ast-main-header-display":"","ast-hfb-above-header-display":"","ast-hfb-below-header-display":"","ast-hfb-mobile-header-display":"","site-post-title":"","ast-breadcrumbs-content":"","ast-featured-img":"disabled","footer-sml-layout":"","ast-disable-related-posts":"","theme-transparent-header-meta":"","adv-header-id-meta":"","stick-header-meta":"","header-above-stick-meta":"","header-main-stick-meta":"","header-below-stick-meta":"","astra-migrate-meta-layouts":"default","ast-page-background-enabled":"default","ast-page-background-meta":{"desktop":{"background-color":"var(--ast-global-color-5)","background-image":"","background-repeat":"repeat","background-position":"center center","background-size":"auto","background-attachment":"scroll","background-type":"","background-media":"","overlay-type":"","overlay-color":"","overlay-opacity":"","overlay-gradient":""},"tablet":{"background-color":"","background-image":"","background-repeat":"repeat","background-position":"center center","background-size":"auto","background-attachment":"scroll","background-type":"","background-media":"","overlay-type":"","overlay-color":"","overlay-opacity":"","overlay-gradient":""},"mobile":{"background-color":"","background-image":"","background-repeat":"repeat","background-position":"center center","background-size":"auto","background-attachment":"scroll","background-type":"","background-media":"","overlay-type":"","overlay-color":"","overlay-opacity":"","overlay-gradient":""}},"ast-content-background-meta":{"desktop":{"background-color":"var(--ast-global-color-4)","background-image":"","background-repeat":"repeat","background-position":"center center","background-size":"auto","background-attachment":"scroll","background-type":"","background-media":"","overlay-type":"","overlay-color":"","overlay-opacity":"","overlay-gradient":""},"tablet":{"background-color":"var(--ast-global-color-4)","background-image":"","background-repeat":"repeat","background-position":"center center","background-size":"auto","background-attachment":"scroll","background-type":"","background-media":"","overlay-type":"","overlay-color":"","overlay-opacity":"","overlay-gradient":""},"mobile":{"background-color":"var(--ast-global-color-4)","background-image":"","background-repeat":"repeat","background-position":"center center","background-size":"auto","background-attachment":"scroll","background-type":"","background-media":"","overlay-type":"","overlay-color":"","overlay-opacity":"","overlay-gradient":""}},"footnotes":""},"class_list":["post-498","page","type-page","status-publish","hentry"],"_links":{"self":[{"href":"https:\/\/dev.ebitplus.at\/en\/wp-json\/wp\/v2\/pages\/498","targetHints":{"allow":["GET"]}}],"collection":[{"href":"https:\/\/dev.ebitplus.at\/en\/wp-json\/wp\/v2\/pages"}],"about":[{"href":"https:\/\/dev.ebitplus.at\/en\/wp-json\/wp\/v2\/types\/page"}],"author":[{"embeddable":true,"href":"https:\/\/dev.ebitplus.at\/en\/wp-json\/wp\/v2\/users\/1"}],"replies":[{"embeddable":true,"href":"https:\/\/dev.ebitplus.at\/en\/wp-json\/wp\/v2\/comments?post=498"}],"version-history":[{"count":136,"href":"https:\/\/dev.ebitplus.at\/en\/wp-json\/wp\/v2\/pages\/498\/revisions"}],"predecessor-version":[{"id":1687,"href":"https:\/\/dev.ebitplus.at\/en\/wp-json\/wp\/v2\/pages\/498\/revisions\/1687"}],"up":[{"embeddable":true,"href":"https:\/\/dev.ebitplus.at\/en\/wp-json\/wp\/v2\/pages\/139"}],"wp:attachment":[{"href":"https:\/\/dev.ebitplus.at\/en\/wp-json\/wp\/v2\/media?parent=498"}],"curies":[{"name":"wp","href":"https:\/\/api.w.org\/{rel}","templated":true}]}}