{"id":508,"date":"2026-03-18T14:14:33","date_gmt":"2026-03-18T13:14:33","guid":{"rendered":"https:\/\/dev.ebitplus.at\/?page_id=508"},"modified":"2026-03-31T14:04:07","modified_gmt":"2026-03-31T13:04:07","slug":"handel","status":"publish","type":"page","link":"https:\/\/dev.ebitplus.at\/en\/branchen\/handel\/","title":{"rendered":"Handel"},"content":{"rendered":"<div data-elementor-type=\"wp-page\" data-elementor-id=\"508\" class=\"elementor elementor-508\" data-elementor-post-type=\"page\">\n\t\t\t\t<div class=\"elementor-element elementor-element-18e8be97 container-header e-flex e-con-boxed e-con e-parent\" data-id=\"18e8be97\" data-element_type=\"container\" data-settings=\"{&quot;background_background&quot;:&quot;gradient&quot;}\">\n\t\t\t\t\t<div class=\"e-con-inner\">\n\t\t<div class=\"elementor-element elementor-element-4a3d13d e-con-full e-flex e-con e-child\" data-id=\"4a3d13d\" data-element_type=\"container\">\n\t\t<div class=\"elementor-element elementor-element-75026a3e e-con-full e-flex e-con e-child\" data-id=\"75026a3e\" data-element_type=\"container\">\n\t\t\t\t<div class=\"elementor-element elementor-element-2ef11921 elementor-widget elementor-widget-text-editor\" data-id=\"2ef11921\" data-element_type=\"widget\" data-widget_type=\"text-editor.default\">\n\t\t\t\t\t\t\t\t\t<p>BRANCHEN<\/p>\t\t\t\t\t\t\t\t<\/div>\n\t\t\t\t<div class=\"elementor-element elementor-element-71a9a347 elementor-widget elementor-widget-text-editor\" data-id=\"71a9a347\" data-element_type=\"widget\" data-widget_type=\"text-editor.default\">\n\t\t\t\t\t\t\t\t\t<h1>Steuerberatung \nf\u00fcr den Handel.<\/h1>\t\t\t\t\t\t\t\t<\/div>\n\t\t\t\t<\/div>\n\t\t\t\t<div class=\"elementor-element elementor-element-558a298d elementor-widget elementor-widget-shortcode\" data-id=\"558a298d\" data-element_type=\"widget\" data-widget_type=\"shortcode.default\">\n\t\t\t\t\t\t\t<div class=\"elementor-shortcode\"><nav aria-label=\"breadcrumbs\" class=\"rank-math-breadcrumb\"><p><span class=\"last\">Home<\/span><\/p><\/nav><\/div>\n\t\t\t\t\t\t<\/div>\n\t\t\t\t<\/div>\n\t\t<div class=\"elementor-element elementor-element-3a12564f e-con-full e-flex e-con e-child\" data-id=\"3a12564f\" data-element_type=\"container\">\n\t\t\t\t<div class=\"elementor-element elementor-element-393305c9 elementor-widget elementor-widget-image\" data-id=\"393305c9\" data-element_type=\"widget\" data-widget_type=\"image.default\">\n\t\t\t\t\t\t\t\t\t\t\t\t\t\t\t<img fetchpriority=\"high\" decoding=\"async\" width=\"570\" height=\"442\" src=\"https:\/\/dev.ebitplus.at\/wordpress\/wp-content\/uploads\/2026\/03\/beratung-dummy-v02.jpg\" class=\"attachment-large size-large wp-image-774\" alt=\"\" srcset=\"https:\/\/dev.ebitplus.at\/wordpress\/wp-content\/uploads\/2026\/03\/beratung-dummy-v02.jpg 570w, https:\/\/dev.ebitplus.at\/wordpress\/wp-content\/uploads\/2026\/03\/beratung-dummy-v02-300x233.jpg 300w, https:\/\/dev.ebitplus.at\/wordpress\/wp-content\/uploads\/2026\/03\/beratung-dummy-v02-15x12.jpg 15w\" sizes=\"(max-width: 570px) 100vw, 570px\" \/>\t\t\t\t\t\t\t\t\t\t\t\t\t\t\t<\/div>\n\t\t\t\t<\/div>\n\t\t\t\t\t<\/div>\n\t\t\t\t<\/div>\n\t\t<div class=\"elementor-element elementor-element-4e08ea2f container-intro e-flex e-con-boxed e-con e-parent\" data-id=\"4e08ea2f\" data-element_type=\"container\">\n\t\t\t\t\t<div class=\"e-con-inner\">\n\t\t<div class=\"elementor-element elementor-element-2d817df3 e-con-full e-flex e-con e-child\" data-id=\"2d817df3\" data-element_type=\"container\">\n\t\t\t\t<div class=\"elementor-element elementor-element-72ec682d elementor-widget elementor-widget-text-editor\" data-id=\"72ec682d\" data-element_type=\"widget\" data-widget_type=\"text-editor.default\">\n\t\t\t\t\t\t\t\t\t<p><strong>Klare Zahlen. Voller Durchblick. Schnelle Entscheidungen.<\/strong> <br \/>Im Handel z\u00e4hlen Geschwindigkeit und \u00dcberblick. Wer nicht wei\u00df, wo die Marge liegt, welche Produkte wirklich rentabel sind und wie die Liquidit\u00e4t in drei Monaten aussieht, entscheidet aus dem Bauch. Wir sorgen daf\u00fcr, dass Sie auf Basis echter Zahlen entscheiden \u2013 schnell, sicher und ohne \u00dcberraschungen.<\/p>\t\t\t\t\t\t\t\t<\/div>\n\t\t\t\t<\/div>\n\t\t<div class=\"elementor-element elementor-element-7de15cc9 e-con-full e-flex e-con e-child\" data-id=\"7de15cc9\" data-element_type=\"container\">\n\t\t\t\t<\/div>\n\t\t\t\t\t<\/div>\n\t\t\t\t<\/div>\n\t\t<div class=\"elementor-element elementor-element-6e8b1f59 e-flex e-con-boxed e-con e-parent\" data-id=\"6e8b1f59\" data-element_type=\"container\">\n\t\t\t\t\t<div class=\"e-con-inner\">\n\t\t<div class=\"elementor-element elementor-element-1ce89fcc e-con-full e-flex e-con e-child\" data-id=\"1ce89fcc\" data-element_type=\"container\">\n\t\t\t\t<div class=\"elementor-element elementor-element-1d21ef8b elementor-widget elementor-widget-text-editor\" data-id=\"1d21ef8b\" data-element_type=\"widget\" data-widget_type=\"text-editor.default\">\n\t\t\t\t\t\t\t\t\t<p>F\u00dcR DEN HANDEL<\/p>\t\t\t\t\t\t\t\t<\/div>\n\t\t\t\t<div class=\"elementor-element elementor-element-84dda30 elementor-widget elementor-widget-text-editor\" data-id=\"84dda30\" data-element_type=\"widget\" data-widget_type=\"text-editor.default\">\n\t\t\t\t\t\t\t\t\t<h2>Was Handelsunter&shy;nehmen\nwirklich brauchen.<\/h2>\t\t\t\t\t\t\t\t<\/div>\n\t\t\t\t<\/div>\n\t\t<div class=\"elementor-element elementor-element-52855d7d e-con-full e-flex e-con e-child\" data-id=\"52855d7d\" data-element_type=\"container\">\n\t\t\t\t<div class=\"elementor-element elementor-element-464a680d elementor-widget elementor-widget-text-editor\" data-id=\"464a680d\" data-element_type=\"widget\" data-widget_type=\"text-editor.default\">\n\t\t\t\t\t\t\t\t\tWarenwirtschaft, Lagerbewertung, Umsatzsteuer, Schnittstellen zwischen Kassa und Buchhaltung \u2013 das sind die Themen, die im Handel t\u00e4glich relevant sind. Wir kennen diese Komplexit\u00e4t und sorgen f\u00fcr eine saubere Struktur im Hintergrund.\n\n<strong>Dazu kommt der strategische Blick:<\/strong> Skalierung, Struktur&shy; optimierung, Finanzierungsgespr\u00e4che mit der Bank. Wir begleiten nicht nur den Alltag, sondern auch die gro\u00dfen Entscheidungen.\t\t\t\t\t\t\t\t<\/div>\n\t\t\t\t<\/div>\n\t\t\t\t\t<\/div>\n\t\t\t\t<\/div>\n\t\t<div class=\"elementor-element elementor-element-3e01b1b3 e-flex e-con-boxed e-con e-parent\" data-id=\"3e01b1b3\" data-element_type=\"container\">\n\t\t\t\t\t<div class=\"e-con-inner\">\n\t\t\t\t<div class=\"elementor-element elementor-element-3c58bde2 elementor-widget elementor-widget-text-editor\" data-id=\"3c58bde2\" data-element_type=\"widget\" data-widget_type=\"text-editor.default\">\n\t\t\t\t\t\t\t\t\t<h3>Unsere Expertise f\u00fcr Ihren Handelserfolg<\/h3>\t\t\t\t\t\t\t\t<\/div>\n\t\t\t\t\t<\/div>\n\t\t\t\t<\/div>\n\t\t<div class=\"elementor-element elementor-element-5fc42b07 container-green-teaser e-flex e-con-boxed e-con e-parent\" data-id=\"5fc42b07\" data-element_type=\"container\" data-settings=\"{&quot;background_background&quot;:&quot;gradient&quot;}\">\n\t\t\t\t\t<div class=\"e-con-inner\">\n\t\t<div class=\"elementor-element elementor-element-189f8893 e-con-full e-flex e-con e-child\" data-id=\"189f8893\" data-element_type=\"container\">\n\t\t<div class=\"elementor-element elementor-element-53b2192b e-con-full e-flex e-con e-child\" data-id=\"53b2192b\" data-element_type=\"container\">\n\t\t\t\t<div class=\"elementor-element elementor-element-665968e2 elementor-view-default elementor-widget elementor-widget-icon\" data-id=\"665968e2\" data-element_type=\"widget\" data-widget_type=\"icon.default\">\n\t\t\t\t\t\t\t<div class=\"elementor-icon-wrapper\">\n\t\t\t<div class=\"elementor-icon\">\n\t\t\t<i aria-hidden=\"true\" class=\"icon icon-icon-undo-4-web\"><\/i>\t\t\t<\/div>\n\t\t<\/div>\n\t\t\t\t\t\t<\/div>\n\t\t\t\t<\/div>\n\t\t<div class=\"elementor-element elementor-element-6620bb76 e-con-full e-flex e-con e-child\" data-id=\"6620bb76\" data-element_type=\"container\">\n\t\t\t\t<div class=\"elementor-element elementor-element-2f32e521 elementor-widget elementor-widget-image\" data-id=\"2f32e521\" data-element_type=\"widget\" data-widget_type=\"image.default\">\n\t\t\t\t\t\t\t\t\t\t\t\t\t\t\t<img decoding=\"async\" width=\"279\" height=\"30\" src=\"https:\/\/dev.ebitplus.at\/wordpress\/wp-content\/uploads\/2026\/03\/text-bitte-waehlen.svg\" class=\"attachment-full size-full wp-image-700\" alt=\"\" \/>\t\t\t\t\t\t\t\t\t\t\t\t\t\t\t<\/div>\n\t\t\t\t<\/div>\n\t\t\t\t<\/div>\n\t\t<div class=\"elementor-element elementor-element-7b013064 e-con-full e-flex e-con e-child\" data-id=\"7b013064\" data-element_type=\"container\">\n\t\t<div class=\"elementor-element elementor-element-7ea38a4c e-con-full e-flex e-con e-child\" data-id=\"7ea38a4c\" data-element_type=\"container\">\n\t\t<div class=\"elementor-element elementor-element-c7e9a84 e-con-full e-flex e-con e-child\" data-id=\"c7e9a84\" data-element_type=\"container\">\n\t\t<a class=\"elementor-element elementor-element-17936602 e-con-full e-flex e-con e-child\" data-id=\"17936602\" data-element_type=\"container\">\n\t\t<div class=\"elementor-element elementor-element-1a4e464c e-con-full e-flex e-con e-child\" data-id=\"1a4e464c\" data-element_type=\"container\">\n\t\t\t\t<div class=\"elementor-element elementor-element-14e4318b elementor-view-default elementor-widget elementor-widget-icon\" data-id=\"14e4318b\" data-element_type=\"widget\" data-widget_type=\"icon.default\">\n\t\t\t\t\t\t\t<div class=\"elementor-icon-wrapper\">\n\t\t\t<div class=\"elementor-icon\">\n\t\t\t<i aria-hidden=\"true\" class=\"icon icon-svg\"><\/i>\t\t\t<\/div>\n\t\t<\/div>\n\t\t\t\t\t\t<\/div>\n\t\t\t\t<\/div>\n\t\t<div class=\"elementor-element elementor-element-6550adcb e-con-full e-flex e-con e-child\" data-id=\"6550adcb\" data-element_type=\"container\">\n\t\t\t\t<div class=\"elementor-element elementor-element-17c46d05 elementor-widget elementor-widget-heading\" data-id=\"17c46d05\" data-element_type=\"widget\" data-widget_type=\"heading.default\">\n\t\t\t\t\t<h3 class=\"elementor-heading-title elementor-size-default\">Steuerberatung<\/h3>\t\t\t\t<\/div>\n\t\t\t\t<div class=\"elementor-element elementor-element-614cb982 elementor-widget elementor-widget-text-editor\" data-id=\"614cb982\" data-element_type=\"widget\" data-widget_type=\"text-editor.default\">\n\t\t\t\t\t\t\t\t\t<p><strong>Steuerlast minimieren, Spielraum maximieren:<\/strong> Wir optimieren Ihre Umsatzsteuer-Prozesse und nutzen branchenspezifische Spielr\u00e4ume, damit Ihnen mehr Kapital f\u00fcr Warenbestand und Wachstum bleibt.<\/p>\t\t\t\t\t\t\t\t<\/div>\n\t\t\t\t<\/div>\n\t\t\t\t<\/a>\n\t\t\t\t<\/div>\n\t\t<div class=\"elementor-element elementor-element-5297c97c e-con-full e-flex e-con e-child\" data-id=\"5297c97c\" data-element_type=\"container\">\n\t\t<a class=\"elementor-element elementor-element-6028c193 e-con-full e-flex e-con e-child\" data-id=\"6028c193\" data-element_type=\"container\">\n\t\t<div class=\"elementor-element elementor-element-53d58141 e-con-full e-flex e-con e-child\" data-id=\"53d58141\" data-element_type=\"container\">\n\t\t\t\t<div class=\"elementor-element elementor-element-8eff669 elementor-view-default elementor-widget elementor-widget-icon\" data-id=\"8eff669\" data-element_type=\"widget\" data-widget_type=\"icon.default\">\n\t\t\t\t\t\t\t<div class=\"elementor-icon-wrapper\">\n\t\t\t<div class=\"elementor-icon\">\n\t\t\t<i aria-hidden=\"true\" class=\"icon icon-svg\"><\/i>\t\t\t<\/div>\n\t\t<\/div>\n\t\t\t\t\t\t<\/div>\n\t\t\t\t<\/div>\n\t\t<div class=\"elementor-element elementor-element-19c92e12 e-con-full e-flex e-con e-child\" data-id=\"19c92e12\" data-element_type=\"container\">\n\t\t\t\t<div class=\"elementor-element elementor-element-62b2c537 elementor-widget elementor-widget-heading\" data-id=\"62b2c537\" data-element_type=\"widget\" data-widget_type=\"heading.default\">\n\t\t\t\t\t<h3 class=\"elementor-heading-title elementor-size-default\">Rechnungswesen &amp; Abschluss<\/h3>\t\t\t\t<\/div>\n\t\t\t\t<div class=\"elementor-element elementor-element-381c3419 elementor-widget elementor-widget-text-editor\" data-id=\"381c3419\" data-element_type=\"widget\" data-widget_type=\"text-editor.default\">\n\t\t\t\t\t\t\t\t\t<p><strong>Transparenz auf Knopfdruck:<\/strong> Pr\u00e4zise Bilanzen und unterj\u00e4hrige Auswertungen, die Ihre Warenstr\u00f6me korrekt abbilden \u2013 die perfekte Basis f\u00fcr Bankgespr\u00e4che und Betriebspr\u00fcfungen.<\/p>\t\t\t\t\t\t\t\t<\/div>\n\t\t\t\t<\/div>\n\t\t\t\t<\/a>\n\t\t\t\t<\/div>\n\t\t\t\t<\/div>\n\t\t<div class=\"elementor-element elementor-element-32220db9 e-con-full e-flex e-con e-child\" data-id=\"32220db9\" data-element_type=\"container\">\n\t\t<div class=\"elementor-element elementor-element-2831b382 e-con-full e-flex e-con e-child\" data-id=\"2831b382\" data-element_type=\"container\">\n\t\t<a class=\"elementor-element elementor-element-6f16d19e e-con-full e-flex e-con e-child\" data-id=\"6f16d19e\" data-element_type=\"container\">\n\t\t<div class=\"elementor-element elementor-element-406380e9 e-con-full e-flex e-con e-child\" data-id=\"406380e9\" data-element_type=\"container\">\n\t\t\t\t<div class=\"elementor-element elementor-element-7cbbb892 elementor-view-default elementor-widget elementor-widget-icon\" data-id=\"7cbbb892\" data-element_type=\"widget\" data-widget_type=\"icon.default\">\n\t\t\t\t\t\t\t<div class=\"elementor-icon-wrapper\">\n\t\t\t<div class=\"elementor-icon\">\n\t\t\t<i aria-hidden=\"true\" class=\"icon icon-svg\"><\/i>\t\t\t<\/div>\n\t\t<\/div>\n\t\t\t\t\t\t<\/div>\n\t\t\t\t<\/div>\n\t\t<div class=\"elementor-element elementor-element-5a5f2342 e-con-full e-flex e-con e-child\" data-id=\"5a5f2342\" data-element_type=\"container\">\n\t\t\t\t<div class=\"elementor-element elementor-element-3145f5a2 elementor-widget elementor-widget-heading\" data-id=\"3145f5a2\" data-element_type=\"widget\" data-widget_type=\"heading.default\">\n\t\t\t\t\t<h3 class=\"elementor-heading-title elementor-size-default\">Digitale Prozesse &amp; Schnittstellen<\/h3>\t\t\t\t<\/div>\n\t\t\t\t<div class=\"elementor-element elementor-element-1171c98a elementor-widget elementor-widget-text-editor\" data-id=\"1171c98a\" data-element_type=\"widget\" data-widget_type=\"text-editor.default\">\n\t\t\t\t\t\t\t\t\t<p><strong>Schluss mit Zettelwirtschaft:<\/strong> Wir vernetzen Ihr Kassensystem (POS), Webshop und Warenwirtschaft direkt mit unserer Buchhaltung \u2013 f\u00fcr automatisierte Datenfl\u00fcsse ohne Medienbruch.<\/p>\t\t\t\t\t\t\t\t<\/div>\n\t\t\t\t<\/div>\n\t\t\t\t<\/a>\n\t\t\t\t<\/div>\n\t\t<div class=\"elementor-element elementor-element-233b08c3 e-con-full e-flex e-con e-child\" data-id=\"233b08c3\" data-element_type=\"container\">\n\t\t<a class=\"elementor-element elementor-element-628d9e3d e-con-full e-flex e-con e-child\" data-id=\"628d9e3d\" data-element_type=\"container\">\n\t\t<div class=\"elementor-element elementor-element-54d966af e-con-full e-flex e-con e-child\" data-id=\"54d966af\" data-element_type=\"container\">\n\t\t\t\t<div class=\"elementor-element elementor-element-77edc8d2 elementor-view-default elementor-widget elementor-widget-icon\" data-id=\"77edc8d2\" data-element_type=\"widget\" data-widget_type=\"icon.default\">\n\t\t\t\t\t\t\t<div class=\"elementor-icon-wrapper\">\n\t\t\t<div class=\"elementor-icon\">\n\t\t\t<i aria-hidden=\"true\" class=\"icon icon-svg\"><\/i>\t\t\t<\/div>\n\t\t<\/div>\n\t\t\t\t\t\t<\/div>\n\t\t\t\t<\/div>\n\t\t<div class=\"elementor-element elementor-element-6558ca83 e-con-full e-flex e-con e-child\" data-id=\"6558ca83\" data-element_type=\"container\">\n\t\t\t\t<div class=\"elementor-element elementor-element-a7a75e6 elementor-widget elementor-widget-heading\" data-id=\"a7a75e6\" data-element_type=\"widget\" data-widget_type=\"heading.default\">\n\t\t\t\t\t<h3 class=\"elementor-heading-title elementor-size-default\">Digitale Prozesse &amp; Schnittstellen<\/h3>\t\t\t\t<\/div>\n\t\t\t\t<div class=\"elementor-element elementor-element-18f6e2c6 elementor-widget elementor-widget-text-editor\" data-id=\"18f6e2c6\" data-element_type=\"widget\" data-widget_type=\"text-editor.default\">\n\t\t\t\t\t\t\t\t\t<p><strong>Kennzahlen, die Sie weiterbringen:<\/strong> Fundierte Analyse von EBIT, Deckungsbeitr\u00e4gen und Lagerumschlagsh\u00e4ufigkeit, damit Sie Trends im Handel fr\u00fchzeitig erkennen und profitabel steuern.<\/p>\t\t\t\t\t\t\t\t<\/div>\n\t\t\t\t<\/div>\n\t\t\t\t<\/a>\n\t\t\t\t<\/div>\n\t\t\t\t<\/div>\n\t\t\t\t<\/div>\n\t\t\t\t\t<\/div>\n\t\t\t\t<\/div>\n\t\t<div class=\"elementor-element elementor-element-1f42f33b e-flex e-con-boxed e-con e-parent\" data-id=\"1f42f33b\" data-element_type=\"container\">\n\t\t\t\t\t<div class=\"e-con-inner\">\n\t\t<div class=\"elementor-element elementor-element-30eac7ec e-con-full e-flex e-con e-child\" data-id=\"30eac7ec\" data-element_type=\"container\">\n\t\t\t\t<div class=\"elementor-element elementor-element-34c89ff6 elementor-widget elementor-widget-text-editor\" data-id=\"34c89ff6\" data-element_type=\"widget\" data-widget_type=\"text-editor.default\">\n\t\t\t\t\t\t\t\t\t<h3>Wir schaffen Zahlen- und Steuer\u00adklarheit in Ihrem Handelsunternehmen.<\/h3>\t\t\t\t\t\t\t\t<\/div>\n\t\t\t\t<div class=\"elementor-element elementor-element-4fce9c0e elementor-widget elementor-widget-button\" data-id=\"4fce9c0e\" data-element_type=\"widget\" data-widget_type=\"button.default\">\n\t\t\t\t\t\t\t\t\t\t<a class=\"elementor-button elementor-button-link elementor-size-sm\" href=\"https:\/\/dev.ebitplus.at\/en\">\n\t\t\t\t\t\t<span class=\"elementor-button-content-wrapper\">\n\t\t\t\t\t\t\t\t\t<span class=\"elementor-button-text\">Jetzt Termin vereinbaren<\/span>\n\t\t\t\t\t<\/span>\n\t\t\t\t\t<\/a>\n\t\t\t\t\t\t\t\t<\/div>\n\t\t\t\t<\/div>\n\t\t\t\t\t<\/div>\n\t\t\t\t<\/div>\n\t\t<div class=\"elementor-element elementor-element-18ba58e0 e-flex e-con-boxed e-con e-parent\" data-id=\"18ba58e0\" data-element_type=\"container\">\n\t\t\t\t\t<div class=\"e-con-inner\">\n\t\t\t\t<div class=\"elementor-element elementor-element-cf2b045 elementor-widget elementor-widget-text-editor\" data-id=\"cf2b045\" data-element_type=\"widget\" data-widget_type=\"text-editor.default\">\n\t\t\t\t\t\t\t\t\t<h2>Ihre Vorteile mit ebit<\/h2>\t\t\t\t\t\t\t\t<\/div>\n\t\t\t\t\t<\/div>\n\t\t\t\t<\/div>\n\t\t<div class=\"elementor-element elementor-element-fc4db75 e-grid container-tsr-arrow-text-grid e-con-boxed e-con e-parent\" data-id=\"fc4db75\" data-element_type=\"container\">\n\t\t\t\t\t<div class=\"e-con-inner\">\n\t\t<a class=\"elementor-element elementor-element-7b6ff99 e-con-full e-flex e-con e-child\" data-id=\"7b6ff99\" data-element_type=\"container\">\n\t\t\t\t<div class=\"elementor-element elementor-element-38b480f5 elementor-widget elementor-widget-heading\" data-id=\"38b480f5\" data-element_type=\"widget\" data-widget_type=\"heading.default\">\n\t\t\t\t\t<h3 class=\"elementor-heading-title elementor-size-default\">Branchenverst\u00e4ndnis<\/h3>\t\t\t\t<\/div>\n\t\t\t\t<div class=\"elementor-element elementor-element-609eb13e elementor-view-default elementor-widget elementor-widget-icon\" data-id=\"609eb13e\" data-element_type=\"widget\" data-widget_type=\"icon.default\">\n\t\t\t\t\t\t\t<div class=\"elementor-icon-wrapper\">\n\t\t\t<div class=\"elementor-icon\">\n\t\t\t<i aria-hidden=\"true\" class=\"icon icon-pfeil\"><\/i>\t\t\t<\/div>\n\t\t<\/div>\n\t\t\t\t\t\t<\/div>\n\t\t\t\t<div class=\"elementor-element elementor-element-53e142de elementor-widget elementor-widget-text-editor\" data-id=\"53e142de\" data-element_type=\"widget\" data-widget_type=\"text-editor.default\">\n\t\t\t\t\t\t\t\t\t<p>Wir kennen Warenstr\u00f6me, Handelskennzahlen und typische steuerliche Stolpersteine.<\/p>\t\t\t\t\t\t\t\t<\/div>\n\t\t\t\t<\/a>\n\t\t<a class=\"elementor-element elementor-element-6e9871d4 e-con-full e-flex e-con e-child\" data-id=\"6e9871d4\" data-element_type=\"container\">\n\t\t\t\t<div class=\"elementor-element elementor-element-355729d4 elementor-widget elementor-widget-heading\" data-id=\"355729d4\" data-element_type=\"widget\" data-widget_type=\"heading.default\">\n\t\t\t\t\t<h3 class=\"elementor-heading-title elementor-size-default\">Aussagekr\u00e4ftige Auswertungen<\/h3>\t\t\t\t<\/div>\n\t\t\t\t<div class=\"elementor-element elementor-element-c8dfa6b elementor-view-default elementor-widget elementor-widget-icon\" data-id=\"c8dfa6b\" data-element_type=\"widget\" data-widget_type=\"icon.default\">\n\t\t\t\t\t\t\t<div class=\"elementor-icon-wrapper\">\n\t\t\t<div class=\"elementor-icon\">\n\t\t\t<i aria-hidden=\"true\" class=\"icon icon-pfeil\"><\/i>\t\t\t<\/div>\n\t\t<\/div>\n\t\t\t\t\t\t<\/div>\n\t\t\t\t<div class=\"elementor-element elementor-element-7fa9c33b elementor-widget elementor-widget-text-editor\" data-id=\"7fa9c33b\" data-element_type=\"widget\" data-widget_type=\"text-editor.default\">\n\t\t\t\t\t\t\t\t\t<p>Keine Standardberichte \u2013 sondern Zahlen, die Sie wirklich steuern k\u00f6nnen.<\/p>\t\t\t\t\t\t\t\t<\/div>\n\t\t\t\t<\/a>\n\t\t<a class=\"elementor-element elementor-element-29d77340 e-con-full e-flex e-con e-child\" data-id=\"29d77340\" data-element_type=\"container\">\n\t\t\t\t<div class=\"elementor-element elementor-element-57bcb0ab elementor-widget elementor-widget-heading\" data-id=\"57bcb0ab\" data-element_type=\"widget\" data-widget_type=\"heading.default\">\n\t\t\t\t\t<h3 class=\"elementor-heading-title elementor-size-default\">Digitale Schnittstellen<\/h3>\t\t\t\t<\/div>\n\t\t\t\t<div class=\"elementor-element elementor-element-230ab670 elementor-view-default elementor-widget elementor-widget-icon\" data-id=\"230ab670\" data-element_type=\"widget\" data-widget_type=\"icon.default\">\n\t\t\t\t\t\t\t<div class=\"elementor-icon-wrapper\">\n\t\t\t<div class=\"elementor-icon\">\n\t\t\t<i aria-hidden=\"true\" class=\"icon icon-pfeil\"><\/i>\t\t\t<\/div>\n\t\t<\/div>\n\t\t\t\t\t\t<\/div>\n\t\t\t\t<div class=\"elementor-element elementor-element-7d68c599 elementor-widget elementor-widget-text-editor\" data-id=\"7d68c599\" data-element_type=\"widget\" data-widget_type=\"text-editor.default\">\n\t\t\t\t\t\t\t\t\t<p>Kassa, Warenwirtschaft, Buchhaltung \u2013 sauber vernetzt, ohne Medienbruch. <\/p>\t\t\t\t\t\t\t\t<\/div>\n\t\t\t\t<\/a>\n\t\t<a class=\"elementor-element elementor-element-735c73d9 e-con-full e-flex e-con e-child\" data-id=\"735c73d9\" data-element_type=\"container\">\n\t\t\t\t<div class=\"elementor-element elementor-element-29c4fdc4 elementor-widget elementor-widget-heading\" data-id=\"29c4fdc4\" data-element_type=\"widget\" data-widget_type=\"heading.default\">\n\t\t\t\t\t<h3 class=\"elementor-heading-title elementor-size-default\">Internationales Netzwerk<\/h3>\t\t\t\t<\/div>\n\t\t\t\t<div class=\"elementor-element elementor-element-4ff028ae elementor-view-default elementor-widget elementor-widget-icon\" data-id=\"4ff028ae\" data-element_type=\"widget\" data-widget_type=\"icon.default\">\n\t\t\t\t\t\t\t<div class=\"elementor-icon-wrapper\">\n\t\t\t<div class=\"elementor-icon\">\n\t\t\t<i aria-hidden=\"true\" class=\"icon icon-pfeil\"><\/i>\t\t\t<\/div>\n\t\t<\/div>\n\t\t\t\t\t\t<\/div>\n\t\t\t\t<div class=\"elementor-element elementor-element-2c68922c elementor-widget elementor-widget-text-editor\" data-id=\"2c68922c\" data-element_type=\"widget\" data-widget_type=\"text-editor.default\">\n\t\t\t\t\t\t\t\t\t<p>F\u00fcr grenz\u00fcberschreitende Themen: USt, Zoll, Auslandsm\u00e4rkte.<\/p>\t\t\t\t\t\t\t\t<\/div>\n\t\t\t\t<\/a>\n\t\t\t\t\t<\/div>\n\t\t\t\t<\/div>\n\t\t\t\t<\/div>","protected":false},"excerpt":{"rendered":"<p>BRANCHEN Steuerberatung f\u00fcr den Handel. Klare Zahlen. Voller Durchblick. Schnelle Entscheidungen. Im Handel z\u00e4hlen Geschwindigkeit und \u00dcberblick. Wer nicht wei\u00df, [&hellip;]<\/p>","protected":false},"author":1,"featured_media":0,"parent":141,"menu_order":0,"comment_status":"closed","ping_status":"closed","template":"","meta":{"site-sidebar-layout":"no-sidebar","site-content-layout":"","ast-site-content-layout":"full-width-container","site-content-style":"default","site-sidebar-style":"default","ast-global-header-display":"","ast-banner-title-visibility":"","ast-main-header-display":"","ast-hfb-above-header-display":"","ast-hfb-below-header-display":"","ast-hfb-mobile-header-display":"","site-post-title":"","ast-breadcrumbs-content":"","ast-featured-img":"disabled","footer-sml-layout":"","ast-disable-related-posts":"","theme-transparent-header-meta":"","adv-header-id-meta":"","stick-header-meta":"","header-above-stick-meta":"","header-main-stick-meta":"","header-below-stick-meta":"","astra-migrate-meta-layouts":"default","ast-page-background-enabled":"default","ast-page-background-meta":{"desktop":{"background-color":"var(--ast-global-color-5)","background-image":"","background-repeat":"repeat","background-position":"center center","background-size":"auto","background-attachment":"scroll","background-type":"","background-media":"","overlay-type":"","overlay-color":"","overlay-opacity":"","overlay-gradient":""},"tablet":{"background-color":"","background-image":"","background-repeat":"repeat","background-position":"center center","background-size":"auto","background-attachment":"scroll","background-type":"","background-media":"","overlay-type":"","overlay-color":"","overlay-opacity":"","overlay-gradient":""},"mobile":{"background-color":"","background-image":"","background-repeat":"repeat","background-position":"center center","background-size":"auto","background-attachment":"scroll","background-type":"","background-media":"","overlay-type":"","overlay-color":"","overlay-opacity":"","overlay-gradient":""}},"ast-content-background-meta":{"desktop":{"background-color":"var(--ast-global-color-4)","background-image":"","background-repeat":"repeat","background-position":"center center","background-size":"auto","background-attachment":"scroll","background-type":"","background-media":"","overlay-type":"","overlay-color":"","overlay-opacity":"","overlay-gradient":""},"tablet":{"background-color":"var(--ast-global-color-4)","background-image":"","background-repeat":"repeat","background-position":"center center","background-size":"auto","background-attachment":"scroll","background-type":"","background-media":"","overlay-type":"","overlay-color":"","overlay-opacity":"","overlay-gradient":""},"mobile":{"background-color":"var(--ast-global-color-4)","background-image":"","background-repeat":"repeat","background-position":"center center","background-size":"auto","background-attachment":"scroll","background-type":"","background-media":"","overlay-type":"","overlay-color":"","overlay-opacity":"","overlay-gradient":""}},"footnotes":""},"class_list":["post-508","page","type-page","status-publish","hentry"],"_links":{"self":[{"href":"https:\/\/dev.ebitplus.at\/en\/wp-json\/wp\/v2\/pages\/508","targetHints":{"allow":["GET"]}}],"collection":[{"href":"https:\/\/dev.ebitplus.at\/en\/wp-json\/wp\/v2\/pages"}],"about":[{"href":"https:\/\/dev.ebitplus.at\/en\/wp-json\/wp\/v2\/types\/page"}],"author":[{"embeddable":true,"href":"https:\/\/dev.ebitplus.at\/en\/wp-json\/wp\/v2\/users\/1"}],"replies":[{"embeddable":true,"href":"https:\/\/dev.ebitplus.at\/en\/wp-json\/wp\/v2\/comments?post=508"}],"version-history":[{"count":37,"href":"https:\/\/dev.ebitplus.at\/en\/wp-json\/wp\/v2\/pages\/508\/revisions"}],"predecessor-version":[{"id":1851,"href":"https:\/\/dev.ebitplus.at\/en\/wp-json\/wp\/v2\/pages\/508\/revisions\/1851"}],"up":[{"embeddable":true,"href":"https:\/\/dev.ebitplus.at\/en\/wp-json\/wp\/v2\/pages\/141"}],"wp:attachment":[{"href":"https:\/\/dev.ebitplus.at\/en\/wp-json\/wp\/v2\/media?parent=508"}],"curies":[{"name":"wp","href":"https:\/\/api.w.org\/{rel}","templated":true}]}}