{"id":512,"date":"2026-03-18T14:15:23","date_gmt":"2026-03-18T13:15:23","guid":{"rendered":"https:\/\/dev.ebitplus.at\/?page_id=512"},"modified":"2026-03-31T13:52:44","modified_gmt":"2026-03-31T12:52:44","slug":"dienstleistung","status":"publish","type":"page","link":"https:\/\/dev.ebitplus.at\/en\/branchen\/dienstleistung\/","title":{"rendered":"Dienstleistung"},"content":{"rendered":"<div data-elementor-type=\"wp-page\" data-elementor-id=\"512\" class=\"elementor elementor-512\" data-elementor-post-type=\"page\">\n\t\t\t\t<div class=\"elementor-element elementor-element-73f2f3d2 container-header e-flex e-con-boxed e-con e-parent\" data-id=\"73f2f3d2\" data-element_type=\"container\" data-settings=\"{&quot;background_background&quot;:&quot;gradient&quot;}\">\n\t\t\t\t\t<div class=\"e-con-inner\">\n\t\t<div class=\"elementor-element elementor-element-4b6af012 e-con-full e-flex e-con e-child\" data-id=\"4b6af012\" data-element_type=\"container\">\n\t\t<div class=\"elementor-element elementor-element-48bcbba2 e-con-full e-flex e-con e-child\" data-id=\"48bcbba2\" data-element_type=\"container\">\n\t\t\t\t<div class=\"elementor-element elementor-element-606798c6 elementor-widget elementor-widget-text-editor\" data-id=\"606798c6\" data-element_type=\"widget\" data-widget_type=\"text-editor.default\">\n\t\t\t\t\t\t\t\t\t<p>BRANCHEN<\/p>\t\t\t\t\t\t\t\t<\/div>\n\t\t\t\t<div class=\"elementor-element elementor-element-2b7fb1e5 elementor-widget elementor-widget-text-editor\" data-id=\"2b7fb1e5\" data-element_type=\"widget\" data-widget_type=\"text-editor.default\">\n\t\t\t\t\t\t\t\t\t<h1>Steuerberatung<br \/>f\u00fcr Dienstleister<\/h1>\t\t\t\t\t\t\t\t<\/div>\n\t\t\t\t<\/div>\n\t\t\t\t<div class=\"elementor-element elementor-element-4893a80 elementor-widget elementor-widget-shortcode\" data-id=\"4893a80\" data-element_type=\"widget\" data-widget_type=\"shortcode.default\">\n\t\t\t\t\t\t\t<div class=\"elementor-shortcode\"><nav aria-label=\"breadcrumbs\" class=\"rank-math-breadcrumb\"><p><span class=\"last\">Home<\/span><\/p><\/nav><\/div>\n\t\t\t\t\t\t<\/div>\n\t\t\t\t<\/div>\n\t\t<div class=\"elementor-element elementor-element-6deb3a70 e-con-full e-flex e-con e-child\" data-id=\"6deb3a70\" data-element_type=\"container\">\n\t\t\t\t<div class=\"elementor-element elementor-element-645f28a elementor-widget elementor-widget-image\" data-id=\"645f28a\" data-element_type=\"widget\" data-widget_type=\"image.default\">\n\t\t\t\t\t\t\t\t\t\t\t\t\t\t\t<img fetchpriority=\"high\" decoding=\"async\" width=\"570\" height=\"442\" src=\"https:\/\/dev.ebitplus.at\/wordpress\/wp-content\/uploads\/2026\/03\/beratung-dummy-v02.jpg\" class=\"attachment-large size-large wp-image-774\" alt=\"\" srcset=\"https:\/\/dev.ebitplus.at\/wordpress\/wp-content\/uploads\/2026\/03\/beratung-dummy-v02.jpg 570w, https:\/\/dev.ebitplus.at\/wordpress\/wp-content\/uploads\/2026\/03\/beratung-dummy-v02-300x233.jpg 300w, https:\/\/dev.ebitplus.at\/wordpress\/wp-content\/uploads\/2026\/03\/beratung-dummy-v02-15x12.jpg 15w\" sizes=\"(max-width: 570px) 100vw, 570px\" \/>\t\t\t\t\t\t\t\t\t\t\t\t\t\t\t<\/div>\n\t\t\t\t<\/div>\n\t\t\t\t\t<\/div>\n\t\t\t\t<\/div>\n\t\t<div class=\"elementor-element elementor-element-10574c85 container-intro e-flex e-con-boxed e-con e-parent\" data-id=\"10574c85\" data-element_type=\"container\">\n\t\t\t\t\t<div class=\"e-con-inner\">\n\t\t<div class=\"elementor-element elementor-element-52ca6c82 e-con-full e-flex e-con e-child\" data-id=\"52ca6c82\" data-element_type=\"container\">\n\t\t\t\t<div class=\"elementor-element elementor-element-308b2c69 elementor-widget elementor-widget-text-editor\" data-id=\"308b2c69\" data-element_type=\"widget\" data-widget_type=\"text-editor.default\">\n\t\t\t\t\t\t\t\t\t<p><strong>Weil serviceorientierte Unternehmen einen individuellen Steuerservice brauchen.<\/strong> Dienstleistungsunternehmen arbeiten anders als Produktbetriebe \u2013 und erhalten von uns deshalb eine abgestimmte Beratung. Honorarmodelle, projektbasierte Abrechnung, Liquidit\u00e4tssteuerung, Teamwachstum: Wir haben die passende Systematik, die zu Ihrem Unternehmen und Ihren Zielen passt.<\/p>\t\t\t\t\t\t\t\t<\/div>\n\t\t\t\t<\/div>\n\t\t<div class=\"elementor-element elementor-element-445d087b e-con-full e-flex e-con e-child\" data-id=\"445d087b\" data-element_type=\"container\">\n\t\t\t\t<\/div>\n\t\t\t\t\t<\/div>\n\t\t\t\t<\/div>\n\t\t<div class=\"elementor-element elementor-element-62152e05 e-flex e-con-boxed e-con e-parent\" data-id=\"62152e05\" data-element_type=\"container\">\n\t\t\t\t\t<div class=\"e-con-inner\">\n\t\t<div class=\"elementor-element elementor-element-33e77cea e-con-full e-flex e-con e-child\" data-id=\"33e77cea\" data-element_type=\"container\">\n\t\t\t\t<div class=\"elementor-element elementor-element-2de82648 elementor-widget elementor-widget-text-editor\" data-id=\"2de82648\" data-element_type=\"widget\" data-widget_type=\"text-editor.default\">\n\t\t\t\t\t\t\t\t\t<p>F\u00dcR DIENSTLEISTER<\/p>\t\t\t\t\t\t\t\t<\/div>\n\t\t\t\t<div class=\"elementor-element elementor-element-5b067dd2 elementor-widget elementor-widget-text-editor\" data-id=\"5b067dd2\" data-element_type=\"widget\" data-widget_type=\"text-editor.default\">\n\t\t\t\t\t\t\t\t\t<h2>Wachstum braucht eine sichere Grundlage.<\/h2>\t\t\t\t\t\t\t\t<\/div>\n\t\t\t\t<\/div>\n\t\t<div class=\"elementor-element elementor-element-518838f4 e-con-full e-flex e-con e-child\" data-id=\"518838f4\" data-element_type=\"container\">\n\t\t\t\t<div class=\"elementor-element elementor-element-51bcb54b elementor-widget elementor-widget-text-editor\" data-id=\"51bcb54b\" data-element_type=\"widget\" data-widget_type=\"text-editor.default\">\n\t\t\t\t\t\t\t\t\t<p>Was viele Dienstleister mit einer dynamischen Entwicklung merken: Mit Wachstum steigt auch die steuerliche und organisatorische Komplexit\u00e4t. Mehr Mitarbeiter:innen, andere Vertragsstrukturen, internationale Projekte \u2013 das braucht kompetente Beratung, die vorausdenkt.<\/p><p>Wir bringen Struktur in Ihre Zahlen, machen Auswertungen aussagekr\u00e4ftiger und begleiten Sie bei strategischen Entscheidungen \u2013 digital vernetzt und immer pers\u00f6nlich erreichbar.<\/p>\t\t\t\t\t\t\t\t<\/div>\n\t\t\t\t<\/div>\n\t\t\t\t\t<\/div>\n\t\t\t\t<\/div>\n\t\t<div class=\"elementor-element elementor-element-1d790917 e-flex e-con-boxed e-con e-parent\" data-id=\"1d790917\" data-element_type=\"container\">\n\t\t\t\t\t<div class=\"e-con-inner\">\n\t\t\t\t<div class=\"elementor-element elementor-element-47a41d29 elementor-widget elementor-widget-text-editor\" data-id=\"47a41d29\" data-element_type=\"widget\" data-widget_type=\"text-editor.default\">\n\t\t\t\t\t\t\t\t\t<h3>Unsere Expertise f\u00fcr Ihren Dienstleistungserfolg<\/h3>\t\t\t\t\t\t\t\t<\/div>\n\t\t\t\t\t<\/div>\n\t\t\t\t<\/div>\n\t\t<div class=\"elementor-element elementor-element-2639147a container-green-teaser e-flex e-con-boxed e-con e-parent\" data-id=\"2639147a\" data-element_type=\"container\" data-settings=\"{&quot;background_background&quot;:&quot;gradient&quot;}\">\n\t\t\t\t\t<div class=\"e-con-inner\">\n\t\t<div class=\"elementor-element elementor-element-15821601 e-con-full e-flex e-con e-child\" data-id=\"15821601\" data-element_type=\"container\">\n\t\t<div class=\"elementor-element elementor-element-cd05d3d e-con-full e-flex e-con e-child\" data-id=\"cd05d3d\" data-element_type=\"container\">\n\t\t\t\t<div class=\"elementor-element elementor-element-355e0ee3 elementor-view-default elementor-widget elementor-widget-icon\" data-id=\"355e0ee3\" data-element_type=\"widget\" data-widget_type=\"icon.default\">\n\t\t\t\t\t\t\t<div class=\"elementor-icon-wrapper\">\n\t\t\t<div class=\"elementor-icon\">\n\t\t\t<i aria-hidden=\"true\" class=\"icon icon-icon-undo-4-web\"><\/i>\t\t\t<\/div>\n\t\t<\/div>\n\t\t\t\t\t\t<\/div>\n\t\t\t\t<\/div>\n\t\t<div class=\"elementor-element elementor-element-49549427 e-con-full e-flex e-con e-child\" data-id=\"49549427\" data-element_type=\"container\">\n\t\t\t\t<div class=\"elementor-element elementor-element-3ecd9338 elementor-widget elementor-widget-image\" data-id=\"3ecd9338\" data-element_type=\"widget\" data-widget_type=\"image.default\">\n\t\t\t\t\t\t\t\t\t\t\t\t\t\t\t<img decoding=\"async\" width=\"279\" height=\"30\" src=\"https:\/\/dev.ebitplus.at\/wordpress\/wp-content\/uploads\/2026\/03\/text-bitte-waehlen.svg\" class=\"attachment-full size-full wp-image-700\" alt=\"\" \/>\t\t\t\t\t\t\t\t\t\t\t\t\t\t\t<\/div>\n\t\t\t\t<\/div>\n\t\t\t\t<\/div>\n\t\t<div class=\"elementor-element elementor-element-636c6b4c e-con-full e-flex e-con e-child\" data-id=\"636c6b4c\" data-element_type=\"container\">\n\t\t<div class=\"elementor-element elementor-element-7608b2d7 e-con-full e-flex e-con e-child\" data-id=\"7608b2d7\" data-element_type=\"container\">\n\t\t<div class=\"elementor-element elementor-element-7adac384 e-con-full e-flex e-con e-child\" data-id=\"7adac384\" data-element_type=\"container\">\n\t\t<a class=\"elementor-element elementor-element-3acb3a7b e-con-full e-flex e-con e-child\" data-id=\"3acb3a7b\" data-element_type=\"container\">\n\t\t<div class=\"elementor-element elementor-element-3b582f18 e-con-full e-flex e-con e-child\" data-id=\"3b582f18\" data-element_type=\"container\">\n\t\t\t\t<div class=\"elementor-element elementor-element-2d7d487a elementor-view-default elementor-widget elementor-widget-icon\" data-id=\"2d7d487a\" data-element_type=\"widget\" data-widget_type=\"icon.default\">\n\t\t\t\t\t\t\t<div class=\"elementor-icon-wrapper\">\n\t\t\t<div class=\"elementor-icon\">\n\t\t\t<i aria-hidden=\"true\" class=\"icon icon-svg\"><\/i>\t\t\t<\/div>\n\t\t<\/div>\n\t\t\t\t\t\t<\/div>\n\t\t\t\t<\/div>\n\t\t<div class=\"elementor-element elementor-element-5666c1ae e-con-full e-flex e-con e-child\" data-id=\"5666c1ae\" data-element_type=\"container\">\n\t\t\t\t<div class=\"elementor-element elementor-element-75264c02 elementor-widget elementor-widget-heading\" data-id=\"75264c02\" data-element_type=\"widget\" data-widget_type=\"heading.default\">\n\t\t\t\t\t<h3 class=\"elementor-heading-title elementor-size-default\">Steuerberatung<\/h3>\t\t\t\t<\/div>\n\t\t\t\t<div class=\"elementor-element elementor-element-20ea31f9 elementor-widget elementor-widget-text-editor\" data-id=\"20ea31f9\" data-element_type=\"widget\" data-widget_type=\"text-editor.default\">\n\t\t\t\t\t\t\t\t\t<p><strong>Honorarmodelle rechtssicher gestalten.<\/strong> Wir beraten Sie bei der steuerlichen Optimierung von Vertr\u00e4gen und Honoraren, damit Ihre Dienstleistung nicht nur wertvoll, sondern auch maximal profitabel bleibt.<\/p>\t\t\t\t\t\t\t\t<\/div>\n\t\t\t\t<\/div>\n\t\t\t\t<\/a>\n\t\t\t\t<\/div>\n\t\t<div class=\"elementor-element elementor-element-3ed659e6 e-con-full e-flex e-con e-child\" data-id=\"3ed659e6\" data-element_type=\"container\">\n\t\t<a class=\"elementor-element elementor-element-1028c828 e-con-full e-flex e-con e-child\" data-id=\"1028c828\" data-element_type=\"container\">\n\t\t<div class=\"elementor-element elementor-element-12aa64fa e-con-full e-flex e-con e-child\" data-id=\"12aa64fa\" data-element_type=\"container\">\n\t\t\t\t<div class=\"elementor-element elementor-element-2c30f8fe elementor-view-default elementor-widget elementor-widget-icon\" data-id=\"2c30f8fe\" data-element_type=\"widget\" data-widget_type=\"icon.default\">\n\t\t\t\t\t\t\t<div class=\"elementor-icon-wrapper\">\n\t\t\t<div class=\"elementor-icon\">\n\t\t\t<i aria-hidden=\"true\" class=\"icon icon-svg\"><\/i>\t\t\t<\/div>\n\t\t<\/div>\n\t\t\t\t\t\t<\/div>\n\t\t\t\t<\/div>\n\t\t<div class=\"elementor-element elementor-element-54121d98 e-con-full e-flex e-con e-child\" data-id=\"54121d98\" data-element_type=\"container\">\n\t\t\t\t<div class=\"elementor-element elementor-element-2c356144 elementor-widget elementor-widget-heading\" data-id=\"2c356144\" data-element_type=\"widget\" data-widget_type=\"heading.default\">\n\t\t\t\t\t<h3 class=\"elementor-heading-title elementor-size-default\">Rechnungswesen &amp; Abschluss<\/h3>\t\t\t\t<\/div>\n\t\t\t\t<div class=\"elementor-element elementor-element-32ac4813 elementor-widget elementor-widget-text-editor\" data-id=\"32ac4813\" data-element_type=\"widget\" data-widget_type=\"text-editor.default\">\n\t\t\t\t\t\t\t\t\t<p><strong>Erfolg messbar machen.<\/strong> Aussagekr\u00e4ftige Kennzahlen statt blo\u00dfer Daten. Wir liefern Ihnen die Transparenz \u00fcber Ihre Projektrentabilit\u00e4t und Liquidit\u00e4t, die Sie f\u00fcr Ihr Wachstum brauchen.<\/p>\t\t\t\t\t\t\t\t<\/div>\n\t\t\t\t<\/div>\n\t\t\t\t<\/a>\n\t\t\t\t<\/div>\n\t\t\t\t<\/div>\n\t\t<div class=\"elementor-element elementor-element-1f95a56a e-con-full e-flex e-con e-child\" data-id=\"1f95a56a\" data-element_type=\"container\">\n\t\t<div class=\"elementor-element elementor-element-2f974cf1 e-con-full e-flex e-con e-child\" data-id=\"2f974cf1\" data-element_type=\"container\">\n\t\t<a class=\"elementor-element elementor-element-41378cb3 e-con-full e-flex e-con e-child\" data-id=\"41378cb3\" data-element_type=\"container\">\n\t\t<div class=\"elementor-element elementor-element-41cc8b73 e-con-full e-flex e-con e-child\" data-id=\"41cc8b73\" data-element_type=\"container\">\n\t\t\t\t<div class=\"elementor-element elementor-element-15b11123 elementor-view-default elementor-widget elementor-widget-icon\" data-id=\"15b11123\" data-element_type=\"widget\" data-widget_type=\"icon.default\">\n\t\t\t\t\t\t\t<div class=\"elementor-icon-wrapper\">\n\t\t\t<div class=\"elementor-icon\">\n\t\t\t<i aria-hidden=\"true\" class=\"icon icon-svg\"><\/i>\t\t\t<\/div>\n\t\t<\/div>\n\t\t\t\t\t\t<\/div>\n\t\t\t\t<\/div>\n\t\t<div class=\"elementor-element elementor-element-7ca8db6f e-con-full e-flex e-con e-child\" data-id=\"7ca8db6f\" data-element_type=\"container\">\n\t\t\t\t<div class=\"elementor-element elementor-element-5ab9cb86 elementor-widget elementor-widget-heading\" data-id=\"5ab9cb86\" data-element_type=\"widget\" data-widget_type=\"heading.default\">\n\t\t\t\t\t<h3 class=\"elementor-heading-title elementor-size-default\">Managementberatung<\/h3>\t\t\t\t<\/div>\n\t\t\t\t<div class=\"elementor-element elementor-element-1c09985d elementor-widget elementor-widget-text-editor\" data-id=\"1c09985d\" data-element_type=\"widget\" data-widget_type=\"text-editor.default\">\n\t\t\t\t\t\t\t\t\t<p><strong>Strategische Weichenstellung f\u00fcr Skalierung.<\/strong> Wir analysieren Ihr EBIT und begleiten Sie bei Expansionsentscheidungen oder Teamvergr\u00f6\u00dferungen mit fundierter betriebswirtschaftlicher Expertise.<\/p>\t\t\t\t\t\t\t\t<\/div>\n\t\t\t\t<\/div>\n\t\t\t\t<\/a>\n\t\t\t\t<\/div>\n\t\t<div class=\"elementor-element elementor-element-586ba86f e-con-full e-flex e-con e-child\" data-id=\"586ba86f\" data-element_type=\"container\">\n\t\t<a class=\"elementor-element elementor-element-5f24738c e-con-full e-flex e-con e-child\" data-id=\"5f24738c\" data-element_type=\"container\">\n\t\t<div class=\"elementor-element elementor-element-34b697c3 e-con-full e-flex e-con e-child\" data-id=\"34b697c3\" data-element_type=\"container\">\n\t\t\t\t<div class=\"elementor-element elementor-element-3b89a06e elementor-view-default elementor-widget elementor-widget-icon\" data-id=\"3b89a06e\" data-element_type=\"widget\" data-widget_type=\"icon.default\">\n\t\t\t\t\t\t\t<div class=\"elementor-icon-wrapper\">\n\t\t\t<div class=\"elementor-icon\">\n\t\t\t<i aria-hidden=\"true\" class=\"icon icon-svg\"><\/i>\t\t\t<\/div>\n\t\t<\/div>\n\t\t\t\t\t\t<\/div>\n\t\t\t\t<\/div>\n\t\t<div class=\"elementor-element elementor-element-11f8c491 e-con-full e-flex e-con e-child\" data-id=\"11f8c491\" data-element_type=\"container\">\n\t\t\t\t<div class=\"elementor-element elementor-element-3392026 elementor-widget elementor-widget-heading\" data-id=\"3392026\" data-element_type=\"widget\" data-widget_type=\"heading.default\">\n\t\t\t\t\t<h3 class=\"elementor-heading-title elementor-size-default\">Digitale Steuerberatung<\/h3>\t\t\t\t<\/div>\n\t\t\t\t<div class=\"elementor-element elementor-element-491d03e4 elementor-widget elementor-widget-text-editor\" data-id=\"491d03e4\" data-element_type=\"widget\" data-widget_type=\"text-editor.default\">\n\t\t\t\t\t\t\t\t\t<p><strong>Smart, papierlos, ortsunabh\u00e4ngig.<\/strong> Vollst\u00e4ndig digitale Workflows, die sich Ihrem Business anpassen. Wir nutzen moderne Schnittstellen f\u00fcr einen Datenaustausch in Echtzeit \u2013 effizient und sicher.<\/p>\t\t\t\t\t\t\t\t<\/div>\n\t\t\t\t<\/div>\n\t\t\t\t<\/a>\n\t\t\t\t<\/div>\n\t\t\t\t<\/div>\n\t\t\t\t<\/div>\n\t\t\t\t\t<\/div>\n\t\t\t\t<\/div>\n\t\t<div class=\"elementor-element elementor-element-1dcfe505 e-flex e-con-boxed e-con e-parent\" data-id=\"1dcfe505\" data-element_type=\"container\">\n\t\t\t\t\t<div class=\"e-con-inner\">\n\t\t<div class=\"elementor-element elementor-element-6feec212 e-con-full e-flex e-con e-child\" data-id=\"6feec212\" data-element_type=\"container\">\n\t\t\t\t<div class=\"elementor-element elementor-element-2d3882ce elementor-widget elementor-widget-text-editor\" data-id=\"2d3882ce\" data-element_type=\"widget\" data-widget_type=\"text-editor.default\">\n\t\t\t\t\t\t\t\t\t<h3>Wir geben Ihrem Wachstum eine solide Struktur.<\/h3>\t\t\t\t\t\t\t\t<\/div>\n\t\t\t\t<div class=\"elementor-element elementor-element-61177283 elementor-widget elementor-widget-button\" data-id=\"61177283\" data-element_type=\"widget\" data-widget_type=\"button.default\">\n\t\t\t\t\t\t\t\t\t\t<a class=\"elementor-button elementor-button-link elementor-size-sm\" href=\"https:\/\/dev.ebitplus.at\/en\">\n\t\t\t\t\t\t<span class=\"elementor-button-content-wrapper\">\n\t\t\t\t\t\t\t\t\t<span class=\"elementor-button-text\">Jetzt Termin vereinbaren<\/span>\n\t\t\t\t\t<\/span>\n\t\t\t\t\t<\/a>\n\t\t\t\t\t\t\t\t<\/div>\n\t\t\t\t<\/div>\n\t\t\t\t\t<\/div>\n\t\t\t\t<\/div>\n\t\t<div class=\"elementor-element elementor-element-4737ab82 e-flex e-con-boxed e-con e-parent\" data-id=\"4737ab82\" data-element_type=\"container\">\n\t\t\t\t\t<div class=\"e-con-inner\">\n\t\t\t\t<div class=\"elementor-element elementor-element-63cb26b3 elementor-widget elementor-widget-text-editor\" data-id=\"63cb26b3\" data-element_type=\"widget\" data-widget_type=\"text-editor.default\">\n\t\t\t\t\t\t\t\t\t<h2>Ihre Vorteile mit ebit<\/h2>\t\t\t\t\t\t\t\t<\/div>\n\t\t\t\t\t<\/div>\n\t\t\t\t<\/div>\n\t\t<div class=\"elementor-element elementor-element-157af20c e-grid container-tsr-arrow-text-grid e-con-boxed e-con e-parent\" data-id=\"157af20c\" data-element_type=\"container\">\n\t\t\t\t\t<div class=\"e-con-inner\">\n\t\t<a class=\"elementor-element elementor-element-3535a6c4 e-con-full e-flex e-con e-child\" data-id=\"3535a6c4\" data-element_type=\"container\">\n\t\t\t\t<div class=\"elementor-element elementor-element-f9897c6 elementor-widget elementor-widget-heading\" data-id=\"f9897c6\" data-element_type=\"widget\" data-widget_type=\"heading.default\">\n\t\t\t\t\t<h3 class=\"elementor-heading-title elementor-size-default\">Struktur f\u00fcr Wachstum<\/h3>\t\t\t\t<\/div>\n\t\t\t\t<div class=\"elementor-element elementor-element-1429c2c9 elementor-view-default elementor-widget elementor-widget-icon\" data-id=\"1429c2c9\" data-element_type=\"widget\" data-widget_type=\"icon.default\">\n\t\t\t\t\t\t\t<div class=\"elementor-icon-wrapper\">\n\t\t\t<div class=\"elementor-icon\">\n\t\t\t<i aria-hidden=\"true\" class=\"icon icon-pfeil\"><\/i>\t\t\t<\/div>\n\t\t<\/div>\n\t\t\t\t\t\t<\/div>\n\t\t\t\t<div class=\"elementor-element elementor-element-6a3a2299 elementor-widget elementor-widget-text-editor\" data-id=\"6a3a2299\" data-element_type=\"widget\" data-widget_type=\"text-editor.default\">\n\t\t\t\t\t\t\t\t\t<p>Zahlen und Prozesse, die mit Ihrem Unternehmen mitskalieren.<\/p>\t\t\t\t\t\t\t\t<\/div>\n\t\t\t\t<\/a>\n\t\t<a class=\"elementor-element elementor-element-32b2f39f e-con-full e-flex e-con e-child\" data-id=\"32b2f39f\" data-element_type=\"container\">\n\t\t\t\t<div class=\"elementor-element elementor-element-29c1dad9 elementor-widget elementor-widget-heading\" data-id=\"29c1dad9\" data-element_type=\"widget\" data-widget_type=\"heading.default\">\n\t\t\t\t\t<h3 class=\"elementor-heading-title elementor-size-default\">Klare Entscheidungsgrundlagen<\/h3>\t\t\t\t<\/div>\n\t\t\t\t<div class=\"elementor-element elementor-element-ef396cd elementor-view-default elementor-widget elementor-widget-icon\" data-id=\"ef396cd\" data-element_type=\"widget\" data-widget_type=\"icon.default\">\n\t\t\t\t\t\t\t<div class=\"elementor-icon-wrapper\">\n\t\t\t<div class=\"elementor-icon\">\n\t\t\t<i aria-hidden=\"true\" class=\"icon icon-pfeil\"><\/i>\t\t\t<\/div>\n\t\t<\/div>\n\t\t\t\t\t\t<\/div>\n\t\t\t\t<div class=\"elementor-element elementor-element-3fa9341e elementor-widget elementor-widget-text-editor\" data-id=\"3fa9341e\" data-element_type=\"widget\" data-widget_type=\"text-editor.default\">\n\t\t\t\t\t\t\t\t\t<p>Auswertungen, die wirklich weiterhelfen \u2013 nicht Zahlenfriedh\u00f6fe.<\/p>\t\t\t\t\t\t\t\t<\/div>\n\t\t\t\t<\/a>\n\t\t<a class=\"elementor-element elementor-element-3eece28f e-con-full e-flex e-con e-child\" data-id=\"3eece28f\" data-element_type=\"container\">\n\t\t\t\t<div class=\"elementor-element elementor-element-a937a65 elementor-widget elementor-widget-heading\" data-id=\"a937a65\" data-element_type=\"widget\" data-widget_type=\"heading.default\">\n\t\t\t\t\t<h3 class=\"elementor-heading-title elementor-size-default\">Moderne Zusammenarbeit<\/h3>\t\t\t\t<\/div>\n\t\t\t\t<div class=\"elementor-element elementor-element-7d4a351d elementor-view-default elementor-widget elementor-widget-icon\" data-id=\"7d4a351d\" data-element_type=\"widget\" data-widget_type=\"icon.default\">\n\t\t\t\t\t\t\t<div class=\"elementor-icon-wrapper\">\n\t\t\t<div class=\"elementor-icon\">\n\t\t\t<i aria-hidden=\"true\" class=\"icon icon-pfeil\"><\/i>\t\t\t<\/div>\n\t\t<\/div>\n\t\t\t\t\t\t<\/div>\n\t\t\t\t<div class=\"elementor-element elementor-element-323fa6a0 elementor-widget elementor-widget-text-editor\" data-id=\"323fa6a0\" data-element_type=\"widget\" data-widget_type=\"text-editor.default\">\n\t\t\t\t\t\t\t\t\t<p>Digital, flexibel und ortsunabh\u00e4ngig \u2013 wie Ihr Business selbst.<\/p>\t\t\t\t\t\t\t\t<\/div>\n\t\t\t\t<\/a>\n\t\t<a class=\"elementor-element elementor-element-143af10c e-con-full e-flex e-con e-child\" data-id=\"143af10c\" data-element_type=\"container\">\n\t\t\t\t<div class=\"elementor-element elementor-element-29d7f900 elementor-widget elementor-widget-heading\" data-id=\"29d7f900\" data-element_type=\"widget\" data-widget_type=\"heading.default\">\n\t\t\t\t\t<h3 class=\"elementor-heading-title elementor-size-default\">Beratung auf Augenh\u00f6he<\/h3>\t\t\t\t<\/div>\n\t\t\t\t<div class=\"elementor-element elementor-element-48908bec elementor-view-default elementor-widget elementor-widget-icon\" data-id=\"48908bec\" data-element_type=\"widget\" data-widget_type=\"icon.default\">\n\t\t\t\t\t\t\t<div class=\"elementor-icon-wrapper\">\n\t\t\t<div class=\"elementor-icon\">\n\t\t\t<i aria-hidden=\"true\" class=\"icon icon-pfeil\"><\/i>\t\t\t<\/div>\n\t\t<\/div>\n\t\t\t\t\t\t<\/div>\n\t\t\t\t<div class=\"elementor-element elementor-element-2b7b45ef elementor-widget elementor-widget-text-editor\" data-id=\"2b7b45ef\" data-element_type=\"widget\" data-widget_type=\"text-editor.default\">\n\t\t\t\t\t\t\t\t\t<p>Wir denken unternehmerisch \u2013 nicht nur steuerlich.<\/p>\t\t\t\t\t\t\t\t<\/div>\n\t\t\t\t<\/a>\n\t\t\t\t\t<\/div>\n\t\t\t\t<\/div>\n\t\t\t\t<\/div>","protected":false},"excerpt":{"rendered":"<p>BRANCHEN Steuerberatungf\u00fcr Dienstleister Weil serviceorientierte Unternehmen einen individuellen Steuerservice brauchen. Dienstleistungsunternehmen arbeiten anders als Produktbetriebe \u2013 und erhalten von uns [&hellip;]<\/p>","protected":false},"author":1,"featured_media":0,"parent":141,"menu_order":0,"comment_status":"closed","ping_status":"closed","template":"","meta":{"site-sidebar-layout":"no-sidebar","site-content-layout":"","ast-site-content-layout":"full-width-container","site-content-style":"default","site-sidebar-style":"default","ast-global-header-display":"","ast-banner-title-visibility":"","ast-main-header-display":"","ast-hfb-above-header-display":"","ast-hfb-below-header-display":"","ast-hfb-mobile-header-display":"","site-post-title":"","ast-breadcrumbs-content":"","ast-featured-img":"disabled","footer-sml-layout":"","ast-disable-related-posts":"","theme-transparent-header-meta":"","adv-header-id-meta":"","stick-header-meta":"","header-above-stick-meta":"","header-main-stick-meta":"","header-below-stick-meta":"","astra-migrate-meta-layouts":"default","ast-page-background-enabled":"default","ast-page-background-meta":{"desktop":{"background-color":"var(--ast-global-color-5)","background-image":"","background-repeat":"repeat","background-position":"center center","background-size":"auto","background-attachment":"scroll","background-type":"","background-media":"","overlay-type":"","overlay-color":"","overlay-opacity":"","overlay-gradient":""},"tablet":{"background-color":"","background-image":"","background-repeat":"repeat","background-position":"center center","background-size":"auto","background-attachment":"scroll","background-type":"","background-media":"","overlay-type":"","overlay-color":"","overlay-opacity":"","overlay-gradient":""},"mobile":{"background-color":"","background-image":"","background-repeat":"repeat","background-position":"center center","background-size":"auto","background-attachment":"scroll","background-type":"","background-media":"","overlay-type":"","overlay-color":"","overlay-opacity":"","overlay-gradient":""}},"ast-content-background-meta":{"desktop":{"background-color":"var(--ast-global-color-4)","background-image":"","background-repeat":"repeat","background-position":"center center","background-size":"auto","background-attachment":"scroll","background-type":"","background-media":"","overlay-type":"","overlay-color":"","overlay-opacity":"","overlay-gradient":""},"tablet":{"background-color":"var(--ast-global-color-4)","background-image":"","background-repeat":"repeat","background-position":"center center","background-size":"auto","background-attachment":"scroll","background-type":"","background-media":"","overlay-type":"","overlay-color":"","overlay-opacity":"","overlay-gradient":""},"mobile":{"background-color":"var(--ast-global-color-4)","background-image":"","background-repeat":"repeat","background-position":"center center","background-size":"auto","background-attachment":"scroll","background-type":"","background-media":"","overlay-type":"","overlay-color":"","overlay-opacity":"","overlay-gradient":""}},"footnotes":""},"class_list":["post-512","page","type-page","status-publish","hentry"],"_links":{"self":[{"href":"https:\/\/dev.ebitplus.at\/en\/wp-json\/wp\/v2\/pages\/512","targetHints":{"allow":["GET"]}}],"collection":[{"href":"https:\/\/dev.ebitplus.at\/en\/wp-json\/wp\/v2\/pages"}],"about":[{"href":"https:\/\/dev.ebitplus.at\/en\/wp-json\/wp\/v2\/types\/page"}],"author":[{"embeddable":true,"href":"https:\/\/dev.ebitplus.at\/en\/wp-json\/wp\/v2\/users\/1"}],"replies":[{"embeddable":true,"href":"https:\/\/dev.ebitplus.at\/en\/wp-json\/wp\/v2\/comments?post=512"}],"version-history":[{"count":10,"href":"https:\/\/dev.ebitplus.at\/en\/wp-json\/wp\/v2\/pages\/512\/revisions"}],"predecessor-version":[{"id":1842,"href":"https:\/\/dev.ebitplus.at\/en\/wp-json\/wp\/v2\/pages\/512\/revisions\/1842"}],"up":[{"embeddable":true,"href":"https:\/\/dev.ebitplus.at\/en\/wp-json\/wp\/v2\/pages\/141"}],"wp:attachment":[{"href":"https:\/\/dev.ebitplus.at\/en\/wp-json\/wp\/v2\/media?parent=512"}],"curies":[{"name":"wp","href":"https:\/\/api.w.org\/{rel}","templated":true}]}}