{"id":514,"date":"2026-03-18T14:15:55","date_gmt":"2026-03-18T13:15:55","guid":{"rendered":"https:\/\/dev.ebitplus.at\/?page_id=514"},"modified":"2026-03-31T13:51:00","modified_gmt":"2026-03-31T12:51:00","slug":"privatpersonen","status":"publish","type":"page","link":"https:\/\/dev.ebitplus.at\/en\/branchen\/privatpersonen\/","title":{"rendered":"Privatpersonen"},"content":{"rendered":"<div data-elementor-type=\"wp-page\" data-elementor-id=\"514\" class=\"elementor elementor-514\" data-elementor-post-type=\"page\">\n\t\t\t\t<div class=\"elementor-element elementor-element-7309b388 container-header e-flex e-con-boxed e-con e-parent\" data-id=\"7309b388\" data-element_type=\"container\" data-settings=\"{&quot;background_background&quot;:&quot;gradient&quot;}\">\n\t\t\t\t\t<div class=\"e-con-inner\">\n\t\t<div class=\"elementor-element elementor-element-1111d985 e-con-full e-flex e-con e-child\" data-id=\"1111d985\" data-element_type=\"container\">\n\t\t<div class=\"elementor-element elementor-element-c3f4e01 e-con-full e-flex e-con e-child\" data-id=\"c3f4e01\" data-element_type=\"container\">\n\t\t\t\t<div class=\"elementor-element elementor-element-5c0f3f93 elementor-widget elementor-widget-text-editor\" data-id=\"5c0f3f93\" data-element_type=\"widget\" data-widget_type=\"text-editor.default\">\n\t\t\t\t\t\t\t\t\t<p>BRANCHEN<\/p>\t\t\t\t\t\t\t\t<\/div>\n\t\t\t\t<div class=\"elementor-element elementor-element-54b9636a elementor-widget elementor-widget-text-editor\" data-id=\"54b9636a\" data-element_type=\"widget\" data-widget_type=\"text-editor.default\">\n\t\t\t\t\t\t\t\t\t<h1>Steuerberatung<br \/>f\u00fcr Privatpersonen.<\/h1>\t\t\t\t\t\t\t\t<\/div>\n\t\t\t\t<\/div>\n\t\t\t\t<div class=\"elementor-element elementor-element-27f70183 elementor-widget elementor-widget-shortcode\" data-id=\"27f70183\" data-element_type=\"widget\" data-widget_type=\"shortcode.default\">\n\t\t\t\t\t\t\t<div class=\"elementor-shortcode\"><nav aria-label=\"breadcrumbs\" class=\"rank-math-breadcrumb\"><p><span class=\"last\">Home<\/span><\/p><\/nav><\/div>\n\t\t\t\t\t\t<\/div>\n\t\t\t\t<\/div>\n\t\t<div class=\"elementor-element elementor-element-262bde68 e-con-full e-flex e-con e-child\" data-id=\"262bde68\" data-element_type=\"container\">\n\t\t\t\t<div class=\"elementor-element elementor-element-323c892c elementor-widget elementor-widget-image\" data-id=\"323c892c\" data-element_type=\"widget\" data-widget_type=\"image.default\">\n\t\t\t\t\t\t\t\t\t\t\t\t\t\t\t<img fetchpriority=\"high\" decoding=\"async\" width=\"570\" height=\"442\" src=\"https:\/\/dev.ebitplus.at\/wordpress\/wp-content\/uploads\/2026\/03\/beratung-dummy-v02.jpg\" class=\"attachment-large size-large wp-image-774\" alt=\"\" srcset=\"https:\/\/dev.ebitplus.at\/wordpress\/wp-content\/uploads\/2026\/03\/beratung-dummy-v02.jpg 570w, https:\/\/dev.ebitplus.at\/wordpress\/wp-content\/uploads\/2026\/03\/beratung-dummy-v02-300x233.jpg 300w, https:\/\/dev.ebitplus.at\/wordpress\/wp-content\/uploads\/2026\/03\/beratung-dummy-v02-15x12.jpg 15w\" sizes=\"(max-width: 570px) 100vw, 570px\" \/>\t\t\t\t\t\t\t\t\t\t\t\t\t\t\t<\/div>\n\t\t\t\t<\/div>\n\t\t\t\t\t<\/div>\n\t\t\t\t<\/div>\n\t\t<div class=\"elementor-element elementor-element-608d9cde container-intro e-flex e-con-boxed e-con e-parent\" data-id=\"608d9cde\" data-element_type=\"container\">\n\t\t\t\t\t<div class=\"e-con-inner\">\n\t\t<div class=\"elementor-element elementor-element-5cd7edbc e-con-full e-flex e-con e-child\" data-id=\"5cd7edbc\" data-element_type=\"container\">\n\t\t\t\t<div class=\"elementor-element elementor-element-372325bb elementor-widget elementor-widget-text-editor\" data-id=\"372325bb\" data-element_type=\"widget\" data-widget_type=\"text-editor.default\">\n\t\t\t\t\t\t\t\t\t<p><strong>Nichts \u00fcbersehen. Mehr herausholen. Ruhig schlafen.<br \/><\/strong>Wer Immobilien vermietet, im Ausland arbeitet oder komplexe Einkommenssituationen hat, braucht mehr als ein Standard-Steuerformular. Wir beraten Privatpersonen individuell, diskret und mit h\u00f6chstem Anspruch an Genauigkeit \u2013 damit Sie steuerlich optimal dastehen.<\/p>\t\t\t\t\t\t\t\t<\/div>\n\t\t\t\t<\/div>\n\t\t<div class=\"elementor-element elementor-element-2246087e e-con-full e-flex e-con e-child\" data-id=\"2246087e\" data-element_type=\"container\">\n\t\t\t\t<\/div>\n\t\t\t\t\t<\/div>\n\t\t\t\t<\/div>\n\t\t<div class=\"elementor-element elementor-element-5edf8f6e e-flex e-con-boxed e-con e-parent\" data-id=\"5edf8f6e\" data-element_type=\"container\">\n\t\t\t\t\t<div class=\"e-con-inner\">\n\t\t<div class=\"elementor-element elementor-element-42b087b9 e-con-full e-flex e-con e-child\" data-id=\"42b087b9\" data-element_type=\"container\">\n\t\t\t\t<div class=\"elementor-element elementor-element-5bade851 elementor-widget elementor-widget-text-editor\" data-id=\"5bade851\" data-element_type=\"widget\" data-widget_type=\"text-editor.default\">\n\t\t\t\t\t\t\t\t\t<p>\u00dcBER EBIT<\/p>\t\t\t\t\t\t\t\t<\/div>\n\t\t\t\t<div class=\"elementor-element elementor-element-3d41b88d elementor-widget elementor-widget-text-editor\" data-id=\"3d41b88d\" data-element_type=\"widget\" data-widget_type=\"text-editor.default\">\n\t\t\t\t\t\t\t\t\t<h2>Steuerberatung, die wirklich auf Sie eingeht.<\/h2>\t\t\t\t\t\t\t\t<\/div>\n\t\t\t\t<\/div>\n\t\t<div class=\"elementor-element elementor-element-2ede0dbd e-con-full e-flex e-con e-child\" data-id=\"2ede0dbd\" data-element_type=\"container\">\n\t\t\t\t<div class=\"elementor-element elementor-element-1d8f9d3d elementor-widget elementor-widget-text-editor\" data-id=\"1d8f9d3d\" data-element_type=\"widget\" data-widget_type=\"text-editor.default\">\n\t\t\t\t\t\t\t\t\t<p>Von der umfangreichen Arbeitnehmerveranlagung \u00fcber Vermietung und Verpachtung bis hin zu internationalen Fragestellungen \u2013 wir k\u00fcmmern uns um die Details, die den Unterschied machen. Und die Finanzbeh\u00f6rde sprechen wir f\u00fcr Sie an.<br \/><br \/>Besonders f\u00fcr Expats, Zuz\u00fcgler und Personen mit Auslandsbezug haben wir das n\u00f6tige Know-how \u2013 inklusive internationalem Netzwerk f\u00fcr grenz\u00fcberschreitende Themen.<\/p>\t\t\t\t\t\t\t\t<\/div>\n\t\t\t\t<\/div>\n\t\t\t\t\t<\/div>\n\t\t\t\t<\/div>\n\t\t<div class=\"elementor-element elementor-element-3b2f87a9 e-flex e-con-boxed e-con e-parent\" data-id=\"3b2f87a9\" data-element_type=\"container\">\n\t\t\t\t\t<div class=\"e-con-inner\">\n\t\t\t\t<div class=\"elementor-element elementor-element-42b50e59 elementor-widget elementor-widget-text-editor\" data-id=\"42b50e59\" data-element_type=\"widget\" data-widget_type=\"text-editor.default\">\n\t\t\t\t\t\t\t\t\t<h3>Was wir f\u00fcr Sie \u00fcbernehmen.<\/h3>\t\t\t\t\t\t\t\t<\/div>\n\t\t\t\t\t<\/div>\n\t\t\t\t<\/div>\n\t\t<div class=\"elementor-element elementor-element-5c1fe940 container-green-teaser e-flex e-con-boxed e-con e-parent\" data-id=\"5c1fe940\" data-element_type=\"container\" data-settings=\"{&quot;background_background&quot;:&quot;gradient&quot;}\">\n\t\t\t\t\t<div class=\"e-con-inner\">\n\t\t<div class=\"elementor-element elementor-element-6421103a e-con-full e-flex e-con e-child\" data-id=\"6421103a\" data-element_type=\"container\">\n\t\t<div class=\"elementor-element elementor-element-2a602222 e-con-full e-flex e-con e-child\" data-id=\"2a602222\" data-element_type=\"container\">\n\t\t\t\t<div class=\"elementor-element elementor-element-cf5266f elementor-view-default elementor-widget elementor-widget-icon\" data-id=\"cf5266f\" data-element_type=\"widget\" data-widget_type=\"icon.default\">\n\t\t\t\t\t\t\t<div class=\"elementor-icon-wrapper\">\n\t\t\t<div class=\"elementor-icon\">\n\t\t\t<i aria-hidden=\"true\" class=\"icon icon-icon-undo-4-web\"><\/i>\t\t\t<\/div>\n\t\t<\/div>\n\t\t\t\t\t\t<\/div>\n\t\t\t\t<\/div>\n\t\t<div class=\"elementor-element elementor-element-6ab06ea e-con-full e-flex e-con e-child\" data-id=\"6ab06ea\" data-element_type=\"container\">\n\t\t\t\t<div class=\"elementor-element elementor-element-5ff6605c elementor-widget elementor-widget-image\" data-id=\"5ff6605c\" data-element_type=\"widget\" data-widget_type=\"image.default\">\n\t\t\t\t\t\t\t\t\t\t\t\t\t\t\t<img decoding=\"async\" width=\"279\" height=\"30\" src=\"https:\/\/dev.ebitplus.at\/wordpress\/wp-content\/uploads\/2026\/03\/text-bitte-waehlen.svg\" class=\"attachment-full size-full wp-image-700\" alt=\"\" \/>\t\t\t\t\t\t\t\t\t\t\t\t\t\t\t<\/div>\n\t\t\t\t<\/div>\n\t\t\t\t<\/div>\n\t\t<div class=\"elementor-element elementor-element-73bef402 e-con-full e-flex e-con e-child\" data-id=\"73bef402\" data-element_type=\"container\">\n\t\t<div class=\"elementor-element elementor-element-7d8f8ef8 e-con-full e-flex e-con e-child\" data-id=\"7d8f8ef8\" data-element_type=\"container\">\n\t\t<div class=\"elementor-element elementor-element-7dbf1978 e-con-full e-flex e-con e-child\" data-id=\"7dbf1978\" data-element_type=\"container\">\n\t\t<a class=\"elementor-element elementor-element-67c3d163 e-con-full e-flex e-con e-child\" data-id=\"67c3d163\" data-element_type=\"container\">\n\t\t<div class=\"elementor-element elementor-element-3b71e124 e-con-full e-flex e-con e-child\" data-id=\"3b71e124\" data-element_type=\"container\">\n\t\t\t\t<div class=\"elementor-element elementor-element-6212dec0 elementor-view-default elementor-widget elementor-widget-icon\" data-id=\"6212dec0\" data-element_type=\"widget\" data-widget_type=\"icon.default\">\n\t\t\t\t\t\t\t<div class=\"elementor-icon-wrapper\">\n\t\t\t<div class=\"elementor-icon\">\n\t\t\t<i aria-hidden=\"true\" class=\"icon icon-svg\"><\/i>\t\t\t<\/div>\n\t\t<\/div>\n\t\t\t\t\t\t<\/div>\n\t\t\t\t<\/div>\n\t\t<div class=\"elementor-element elementor-element-1e0e5038 e-con-full e-flex e-con e-child\" data-id=\"1e0e5038\" data-element_type=\"container\">\n\t\t\t\t<div class=\"elementor-element elementor-element-23eae277 elementor-widget elementor-widget-heading\" data-id=\"23eae277\" data-element_type=\"widget\" data-widget_type=\"heading.default\">\n\t\t\t\t\t<h3 class=\"elementor-heading-title elementor-size-default\">Arbeitnehmerveranlagung<\/h3>\t\t\t\t<\/div>\n\t\t\t\t<div class=\"elementor-element elementor-element-235a98f2 elementor-widget elementor-widget-text-editor\" data-id=\"235a98f2\" data-element_type=\"widget\" data-widget_type=\"text-editor.default\">\n\t\t\t\t\t\t\t\t\t<p>Auch mit umfangreichen Details und Sonderthemen \u2013 vollst\u00e4ndig und optimiert.<\/p>\t\t\t\t\t\t\t\t<\/div>\n\t\t\t\t<\/div>\n\t\t\t\t<\/a>\n\t\t\t\t<\/div>\n\t\t<div class=\"elementor-element elementor-element-172d80da e-con-full e-flex e-con e-child\" data-id=\"172d80da\" data-element_type=\"container\">\n\t\t<a class=\"elementor-element elementor-element-b05a60d e-con-full e-flex e-con e-child\" data-id=\"b05a60d\" data-element_type=\"container\">\n\t\t<div class=\"elementor-element elementor-element-62bf2b93 e-con-full e-flex e-con e-child\" data-id=\"62bf2b93\" data-element_type=\"container\">\n\t\t\t\t<div class=\"elementor-element elementor-element-40e46977 elementor-view-default elementor-widget elementor-widget-icon\" data-id=\"40e46977\" data-element_type=\"widget\" data-widget_type=\"icon.default\">\n\t\t\t\t\t\t\t<div class=\"elementor-icon-wrapper\">\n\t\t\t<div class=\"elementor-icon\">\n\t\t\t<i aria-hidden=\"true\" class=\"icon icon-svg\"><\/i>\t\t\t<\/div>\n\t\t<\/div>\n\t\t\t\t\t\t<\/div>\n\t\t\t\t<\/div>\n\t\t<div class=\"elementor-element elementor-element-4054ae2d e-con-full e-flex e-con e-child\" data-id=\"4054ae2d\" data-element_type=\"container\">\n\t\t\t\t<div class=\"elementor-element elementor-element-da292aa elementor-widget elementor-widget-heading\" data-id=\"da292aa\" data-element_type=\"widget\" data-widget_type=\"heading.default\">\n\t\t\t\t\t<h3 class=\"elementor-heading-title elementor-size-default\">Vermietung &amp; Verpachtung<\/h3>\t\t\t\t<\/div>\n\t\t\t\t<div class=\"elementor-element elementor-element-397ddde0 elementor-widget elementor-widget-text-editor\" data-id=\"397ddde0\" data-element_type=\"widget\" data-widget_type=\"text-editor.default\">\n\t\t\t\t\t\t\t\t\t<p>Laufende steuerliche Begleitung und korrekte Erfassung aller relevanten Positionen.<\/p>\t\t\t\t\t\t\t\t<\/div>\n\t\t\t\t<\/div>\n\t\t\t\t<\/a>\n\t\t\t\t<\/div>\n\t\t\t\t<\/div>\n\t\t<div class=\"elementor-element elementor-element-421a01cc e-con-full e-flex e-con e-child\" data-id=\"421a01cc\" data-element_type=\"container\">\n\t\t<div class=\"elementor-element elementor-element-7db11b8b e-con-full e-flex e-con e-child\" data-id=\"7db11b8b\" data-element_type=\"container\">\n\t\t<a class=\"elementor-element elementor-element-14d586ff e-con-full e-flex e-con e-child\" data-id=\"14d586ff\" data-element_type=\"container\">\n\t\t<div class=\"elementor-element elementor-element-137d8816 e-con-full e-flex e-con e-child\" data-id=\"137d8816\" data-element_type=\"container\">\n\t\t\t\t<div class=\"elementor-element elementor-element-2a7d38ec elementor-view-default elementor-widget elementor-widget-icon\" data-id=\"2a7d38ec\" data-element_type=\"widget\" data-widget_type=\"icon.default\">\n\t\t\t\t\t\t\t<div class=\"elementor-icon-wrapper\">\n\t\t\t<div class=\"elementor-icon\">\n\t\t\t<i aria-hidden=\"true\" class=\"icon icon-svg\"><\/i>\t\t\t<\/div>\n\t\t<\/div>\n\t\t\t\t\t\t<\/div>\n\t\t\t\t<\/div>\n\t\t<div class=\"elementor-element elementor-element-11169c8d e-con-full e-flex e-con e-child\" data-id=\"11169c8d\" data-element_type=\"container\">\n\t\t\t\t<div class=\"elementor-element elementor-element-7152eae7 elementor-widget elementor-widget-heading\" data-id=\"7152eae7\" data-element_type=\"widget\" data-widget_type=\"heading.default\">\n\t\t\t\t\t<h3 class=\"elementor-heading-title elementor-size-default\">Internationale Steuerthemen<\/h3>\t\t\t\t<\/div>\n\t\t\t\t<div class=\"elementor-element elementor-element-3cf16e44 elementor-widget elementor-widget-text-editor\" data-id=\"3cf16e44\" data-element_type=\"widget\" data-widget_type=\"text-editor.default\">\n\t\t\t\t\t\t\t\t\t<p>Expats, Doppelbesteuerung, Zuzug \u2013 wir kennen die Spielregeln.<\/p>\t\t\t\t\t\t\t\t<\/div>\n\t\t\t\t<\/div>\n\t\t\t\t<\/a>\n\t\t\t\t<\/div>\n\t\t<div class=\"elementor-element elementor-element-679e489 e-con-full e-flex e-con e-child\" data-id=\"679e489\" data-element_type=\"container\">\n\t\t<a class=\"elementor-element elementor-element-33493455 e-con-full e-flex e-con e-child\" data-id=\"33493455\" data-element_type=\"container\">\n\t\t<div class=\"elementor-element elementor-element-19b98e06 e-con-full e-flex e-con e-child\" data-id=\"19b98e06\" data-element_type=\"container\">\n\t\t\t\t<div class=\"elementor-element elementor-element-6cb2d3f1 elementor-view-default elementor-widget elementor-widget-icon\" data-id=\"6cb2d3f1\" data-element_type=\"widget\" data-widget_type=\"icon.default\">\n\t\t\t\t\t\t\t<div class=\"elementor-icon-wrapper\">\n\t\t\t<div class=\"elementor-icon\">\n\t\t\t<i aria-hidden=\"true\" class=\"icon icon-svg\"><\/i>\t\t\t<\/div>\n\t\t<\/div>\n\t\t\t\t\t\t<\/div>\n\t\t\t\t<\/div>\n\t\t<div class=\"elementor-element elementor-element-6cb8e1e2 e-con-full e-flex e-con e-child\" data-id=\"6cb8e1e2\" data-element_type=\"container\">\n\t\t\t\t<div class=\"elementor-element elementor-element-3e60d24c elementor-widget elementor-widget-heading\" data-id=\"3e60d24c\" data-element_type=\"widget\" data-widget_type=\"heading.default\">\n\t\t\t\t\t<h3 class=\"elementor-heading-title elementor-size-default\">Bescheide &amp; Beh\u00f6rden-kommunikation<\/h3>\t\t\t\t<\/div>\n\t\t\t\t<div class=\"elementor-element elementor-element-3bd060e6 elementor-widget elementor-widget-text-editor\" data-id=\"3bd060e6\" data-element_type=\"widget\" data-widget_type=\"text-editor.default\">\n\t\t\t\t\t\t\t\t\t<p>Wir pr\u00fcfen, reagieren und vertreten Sie gegen\u00fcber dem Finanzamt.<\/p>\t\t\t\t\t\t\t\t<\/div>\n\t\t\t\t<\/div>\n\t\t\t\t<\/a>\n\t\t\t\t<\/div>\n\t\t\t\t<\/div>\n\t\t\t\t<\/div>\n\t\t\t\t\t<\/div>\n\t\t\t\t<\/div>\n\t\t<div class=\"elementor-element elementor-element-54c3e8e7 e-flex e-con-boxed e-con e-parent\" data-id=\"54c3e8e7\" data-element_type=\"container\">\n\t\t\t\t\t<div class=\"e-con-inner\">\n\t\t<div class=\"elementor-element elementor-element-157e56f5 e-con-full e-flex e-con e-child\" data-id=\"157e56f5\" data-element_type=\"container\">\n\t\t\t\t<div class=\"elementor-element elementor-element-1a0a63f6 elementor-widget elementor-widget-text-editor\" data-id=\"1a0a63f6\" data-element_type=\"widget\" data-widget_type=\"text-editor.default\">\n\t\t\t\t\t\t\t\t\t<h3>Bereit, Ihre Steuern in die richtigen H\u00e4nde zu geben?<\/h3>\t\t\t\t\t\t\t\t<\/div>\n\t\t\t\t<div class=\"elementor-element elementor-element-29b62b20 elementor-widget elementor-widget-button\" data-id=\"29b62b20\" data-element_type=\"widget\" data-widget_type=\"button.default\">\n\t\t\t\t\t\t\t\t\t\t<a class=\"elementor-button elementor-button-link elementor-size-sm\" href=\"https:\/\/dev.ebitplus.at\/en\">\n\t\t\t\t\t\t<span class=\"elementor-button-content-wrapper\">\n\t\t\t\t\t\t\t\t\t<span class=\"elementor-button-text\">Jetzt Termin vereinbaren<\/span>\n\t\t\t\t\t<\/span>\n\t\t\t\t\t<\/a>\n\t\t\t\t\t\t\t\t<\/div>\n\t\t\t\t<\/div>\n\t\t\t\t\t<\/div>\n\t\t\t\t<\/div>\n\t\t<div class=\"elementor-element elementor-element-25afb76d e-flex e-con-boxed e-con e-parent\" data-id=\"25afb76d\" data-element_type=\"container\">\n\t\t\t\t\t<div class=\"e-con-inner\">\n\t\t\t\t<div class=\"elementor-element elementor-element-76871d08 elementor-widget elementor-widget-text-editor\" data-id=\"76871d08\" data-element_type=\"widget\" data-widget_type=\"text-editor.default\">\n\t\t\t\t\t\t\t\t\t<h2>Ihre Vorteile mit ebit<\/h2>\t\t\t\t\t\t\t\t<\/div>\n\t\t\t\t\t<\/div>\n\t\t\t\t<\/div>\n\t\t<div class=\"elementor-element elementor-element-7f3e62be e-grid container-tsr-arrow-text-grid e-con-boxed e-con e-parent\" data-id=\"7f3e62be\" data-element_type=\"container\">\n\t\t\t\t\t<div class=\"e-con-inner\">\n\t\t<a class=\"elementor-element elementor-element-2bc6a18b e-con-full e-flex e-con e-child\" data-id=\"2bc6a18b\" data-element_type=\"container\">\n\t\t\t\t<div class=\"elementor-element elementor-element-588d9ba elementor-widget elementor-widget-heading\" data-id=\"588d9ba\" data-element_type=\"widget\" data-widget_type=\"heading.default\">\n\t\t\t\t\t<h3 class=\"elementor-heading-title elementor-size-default\">Hohe Detailgenauigkeit<\/h3>\t\t\t\t<\/div>\n\t\t\t\t<div class=\"elementor-element elementor-element-8e0c58f elementor-view-default elementor-widget elementor-widget-icon\" data-id=\"8e0c58f\" data-element_type=\"widget\" data-widget_type=\"icon.default\">\n\t\t\t\t\t\t\t<div class=\"elementor-icon-wrapper\">\n\t\t\t<div class=\"elementor-icon\">\n\t\t\t<i aria-hidden=\"true\" class=\"icon icon-pfeil\"><\/i>\t\t\t<\/div>\n\t\t<\/div>\n\t\t\t\t\t\t<\/div>\n\t\t\t\t<div class=\"elementor-element elementor-element-199593b8 elementor-widget elementor-widget-text-editor\" data-id=\"199593b8\" data-element_type=\"widget\" data-widget_type=\"text-editor.default\">\n\t\t\t\t\t\t\t\t\t<p>Wir \u00fcbersehen nichts \u2013 und holen das Maximum f\u00fcr Sie heraus.<\/p>\t\t\t\t\t\t\t\t<\/div>\n\t\t\t\t<\/a>\n\t\t<a class=\"elementor-element elementor-element-20f3557c e-con-full e-flex e-con e-child\" data-id=\"20f3557c\" data-element_type=\"container\">\n\t\t\t\t<div class=\"elementor-element elementor-element-1f73b580 elementor-widget elementor-widget-heading\" data-id=\"1f73b580\" data-element_type=\"widget\" data-widget_type=\"heading.default\">\n\t\t\t\t\t<h3 class=\"elementor-heading-title elementor-size-default\">Verst\u00e4ndlich erkl\u00e4rt<\/h3>\t\t\t\t<\/div>\n\t\t\t\t<div class=\"elementor-element elementor-element-77a9e02b elementor-view-default elementor-widget elementor-widget-icon\" data-id=\"77a9e02b\" data-element_type=\"widget\" data-widget_type=\"icon.default\">\n\t\t\t\t\t\t\t<div class=\"elementor-icon-wrapper\">\n\t\t\t<div class=\"elementor-icon\">\n\t\t\t<i aria-hidden=\"true\" class=\"icon icon-pfeil\"><\/i>\t\t\t<\/div>\n\t\t<\/div>\n\t\t\t\t\t\t<\/div>\n\t\t\t\t<div class=\"elementor-element elementor-element-1fea83b0 elementor-widget elementor-widget-text-editor\" data-id=\"1fea83b0\" data-element_type=\"widget\" data-widget_type=\"text-editor.default\">\n\t\t\t\t\t\t\t\t\t<p>Kein Steuerdeutsch. Klare Empfehlungen, die Sie wirklich verstehen.<\/p>\t\t\t\t\t\t\t\t<\/div>\n\t\t\t\t<\/a>\n\t\t<a class=\"elementor-element elementor-element-576a838e e-con-full e-flex e-con e-child\" data-id=\"576a838e\" data-element_type=\"container\">\n\t\t\t\t<div class=\"elementor-element elementor-element-3d57c72b elementor-widget elementor-widget-heading\" data-id=\"3d57c72b\" data-element_type=\"widget\" data-widget_type=\"heading.default\">\n\t\t\t\t\t<h3 class=\"elementor-heading-title elementor-size-default\">Absolute Diskretion<\/h3>\t\t\t\t<\/div>\n\t\t\t\t<div class=\"elementor-element elementor-element-24da6e62 elementor-view-default elementor-widget elementor-widget-icon\" data-id=\"24da6e62\" data-element_type=\"widget\" data-widget_type=\"icon.default\">\n\t\t\t\t\t\t\t<div class=\"elementor-icon-wrapper\">\n\t\t\t<div class=\"elementor-icon\">\n\t\t\t<i aria-hidden=\"true\" class=\"icon icon-pfeil\"><\/i>\t\t\t<\/div>\n\t\t<\/div>\n\t\t\t\t\t\t<\/div>\n\t\t\t\t<div class=\"elementor-element elementor-element-c9fde7e elementor-widget elementor-widget-text-editor\" data-id=\"c9fde7e\" data-element_type=\"widget\" data-widget_type=\"text-editor.default\">\n\t\t\t\t\t\t\t\t\t<p>Ihre pers\u00f6nlichen Daten sind bei uns sicher und vertraulich.<\/p>\t\t\t\t\t\t\t\t<\/div>\n\t\t\t\t<\/a>\n\t\t<a class=\"elementor-element elementor-element-5fbf1e9a e-con-full e-flex e-con e-child\" data-id=\"5fbf1e9a\" data-element_type=\"container\">\n\t\t\t\t<div class=\"elementor-element elementor-element-94454f0 elementor-widget elementor-widget-heading\" data-id=\"94454f0\" data-element_type=\"widget\" data-widget_type=\"heading.default\">\n\t\t\t\t\t<h3 class=\"elementor-heading-title elementor-size-default\">Internationales Know-how<\/h3>\t\t\t\t<\/div>\n\t\t\t\t<div class=\"elementor-element elementor-element-6459c42 elementor-view-default elementor-widget elementor-widget-icon\" data-id=\"6459c42\" data-element_type=\"widget\" data-widget_type=\"icon.default\">\n\t\t\t\t\t\t\t<div class=\"elementor-icon-wrapper\">\n\t\t\t<div class=\"elementor-icon\">\n\t\t\t<i aria-hidden=\"true\" class=\"icon icon-pfeil\"><\/i>\t\t\t<\/div>\n\t\t<\/div>\n\t\t\t\t\t\t<\/div>\n\t\t\t\t<div class=\"elementor-element elementor-element-7ca85546 elementor-widget elementor-widget-text-editor\" data-id=\"7ca85546\" data-element_type=\"widget\" data-widget_type=\"text-editor.default\">\n\t\t\t\t\t\t\t\t\t<p>Erfahrung mit Expats und grenz\u00fcberschreitenden Sachverhalten.<\/p>\t\t\t\t\t\t\t\t<\/div>\n\t\t\t\t<\/a>\n\t\t\t\t\t<\/div>\n\t\t\t\t<\/div>\n\t\t<div class=\"elementor-element elementor-element-b5d4d83 e-flex e-con-boxed e-con e-parent\" data-id=\"b5d4d83\" data-element_type=\"container\">\n\t\t\t\t\t<div class=\"e-con-inner\">\n\t\t\t\t<div class=\"elementor-element elementor-element-8503009 elementor-widget elementor-widget-text-editor\" data-id=\"8503009\" data-element_type=\"widget\" data-widget_type=\"text-editor.default\">\n\t\t\t\t\t\t\t\t\t<p>Lorem ipsum dolor sit amet, consectetur adipiscing elit. Ut elit tellus, luctus nec ullamcorper mattis, pulvinar dapibus leo.<\/p>\t\t\t\t\t\t\t\t<\/div>\n\t\t\t\t\t<\/div>\n\t\t\t\t<\/div>\n\t\t\t\t<\/div>","protected":false},"excerpt":{"rendered":"<p>BRANCHEN Steuerberatungf\u00fcr Privatpersonen. Nichts \u00fcbersehen. Mehr herausholen. Ruhig schlafen.Wer Immobilien vermietet, im Ausland arbeitet oder komplexe Einkommenssituationen hat, braucht mehr [&hellip;]<\/p>","protected":false},"author":1,"featured_media":0,"parent":141,"menu_order":0,"comment_status":"closed","ping_status":"closed","template":"","meta":{"site-sidebar-layout":"no-sidebar","site-content-layout":"","ast-site-content-layout":"full-width-container","site-content-style":"default","site-sidebar-style":"default","ast-global-header-display":"","ast-banner-title-visibility":"","ast-main-header-display":"","ast-hfb-above-header-display":"","ast-hfb-below-header-display":"","ast-hfb-mobile-header-display":"","site-post-title":"","ast-breadcrumbs-content":"","ast-featured-img":"disabled","footer-sml-layout":"","ast-disable-related-posts":"","theme-transparent-header-meta":"","adv-header-id-meta":"","stick-header-meta":"","header-above-stick-meta":"","header-main-stick-meta":"","header-below-stick-meta":"","astra-migrate-meta-layouts":"default","ast-page-background-enabled":"default","ast-page-background-meta":{"desktop":{"background-color":"var(--ast-global-color-5)","background-image":"","background-repeat":"repeat","background-position":"center center","background-size":"auto","background-attachment":"scroll","background-type":"","background-media":"","overlay-type":"","overlay-color":"","overlay-opacity":"","overlay-gradient":""},"tablet":{"background-color":"","background-image":"","background-repeat":"repeat","background-position":"center center","background-size":"auto","background-attachment":"scroll","background-type":"","background-media":"","overlay-type":"","overlay-color":"","overlay-opacity":"","overlay-gradient":""},"mobile":{"background-color":"","background-image":"","background-repeat":"repeat","background-position":"center center","background-size":"auto","background-attachment":"scroll","background-type":"","background-media":"","overlay-type":"","overlay-color":"","overlay-opacity":"","overlay-gradient":""}},"ast-content-background-meta":{"desktop":{"background-color":"var(--ast-global-color-4)","background-image":"","background-repeat":"repeat","background-position":"center center","background-size":"auto","background-attachment":"scroll","background-type":"","background-media":"","overlay-type":"","overlay-color":"","overlay-opacity":"","overlay-gradient":""},"tablet":{"background-color":"var(--ast-global-color-4)","background-image":"","background-repeat":"repeat","background-position":"center center","background-size":"auto","background-attachment":"scroll","background-type":"","background-media":"","overlay-type":"","overlay-color":"","overlay-opacity":"","overlay-gradient":""},"mobile":{"background-color":"var(--ast-global-color-4)","background-image":"","background-repeat":"repeat","background-position":"center center","background-size":"auto","background-attachment":"scroll","background-type":"","background-media":"","overlay-type":"","overlay-color":"","overlay-opacity":"","overlay-gradient":""}},"footnotes":""},"class_list":["post-514","page","type-page","status-publish","hentry"],"_links":{"self":[{"href":"https:\/\/dev.ebitplus.at\/en\/wp-json\/wp\/v2\/pages\/514","targetHints":{"allow":["GET"]}}],"collection":[{"href":"https:\/\/dev.ebitplus.at\/en\/wp-json\/wp\/v2\/pages"}],"about":[{"href":"https:\/\/dev.ebitplus.at\/en\/wp-json\/wp\/v2\/types\/page"}],"author":[{"embeddable":true,"href":"https:\/\/dev.ebitplus.at\/en\/wp-json\/wp\/v2\/users\/1"}],"replies":[{"embeddable":true,"href":"https:\/\/dev.ebitplus.at\/en\/wp-json\/wp\/v2\/comments?post=514"}],"version-history":[{"count":13,"href":"https:\/\/dev.ebitplus.at\/en\/wp-json\/wp\/v2\/pages\/514\/revisions"}],"predecessor-version":[{"id":1839,"href":"https:\/\/dev.ebitplus.at\/en\/wp-json\/wp\/v2\/pages\/514\/revisions\/1839"}],"up":[{"embeddable":true,"href":"https:\/\/dev.ebitplus.at\/en\/wp-json\/wp\/v2\/pages\/141"}],"wp:attachment":[{"href":"https:\/\/dev.ebitplus.at\/en\/wp-json\/wp\/v2\/media?parent=514"}],"curies":[{"name":"wp","href":"https:\/\/api.w.org\/{rel}","templated":true}]}}