{"id":516,"date":"2026-03-18T14:16:51","date_gmt":"2026-03-18T13:16:51","guid":{"rendered":"https:\/\/dev.ebitplus.at\/?page_id=516"},"modified":"2026-04-03T16:07:23","modified_gmt":"2026-04-03T15:07:23","slug":"fernbetreuung","status":"publish","type":"page","link":"https:\/\/dev.ebitplus.at\/en\/services\/fernbetreuung\/","title":{"rendered":"Fernbetreuung"},"content":{"rendered":"<div data-elementor-type=\"wp-page\" data-elementor-id=\"516\" class=\"elementor elementor-516\" data-elementor-post-type=\"page\">\n\t\t\t\t<div class=\"elementor-element elementor-element-7e09b0a3 container-header-text-only e-flex e-con-boxed e-con e-parent\" data-id=\"7e09b0a3\" data-element_type=\"container\" data-settings=\"{&quot;background_background&quot;:&quot;gradient&quot;}\">\n\t\t\t\t\t<div class=\"e-con-inner\">\n\t\t\t\t<div class=\"elementor-element elementor-element-6afc08c6 elementor-widget elementor-widget-text-editor\" data-id=\"6afc08c6\" data-element_type=\"widget\" data-widget_type=\"text-editor.default\">\n\t\t\t\t\t\t\t\t\t<h1>Fern\u00adbetreuung<\/h1>\t\t\t\t\t\t\t\t<\/div>\n\t\t\t\t\t<\/div>\n\t\t\t\t<\/div>\n\t\t<div class=\"elementor-element elementor-element-78110aec e-flex e-con-boxed e-con e-parent\" data-id=\"78110aec\" data-element_type=\"container\">\n\t\t\t\t\t<div class=\"e-con-inner\">\n\t\t\t\t<div class=\"elementor-element elementor-element-4caf4d3c elementor-widget elementor-widget-shortcode\" data-id=\"4caf4d3c\" data-element_type=\"widget\" data-widget_type=\"shortcode.default\">\n\t\t\t\t\t\t\t<div class=\"elementor-shortcode\"><nav aria-label=\"breadcrumbs\" class=\"rank-math-breadcrumb\"><p><span class=\"last\">Home<\/span><\/p><\/nav><\/div>\n\t\t\t\t\t\t<\/div>\n\t\t\t\t\t<\/div>\n\t\t\t\t<\/div>\n\t\t<div class=\"elementor-element elementor-element-5ae01522 e-flex e-con-boxed e-con e-parent\" data-id=\"5ae01522\" data-element_type=\"container\">\n\t\t\t\t\t<div class=\"e-con-inner\">\n\t\t<div class=\"elementor-element elementor-element-6cfa6dc6 e-con-full e-flex e-con e-child\" data-id=\"6cfa6dc6\" data-element_type=\"container\">\n\t\t\t\t<div class=\"elementor-element elementor-element-dbf820d elementor-widget elementor-widget-text-editor\" data-id=\"dbf820d\" data-element_type=\"widget\" data-widget_type=\"text-editor.default\">\n\t\t\t\t\t\t\t\t\t<p>\u00dcBER EBIT<\/p>\t\t\t\t\t\t\t\t<\/div>\n\t\t\t\t<div class=\"elementor-element elementor-element-3aa8495b elementor-widget elementor-widget-text-editor\" data-id=\"3aa8495b\" data-element_type=\"widget\" data-widget_type=\"text-editor.default\">\n\t\t\t\t\t\t\t\t\t<h2>Pers\u00f6nliche Beratung. Ohne lange Anfahrt.<\/h2>\t\t\t\t\t\t\t\t<\/div>\n\t\t\t\t<\/div>\n\t\t<div class=\"elementor-element elementor-element-4db0cc03 e-con-full e-flex e-con e-child\" data-id=\"4db0cc03\" data-element_type=\"container\">\n\t\t\t\t<div class=\"elementor-element elementor-element-1b6a1a86 elementor-widget elementor-widget-text-editor\" data-id=\"1b6a1a86\" data-element_type=\"widget\" data-widget_type=\"text-editor.default\">\n\t\t\t\t\t\t\t\t\t<p>Gute Beratung geht auch ohne Vor-Ort-Termin. Mit unserer Fernbetreuung erreichen Sie Ihr ebit-Team bequem per Video oder Telefon \u2013 und \u00fcbermitteln Unterlagen digital, sicher und strukturiert. Das spart Zeit, beschleunigt Abstimmungen und passt perfekt in einen modernen Arbeitsalltag.<\/p>\t\t\t\t\t\t\t\t<\/div>\n\t\t\t\t<\/div>\n\t\t\t\t\t<\/div>\n\t\t\t\t<\/div>\n\t\t<div class=\"elementor-element elementor-element-af33117 e-flex e-con-boxed e-con e-parent\" data-id=\"af33117\" data-element_type=\"container\">\n\t\t\t\t\t<div class=\"e-con-inner\">\n\t\t<div class=\"elementor-element elementor-element-3e76eeb7 e-con-full e-flex e-con e-child\" data-id=\"3e76eeb7\" data-element_type=\"container\">\n\t\t\t\t<div class=\"elementor-element elementor-element-483b1334 elementor-widget elementor-widget-text-editor\" data-id=\"483b1334\" data-element_type=\"widget\" data-widget_type=\"text-editor.default\">\n\t\t\t\t\t\t\t\t\t<h2>Flexibel. Pers\u00f6nlich. Immer nah.<\/h2>\t\t\t\t\t\t\t\t<\/div>\n\t\t\t\t<div class=\"elementor-element elementor-element-53cb4460 elementor-widget elementor-widget-text-editor\" data-id=\"53cb4460\" data-element_type=\"widget\" data-widget_type=\"text-editor.default\">\n\t\t\t\t\t\t\t\t\t<p>Was sich \u00e4ndert: der Ort. Was bleibt: Ihr fixer Ansprechpartner, die gewohnte Betreuungsqualit\u00e4t und das direkte Gespr\u00e4ch. Ob Beratungstermin, schnelle R\u00fcckfrage oder strukturierte Dokumenten\u00fcbergabe \u2013 wir sind auch in der Ferne ganz nah.<\/p><p><strong>Vereinbaren Sie gleich einen Video-Call mit uns.<\/strong><\/p>\t\t\t\t\t\t\t\t<\/div>\n\t\t\t\t<div class=\"elementor-element elementor-element-2f547a31 elementor-widget elementor-widget-button\" data-id=\"2f547a31\" data-element_type=\"widget\" data-widget_type=\"button.default\">\n\t\t\t\t\t\t\t\t\t\t<a class=\"elementor-button elementor-button-link elementor-size-sm\" href=\"https:\/\/dev.ebitplus.at\/en\">\n\t\t\t\t\t\t<span class=\"elementor-button-content-wrapper\">\n\t\t\t\t\t\t\t\t\t<span class=\"elementor-button-text\">Jetzt Termin vereinbaren<\/span>\n\t\t\t\t\t<\/span>\n\t\t\t\t\t<\/a>\n\t\t\t\t\t\t\t\t<\/div>\n\t\t\t\t<\/div>\n\t\t<div class=\"elementor-element elementor-element-34cc5b37 e-con-full e-flex e-con e-child\" data-id=\"34cc5b37\" data-element_type=\"container\" data-settings=\"{&quot;background_background&quot;:&quot;gradient&quot;}\">\n\t\t<div class=\"elementor-element elementor-element-4f5ff158 e-con-full e-flex e-con e-child\" data-id=\"4f5ff158\" data-element_type=\"container\">\n\t\t\t\t<div class=\"elementor-element elementor-element-5ad14ddf elementor-widget elementor-widget-image\" data-id=\"5ad14ddf\" data-element_type=\"widget\" data-widget_type=\"image.default\">\n\t\t\t\t\t\t\t\t\t\t\t\t\t\t\t<img decoding=\"async\" width=\"100\" height=\"100\" src=\"https:\/\/dev.ebitplus.at\/wordpress\/wp-content\/uploads\/2026\/03\/blue-bg-1.svg\" class=\"attachment-large size-large wp-image-168\" alt=\"\" \/>\t\t\t\t\t\t\t\t\t\t\t\t\t\t\t<\/div>\n\t\t\t\t<\/div>\n\t\t\t\t<\/div>\n\t\t\t\t\t<\/div>\n\t\t\t\t<\/div>\n\t\t<div class=\"elementor-element elementor-element-db35324 e-flex e-con-boxed e-con e-parent\" data-id=\"db35324\" data-element_type=\"container\">\n\t\t\t\t\t<div class=\"e-con-inner\">\n\t\t\t\t<div class=\"elementor-element elementor-element-78c05d20 elementor-widget elementor-widget-text-editor\" data-id=\"78c05d20\" data-element_type=\"widget\" data-widget_type=\"text-editor.default\">\n\t\t\t\t\t\t\t\t\t<h3>So einfach funktioniert die Fernbetreuung.<\/h3>\t\t\t\t\t\t\t\t<\/div>\n\t\t\t\t\t<\/div>\n\t\t\t\t<\/div>\n\t\t<div class=\"elementor-element elementor-element-47d08f1f container-green-teaser e-flex e-con-boxed e-con e-parent\" data-id=\"47d08f1f\" data-element_type=\"container\" data-settings=\"{&quot;background_background&quot;:&quot;gradient&quot;}\">\n\t\t\t\t\t<div class=\"e-con-inner\">\n\t\t<div class=\"elementor-element elementor-element-72aeaf63 e-con-full e-flex e-con e-child\" data-id=\"72aeaf63\" data-element_type=\"container\">\n\t\t<div class=\"elementor-element elementor-element-64f6b221 e-con-full e-flex e-con e-child\" data-id=\"64f6b221\" data-element_type=\"container\">\n\t\t\t\t<div class=\"elementor-element elementor-element-242ce841 elementor-view-default elementor-widget elementor-widget-icon\" data-id=\"242ce841\" data-element_type=\"widget\" data-widget_type=\"icon.default\">\n\t\t\t\t\t\t\t<div class=\"elementor-icon-wrapper\">\n\t\t\t<div class=\"elementor-icon\">\n\t\t\t<i aria-hidden=\"true\" class=\"icon icon-icon-undo-4-web\"><\/i>\t\t\t<\/div>\n\t\t<\/div>\n\t\t\t\t\t\t<\/div>\n\t\t\t\t<\/div>\n\t\t<div class=\"elementor-element elementor-element-72881d99 e-con-full e-flex e-con e-child\" data-id=\"72881d99\" data-element_type=\"container\">\n\t\t\t\t<div class=\"elementor-element elementor-element-666958c5 elementor-widget elementor-widget-image\" data-id=\"666958c5\" data-element_type=\"widget\" data-widget_type=\"image.default\">\n\t\t\t\t\t\t\t\t\t\t\t\t\t\t\t<img decoding=\"async\" width=\"279\" height=\"30\" src=\"https:\/\/dev.ebitplus.at\/wordpress\/wp-content\/uploads\/2026\/03\/text-bitte-waehlen.svg\" class=\"attachment-full size-full wp-image-700\" alt=\"\" \/>\t\t\t\t\t\t\t\t\t\t\t\t\t\t\t<\/div>\n\t\t\t\t<\/div>\n\t\t\t\t<\/div>\n\t\t<div class=\"elementor-element elementor-element-1291573e e-con-full e-flex e-con e-child\" data-id=\"1291573e\" data-element_type=\"container\">\n\t\t<div class=\"elementor-element elementor-element-5ebd97bd e-con-full e-flex e-con e-child\" data-id=\"5ebd97bd\" data-element_type=\"container\">\n\t\t<div class=\"elementor-element elementor-element-472f4513 e-con-full e-flex e-con e-child\" data-id=\"472f4513\" data-element_type=\"container\">\n\t\t<a class=\"elementor-element elementor-element-145b8f1b e-con-full e-flex e-con e-child\" data-id=\"145b8f1b\" data-element_type=\"container\" href=\"\/en\/leistungen\/personalverrechnung\/\">\n\t\t<div class=\"elementor-element elementor-element-2750211 e-con-full e-flex e-con e-child\" data-id=\"2750211\" data-element_type=\"container\">\n\t\t<div class=\"elementor-element elementor-element-bc8388e e-con-full e-flex e-con e-child\" data-id=\"bc8388e\" data-element_type=\"container\">\n\t\t\t\t<div class=\"elementor-element elementor-element-19ca2ec2 elementor-widget elementor-widget-text-editor\" data-id=\"19ca2ec2\" data-element_type=\"widget\" data-widget_type=\"text-editor.default\">\n\t\t\t\t\t\t\t\t\t<p>1<\/p>\t\t\t\t\t\t\t\t<\/div>\n\t\t\t\t<\/div>\n\t\t\t\t<\/div>\n\t\t<div class=\"elementor-element elementor-element-5fbbb1df e-con-full e-flex e-con e-child\" data-id=\"5fbbb1df\" data-element_type=\"container\">\n\t\t\t\t<div class=\"elementor-element elementor-element-7251357f elementor-widget elementor-widget-heading\" data-id=\"7251357f\" data-element_type=\"widget\" data-widget_type=\"heading.default\">\n\t\t\t\t\t<h3 class=\"elementor-heading-title elementor-size-default\">Termin vereinbaren<\/h3>\t\t\t\t<\/div>\n\t\t\t\t<div class=\"elementor-element elementor-element-7f7d7f40 elementor-widget elementor-widget-text-editor\" data-id=\"7f7d7f40\" data-element_type=\"widget\" data-widget_type=\"text-editor.default\">\n\t\t\t\t\t\t\t\t\t<p>Einfach melden \u2013 wir schlagen einen passenden Zeitslot vor.<\/p>\t\t\t\t\t\t\t\t<\/div>\n\t\t\t\t<\/div>\n\t\t\t\t<\/a>\n\t\t\t\t<\/div>\n\t\t<div class=\"elementor-element elementor-element-747baf29 e-con-full e-flex e-con e-child\" data-id=\"747baf29\" data-element_type=\"container\">\n\t\t<a class=\"elementor-element elementor-element-f815a8 e-con-full e-flex e-con e-child\" data-id=\"f815a8\" data-element_type=\"container\" href=\"\/en\/leistungen\/personalverrechnung\/\">\n\t\t<div class=\"elementor-element elementor-element-78ac7cb4 e-con-full e-flex e-con e-child\" data-id=\"78ac7cb4\" data-element_type=\"container\">\n\t\t<div class=\"elementor-element elementor-element-6e567a65 e-con-full e-flex e-con e-child\" data-id=\"6e567a65\" data-element_type=\"container\">\n\t\t\t\t<div class=\"elementor-element elementor-element-5716b8f6 elementor-widget elementor-widget-text-editor\" data-id=\"5716b8f6\" data-element_type=\"widget\" data-widget_type=\"text-editor.default\">\n\t\t\t\t\t\t\t\t\t<p>2<\/p>\t\t\t\t\t\t\t\t<\/div>\n\t\t\t\t<\/div>\n\t\t\t\t<\/div>\n\t\t<div class=\"elementor-element elementor-element-6fa13562 e-con-full e-flex e-con e-child\" data-id=\"6fa13562\" data-element_type=\"container\">\n\t\t\t\t<div class=\"elementor-element elementor-element-54c5f1e5 elementor-widget elementor-widget-heading\" data-id=\"54c5f1e5\" data-element_type=\"widget\" data-widget_type=\"heading.default\">\n\t\t\t\t\t<h3 class=\"elementor-heading-title elementor-size-default\">Link erhalten<\/h3>\t\t\t\t<\/div>\n\t\t\t\t<div class=\"elementor-element elementor-element-389afe20 elementor-widget elementor-widget-text-editor\" data-id=\"389afe20\" data-element_type=\"widget\" data-widget_type=\"text-editor.default\">\n\t\t\t\t\t\t\t\t\t<p>Sie bekommen einen Video-Link oder eine Einwahlnummer \u2013 kein Tool-Download n\u00f6tig.<\/p>\t\t\t\t\t\t\t\t<\/div>\n\t\t\t\t<\/div>\n\t\t\t\t<\/a>\n\t\t\t\t<\/div>\n\t\t\t\t<\/div>\n\t\t<div class=\"elementor-element elementor-element-19b5a6e e-con-full e-flex e-con e-child\" data-id=\"19b5a6e\" data-element_type=\"container\">\n\t\t<div class=\"elementor-element elementor-element-34461378 e-con-full e-flex e-con e-child\" data-id=\"34461378\" data-element_type=\"container\">\n\t\t<a class=\"elementor-element elementor-element-4371ffdd e-con-full e-flex e-con e-child\" data-id=\"4371ffdd\" data-element_type=\"container\" href=\"\/en\/leistungen\/personalverrechnung\/\">\n\t\t<div class=\"elementor-element elementor-element-e9c6e98 e-con-full e-flex e-con e-child\" data-id=\"e9c6e98\" data-element_type=\"container\">\n\t\t<div class=\"elementor-element elementor-element-e81b079 e-con-full e-flex e-con e-child\" data-id=\"e81b079\" data-element_type=\"container\">\n\t\t\t\t<div class=\"elementor-element elementor-element-6f4b6d8f elementor-widget elementor-widget-text-editor\" data-id=\"6f4b6d8f\" data-element_type=\"widget\" data-widget_type=\"text-editor.default\">\n\t\t\t\t\t\t\t\t\t<p>3<\/p>\t\t\t\t\t\t\t\t<\/div>\n\t\t\t\t<\/div>\n\t\t\t\t<\/div>\n\t\t<div class=\"elementor-element elementor-element-2a476317 e-con-full e-flex e-con e-child\" data-id=\"2a476317\" data-element_type=\"container\">\n\t\t\t\t<div class=\"elementor-element elementor-element-f2451e4 elementor-widget elementor-widget-heading\" data-id=\"f2451e4\" data-element_type=\"widget\" data-widget_type=\"heading.default\">\n\t\t\t\t\t<h3 class=\"elementor-heading-title elementor-size-default\">Unterlagen digital teilen<\/h3>\t\t\t\t<\/div>\n\t\t\t\t<div class=\"elementor-element elementor-element-2d30a470 elementor-widget elementor-widget-text-editor\" data-id=\"2d30a470\" data-element_type=\"widget\" data-widget_type=\"text-editor.default\">\n\t\t\t\t\t\t\t\t\t<p>Dokumente sicher und strukturiert \u00fcbermitteln \u2013 vor oder w\u00e4hrend des Termins.<\/p>\t\t\t\t\t\t\t\t<\/div>\n\t\t\t\t<\/div>\n\t\t\t\t<\/a>\n\t\t\t\t<\/div>\n\t\t<div class=\"elementor-element elementor-element-7594059b e-con-full e-flex e-con e-child\" data-id=\"7594059b\" data-element_type=\"container\">\n\t\t<a class=\"elementor-element elementor-element-4272a9f7 e-con-full e-flex e-con e-child\" data-id=\"4272a9f7\" data-element_type=\"container\" href=\"\/en\/leistungen\/personalverrechnung\/\">\n\t\t<div class=\"elementor-element elementor-element-59e2a975 e-con-full e-flex e-con e-child\" data-id=\"59e2a975\" data-element_type=\"container\">\n\t\t<div class=\"elementor-element elementor-element-3220a991 e-con-full e-flex e-con e-child\" data-id=\"3220a991\" data-element_type=\"container\">\n\t\t\t\t<div class=\"elementor-element elementor-element-77681d17 elementor-widget elementor-widget-text-editor\" data-id=\"77681d17\" data-element_type=\"widget\" data-widget_type=\"text-editor.default\">\n\t\t\t\t\t\t\t\t\t<p>4<\/p>\t\t\t\t\t\t\t\t<\/div>\n\t\t\t\t<\/div>\n\t\t\t\t<\/div>\n\t\t<div class=\"elementor-element elementor-element-3af6857f e-con-full e-flex e-con e-child\" data-id=\"3af6857f\" data-element_type=\"container\">\n\t\t\t\t<div class=\"elementor-element elementor-element-6165a903 elementor-widget elementor-widget-heading\" data-id=\"6165a903\" data-element_type=\"widget\" data-widget_type=\"heading.default\">\n\t\t\t\t\t<h3 class=\"elementor-heading-title elementor-size-default\">Ergebnis wie gewohnt<\/h3>\t\t\t\t<\/div>\n\t\t\t\t<div class=\"elementor-element elementor-element-3e43a3a5 elementor-widget elementor-widget-text-editor\" data-id=\"3e43a3a5\" data-element_type=\"widget\" data-widget_type=\"text-editor.default\">\n\t\t\t\t\t\t\t\t\t<p>Klare R\u00fcckmeldung, n\u00e4chste Schritte, alles dokumentiert \u2013 wie beim pers\u00f6nlichen Gespr\u00e4ch.<\/p>\t\t\t\t\t\t\t\t<\/div>\n\t\t\t\t<\/div>\n\t\t\t\t<\/a>\n\t\t\t\t<\/div>\n\t\t\t\t<\/div>\n\t\t\t\t<\/div>\n\t\t\t\t\t<\/div>\n\t\t\t\t<\/div>\n\t\t\t\t<\/div>","protected":false},"excerpt":{"rendered":"<p>Fern\u00adbetreuung \u00dcBER EBIT Pers\u00f6nliche Beratung. Ohne lange Anfahrt. Gute Beratung geht auch ohne Vor-Ort-Termin. Mit unserer Fernbetreuung erreichen Sie Ihr [&hellip;]<\/p>","protected":false},"author":1,"featured_media":0,"parent":143,"menu_order":0,"comment_status":"closed","ping_status":"closed","template":"","meta":{"site-sidebar-layout":"no-sidebar","site-content-layout":"","ast-site-content-layout":"full-width-container","site-content-style":"default","site-sidebar-style":"default","ast-global-header-display":"","ast-banner-title-visibility":"","ast-main-header-display":"","ast-hfb-above-header-display":"","ast-hfb-below-header-display":"","ast-hfb-mobile-header-display":"","site-post-title":"","ast-breadcrumbs-content":"","ast-featured-img":"disabled","footer-sml-layout":"","ast-disable-related-posts":"","theme-transparent-header-meta":"","adv-header-id-meta":"","stick-header-meta":"","header-above-stick-meta":"","header-main-stick-meta":"","header-below-stick-meta":"","astra-migrate-meta-layouts":"default","ast-page-background-enabled":"default","ast-page-background-meta":{"desktop":{"background-color":"var(--ast-global-color-5)","background-image":"","background-repeat":"repeat","background-position":"center center","background-size":"auto","background-attachment":"scroll","background-type":"","background-media":"","overlay-type":"","overlay-color":"","overlay-opacity":"","overlay-gradient":""},"tablet":{"background-color":"","background-image":"","background-repeat":"repeat","background-position":"center center","background-size":"auto","background-attachment":"scroll","background-type":"","background-media":"","overlay-type":"","overlay-color":"","overlay-opacity":"","overlay-gradient":""},"mobile":{"background-color":"","background-image":"","background-repeat":"repeat","background-position":"center center","background-size":"auto","background-attachment":"scroll","background-type":"","background-media":"","overlay-type":"","overlay-color":"","overlay-opacity":"","overlay-gradient":""}},"ast-content-background-meta":{"desktop":{"background-color":"var(--ast-global-color-4)","background-image":"","background-repeat":"repeat","background-position":"center center","background-size":"auto","background-attachment":"scroll","background-type":"","background-media":"","overlay-type":"","overlay-color":"","overlay-opacity":"","overlay-gradient":""},"tablet":{"background-color":"var(--ast-global-color-4)","background-image":"","background-repeat":"repeat","background-position":"center center","background-size":"auto","background-attachment":"scroll","background-type":"","background-media":"","overlay-type":"","overlay-color":"","overlay-opacity":"","overlay-gradient":""},"mobile":{"background-color":"var(--ast-global-color-4)","background-image":"","background-repeat":"repeat","background-position":"center center","background-size":"auto","background-attachment":"scroll","background-type":"","background-media":"","overlay-type":"","overlay-color":"","overlay-opacity":"","overlay-gradient":""}},"footnotes":""},"class_list":["post-516","page","type-page","status-publish","hentry"],"_links":{"self":[{"href":"https:\/\/dev.ebitplus.at\/en\/wp-json\/wp\/v2\/pages\/516","targetHints":{"allow":["GET"]}}],"collection":[{"href":"https:\/\/dev.ebitplus.at\/en\/wp-json\/wp\/v2\/pages"}],"about":[{"href":"https:\/\/dev.ebitplus.at\/en\/wp-json\/wp\/v2\/types\/page"}],"author":[{"embeddable":true,"href":"https:\/\/dev.ebitplus.at\/en\/wp-json\/wp\/v2\/users\/1"}],"replies":[{"embeddable":true,"href":"https:\/\/dev.ebitplus.at\/en\/wp-json\/wp\/v2\/comments?post=516"}],"version-history":[{"count":19,"href":"https:\/\/dev.ebitplus.at\/en\/wp-json\/wp\/v2\/pages\/516\/revisions"}],"predecessor-version":[{"id":2480,"href":"https:\/\/dev.ebitplus.at\/en\/wp-json\/wp\/v2\/pages\/516\/revisions\/2480"}],"up":[{"embeddable":true,"href":"https:\/\/dev.ebitplus.at\/en\/wp-json\/wp\/v2\/pages\/143"}],"wp:attachment":[{"href":"https:\/\/dev.ebitplus.at\/en\/wp-json\/wp\/v2\/media?parent=516"}],"curies":[{"name":"wp","href":"https:\/\/api.w.org\/{rel}","templated":true}]}}