{"id":526,"date":"2026-03-18T14:19:48","date_gmt":"2026-03-18T13:19:48","guid":{"rendered":"https:\/\/dev.ebitplus.at\/?page_id=526"},"modified":"2026-04-03T16:13:41","modified_gmt":"2026-04-03T15:13:41","slug":"geschichte","status":"publish","type":"page","link":"https:\/\/dev.ebitplus.at\/en\/ueber-uns\/geschichte\/","title":{"rendered":"Geschichte"},"content":{"rendered":"<div data-elementor-type=\"wp-page\" data-elementor-id=\"526\" class=\"elementor elementor-526\" data-elementor-post-type=\"page\">\n\t\t\t\t<div class=\"elementor-element elementor-element-71bb28e0 container-header-text-only e-flex e-con-boxed e-con e-parent\" data-id=\"71bb28e0\" data-element_type=\"container\" data-settings=\"{&quot;background_background&quot;:&quot;gradient&quot;}\">\n\t\t\t\t\t<div class=\"e-con-inner\">\n\t\t\t\t<div class=\"elementor-element elementor-element-42882b08 elementor-widget elementor-widget-text-editor\" data-id=\"42882b08\" data-element_type=\"widget\" data-widget_type=\"text-editor.default\">\n\t\t\t\t\t\t\t\t\t<h1>Geschichte<\/h1>\t\t\t\t\t\t\t\t<\/div>\n\t\t\t\t\t<\/div>\n\t\t\t\t<\/div>\n\t\t<div class=\"elementor-element elementor-element-432fccd8 e-flex e-con-boxed e-con e-parent\" data-id=\"432fccd8\" data-element_type=\"container\">\n\t\t\t\t\t<div class=\"e-con-inner\">\n\t\t\t\t<div class=\"elementor-element elementor-element-468c0acc elementor-widget elementor-widget-shortcode\" data-id=\"468c0acc\" data-element_type=\"widget\" data-widget_type=\"shortcode.default\">\n\t\t\t\t\t\t\t<div class=\"elementor-shortcode\"><nav aria-label=\"breadcrumbs\" class=\"rank-math-breadcrumb\"><p><span class=\"last\">Home<\/span><\/p><\/nav><\/div>\n\t\t\t\t\t\t<\/div>\n\t\t\t\t\t<\/div>\n\t\t\t\t<\/div>\n\t\t<div class=\"elementor-element elementor-element-5908888e e-flex e-con-boxed e-con e-parent\" data-id=\"5908888e\" data-element_type=\"container\">\n\t\t\t\t\t<div class=\"e-con-inner\">\n\t\t<div class=\"elementor-element elementor-element-1de6362 e-con-full e-flex e-con e-child\" data-id=\"1de6362\" data-element_type=\"container\">\n\t\t\t\t<div class=\"elementor-element elementor-element-7456c62c elementor-widget elementor-widget-text-editor\" data-id=\"7456c62c\" data-element_type=\"widget\" data-widget_type=\"text-editor.default\">\n\t\t\t\t\t\t\t\t\t<p>\u00dcBER EBIT<\/p>\t\t\t\t\t\t\t\t<\/div>\n\t\t\t\t<div class=\"elementor-element elementor-element-35c517f2 elementor-widget elementor-widget-text-editor\" data-id=\"35c517f2\" data-element_type=\"widget\" data-widget_type=\"text-editor.default\">\n\t\t\t\t\t\t\t\t\t<h2>Von der Kanzlei zum Beratungspartner.<\/h2>\t\t\t\t\t\t\t\t<\/div>\n\t\t\t\t<\/div>\n\t\t<div class=\"elementor-element elementor-element-c4990dc e-con-full e-flex e-con e-child\" data-id=\"c4990dc\" data-element_type=\"container\">\n\t\t\t\t<div class=\"elementor-element elementor-element-6cfa855b elementor-widget elementor-widget-text-editor\" data-id=\"6cfa855b\" data-element_type=\"widget\" data-widget_type=\"text-editor.default\">\n\t\t\t\t\t\t\t\t\t<p><strong>Wie aus einer klassischen Kanzlei ein modernes Beratungsunternehmen wurde.<\/strong><br \/>EBIT hat sich entwickelt weil wir immer verstanden haben, was unsere Mandanten wirklich brauchen. Was als klassische Steuerberatungskanzlei begann, ist heute ein Beratungsunternehmen, das Steuerkompetenz, Digitalisierung und unternehmerisches Denken verbindet.<\/p>\t\t\t\t\t\t\t\t<\/div>\n\t\t\t\t<\/div>\n\t\t\t\t\t<\/div>\n\t\t\t\t<\/div>\n\t\t<div class=\"elementor-element elementor-element-247a51c1 e-flex e-con-boxed e-con e-parent\" data-id=\"247a51c1\" data-element_type=\"container\" data-settings=\"{&quot;background_background&quot;:&quot;gradient&quot;}\">\n\t\t\t\t\t<div class=\"e-con-inner\">\n\t\t<div class=\"elementor-element elementor-element-f69ed63 e-con-full e-flex e-con e-child\" data-id=\"f69ed63\" data-element_type=\"container\">\n\t\t\t\t<div class=\"elementor-element elementor-element-3c6b25e2 elementor-widget elementor-widget-text-editor\" data-id=\"3c6b25e2\" data-element_type=\"widget\" data-widget_type=\"text-editor.default\">\n\t\t\t\t\t\t\t\t\t<p>GESCHICHTE<\/p>\t\t\t\t\t\t\t\t<\/div>\n\t\t\t\t<div class=\"elementor-element elementor-element-7276f888 elementor-widget elementor-widget-heading\" data-id=\"7276f888\" data-element_type=\"widget\" data-widget_type=\"heading.default\">\n\t\t\t\t\t<h2 class=\"elementor-heading-title elementor-size-default\">Ein R\u00fcckblick mit Weitblick.<\/h2>\t\t\t\t<\/div>\n\t\t\t\t<\/div>\n\t\t<div class=\"elementor-element elementor-element-10cbdd98 e-con-full e-flex e-con e-child\" data-id=\"10cbdd98\" data-element_type=\"container\">\n\t\t<div class=\"elementor-element elementor-element-6da0a16c e-con-full e-flex e-con e-child\" data-id=\"6da0a16c\" data-element_type=\"container\">\n\t\t\t\t<div class=\"elementor-element elementor-element-31f41eff elementor-widget elementor-widget-text-editor\" data-id=\"31f41eff\" data-element_type=\"widget\" data-widget_type=\"text-editor.default\">\n\t\t\t\t\t\t\t\t\t<p>Gegr\u00fcndet<\/p>\t\t\t\t\t\t\t\t<\/div>\n\t\t\t\t<\/div>\n\t\t<div class=\"elementor-element elementor-element-49130ca1 e-con-full e-flex e-con e-child\" data-id=\"49130ca1\" data-element_type=\"container\">\n\t\t\t\t<div class=\"elementor-element elementor-element-18337030 elementor-widget elementor-widget-text-editor\" data-id=\"18337030\" data-element_type=\"widget\" data-widget_type=\"text-editor.default\">\n\t\t\t\t\t\t\t\t\t<p><strong>Der Anfang.<\/strong><br \/>ebit wird gegr\u00fcndet \u2013 mit dem Anspruch, Steuerberatung pers\u00f6nlich, pr\u00e4zise und auf Augenh\u00f6he zu machen<\/p>\t\t\t\t\t\t\t\t<\/div>\n\t\t\t\t<\/div>\n\t\t\t\t<\/div>\n\t\t<div class=\"elementor-element elementor-element-fc4851b e-con-full e-flex e-con e-child\" data-id=\"fc4851b\" data-element_type=\"container\">\n\t\t<div class=\"elementor-element elementor-element-2a666b6a e-con-full e-flex e-con e-child\" data-id=\"2a666b6a\" data-element_type=\"container\">\n\t\t\t\t<div class=\"elementor-element elementor-element-41b31688 elementor-widget elementor-widget-text-editor\" data-id=\"41b31688\" data-element_type=\"widget\" data-widget_type=\"text-editor.default\">\n\t\t\t\t\t\t\t\t\t<p>Wachstum<\/p>\t\t\t\t\t\t\t\t<\/div>\n\t\t\t\t<\/div>\n\t\t<div class=\"elementor-element elementor-element-8e506cd e-con-full e-flex e-con e-child\" data-id=\"8e506cd\" data-element_type=\"container\">\n\t\t\t\t<div class=\"elementor-element elementor-element-66a35aa0 elementor-widget elementor-widget-text-editor\" data-id=\"66a35aa0\" data-element_type=\"widget\" data-widget_type=\"text-editor.default\">\n\t\t\t\t\t\t\t\t\t<p><strong>Mehr K\u00f6pfe. Mehr Kompetenz.<\/strong><br \/>Das Team w\u00e4chst, die Leistungstiefe steigt. Neue Bereiche wie Personalverrechnung und Managementberatung kommen dazu.<\/p>\t\t\t\t\t\t\t\t<\/div>\n\t\t\t\t<\/div>\n\t\t\t\t<\/div>\n\t\t<div class=\"elementor-element elementor-element-1aab21f3 e-con-full e-flex e-con e-child\" data-id=\"1aab21f3\" data-element_type=\"container\">\n\t\t<div class=\"elementor-element elementor-element-6625178d e-con-full e-flex e-con e-child\" data-id=\"6625178d\" data-element_type=\"container\">\n\t\t\t\t<div class=\"elementor-element elementor-element-9b12a6b elementor-widget elementor-widget-text-editor\" data-id=\"9b12a6b\" data-element_type=\"widget\" data-widget_type=\"text-editor.default\">\n\t\t\t\t\t\t\t\t\t<p>Digitalisierung<\/p>\t\t\t\t\t\t\t\t<\/div>\n\t\t\t\t<\/div>\n\t\t<div class=\"elementor-element elementor-element-6ad1b0fe e-con-full e-flex e-con e-child\" data-id=\"6ad1b0fe\" data-element_type=\"container\">\n\t\t\t\t<div class=\"elementor-element elementor-element-7049f51 elementor-widget elementor-widget-text-editor\" data-id=\"7049f51\" data-element_type=\"widget\" data-widget_type=\"text-editor.default\">\n\t\t\t\t\t\t\t\t\t<p><strong>Schritt in die Zukunft.<\/strong><br \/>ebit beginnt, digitale Prozesse systematisch einzuf\u00fchren \u2013 f\u00fcr effizientere Abl\u00e4ufe und mehr Transparenz f\u00fcr die Mandanten.<\/p>\t\t\t\t\t\t\t\t<\/div>\n\t\t\t\t<\/div>\n\t\t\t\t<\/div>\n\t\t<div class=\"elementor-element elementor-element-18389343 e-con-full e-flex e-con e-child\" data-id=\"18389343\" data-element_type=\"container\">\n\t\t<div class=\"elementor-element elementor-element-2723d624 e-con-full e-flex e-con e-child\" data-id=\"2723d624\" data-element_type=\"container\">\n\t\t\t\t<div class=\"elementor-element elementor-element-474b074e elementor-widget elementor-widget-text-editor\" data-id=\"474b074e\" data-element_type=\"widget\" data-widget_type=\"text-editor.default\">\n\t\t\t\t\t\t\t\t\t<p><strong>Heute<\/strong><\/p>\t\t\t\t\t\t\t\t<\/div>\n\t\t\t\t<\/div>\n\t\t<div class=\"elementor-element elementor-element-6ae63738 e-con-full e-flex e-con e-child\" data-id=\"6ae63738\" data-element_type=\"container\">\n\t\t\t\t<div class=\"elementor-element elementor-element-5c8f914c elementor-widget elementor-widget-text-editor\" data-id=\"5c8f914c\" data-element_type=\"widget\" data-widget_type=\"text-editor.default\">\n\t\t\t\t\t\t\t\t\t<p><strong>Modern. Pers\u00f6nlich. Vorausschauend.<\/strong><br \/>Zwei Standorte, ein eingespieltes Team und ein klarer Anspruch: Beratung, die wirklich weiterhilft.<\/p>\t\t\t\t\t\t\t\t<\/div>\n\t\t\t\t<\/div>\n\t\t\t\t<\/div>\n\t\t\t\t\t<\/div>\n\t\t\t\t<\/div>\n\t\t<div class=\"elementor-element elementor-element-8efbbc2 e-flex e-con-boxed e-con e-parent\" data-id=\"8efbbc2\" data-element_type=\"container\">\n\t\t\t\t\t<div class=\"e-con-inner\">\n\t\t\t\t<div class=\"elementor-element elementor-element-2f86259e elementor-widget elementor-widget-text-editor\" data-id=\"2f86259e\" data-element_type=\"widget\" data-widget_type=\"text-editor.default\">\n\t\t\t\t\t\t\t\t\t<h3>Was sich nie ver\u00e4ndert hat.<\/h3><p>Prozesse, Tools und Strukturen haben sich \u00fcber die Jahre gewandelt. Eines ist geblieben: der Anspruch, f\u00fcr unsere Mandanten wirklich da zu sein. Nicht als Zahlenlieferant, sondern als verl\u00e4sslicher Partner \u2013 der zuh\u00f6rt, vorausdenkt und Klarheit schafft.<\/p>\t\t\t\t\t\t\t\t<\/div>\n\t\t\t\t\t<\/div>\n\t\t\t\t<\/div>\n\t\t<div class=\"elementor-element elementor-element-47f0b1ed e-flex e-con-boxed e-con e-parent\" data-id=\"47f0b1ed\" data-element_type=\"container\">\n\t\t\t\t\t<div class=\"e-con-inner\">\n\t\t<div class=\"elementor-element elementor-element-57949584 e-con-full e-flex e-con e-child\" data-id=\"57949584\" data-element_type=\"container\">\n\t\t\t\t<div class=\"elementor-element elementor-element-61258e0c elementor-widget elementor-widget-text-editor\" data-id=\"61258e0c\" data-element_type=\"widget\" data-widget_type=\"text-editor.default\">\n\t\t\t\t\t\t\t\t\t<h3>Werden Sie Teil unserer Erfolgs-Geschichte.<\/h3>\t\t\t\t\t\t\t\t<\/div>\n\t\t\t\t<div class=\"elementor-element elementor-element-4c580670 elementor-widget elementor-widget-button\" data-id=\"4c580670\" data-element_type=\"widget\" data-widget_type=\"button.default\">\n\t\t\t\t\t\t\t\t\t\t<a class=\"elementor-button elementor-button-link elementor-size-sm\" href=\"https:\/\/dev.ebitplus.at\/en\">\n\t\t\t\t\t\t<span class=\"elementor-button-content-wrapper\">\n\t\t\t\t\t\t\t\t\t<span class=\"elementor-button-text\">Jetzt Termin vereinbaren<\/span>\n\t\t\t\t\t<\/span>\n\t\t\t\t\t<\/a>\n\t\t\t\t\t\t\t\t<\/div>\n\t\t\t\t<\/div>\n\t\t\t\t\t<\/div>\n\t\t\t\t<\/div>\n\t\t\t\t<\/div>","protected":false},"excerpt":{"rendered":"<p>Geschichte \u00dcBER EBIT Von der Kanzlei zum Beratungspartner. Wie aus einer klassischen Kanzlei ein modernes Beratungsunternehmen wurde.EBIT hat sich entwickelt [&hellip;]<\/p>","protected":false},"author":1,"featured_media":0,"parent":145,"menu_order":0,"comment_status":"closed","ping_status":"closed","template":"","meta":{"site-sidebar-layout":"no-sidebar","site-content-layout":"","ast-site-content-layout":"full-width-container","site-content-style":"default","site-sidebar-style":"default","ast-global-header-display":"","ast-banner-title-visibility":"","ast-main-header-display":"","ast-hfb-above-header-display":"","ast-hfb-below-header-display":"","ast-hfb-mobile-header-display":"","site-post-title":"","ast-breadcrumbs-content":"","ast-featured-img":"disabled","footer-sml-layout":"","ast-disable-related-posts":"","theme-transparent-header-meta":"","adv-header-id-meta":"","stick-header-meta":"","header-above-stick-meta":"","header-main-stick-meta":"","header-below-stick-meta":"","astra-migrate-meta-layouts":"default","ast-page-background-enabled":"default","ast-page-background-meta":{"desktop":{"background-color":"var(--ast-global-color-5)","background-image":"","background-repeat":"repeat","background-position":"center center","background-size":"auto","background-attachment":"scroll","background-type":"","background-media":"","overlay-type":"","overlay-color":"","overlay-opacity":"","overlay-gradient":""},"tablet":{"background-color":"","background-image":"","background-repeat":"repeat","background-position":"center center","background-size":"auto","background-attachment":"scroll","background-type":"","background-media":"","overlay-type":"","overlay-color":"","overlay-opacity":"","overlay-gradient":""},"mobile":{"background-color":"","background-image":"","background-repeat":"repeat","background-position":"center center","background-size":"auto","background-attachment":"scroll","background-type":"","background-media":"","overlay-type":"","overlay-color":"","overlay-opacity":"","overlay-gradient":""}},"ast-content-background-meta":{"desktop":{"background-color":"var(--ast-global-color-4)","background-image":"","background-repeat":"repeat","background-position":"center center","background-size":"auto","background-attachment":"scroll","background-type":"","background-media":"","overlay-type":"","overlay-color":"","overlay-opacity":"","overlay-gradient":""},"tablet":{"background-color":"var(--ast-global-color-4)","background-image":"","background-repeat":"repeat","background-position":"center center","background-size":"auto","background-attachment":"scroll","background-type":"","background-media":"","overlay-type":"","overlay-color":"","overlay-opacity":"","overlay-gradient":""},"mobile":{"background-color":"var(--ast-global-color-4)","background-image":"","background-repeat":"repeat","background-position":"center center","background-size":"auto","background-attachment":"scroll","background-type":"","background-media":"","overlay-type":"","overlay-color":"","overlay-opacity":"","overlay-gradient":""}},"footnotes":""},"class_list":["post-526","page","type-page","status-publish","hentry"],"_links":{"self":[{"href":"https:\/\/dev.ebitplus.at\/en\/wp-json\/wp\/v2\/pages\/526","targetHints":{"allow":["GET"]}}],"collection":[{"href":"https:\/\/dev.ebitplus.at\/en\/wp-json\/wp\/v2\/pages"}],"about":[{"href":"https:\/\/dev.ebitplus.at\/en\/wp-json\/wp\/v2\/types\/page"}],"author":[{"embeddable":true,"href":"https:\/\/dev.ebitplus.at\/en\/wp-json\/wp\/v2\/users\/1"}],"replies":[{"embeddable":true,"href":"https:\/\/dev.ebitplus.at\/en\/wp-json\/wp\/v2\/comments?post=526"}],"version-history":[{"count":22,"href":"https:\/\/dev.ebitplus.at\/en\/wp-json\/wp\/v2\/pages\/526\/revisions"}],"predecessor-version":[{"id":2501,"href":"https:\/\/dev.ebitplus.at\/en\/wp-json\/wp\/v2\/pages\/526\/revisions\/2501"}],"up":[{"embeddable":true,"href":"https:\/\/dev.ebitplus.at\/en\/wp-json\/wp\/v2\/pages\/145"}],"wp:attachment":[{"href":"https:\/\/dev.ebitplus.at\/en\/wp-json\/wp\/v2\/media?parent=526"}],"curies":[{"name":"wp","href":"https:\/\/api.w.org\/{rel}","templated":true}]}}