{"id":528,"date":"2026-03-18T14:20:14","date_gmt":"2026-03-18T13:20:14","guid":{"rendered":"https:\/\/dev.ebitplus.at\/?page_id=528"},"modified":"2026-04-03T16:16:33","modified_gmt":"2026-04-03T15:16:33","slug":"team","status":"publish","type":"page","link":"https:\/\/dev.ebitplus.at\/en\/ueber-uns\/team\/","title":{"rendered":"Team"},"content":{"rendered":"<div data-elementor-type=\"wp-page\" data-elementor-id=\"528\" class=\"elementor elementor-528\" data-elementor-post-type=\"page\">\n\t\t\t\t<div class=\"elementor-element elementor-element-480b569 container-header-text-only e-flex e-con-boxed e-con e-parent\" data-id=\"480b569\" data-element_type=\"container\" data-settings=\"{&quot;background_background&quot;:&quot;gradient&quot;}\">\n\t\t\t\t\t<div class=\"e-con-inner\">\n\t\t\t\t<div class=\"elementor-element elementor-element-71de77b elementor-widget elementor-widget-text-editor\" data-id=\"71de77b\" data-element_type=\"widget\" data-widget_type=\"text-editor.default\">\n\t\t\t\t\t\t\t\t\t<h1>Das Team<\/h1>\t\t\t\t\t\t\t\t<\/div>\n\t\t\t\t\t<\/div>\n\t\t\t\t<\/div>\n\t\t<div class=\"elementor-element elementor-element-29feb04 e-flex e-con-boxed e-con e-parent\" data-id=\"29feb04\" data-element_type=\"container\">\n\t\t\t\t\t<div class=\"e-con-inner\">\n\t\t\t\t<div class=\"elementor-element elementor-element-7ed1c91 elementor-widget elementor-widget-shortcode\" data-id=\"7ed1c91\" data-element_type=\"widget\" data-widget_type=\"shortcode.default\">\n\t\t\t\t\t\t\t<div class=\"elementor-shortcode\"><nav aria-label=\"breadcrumbs\" class=\"rank-math-breadcrumb\"><p><span class=\"last\">Home<\/span><\/p><\/nav><\/div>\n\t\t\t\t\t\t<\/div>\n\t\t\t\t\t<\/div>\n\t\t\t\t<\/div>\n\t\t<div class=\"elementor-element elementor-element-4195cbdd e-flex e-con-boxed e-con e-parent\" data-id=\"4195cbdd\" data-element_type=\"container\">\n\t\t\t\t\t<div class=\"e-con-inner\">\n\t\t<div class=\"elementor-element elementor-element-44105511 e-con-full e-flex e-con e-child\" data-id=\"44105511\" data-element_type=\"container\">\n\t\t\t\t<div class=\"elementor-element elementor-element-50cef3bc elementor-widget elementor-widget-text-editor\" data-id=\"50cef3bc\" data-element_type=\"widget\" data-widget_type=\"text-editor.default\">\n\t\t\t\t\t\t\t\t\t<p>\u00dcBER EBIT<\/p>\t\t\t\t\t\t\t\t<\/div>\n\t\t\t\t<div class=\"elementor-element elementor-element-71c807a elementor-widget elementor-widget-text-editor\" data-id=\"71c807a\" data-element_type=\"widget\" data-widget_type=\"text-editor.default\">\n\t\t\t\t\t\t\t\t\t<h2>Viele Kompetenzen.<br \/>Ein Team.<\/h2>\t\t\t\t\t\t\t\t<\/div>\n\t\t\t\t<\/div>\n\t\t<div class=\"elementor-element elementor-element-298a3f3f e-con-full e-flex e-con e-child\" data-id=\"298a3f3f\" data-element_type=\"container\">\n\t\t\t\t<div class=\"elementor-element elementor-element-14fb630e elementor-widget elementor-widget-text-editor\" data-id=\"14fb630e\" data-element_type=\"widget\" data-widget_type=\"text-editor.default\">\n\t\t\t\t\t\t\t\t\t<p>Hinter ebit steht ein Team aus erfahrenen Steuerexpert:innen, Buchhalter:innen, Personalverrechner:innen und Digitalspezialisten \u2013 mit einem gemeinsamen Anspruch: unseren Mandanten nicht nur korrekte Zahlen zu liefern, sondern wirklich weiterzuhelfen.<\/p>\t\t\t\t\t\t\t\t<\/div>\n\t\t\t\t<\/div>\n\t\t\t\t\t<\/div>\n\t\t\t\t<\/div>\n\t\t<div class=\"elementor-element elementor-element-0eabd64 e-flex e-con-boxed e-con e-parent\" data-id=\"0eabd64\" data-element_type=\"container\">\n\t\t\t\t\t<div class=\"e-con-inner\">\n\t\t\t\t<div class=\"elementor-element elementor-element-95e54f1 elementor-widget elementor-widget-text-editor\" data-id=\"95e54f1\" data-element_type=\"widget\" data-widget_type=\"text-editor.default\">\n\t\t\t\t\t\t\t\t\t<h3>Gesch\u00e4ftsf\u00fchrung<\/h3><p>Strategie, Qualit\u00e4tssicherung und pers\u00f6nliche Mandantenbetreuung auf h\u00f6chstem Niveau.<\/p>\t\t\t\t\t\t\t\t<\/div>\n\t\t\t\t<div class=\"elementor-element elementor-element-e8609f6 elementor-widget elementor-widget-text-editor\" data-id=\"e8609f6\" data-element_type=\"widget\" data-widget_type=\"text-editor.default\">\n\t\t\t\t\t\t\t\t\t<h3>Steuerberatung<\/h3><p>Erkl\u00e4rungen, Gestaltung, Optimierung \u2013 mit Weitblick und hoher Fachkompetenz.<\/p>\t\t\t\t\t\t\t\t<\/div>\n\t\t\t\t<div class=\"elementor-element elementor-element-9bbed4b elementor-widget elementor-widget-text-editor\" data-id=\"9bbed4b\" data-element_type=\"widget\" data-widget_type=\"text-editor.default\">\n\t\t\t\t\t\t\t\t\t<h3>Buchhaltung &amp; Rechnungswesen<\/h3><p>Pr\u00e4zise, terminsicher und mit dem Blick f\u00fcr das Wesentliche.<\/p>\t\t\t\t\t\t\t\t<\/div>\n\t\t\t\t<div class=\"elementor-element elementor-element-2290a5a elementor-widget elementor-widget-text-editor\" data-id=\"2290a5a\" data-element_type=\"widget\" data-widget_type=\"text-editor.default\">\n\t\t\t\t\t\t\t\t\t<h3>Personalverrechnung<\/h3><p>Diskret, genau und immer auf dem aktuellen Stand der Gesetzgebung.<\/p>\t\t\t\t\t\t\t\t<\/div>\n\t\t\t\t\t<\/div>\n\t\t\t\t<\/div>\n\t\t<div class=\"elementor-element elementor-element-a16d950 e-grid e-con-boxed e-con e-parent\" data-id=\"a16d950\" data-element_type=\"container\">\n\t\t\t\t\t<div class=\"e-con-inner\">\n\t\t<div class=\"elementor-element elementor-element-f31e9a3 e-con-full team-list-item e-flex e-con e-child\" data-id=\"f31e9a3\" data-element_type=\"container\">\n\t\t<a class=\"elementor-element elementor-element-339c4b5 e-con-full team-list-img e-flex e-con e-child\" data-id=\"339c4b5\" data-element_type=\"container\" href=\"\/en\/ueber-uns\/team\/martina-muster\/\">\n\t\t\t\t<div class=\"elementor-element elementor-element-c79ec88 elementor-widget elementor-widget-image\" data-id=\"c79ec88\" data-element_type=\"widget\" data-widget_type=\"image.default\">\n\t\t\t\t\t\t\t\t\t\t\t\t\t\t\t<img fetchpriority=\"high\" decoding=\"async\" width=\"750\" height=\"682\" src=\"https:\/\/dev.ebitplus.at\/wordpress\/wp-content\/uploads\/2026\/03\/team-dummy.jpg\" class=\"attachment-large size-large wp-image-1003\" alt=\"\" srcset=\"https:\/\/dev.ebitplus.at\/wordpress\/wp-content\/uploads\/2026\/03\/team-dummy.jpg 750w, https:\/\/dev.ebitplus.at\/wordpress\/wp-content\/uploads\/2026\/03\/team-dummy-300x273.jpg 300w, https:\/\/dev.ebitplus.at\/wordpress\/wp-content\/uploads\/2026\/03\/team-dummy-13x12.jpg 13w\" sizes=\"(max-width: 750px) 100vw, 750px\" \/>\t\t\t\t\t\t\t\t\t\t\t\t\t\t\t<\/div>\n\t\t\t\t<\/a>\n\t\t<div class=\"elementor-element elementor-element-93ec403 e-con-full e-flex e-con e-child\" data-id=\"93ec403\" data-element_type=\"container\">\n\t\t\t\t<div class=\"elementor-element elementor-element-6a68233 elementor-widget elementor-widget-text-editor\" data-id=\"6a68233\" data-element_type=\"widget\" data-widget_type=\"text-editor.default\">\n\t\t\t\t\t\t\t\t\t<p>Steuerberatung | Wirtschaftspr\u00fcfung | Gesch\u00e4ftsf\u00fchrung<\/p>\t\t\t\t\t\t\t\t<\/div>\n\t\t\t\t<div class=\"elementor-element elementor-element-cc6fe54 elementor-widget elementor-widget-text-editor\" data-id=\"cc6fe54\" data-element_type=\"widget\" data-widget_type=\"text-editor.default\">\n\t\t\t\t\t\t\t\t\t<p><strong>Mag. Martina Muster<\/strong><\/p>\t\t\t\t\t\t\t\t<\/div>\n\t\t\t\t<div class=\"elementor-element elementor-element-543714a elementor-widget elementor-widget-text-editor\" data-id=\"543714a\" data-element_type=\"widget\" data-widget_type=\"text-editor.default\">\n\t\t\t\t\t\t\t\t\t<p>Tel.: +43 (0) 1 888 52 63<br \/>E-Mail: <span style=\"font-size: 16px;\"><a href=\"mailto:offi&#099;e&#064;ebit&#045;&#112;&#108;&#117;s&#046;at\">o&#102;fic&#101;&#64;e&#98;i&#116;-&#112;&#108;u&#115;.&#97;&#116;<\/a><\/span><\/p>\t\t\t\t\t\t\t\t<\/div>\n\t\t\t\t<\/div>\n\t\t\t\t<\/div>\n\t\t<div class=\"elementor-element elementor-element-b082b6a e-con-full team-list-item e-flex e-con e-child\" data-id=\"b082b6a\" data-element_type=\"container\">\n\t\t<a class=\"elementor-element elementor-element-c7114dd e-con-full team-list-img e-flex e-con e-child\" data-id=\"c7114dd\" data-element_type=\"container\" href=\"\/en\/ueber-uns\/team\/martina-muster\/\">\n\t\t\t\t<div class=\"elementor-element elementor-element-dd87064 elementor-widget elementor-widget-image\" data-id=\"dd87064\" data-element_type=\"widget\" data-widget_type=\"image.default\">\n\t\t\t\t\t\t\t\t\t\t\t\t\t\t\t<img fetchpriority=\"high\" decoding=\"async\" width=\"750\" height=\"682\" src=\"https:\/\/dev.ebitplus.at\/wordpress\/wp-content\/uploads\/2026\/03\/team-dummy.jpg\" class=\"attachment-large size-large wp-image-1003\" alt=\"\" srcset=\"https:\/\/dev.ebitplus.at\/wordpress\/wp-content\/uploads\/2026\/03\/team-dummy.jpg 750w, https:\/\/dev.ebitplus.at\/wordpress\/wp-content\/uploads\/2026\/03\/team-dummy-300x273.jpg 300w, https:\/\/dev.ebitplus.at\/wordpress\/wp-content\/uploads\/2026\/03\/team-dummy-13x12.jpg 13w\" sizes=\"(max-width: 750px) 100vw, 750px\" \/>\t\t\t\t\t\t\t\t\t\t\t\t\t\t\t<\/div>\n\t\t\t\t<\/a>\n\t\t<div class=\"elementor-element elementor-element-39820c3 e-con-full e-flex e-con e-child\" data-id=\"39820c3\" data-element_type=\"container\">\n\t\t\t\t<div class=\"elementor-element elementor-element-42a47c2 elementor-widget elementor-widget-text-editor\" data-id=\"42a47c2\" data-element_type=\"widget\" data-widget_type=\"text-editor.default\">\n\t\t\t\t\t\t\t\t\t<p>Steuerberatung | Wirtschaftspr\u00fcfung | Gesch\u00e4ftsf\u00fchrung<\/p>\t\t\t\t\t\t\t\t<\/div>\n\t\t\t\t<div class=\"elementor-element elementor-element-378b769 elementor-widget elementor-widget-text-editor\" data-id=\"378b769\" data-element_type=\"widget\" data-widget_type=\"text-editor.default\">\n\t\t\t\t\t\t\t\t\t<p><strong>Mag. Martina Muster<\/strong><\/p>\t\t\t\t\t\t\t\t<\/div>\n\t\t\t\t<div class=\"elementor-element elementor-element-e8f1317 elementor-widget elementor-widget-text-editor\" data-id=\"e8f1317\" data-element_type=\"widget\" data-widget_type=\"text-editor.default\">\n\t\t\t\t\t\t\t\t\t<p>Tel.: +43 (0) 1 888 52 63<br \/>E-Mail: <span style=\"font-size: 16px;\"><a href=\"mailto:&#111;ffice&#064;e&#098;&#105;&#116;&#045;pl&#117;&#115;.&#097;&#116;\">of&#102;i&#99;&#101;&#64;ebi&#116;&#45;&#112;&#108;us.&#97;&#116;<\/a><\/span><\/p>\t\t\t\t\t\t\t\t<\/div>\n\t\t\t\t<\/div>\n\t\t\t\t<\/div>\n\t\t<div class=\"elementor-element elementor-element-4b56566 e-con-full team-list-item e-flex e-con e-child\" data-id=\"4b56566\" data-element_type=\"container\">\n\t\t<a class=\"elementor-element elementor-element-3836079 e-con-full team-list-img e-flex e-con e-child\" data-id=\"3836079\" data-element_type=\"container\" href=\"\/en\/ueber-uns\/team\/martina-muster\/\">\n\t\t\t\t<div class=\"elementor-element elementor-element-434d92b elementor-widget elementor-widget-image\" data-id=\"434d92b\" data-element_type=\"widget\" data-widget_type=\"image.default\">\n\t\t\t\t\t\t\t\t\t\t\t\t\t\t\t<img fetchpriority=\"high\" decoding=\"async\" width=\"750\" height=\"682\" src=\"https:\/\/dev.ebitplus.at\/wordpress\/wp-content\/uploads\/2026\/03\/team-dummy.jpg\" class=\"attachment-large size-large wp-image-1003\" alt=\"\" srcset=\"https:\/\/dev.ebitplus.at\/wordpress\/wp-content\/uploads\/2026\/03\/team-dummy.jpg 750w, https:\/\/dev.ebitplus.at\/wordpress\/wp-content\/uploads\/2026\/03\/team-dummy-300x273.jpg 300w, https:\/\/dev.ebitplus.at\/wordpress\/wp-content\/uploads\/2026\/03\/team-dummy-13x12.jpg 13w\" sizes=\"(max-width: 750px) 100vw, 750px\" \/>\t\t\t\t\t\t\t\t\t\t\t\t\t\t\t<\/div>\n\t\t\t\t<\/a>\n\t\t<div class=\"elementor-element elementor-element-6366b05 e-con-full e-flex e-con e-child\" data-id=\"6366b05\" data-element_type=\"container\">\n\t\t\t\t<div class=\"elementor-element elementor-element-ac2860f elementor-widget elementor-widget-text-editor\" data-id=\"ac2860f\" data-element_type=\"widget\" data-widget_type=\"text-editor.default\">\n\t\t\t\t\t\t\t\t\t<p>Steuerberatung | Wirtschaftspr\u00fcfung | Gesch\u00e4ftsf\u00fchrung<\/p>\t\t\t\t\t\t\t\t<\/div>\n\t\t\t\t<div class=\"elementor-element elementor-element-4b90900 elementor-widget elementor-widget-text-editor\" data-id=\"4b90900\" data-element_type=\"widget\" data-widget_type=\"text-editor.default\">\n\t\t\t\t\t\t\t\t\t<p><strong>Mag. Martina Muster<\/strong><\/p>\t\t\t\t\t\t\t\t<\/div>\n\t\t\t\t<div class=\"elementor-element elementor-element-8153dd4 elementor-widget elementor-widget-text-editor\" data-id=\"8153dd4\" data-element_type=\"widget\" data-widget_type=\"text-editor.default\">\n\t\t\t\t\t\t\t\t\t<p>Tel.: +43 (0) 1 888 52 63<br \/>E-Mail: <span style=\"font-size: 16px;\"><a href=\"mailto:&#111;f&#102;i&#099;e&#064;e&#098;&#105;&#116;&#045;p&#108;us.at\">o&#102;&#102;&#105;ce&#64;e&#98;it-pl&#117;&#115;&#46;a&#116;<\/a><\/span><\/p>\t\t\t\t\t\t\t\t<\/div>\n\t\t\t\t<\/div>\n\t\t\t\t<\/div>\n\t\t<div class=\"elementor-element elementor-element-633be5b e-con-full team-list-item e-flex e-con e-child\" data-id=\"633be5b\" data-element_type=\"container\">\n\t\t<a class=\"elementor-element elementor-element-2ff5b2c e-con-full team-list-img e-flex e-con e-child\" data-id=\"2ff5b2c\" data-element_type=\"container\" href=\"\/en\/ueber-uns\/team\/martina-muster\/\">\n\t\t\t\t<div class=\"elementor-element elementor-element-77c4316 elementor-widget elementor-widget-image\" data-id=\"77c4316\" data-element_type=\"widget\" data-widget_type=\"image.default\">\n\t\t\t\t\t\t\t\t\t\t\t\t\t\t\t<img fetchpriority=\"high\" decoding=\"async\" width=\"750\" height=\"682\" src=\"https:\/\/dev.ebitplus.at\/wordpress\/wp-content\/uploads\/2026\/03\/team-dummy.jpg\" class=\"attachment-large size-large wp-image-1003\" alt=\"\" srcset=\"https:\/\/dev.ebitplus.at\/wordpress\/wp-content\/uploads\/2026\/03\/team-dummy.jpg 750w, https:\/\/dev.ebitplus.at\/wordpress\/wp-content\/uploads\/2026\/03\/team-dummy-300x273.jpg 300w, https:\/\/dev.ebitplus.at\/wordpress\/wp-content\/uploads\/2026\/03\/team-dummy-13x12.jpg 13w\" sizes=\"(max-width: 750px) 100vw, 750px\" \/>\t\t\t\t\t\t\t\t\t\t\t\t\t\t\t<\/div>\n\t\t\t\t<\/a>\n\t\t<div class=\"elementor-element elementor-element-2567284 e-con-full e-flex e-con e-child\" data-id=\"2567284\" data-element_type=\"container\">\n\t\t\t\t<div class=\"elementor-element elementor-element-2b9eff2 elementor-widget elementor-widget-text-editor\" data-id=\"2b9eff2\" data-element_type=\"widget\" data-widget_type=\"text-editor.default\">\n\t\t\t\t\t\t\t\t\t<p>Steuerberatung | Wirtschaftspr\u00fcfung | Gesch\u00e4ftsf\u00fchrung<\/p>\t\t\t\t\t\t\t\t<\/div>\n\t\t\t\t<div class=\"elementor-element elementor-element-a5d2a33 elementor-widget elementor-widget-text-editor\" data-id=\"a5d2a33\" data-element_type=\"widget\" data-widget_type=\"text-editor.default\">\n\t\t\t\t\t\t\t\t\t<p><strong>Mag. Martina Muster<\/strong><\/p>\t\t\t\t\t\t\t\t<\/div>\n\t\t\t\t<div class=\"elementor-element elementor-element-a89dda2 elementor-widget elementor-widget-text-editor\" data-id=\"a89dda2\" data-element_type=\"widget\" data-widget_type=\"text-editor.default\">\n\t\t\t\t\t\t\t\t\t<p>Tel.: +43 (0) 1 888 52 63<br \/>E-Mail: <span style=\"font-size: 16px;\"><a href=\"mailto:&#111;ffice&#064;&#101;bi&#116;-pl&#117;&#115;.at\">off&#105;&#99;&#101;&#64;&#101;&#98;i&#116;-&#112;lu&#115;.&#97;&#116;<\/a><\/span><\/p>\t\t\t\t\t\t\t\t<\/div>\n\t\t\t\t<\/div>\n\t\t\t\t<\/div>\n\t\t\t\t\t<\/div>\n\t\t\t\t<\/div>\n\t\t\t\t<\/div>","protected":false},"excerpt":{"rendered":"<p>Das Team \u00dcBER EBIT Viele Kompetenzen.Ein Team. Hinter ebit steht ein Team aus erfahrenen Steuerexpert:innen, Buchhalter:innen, Personalverrechner:innen und Digitalspezialisten \u2013 [&hellip;]<\/p>","protected":false},"author":1,"featured_media":0,"parent":145,"menu_order":0,"comment_status":"closed","ping_status":"closed","template":"","meta":{"site-sidebar-layout":"no-sidebar","site-content-layout":"","ast-site-content-layout":"full-width-container","site-content-style":"default","site-sidebar-style":"default","ast-global-header-display":"","ast-banner-title-visibility":"","ast-main-header-display":"","ast-hfb-above-header-display":"","ast-hfb-below-header-display":"","ast-hfb-mobile-header-display":"","site-post-title":"","ast-breadcrumbs-content":"","ast-featured-img":"disabled","footer-sml-layout":"","ast-disable-related-posts":"","theme-transparent-header-meta":"","adv-header-id-meta":"","stick-header-meta":"","header-above-stick-meta":"","header-main-stick-meta":"","header-below-stick-meta":"","astra-migrate-meta-layouts":"default","ast-page-background-enabled":"default","ast-page-background-meta":{"desktop":{"background-color":"var(--ast-global-color-5)","background-image":"","background-repeat":"repeat","background-position":"center center","background-size":"auto","background-attachment":"scroll","background-type":"","background-media":"","overlay-type":"","overlay-color":"","overlay-opacity":"","overlay-gradient":""},"tablet":{"background-color":"","background-image":"","background-repeat":"repeat","background-position":"center center","background-size":"auto","background-attachment":"scroll","background-type":"","background-media":"","overlay-type":"","overlay-color":"","overlay-opacity":"","overlay-gradient":""},"mobile":{"background-color":"","background-image":"","background-repeat":"repeat","background-position":"center center","background-size":"auto","background-attachment":"scroll","background-type":"","background-media":"","overlay-type":"","overlay-color":"","overlay-opacity":"","overlay-gradient":""}},"ast-content-background-meta":{"desktop":{"background-color":"var(--ast-global-color-4)","background-image":"","background-repeat":"repeat","background-position":"center center","background-size":"auto","background-attachment":"scroll","background-type":"","background-media":"","overlay-type":"","overlay-color":"","overlay-opacity":"","overlay-gradient":""},"tablet":{"background-color":"var(--ast-global-color-4)","background-image":"","background-repeat":"repeat","background-position":"center center","background-size":"auto","background-attachment":"scroll","background-type":"","background-media":"","overlay-type":"","overlay-color":"","overlay-opacity":"","overlay-gradient":""},"mobile":{"background-color":"var(--ast-global-color-4)","background-image":"","background-repeat":"repeat","background-position":"center center","background-size":"auto","background-attachment":"scroll","background-type":"","background-media":"","overlay-type":"","overlay-color":"","overlay-opacity":"","overlay-gradient":""}},"footnotes":""},"class_list":["post-528","page","type-page","status-publish","hentry"],"_links":{"self":[{"href":"https:\/\/dev.ebitplus.at\/en\/wp-json\/wp\/v2\/pages\/528","targetHints":{"allow":["GET"]}}],"collection":[{"href":"https:\/\/dev.ebitplus.at\/en\/wp-json\/wp\/v2\/pages"}],"about":[{"href":"https:\/\/dev.ebitplus.at\/en\/wp-json\/wp\/v2\/types\/page"}],"author":[{"embeddable":true,"href":"https:\/\/dev.ebitplus.at\/en\/wp-json\/wp\/v2\/users\/1"}],"replies":[{"embeddable":true,"href":"https:\/\/dev.ebitplus.at\/en\/wp-json\/wp\/v2\/comments?post=528"}],"version-history":[{"count":94,"href":"https:\/\/dev.ebitplus.at\/en\/wp-json\/wp\/v2\/pages\/528\/revisions"}],"predecessor-version":[{"id":2510,"href":"https:\/\/dev.ebitplus.at\/en\/wp-json\/wp\/v2\/pages\/528\/revisions\/2510"}],"up":[{"embeddable":true,"href":"https:\/\/dev.ebitplus.at\/en\/wp-json\/wp\/v2\/pages\/145"}],"wp:attachment":[{"href":"https:\/\/dev.ebitplus.at\/en\/wp-json\/wp\/v2\/media?parent=528"}],"curies":[{"name":"wp","href":"https:\/\/api.w.org\/{rel}","templated":true}]}}