{"id":530,"date":"2026-03-18T14:20:47","date_gmt":"2026-03-18T13:20:47","guid":{"rendered":"https:\/\/dev.ebitplus.at\/?page_id=530"},"modified":"2026-04-03T16:14:36","modified_gmt":"2026-04-03T15:14:36","slug":"karriere","status":"publish","type":"page","link":"https:\/\/dev.ebitplus.at\/en\/ueber-uns\/karriere\/","title":{"rendered":"Karriere"},"content":{"rendered":"<div data-elementor-type=\"wp-page\" data-elementor-id=\"530\" class=\"elementor elementor-530\" data-elementor-post-type=\"page\">\n\t\t\t\t<div class=\"elementor-element elementor-element-41a6111a container-header-text-only e-flex e-con-boxed e-con e-parent\" data-id=\"41a6111a\" data-element_type=\"container\" data-settings=\"{&quot;background_background&quot;:&quot;gradient&quot;}\">\n\t\t\t\t\t<div class=\"e-con-inner\">\n\t\t\t\t<div class=\"elementor-element elementor-element-b0b4e99 elementor-widget elementor-widget-text-editor\" data-id=\"b0b4e99\" data-element_type=\"widget\" data-widget_type=\"text-editor.default\">\n\t\t\t\t\t\t\t\t\t<h1>Ihr Karriere\u00adsprung \u2013 bei ebit<\/h1>\t\t\t\t\t\t\t\t<\/div>\n\t\t\t\t\t<\/div>\n\t\t\t\t<\/div>\n\t\t<div class=\"elementor-element elementor-element-43d3747f e-flex e-con-boxed e-con e-parent\" data-id=\"43d3747f\" data-element_type=\"container\">\n\t\t\t\t\t<div class=\"e-con-inner\">\n\t\t\t\t<div class=\"elementor-element elementor-element-67ec1112 elementor-widget elementor-widget-shortcode\" data-id=\"67ec1112\" data-element_type=\"widget\" data-widget_type=\"shortcode.default\">\n\t\t\t\t\t\t\t<div class=\"elementor-shortcode\"><nav aria-label=\"breadcrumbs\" class=\"rank-math-breadcrumb\"><p><span class=\"last\">Home<\/span><\/p><\/nav><\/div>\n\t\t\t\t\t\t<\/div>\n\t\t\t\t\t<\/div>\n\t\t\t\t<\/div>\n\t\t<div class=\"elementor-element elementor-element-63ec2541 e-flex e-con-boxed e-con e-parent\" data-id=\"63ec2541\" data-element_type=\"container\">\n\t\t\t\t\t<div class=\"e-con-inner\">\n\t\t<div class=\"elementor-element elementor-element-44d1c69a e-con-full e-flex e-con e-child\" data-id=\"44d1c69a\" data-element_type=\"container\">\n\t\t\t\t<div class=\"elementor-element elementor-element-7ebbb3a9 elementor-widget elementor-widget-text-editor\" data-id=\"7ebbb3a9\" data-element_type=\"widget\" data-widget_type=\"text-editor.default\">\n\t\t\t\t\t\t\t\t\t<p>KARRIERE BEI\u00a0 EBIT<\/p>\t\t\t\t\t\t\t\t<\/div>\n\t\t\t\t<div class=\"elementor-element elementor-element-171f376f elementor-widget elementor-widget-heading\" data-id=\"171f376f\" data-element_type=\"widget\" data-widget_type=\"heading.default\">\n\t\t\t\t\t<h2 class=\"elementor-heading-title elementor-size-default\">Mehr als ein Job. \nEine Entscheidung f\u00fcr Qualit\u00e4t<\/h2>\t\t\t\t<\/div>\n\t\t\t\t<\/div>\n\t\t<div class=\"elementor-element elementor-element-533855a2 e-con-full e-flex e-con e-child\" data-id=\"533855a2\" data-element_type=\"container\">\n\t\t\t\t<div class=\"elementor-element elementor-element-3574312a elementor-widget elementor-widget-text-editor\" data-id=\"3574312a\" data-element_type=\"widget\" data-widget_type=\"text-editor.default\">\n\t\t\t\t\t\t\t\t\t<p>Bei ebit arbeiten Menschen, die Verantwortung \u00fcbernehmen, mitgestalten und ihre Expertise weiterentwickeln. Kein Durchlaufbetrieb, kein Anonymit\u00e4tsproblem \u2013 sondern ein Team, das sich sch\u00e4tzt, unterst\u00fctzt und gemeinsame Ziele verfolgt. Wenn das gut f\u00fcr Sie klingt: <strong>Wir freuen uns auf Ihre Bewerbung.<\/strong><\/p>\t\t\t\t\t\t\t\t<\/div>\n\t\t\t\t<\/div>\n\t\t\t\t\t<\/div>\n\t\t\t\t<\/div>\n\t\t<div class=\"elementor-element elementor-element-19be16a6 e-flex e-con-boxed e-con e-parent\" data-id=\"19be16a6\" data-element_type=\"container\">\n\t\t\t\t\t<div class=\"e-con-inner\">\n\t\t<div class=\"elementor-element elementor-element-2c969a82 e-con-full e-flex e-con e-child\" data-id=\"2c969a82\" data-element_type=\"container\">\n\t\t<div class=\"elementor-element elementor-element-7d64224b e-con-full img-bg-gradient-heart e-flex e-con e-child\" data-id=\"7d64224b\" data-element_type=\"container\" data-settings=\"{&quot;background_background&quot;:&quot;classic&quot;}\">\n\t\t\t\t<div class=\"elementor-element elementor-element-ab6d131 elementor-widget elementor-widget-image\" data-id=\"ab6d131\" data-element_type=\"widget\" data-widget_type=\"image.default\">\n\t\t\t\t\t\t\t\t\t\t\t\t\t\t\t<img fetchpriority=\"high\" decoding=\"async\" width=\"468\" height=\"645\" src=\"https:\/\/dev.ebitplus.at\/wordpress\/wp-content\/uploads\/2026\/03\/karriere-dummy.jpg\" class=\"attachment-large size-large wp-image-301\" alt=\"\" srcset=\"https:\/\/dev.ebitplus.at\/wordpress\/wp-content\/uploads\/2026\/03\/karriere-dummy.jpg 468w, https:\/\/dev.ebitplus.at\/wordpress\/wp-content\/uploads\/2026\/03\/karriere-dummy-218x300.jpg 218w, https:\/\/dev.ebitplus.at\/wordpress\/wp-content\/uploads\/2026\/03\/karriere-dummy-9x12.jpg 9w\" sizes=\"(max-width: 468px) 100vw, 468px\" \/>\t\t\t\t\t\t\t\t\t\t\t\t\t\t\t<\/div>\n\t\t\t\t<div class=\"elementor-element elementor-element-162c71d0 img-heart elementor-widget elementor-widget-image\" data-id=\"162c71d0\" data-element_type=\"widget\" data-widget_type=\"image.default\">\n\t\t\t\t\t\t\t\t\t\t\t\t\t\t\t<img decoding=\"async\" src=\"https:\/\/dev.ebitplus.at\/wordpress\/wp-content\/uploads\/elementor\/thumbs\/heart-red-500-rkllyhugzv9xwk5ymz8qc9npuafxzna9y4wye4o77u.png\" title=\"\" alt=\"\" loading=\"lazy\" \/>\t\t\t\t\t\t\t\t\t\t\t\t\t\t\t<\/div>\n\t\t\t\t<\/div>\n\t\t\t\t<\/div>\n\t\t<div class=\"elementor-element elementor-element-9b740fa e-con-full e-flex e-con e-child\" data-id=\"9b740fa\" data-element_type=\"container\">\n\t\t<div class=\"elementor-element elementor-element-2a2b422 e-con-full img-bg-gradient-heart e-flex e-con e-child\" data-id=\"2a2b422\" data-element_type=\"container\" data-settings=\"{&quot;background_background&quot;:&quot;classic&quot;}\">\n\t\t\t\t<div class=\"elementor-element elementor-element-48d3251 elementor-widget elementor-widget-image\" data-id=\"48d3251\" data-element_type=\"widget\" data-widget_type=\"image.default\">\n\t\t\t\t\t\t\t\t\t\t\t\t\t\t\t<img fetchpriority=\"high\" decoding=\"async\" width=\"468\" height=\"645\" src=\"https:\/\/dev.ebitplus.at\/wordpress\/wp-content\/uploads\/2026\/03\/karriere-dummy.jpg\" class=\"attachment-large size-large wp-image-301\" alt=\"\" srcset=\"https:\/\/dev.ebitplus.at\/wordpress\/wp-content\/uploads\/2026\/03\/karriere-dummy.jpg 468w, https:\/\/dev.ebitplus.at\/wordpress\/wp-content\/uploads\/2026\/03\/karriere-dummy-218x300.jpg 218w, https:\/\/dev.ebitplus.at\/wordpress\/wp-content\/uploads\/2026\/03\/karriere-dummy-9x12.jpg 9w\" sizes=\"(max-width: 468px) 100vw, 468px\" \/>\t\t\t\t\t\t\t\t\t\t\t\t\t\t\t<\/div>\n\t\t\t\t<div class=\"elementor-element elementor-element-19a8cae img-heart elementor-widget elementor-widget-image\" data-id=\"19a8cae\" data-element_type=\"widget\" data-widget_type=\"image.default\">\n\t\t\t\t\t\t\t\t\t\t\t\t\t\t\t<img decoding=\"async\" src=\"https:\/\/dev.ebitplus.at\/wordpress\/wp-content\/uploads\/elementor\/thumbs\/heart-red-500-rkllyhugzv9xwk5ymz8qc9npuafxzna9y4wye4o77u.png\" title=\"\" alt=\"\" loading=\"lazy\" \/>\t\t\t\t\t\t\t\t\t\t\t\t\t\t\t<\/div>\n\t\t\t\t<\/div>\n\t\t\t\t<\/div>\n\t\t\t\t\t<\/div>\n\t\t\t\t<\/div>\n\t\t<div class=\"elementor-element elementor-element-1f48b626 e-flex e-con-boxed e-con e-parent\" data-id=\"1f48b626\" data-element_type=\"container\">\n\t\t\t\t\t<div class=\"e-con-inner\">\n\t\t\t\t<div class=\"elementor-element elementor-element-213925f9 elementor-widget elementor-widget-text-editor\" data-id=\"213925f9\" data-element_type=\"widget\" data-widget_type=\"text-editor.default\">\n\t\t\t\t\t\t\t\t\t<h2><strong>Wir sind auf der Suche.<\/strong><\/h2><p>Ob Sie eine konkrete Stelle im Blick haben oder sich initiativ bewerben m\u00f6chten \u2013 wir freuen uns \u00fcber Ihre Kontaktaufnahme. Schicken Sie uns einfach eine Nachricht, und wir melden uns pers\u00f6nlich bei Ihnen.<\/p><p>Hier finden Sie nicht nur einen Arbeitsplatz, sondern ein Umfeld, in dem Ihre Leistung gesehen wird und Sie die Freiheit haben, Prozesse nachhaltig zu pr\u00e4gen. Wir kombinieren die Professionalit\u00e4t eines Experten-Unternehmens mit der Herzlichkeit eines Teams, das gemeinsam an einem Strang zieht und Erfolge als Kollektiv feiert. Wenn das f\u00fcr Sie nach dem richtigen Ort f\u00fcr Ihren n\u00e4chsten Karriereschritt klingt: Wir freuen uns darauf, Sie kennenzulernen.<\/p>\t\t\t\t\t\t\t\t<\/div>\n\t\t\t\t<div class=\"elementor-element elementor-element-23e8f82c elementor-widget elementor-widget-button\" data-id=\"23e8f82c\" data-element_type=\"widget\" data-widget_type=\"button.default\">\n\t\t\t\t\t\t\t\t\t\t<a class=\"elementor-button elementor-button-link elementor-size-sm\" href=\"#\">\n\t\t\t\t\t\t<span class=\"elementor-button-content-wrapper\">\n\t\t\t\t\t\t\t\t\t<span class=\"elementor-button-text\">Offene Stellen ansehen<\/span>\n\t\t\t\t\t<\/span>\n\t\t\t\t\t<\/a>\n\t\t\t\t\t\t\t\t<\/div>\n\t\t\t\t\t<\/div>\n\t\t\t\t<\/div>\n\t\t<div class=\"elementor-element elementor-element-53fe9b7 e-flex e-con-boxed e-con e-parent\" data-id=\"53fe9b7\" data-element_type=\"container\">\n\t\t\t\t\t<div class=\"e-con-inner\">\n\t\t\t\t<div class=\"elementor-element elementor-element-c512035 elementor-widget elementor-widget-text-editor\" data-id=\"c512035\" data-element_type=\"widget\" data-widget_type=\"text-editor.default\">\n\t\t\t\t\t\t\t\t\t<h2>Was Sie bei ebit erwartet.<\/h2>\t\t\t\t\t\t\t\t<\/div>\n\t\t\t\t\t<\/div>\n\t\t\t\t<\/div>\n\t\t<div class=\"elementor-element elementor-element-6c930304 e-grid container-tsr-arrow-text-grid e-con-boxed e-con e-parent\" data-id=\"6c930304\" data-element_type=\"container\">\n\t\t\t\t\t<div class=\"e-con-inner\">\n\t\t<a class=\"elementor-element elementor-element-342f14aa e-con-full e-flex e-con e-child\" data-id=\"342f14aa\" data-element_type=\"container\">\n\t\t\t\t<div class=\"elementor-element elementor-element-aee768b elementor-widget elementor-widget-heading\" data-id=\"aee768b\" data-element_type=\"widget\" data-widget_type=\"heading.default\">\n\t\t\t\t\t<h3 class=\"elementor-heading-title elementor-size-default\">Wertsch\u00e4tzendes Team<\/h3>\t\t\t\t<\/div>\n\t\t\t\t<div class=\"elementor-element elementor-element-778b9cab elementor-view-default elementor-widget elementor-widget-icon\" data-id=\"778b9cab\" data-element_type=\"widget\" data-widget_type=\"icon.default\">\n\t\t\t\t\t\t\t<div class=\"elementor-icon-wrapper\">\n\t\t\t<div class=\"elementor-icon\">\n\t\t\t<i aria-hidden=\"true\" class=\"icon icon-pfeil\"><\/i>\t\t\t<\/div>\n\t\t<\/div>\n\t\t\t\t\t\t<\/div>\n\t\t\t\t<div class=\"elementor-element elementor-element-252d2f95 elementor-widget elementor-widget-text-editor\" data-id=\"252d2f95\" data-element_type=\"widget\" data-widget_type=\"text-editor.default\">\n\t\t\t\t\t\t\t\t\t<p>Kollegial, offen und mit echtem Zusammenhalt.<\/p>\t\t\t\t\t\t\t\t<\/div>\n\t\t\t\t<\/a>\n\t\t<a class=\"elementor-element elementor-element-60882ff4 e-con-full e-flex e-con e-child\" data-id=\"60882ff4\" data-element_type=\"container\">\n\t\t\t\t<div class=\"elementor-element elementor-element-f5fd51d elementor-widget elementor-widget-heading\" data-id=\"f5fd51d\" data-element_type=\"widget\" data-widget_type=\"heading.default\">\n\t\t\t\t\t<h3 class=\"elementor-heading-title elementor-size-default\">Moderner Arbeitsplatz<\/h3>\t\t\t\t<\/div>\n\t\t\t\t<div class=\"elementor-element elementor-element-2e3f4c81 elementor-view-default elementor-widget elementor-widget-icon\" data-id=\"2e3f4c81\" data-element_type=\"widget\" data-widget_type=\"icon.default\">\n\t\t\t\t\t\t\t<div class=\"elementor-icon-wrapper\">\n\t\t\t<div class=\"elementor-icon\">\n\t\t\t<i aria-hidden=\"true\" class=\"icon icon-pfeil\"><\/i>\t\t\t<\/div>\n\t\t<\/div>\n\t\t\t\t\t\t<\/div>\n\t\t\t\t<div class=\"elementor-element elementor-element-5bba2a96 elementor-widget elementor-widget-text-editor\" data-id=\"5bba2a96\" data-element_type=\"widget\" data-widget_type=\"text-editor.default\">\n\t\t\t\t\t\t\t\t\t<p>Zeitgem\u00e4\u00dfe Tools, strukturierte Prozesse, angenehmes Umfeld.<\/p>\t\t\t\t\t\t\t\t<\/div>\n\t\t\t\t<\/a>\n\t\t<a class=\"elementor-element elementor-element-51a0ae72 e-con-full e-flex e-con e-child\" data-id=\"51a0ae72\" data-element_type=\"container\">\n\t\t\t\t<div class=\"elementor-element elementor-element-a7c7255 elementor-widget elementor-widget-heading\" data-id=\"a7c7255\" data-element_type=\"widget\" data-widget_type=\"heading.default\">\n\t\t\t\t\t<h3 class=\"elementor-heading-title elementor-size-default\">Faire Bezahlung<\/h3>\t\t\t\t<\/div>\n\t\t\t\t<div class=\"elementor-element elementor-element-103f807d elementor-view-default elementor-widget elementor-widget-icon\" data-id=\"103f807d\" data-element_type=\"widget\" data-widget_type=\"icon.default\">\n\t\t\t\t\t\t\t<div class=\"elementor-icon-wrapper\">\n\t\t\t<div class=\"elementor-icon\">\n\t\t\t<i aria-hidden=\"true\" class=\"icon icon-pfeil\"><\/i>\t\t\t<\/div>\n\t\t<\/div>\n\t\t\t\t\t\t<\/div>\n\t\t\t\t<div class=\"elementor-element elementor-element-352d70e1 elementor-widget elementor-widget-text-editor\" data-id=\"352d70e1\" data-element_type=\"widget\" data-widget_type=\"text-editor.default\">\n\t\t\t\t\t\t\t\t\t<p>Leistung wird gesehen und entsprechend honoriert.<\/p>\t\t\t\t\t\t\t\t<\/div>\n\t\t\t\t<\/a>\n\t\t<a class=\"elementor-element elementor-element-30e13e5d e-con-full e-flex e-con e-child\" data-id=\"30e13e5d\" data-element_type=\"container\">\n\t\t\t\t<div class=\"elementor-element elementor-element-4791ea6c elementor-widget elementor-widget-heading\" data-id=\"4791ea6c\" data-element_type=\"widget\" data-widget_type=\"heading.default\">\n\t\t\t\t\t<h3 class=\"elementor-heading-title elementor-size-default\">Flexible Arbeitszeiten<\/h3>\t\t\t\t<\/div>\n\t\t\t\t<div class=\"elementor-element elementor-element-732e3464 elementor-view-default elementor-widget elementor-widget-icon\" data-id=\"732e3464\" data-element_type=\"widget\" data-widget_type=\"icon.default\">\n\t\t\t\t\t\t\t<div class=\"elementor-icon-wrapper\">\n\t\t\t<div class=\"elementor-icon\">\n\t\t\t<i aria-hidden=\"true\" class=\"icon icon-pfeil\"><\/i>\t\t\t<\/div>\n\t\t<\/div>\n\t\t\t\t\t\t<\/div>\n\t\t\t\t<div class=\"elementor-element elementor-element-6bc82111 elementor-widget elementor-widget-text-editor\" data-id=\"6bc82111\" data-element_type=\"widget\" data-widget_type=\"text-editor.default\">\n\t\t\t\t\t\t\t\t\t<p>Weil das Leben mehr ist als B\u00fcrozeiten.<\/p>\t\t\t\t\t\t\t\t<\/div>\n\t\t\t\t<\/a>\n\t\t<a class=\"elementor-element elementor-element-7749e38 e-con-full e-flex e-con e-child\" data-id=\"7749e38\" data-element_type=\"container\">\n\t\t\t\t<div class=\"elementor-element elementor-element-3ab670b elementor-widget elementor-widget-heading\" data-id=\"3ab670b\" data-element_type=\"widget\" data-widget_type=\"heading.default\">\n\t\t\t\t\t<h3 class=\"elementor-heading-title elementor-size-default\">Homeoffice<\/h3>\t\t\t\t<\/div>\n\t\t\t\t<div class=\"elementor-element elementor-element-7a16c34 elementor-view-default elementor-widget elementor-widget-icon\" data-id=\"7a16c34\" data-element_type=\"widget\" data-widget_type=\"icon.default\">\n\t\t\t\t\t\t\t<div class=\"elementor-icon-wrapper\">\n\t\t\t<div class=\"elementor-icon\">\n\t\t\t<i aria-hidden=\"true\" class=\"icon icon-pfeil\"><\/i>\t\t\t<\/div>\n\t\t<\/div>\n\t\t\t\t\t\t<\/div>\n\t\t\t\t<div class=\"elementor-element elementor-element-e0a6764 elementor-widget elementor-widget-text-editor\" data-id=\"e0a6764\" data-element_type=\"widget\" data-widget_type=\"text-editor.default\">\n\t\t\t\t\t\t\t\t\t<p>Dort arbeiten, wo es am produktivsten ist.<\/p>\t\t\t\t\t\t\t\t<\/div>\n\t\t\t\t<\/a>\n\t\t<a class=\"elementor-element elementor-element-3d65126 e-con-full e-flex e-con e-child\" data-id=\"3d65126\" data-element_type=\"container\">\n\t\t\t\t<div class=\"elementor-element elementor-element-33d7b2b elementor-widget elementor-widget-heading\" data-id=\"33d7b2b\" data-element_type=\"widget\" data-widget_type=\"heading.default\">\n\t\t\t\t\t<h3 class=\"elementor-heading-title elementor-size-default\">Fort- &amp; Weiterbildung<\/h3>\t\t\t\t<\/div>\n\t\t\t\t<div class=\"elementor-element elementor-element-5e95ead elementor-view-default elementor-widget elementor-widget-icon\" data-id=\"5e95ead\" data-element_type=\"widget\" data-widget_type=\"icon.default\">\n\t\t\t\t\t\t\t<div class=\"elementor-icon-wrapper\">\n\t\t\t<div class=\"elementor-icon\">\n\t\t\t<i aria-hidden=\"true\" class=\"icon icon-pfeil\"><\/i>\t\t\t<\/div>\n\t\t<\/div>\n\t\t\t\t\t\t<\/div>\n\t\t\t\t<div class=\"elementor-element elementor-element-89a4760 elementor-widget elementor-widget-text-editor\" data-id=\"89a4760\" data-element_type=\"widget\" data-widget_type=\"text-editor.default\">\n\t\t\t\t\t\t\t\t\t<p>Wer wachsen will, bekommt bei uns die M\u00f6glichkeit dazu.<\/p>\t\t\t\t\t\t\t\t<\/div>\n\t\t\t\t<\/a>\n\t\t<a class=\"elementor-element elementor-element-fa88632 e-con-full e-flex e-con e-child\" data-id=\"fa88632\" data-element_type=\"container\">\n\t\t\t\t<div class=\"elementor-element elementor-element-62ac00f elementor-widget elementor-widget-heading\" data-id=\"62ac00f\" data-element_type=\"widget\" data-widget_type=\"heading.default\">\n\t\t\t\t\t<h3 class=\"elementor-heading-title elementor-size-default\">G\u00fcnstige Verkehrsanbindung<\/h3>\t\t\t\t<\/div>\n\t\t\t\t<div class=\"elementor-element elementor-element-cd26e47 elementor-view-default elementor-widget elementor-widget-icon\" data-id=\"cd26e47\" data-element_type=\"widget\" data-widget_type=\"icon.default\">\n\t\t\t\t\t\t\t<div class=\"elementor-icon-wrapper\">\n\t\t\t<div class=\"elementor-icon\">\n\t\t\t<i aria-hidden=\"true\" class=\"icon icon-pfeil\"><\/i>\t\t\t<\/div>\n\t\t<\/div>\n\t\t\t\t\t\t<\/div>\n\t\t\t\t<div class=\"elementor-element elementor-element-f07b2b9 elementor-widget elementor-widget-text-editor\" data-id=\"f07b2b9\" data-element_type=\"widget\" data-widget_type=\"text-editor.default\">\n\t\t\t\t\t\t\t\t\t<p>Gut erreichbar \u2013 egal ob mit Auto oder \u00f6ffentlich.<\/p>\t\t\t\t\t\t\t\t<\/div>\n\t\t\t\t<\/a>\n\t\t<a class=\"elementor-element elementor-element-5c66c2c e-con-full e-flex e-con e-child\" data-id=\"5c66c2c\" data-element_type=\"container\">\n\t\t\t\t<div class=\"elementor-element elementor-element-4d0d8d1 elementor-widget elementor-widget-heading\" data-id=\"4d0d8d1\" data-element_type=\"widget\" data-widget_type=\"heading.default\">\n\t\t\t\t\t<h3 class=\"elementor-heading-title elementor-size-default\">Fahrtkostenersatz<\/h3>\t\t\t\t<\/div>\n\t\t\t\t<div class=\"elementor-element elementor-element-95cbc46 elementor-view-default elementor-widget elementor-widget-icon\" data-id=\"95cbc46\" data-element_type=\"widget\" data-widget_type=\"icon.default\">\n\t\t\t\t\t\t\t<div class=\"elementor-icon-wrapper\">\n\t\t\t<div class=\"elementor-icon\">\n\t\t\t<i aria-hidden=\"true\" class=\"icon icon-pfeil\"><\/i>\t\t\t<\/div>\n\t\t<\/div>\n\t\t\t\t\t\t<\/div>\n\t\t\t\t<div class=\"elementor-element elementor-element-c0b2a55 elementor-widget elementor-widget-text-editor\" data-id=\"c0b2a55\" data-element_type=\"widget\" data-widget_type=\"text-editor.default\">\n\t\t\t\t\t\t\t\t\t<p>Weil der Weg zur Arbeit kein Luxus sein soll.<\/p>\t\t\t\t\t\t\t\t<\/div>\n\t\t\t\t<\/a>\n\t\t<a class=\"elementor-element elementor-element-c61b724 e-con-full e-flex e-con e-child\" data-id=\"c61b724\" data-element_type=\"container\">\n\t\t\t\t<div class=\"elementor-element elementor-element-041974c elementor-widget elementor-widget-heading\" data-id=\"041974c\" data-element_type=\"widget\" data-widget_type=\"heading.default\">\n\t\t\t\t\t<h3 class=\"elementor-heading-title elementor-size-default\">Teamevents<\/h3>\t\t\t\t<\/div>\n\t\t\t\t<div class=\"elementor-element elementor-element-16ffbbd elementor-view-default elementor-widget elementor-widget-icon\" data-id=\"16ffbbd\" data-element_type=\"widget\" data-widget_type=\"icon.default\">\n\t\t\t\t\t\t\t<div class=\"elementor-icon-wrapper\">\n\t\t\t<div class=\"elementor-icon\">\n\t\t\t<i aria-hidden=\"true\" class=\"icon icon-pfeil\"><\/i>\t\t\t<\/div>\n\t\t<\/div>\n\t\t\t\t\t\t<\/div>\n\t\t\t\t<div class=\"elementor-element elementor-element-75c6c58 elementor-widget elementor-widget-text-editor\" data-id=\"75c6c58\" data-element_type=\"widget\" data-widget_type=\"text-editor.default\">\n\t\t\t\t\t\t\t\t\t<p>Gemeinsam mehr als Kollegen sein.<\/p>\t\t\t\t\t\t\t\t<\/div>\n\t\t\t\t<\/a>\n\t\t\t\t\t<\/div>\n\t\t\t\t<\/div>\n\t\t\t\t<\/div>","protected":false},"excerpt":{"rendered":"<p>Ihr Karriere\u00adsprung \u2013 bei ebit KARRIERE BEI\u00a0 EBIT Mehr als ein Job. Eine Entscheidung f\u00fcr Qualit\u00e4t Bei ebit arbeiten Menschen, [&hellip;]<\/p>","protected":false},"author":1,"featured_media":0,"parent":145,"menu_order":0,"comment_status":"closed","ping_status":"closed","template":"","meta":{"site-sidebar-layout":"no-sidebar","site-content-layout":"","ast-site-content-layout":"full-width-container","site-content-style":"default","site-sidebar-style":"default","ast-global-header-display":"","ast-banner-title-visibility":"","ast-main-header-display":"","ast-hfb-above-header-display":"","ast-hfb-below-header-display":"","ast-hfb-mobile-header-display":"","site-post-title":"","ast-breadcrumbs-content":"","ast-featured-img":"disabled","footer-sml-layout":"","ast-disable-related-posts":"","theme-transparent-header-meta":"","adv-header-id-meta":"","stick-header-meta":"","header-above-stick-meta":"","header-main-stick-meta":"","header-below-stick-meta":"","astra-migrate-meta-layouts":"default","ast-page-background-enabled":"default","ast-page-background-meta":{"desktop":{"background-color":"var(--ast-global-color-5)","background-image":"","background-repeat":"repeat","background-position":"center center","background-size":"auto","background-attachment":"scroll","background-type":"","background-media":"","overlay-type":"","overlay-color":"","overlay-opacity":"","overlay-gradient":""},"tablet":{"background-color":"","background-image":"","background-repeat":"repeat","background-position":"center center","background-size":"auto","background-attachment":"scroll","background-type":"","background-media":"","overlay-type":"","overlay-color":"","overlay-opacity":"","overlay-gradient":""},"mobile":{"background-color":"","background-image":"","background-repeat":"repeat","background-position":"center center","background-size":"auto","background-attachment":"scroll","background-type":"","background-media":"","overlay-type":"","overlay-color":"","overlay-opacity":"","overlay-gradient":""}},"ast-content-background-meta":{"desktop":{"background-color":"var(--ast-global-color-4)","background-image":"","background-repeat":"repeat","background-position":"center center","background-size":"auto","background-attachment":"scroll","background-type":"","background-media":"","overlay-type":"","overlay-color":"","overlay-opacity":"","overlay-gradient":""},"tablet":{"background-color":"var(--ast-global-color-4)","background-image":"","background-repeat":"repeat","background-position":"center center","background-size":"auto","background-attachment":"scroll","background-type":"","background-media":"","overlay-type":"","overlay-color":"","overlay-opacity":"","overlay-gradient":""},"mobile":{"background-color":"var(--ast-global-color-4)","background-image":"","background-repeat":"repeat","background-position":"center center","background-size":"auto","background-attachment":"scroll","background-type":"","background-media":"","overlay-type":"","overlay-color":"","overlay-opacity":"","overlay-gradient":""}},"footnotes":""},"class_list":["post-530","page","type-page","status-publish","hentry"],"_links":{"self":[{"href":"https:\/\/dev.ebitplus.at\/en\/wp-json\/wp\/v2\/pages\/530","targetHints":{"allow":["GET"]}}],"collection":[{"href":"https:\/\/dev.ebitplus.at\/en\/wp-json\/wp\/v2\/pages"}],"about":[{"href":"https:\/\/dev.ebitplus.at\/en\/wp-json\/wp\/v2\/types\/page"}],"author":[{"embeddable":true,"href":"https:\/\/dev.ebitplus.at\/en\/wp-json\/wp\/v2\/users\/1"}],"replies":[{"embeddable":true,"href":"https:\/\/dev.ebitplus.at\/en\/wp-json\/wp\/v2\/comments?post=530"}],"version-history":[{"count":46,"href":"https:\/\/dev.ebitplus.at\/en\/wp-json\/wp\/v2\/pages\/530\/revisions"}],"predecessor-version":[{"id":2504,"href":"https:\/\/dev.ebitplus.at\/en\/wp-json\/wp\/v2\/pages\/530\/revisions\/2504"}],"up":[{"embeddable":true,"href":"https:\/\/dev.ebitplus.at\/en\/wp-json\/wp\/v2\/pages\/145"}],"wp:attachment":[{"href":"https:\/\/dev.ebitplus.at\/en\/wp-json\/wp\/v2\/media?parent=530"}],"curies":[{"name":"wp","href":"https:\/\/api.w.org\/{rel}","templated":true}]}}